{"id":9748,"date":"2025-09-12T17:47:36","date_gmt":"2025-09-12T15:47:36","guid":{"rendered":"https:\/\/green.one\/imprint\/"},"modified":"2026-04-01T16:01:47","modified_gmt":"2026-04-01T14:01:47","slug":"impressum-de","status":"publish","type":"page","link":"https:\/\/green.one\/de\/impressum-de\/","title":{"rendered":"Impressum"},"content":{"rendered":"\n<!DOCTYPE html>\n<html lang=\"de\">\n<head>\n    <meta charset=\"UTF-8\">\n    <meta name=\"viewport\" content=\"width=device-width, initial-scale=1.0\">\n    <title>Impressum | green.one\u00ae<\/title>\n    <style>\n        :root {\n            --primary-color: #7E9E61;\n            --primary-dark: #6a8852;\n            --primary-light: #f1f5ee;\n            --text-dark: #333;\n            --text-light: #555;\n            --bg-light: #ffffff;\n            --border-color: #e9e9e9;\n        }\n\n        body {\n            background-color: var(--primary-light);\n            font-family: -apple-system, BlinkMacSystemFont, \"Segoe UI\", Roboto, Helvetica, Arial, sans-serif;\n            color: var(--text-dark);\n            line-height: 1.7;\n        }\n\n        .impressum-container {\n            max-width: 1200px;\n            margin: 20px auto;\n            background: var(--bg-light);\n            border-radius: 12px;\n            box-shadow: 0 4px 20px rgba(0, 0, 0, 0.05);\n            overflow: hidden;\n        }\n\n        .impressum-header {\n            padding: 40px 30px;\n            background: linear-gradient(135deg, var(--primary-color), var(--primary-dark));\n            color: white;\n            text-align: center;\n        }\n\n        .impressum-header h1 {\n            margin: 0;\n            font-size: 2.8em;\n            font-weight: 300;\n            letter-spacing: -1px;\n        }\n\n        .impressum-header p {\n            margin: 10px 0 0;\n            font-size: 1.2em;\n            opacity: 0.9;\n        }\n\n        .tab-content {\n            padding: 20px 40px 40px 40px;\n        }\n\n        .legal-notice {\n            padding: 15px 20px;\n            border-radius: 8px;\n            margin: 25px 0;\n            text-align: center;\n            font-size: 0.95em;\n        }\n\n        .legal-notice.german-priority {\n            background: #eaf0e6;\n            border: 1px solid #d4decb;\n            color: #5a7049;\n        }\n\n        .company-info {\n            background: var(--primary-color);\n            color: white;\n            padding: 30px;\n            border-radius: 10px;\n            margin: 30px 0;\n            box-shadow: 0 4px 15px rgba(126, 158, 97, 0.3);\n        }\n\n        .company-info h2 {\n            margin-top: 0;\n            font-size: 1.8em;\n            color: white;\n            border-bottom: 2px solid rgba(255,255,255,0.3);\n            padding-bottom: 15px;\n        }\n\n        .info-grid {\n            display: grid;\n            grid-template-columns: repeat(auto-fit, minmax(300px, 1fr));\n            gap: 30px;\n            margin-top: 20px;\n        }\n\n        .info-item {\n            display: flex;\n            align-items: flex-start;\n            margin-bottom: 15px;\n        }\n\n        .info-label {\n            font-weight: 600;\n            min-width: 150px;\n            opacity: 0.9;\n        }\n\n        .info-value {\n            font-weight: 400;\n        }\n\n        .section {\n            margin-bottom: 35px;\n            padding: 25px;\n            background: var(--primary-light);\n            border-radius: 10px;\n            border-left: 5px solid var(--primary-color);\n        }\n\n        .section h2 {\n            font-size: 1.6em;\n            color: var(--primary-dark);\n            margin-top: 0;\n            margin-bottom: 20px;\n            font-weight: 600;\n        }\n\n        .section p {\n            margin-bottom: 15px;\n            text-align: justify;\n        }\n\n        .contact-highlight {\n            background: var(--bg-light);\n            border: 2px solid var(--primary-color);\n            padding: 20px;\n            border-radius: 8px;\n            margin: 20px 0;\n        }\n\n        .contact-highlight h3 {\n            color: var(--primary-dark);\n            margin-top: 0;\n            margin-bottom: 10px;\n        }\n\n        .contact-highlight a {\n            color: var(--primary-color);\n            font-weight: 600;\n            text-decoration: none;\n        }\n\n        .contact-highlight a:hover {\n            text-decoration: underline;\n        }\n\n        @media (max-width: 768px) {\n            .impressum-container { margin: 10px; }\n            .impressum-header { padding: 30px 20px; }\n            .impressum-header h1 { font-size: 2.2em; }\n            .tab-content { padding: 20px; }\n            .info-grid { grid-template-columns: 1fr; }\n            .company-info { padding: 20px; }\n            .section { padding: 20px; }\n        }\n    <\/style>\n<\/head>\n<body>\n    <div class=\"impressum-container\">\n\n        <header class=\"impressum-header\">\n            <h1>Impressum<\/h1>\n            <p>green.one\u00ae \u2013 ETHERKRAFT UG (haftungsbeschr\u00e4nkt)<\/p>\n        <\/header>\n\n        <div class=\"tab-content\">\n\n            <div class=\"legal-notice german-priority\">\n                <strong>Rechtlicher Hinweis:<\/strong> Dieses Impressum erf\u00fcllt die deutschen Rechtspflichten gem\u00e4\u00df \u00a7 5 TMG und \u00a7 55 RStV. Es ist rechtsverbindlich.\n            <\/div>\n\n            <div class=\"company-info\">\n                <h2>Unternehmensangaben nach \u00a7 5 TMG<\/h2>\n                <div class=\"info-grid\">\n                    <div>\n                        <div class=\"info-item\">\n                            <span class=\"info-label\">Firma:<\/span>\n                            <span class=\"info-value\">ETHERKRAFT UG (haftungsbeschr\u00e4nkt)<\/span>\n                        <\/div>\n                        <div class=\"info-item\">\n                            <span class=\"info-label\">Handelsname:<\/span>\n                            <span class=\"info-value\">green.one\u00ae<\/span>\n                        <\/div>\n                        <div class=\"info-item\">\n                            <span class=\"info-label\">Gesch\u00e4ftsf\u00fchrer:<\/span>\n                            <span class=\"info-value\">Elxhi Xhafa<\/span>\n                        <\/div>\n                        <div class=\"info-item\">\n                            <span class=\"info-label\">Handelsregister:<\/span>\n                            <span class=\"info-value\">HRB 138552<\/span>\n                        <\/div>\n                        <div class=\"info-item\">\n                            <span class=\"info-label\">Registergericht:<\/span>\n                            <span class=\"info-value\">Amtsgericht Frankfurt am Main<\/span>\n                        <\/div>\n                    <\/div>\n                    <div>\n                        <div class=\"info-item\">\n                            <span class=\"info-label\">Anschrift:<\/span>\n                            <span class=\"info-value\">Mergenthalerallee 73\u201375<br>65760 Eschborn<br>Deutschland<\/span>\n                        <\/div>\n                        <div class=\"info-item\">\n                            <span class=\"info-label\">Telefon:<\/span>\n                            <span class=\"info-value\">+49 6196 5868972<\/span>\n                        <\/div>\n                        <div class=\"info-item\">\n                            <span class=\"info-label\">E-Mail:<\/span>\n                            <span class=\"info-value\">info@etherkraft.de<\/span>\n                        <\/div>\n                        <div class=\"info-item\">\n                            <span class=\"info-label\">USt-IdNr.:<\/span>\n                            <span class=\"info-value\">DE365337460<\/span>\n                        <\/div>\n                        <div class=\"info-item\">\n                            <span class=\"info-label\">Steuernummer:<\/span>\n                            <span class=\"info-value\">04023280002<\/span>\n                        <\/div>\n                    <\/div>\n                <\/div>\n            <\/div>\n\n            <div class=\"section\">\n                <h2>Haftung f\u00fcr Inhalte<\/h2>\n                <p>Als Diensteanbieter sind wir gem\u00e4\u00df \u00a7 7 Abs. 1 TMG f\u00fcr eigene Inhalte auf diesen Seiten nach den allgemeinen Gesetzen verantwortlich. Nach \u00a7\u00a7 8 bis 10 TMG sind wir als Diensteanbieter jedoch nicht verpflichtet, \u00fcbermittelte oder gespeicherte fremde Informationen zu \u00fcberwachen oder nach Umst\u00e4nden zu forschen, die auf eine rechtswidrige T\u00e4tigkeit hinweisen.<\/p>\n                <p>Verpflichtungen zur Entfernung oder Sperrung der Nutzung von Informationen nach den allgemeinen Gesetzen bleiben hiervon unber\u00fchrt. Eine diesbez\u00fcgliche Haftung ist jedoch erst ab dem Zeitpunkt der Kenntnis einer konkreten Rechtsverletzung m\u00f6glich. Bei Bekanntwerden von entsprechenden Rechtsverletzungen werden wir diese Inhalte umgehend entfernen.<\/p>\n            <\/div>\n\n            <div class=\"section\">\n                <h2>Haftung f\u00fcr Links<\/h2>\n                <p>Unser Angebot enth\u00e4lt Links zu externen Websites Dritter, auf deren Inhalte wir keinen Einfluss haben. Deshalb k\u00f6nnen wir f\u00fcr diese fremden Inhalte auch keine Gew\u00e4hr \u00fcbernehmen. F\u00fcr die Inhalte der verlinkten Seiten ist stets der jeweilige Anbieter oder Betreiber der Seiten verantwortlich. Die verlinkten Seiten wurden zum Zeitpunkt der Verlinkung auf m\u00f6gliche Rechtsverst\u00f6\u00dfe \u00fcberpr\u00fcft. Rechtswidrige Inhalte waren zum Zeitpunkt der Verlinkung nicht erkennbar.<\/p>\n                <p>Eine permanente inhaltliche Kontrolle der verlinkten Seiten ist jedoch ohne konkrete Anhaltspunkte einer Rechtsverletzung nicht zumutbar. Bei Bekanntwerden von Rechtsverletzungen werden wir derartige Links umgehend entfernen.<\/p>\n            <\/div>\n\n            <div class=\"section\">\n                <h2>Urheberrecht<\/h2>\n                <p>Die durch die Seitenbetreiber erstellten Inhalte und Werke auf diesen Seiten unterliegen dem deutschen Urheberrecht. Die Vervielf\u00e4ltigung, Bearbeitung, Verbreitung und jede Art der Verwertung au\u00dferhalb der Grenzen des Urheberrechtes bed\u00fcrfen der schriftlichen Zustimmung des jeweiligen Autors bzw. Erstellers. Downloads und Kopien dieser Seite sind nur f\u00fcr den privaten, nicht kommerziellen Gebrauch gestattet.<\/p>\n                <p>Soweit die Inhalte auf dieser Seite nicht vom Betreiber erstellt wurden, werden die Urheberrechte Dritter beachtet. Insbesondere werden Inhalte Dritter als solche gekennzeichnet. Sollten Sie trotzdem auf eine Urheberrechtsverletzung aufmerksam werden, bitten wir um einen entsprechenden Hinweis. Bei Bekanntwerden von Rechtsverletzungen werden wir derartige Inhalte umgehend entfernen.<\/p>\n            <\/div>\n\n            <div class=\"contact-highlight\">\n                <h3>Kontakt f\u00fcr rechtliche Anfragen<\/h3>\n                <p>Bei rechtlichen Fragen oder Beanstandungen wenden Sie sich bitte direkt an:<br>\n                <strong>E-Mail:<\/strong> <a href=\"mailto:info@etherkraft.de\">info@etherkraft.de<\/a><\/p>\n            <\/div>\n\n        <\/div>\n    <\/div>\n<\/body>\n<\/html>\n\n","protected":false},"excerpt":{"rendered":"<p>Impressum | green.one\u00ae Impressum green.one\u00ae \u2013 ETHERKRAFT UG (haftungsbeschr\u00e4nkt) Rechtlicher Hinweis: Dieses Impressum erf\u00fcllt die deutschen Rechtspflichten gem\u00e4\u00df \u00a7 5 TMG und \u00a7 55 RStV. Es ist rechtsverbindlich. Unternehmensangaben nach \u00a7 5 TMG Firma: ETHERKRAFT UG (haftungsbeschr\u00e4nkt) Handelsname: green.one\u00ae Gesch\u00e4ftsf\u00fchrer: Elxhi Xhafa Handelsregister: HRB 138552 Registergericht: Amtsgericht Frankfurt am Main Anschrift: Mergenthalerallee 73\u20137565760 EschbornDeutschland Telefon: [&hellip;]<\/p>\n","protected":false},"author":1,"featured_media":0,"parent":0,"menu_order":0,"comment_status":"closed","ping_status":"closed","template":"","meta":{"_trash_the_other_posts":false,"editor_notices":[],"footnotes":""},"class_list":["post-9748","page","type-page","status-publish","hentry"],"_links":{"self":[{"href":"https:\/\/green.one\/de\/wp-json\/wp\/v2\/pages\/9748","targetHints":{"allow":["GET"]}}],"collection":[{"href":"https:\/\/green.one\/de\/wp-json\/wp\/v2\/pages"}],"about":[{"href":"https:\/\/green.one\/de\/wp-json\/wp\/v2\/types\/page"}],"author":[{"embeddable":true,"href":"https:\/\/green.one\/de\/wp-json\/wp\/v2\/users\/1"}],"replies":[{"embeddable":true,"href":"https:\/\/green.one\/de\/wp-json\/wp\/v2\/comments?post=9748"}],"version-history":[{"count":4,"href":"https:\/\/green.one\/de\/wp-json\/wp\/v2\/pages\/9748\/revisions"}],"predecessor-version":[{"id":11842,"href":"https:\/\/green.one\/de\/wp-json\/wp\/v2\/pages\/9748\/revisions\/11842"}],"wp:attachment":[{"href":"https:\/\/green.one\/de\/wp-json\/wp\/v2\/media?parent=9748"}],"curies":[{"name":"wp","href":"https:\/\/api.w.org\/{rel}","templated":true}]}}