{"id":9753,"date":"2025-09-12T17:47:36","date_gmt":"2025-09-12T15:47:36","guid":{"rendered":"https:\/\/green.one\/payment-methods\/"},"modified":"2026-04-01T19:12:34","modified_gmt":"2026-04-01T17:12:34","slug":"versand-zahlung","status":"publish","type":"page","link":"https:\/\/green.one\/de\/versand-zahlung\/","title":{"rendered":"Versand &amp; Zahlung"},"content":{"rendered":"\n<!DOCTYPE html>\n<html lang=\"de\">\n<head>\n<meta charset=\"UTF-8\">\n<meta name=\"viewport\" content=\"width=device-width, initial-scale=1.0\">\n<title>Versand &#038; Zahlung | green.one\u00ae<\/title>\n<style>\n:root {\n  --primary-color: #7E9E61;\n  --primary-dark: #6a8852;\n  --primary-light: #f1f5ee;\n  --text-color: #333;\n  --text-color-light: #555;\n  --background: #fff;\n  --border-color: #e0e0e0;\n  --accent-green: #5cb85c;\n  --warning-bg: #fffcf0;\n  --warning-border: #f1c40f;\n}\n\n* {\n  margin: 0;\n  padding: 0;\n  box-sizing: border-box;\n}\n\nbody {\n  font-family: -apple-system, BlinkMacSystemFont, \"Segoe UI\", Roboto, Helvetica, Arial, sans-serif;\n  background-color: var(--primary-light);\n  color: var(--text-color);\n  line-height: 1.6;\n}\n\n.container {\n  max-width: 900px;\n  margin: 20px auto;\n  background: var(--background);\n  border-radius: 16px;\n  box-shadow: 0 10px 30px rgba(0, 0, 0, 0.05);\n  overflow: hidden;\n}\n\n.header {\n  background: linear-gradient(135deg, var(--primary-color) 0%, var(--primary-dark) 100%);\n  padding: 60px 20px;\n  color: white;\n  text-align: center;\n}\n\n.header h1 {\n  font-size: 2.5rem;\n  font-weight: 300;\n  margin-bottom: 10px;\n}\n\n.content {\n  padding: 40px;\n}\n\nh2 {\n  font-size: 1.8rem;\n  color: var(--primary-dark);\n  margin: 40px 0 20px;\n  display: flex;\n  align-items: center;\n  gap: 10px;\n}\n\n.info-box {\n  background: var(--primary-light);\n  border-left: 4px solid var(--primary-color);\n  padding: 20px;\n  border-radius: 0 8px 8px 0;\n  margin-bottom: 30px;\n}\n\n\/* Feature Grid *\/\n.features {\n  display: grid;\n  grid-template-columns: repeat(auto-fit, minmax(200px, 1fr));\n  gap: 15px;\n  margin-bottom: 30px;\n}\n\n.feature-card {\n  background: #fdfdfd;\n  border: 1px solid var(--border-color);\n  padding: 20px;\n  border-radius: 12px;\n  text-align: center;\n}\n\n.feature-card .icon {\n  font-size: 2rem;\n  display: block;\n  margin-bottom: 10px;\n}\n\n.feature-card h4 {\n  color: var(--primary-dark);\n  margin-bottom: 5px;\n}\n\n\/* Table Responsive Wrapper *\/\n.table-wrapper {\n  width: 100%;\n  overflow-x: auto;\n  margin: 20px 0;\n  border-radius: 8px;\n  border: 1px solid var(--border-color);\n}\n\ntable {\n  width: 100%;\n  border-collapse: collapse;\n  min-width: 500px;\n}\n\nth {\n  background: #f8f9fa;\n  text-align: left;\n  padding: 15px;\n  font-weight: 600;\n  color: var(--primary-dark);\n  border-bottom: 2px solid var(--border-color);\n}\n\ntd {\n  padding: 15px;\n  border-bottom: 1px solid #f0f0f0;\n}\n\n.highlight-price {\n  color: var(--primary-dark);\n  font-weight: 700;\n}\n\n.free-shipping-badge {\n  background: var(--accent-green);\n  color: white;\n  padding: 2px 8px;\n  border-radius: 4px;\n  font-size: 0.85rem;\n  font-weight: 600;\n}\n\n.free-shipping-badge.large {\n  font-size: 1rem;\n  padding: 4px 12px;\n}\n\n\/* Payment Methods *\/\n.payment-card {\n  border: 1px solid var(--border-color);\n  border-radius: 12px;\n  padding: 25px;\n  margin-bottom: 20px;\n}\n\n.payment-card.recommended {\n  border: 2px solid var(--primary-color);\n  background-color: #fafff7;\n}\n\n.payment-card h4 {\n  display: flex;\n  align-items: center;\n  gap: 10px;\n  margin-bottom: 10px;\n  color: var(--primary-dark);\n}\n\n.badge-recommended {\n  background: var(--primary-color);\n  color: white;\n  font-size: 0.75rem;\n  padding: 3px 10px;\n  border-radius: 20px;\n  text-transform: uppercase;\n}\n\n.warning-box {\n  background: var(--warning-bg);\n  border: 1px solid var(--warning-border);\n  padding: 20px;\n  border-radius: 12px;\n  margin-top: 30px;\n}\n\n.warning-box h4 {\n  color: #856404;\n  margin-bottom: 8px;\n}\n\n.footer {\n  text-align: center;\n  padding: 40px 20px;\n  background: #f8f9fa;\n  color: var(--text-color-light);\n  font-size: 0.9rem;\n}\n\n.footer a {\n  color: var(--primary-color);\n  text-decoration: none;\n  font-weight: 600;\n}\n\n@media (max-width: 600px) {\n  .header { padding: 40px 15px; }\n  .header h1 { font-size: 1.8rem; }\n  .content { padding: 25px 15px; }\n  .features { grid-template-columns: 1fr 1fr; }\n  h2 { font-size: 1.5rem; }\n}\n<\/style>\n<\/head>\n<body>\n\n<div class=\"container\">\n  <header class=\"header\">\n    <h1>\ud83d\ude9a Versand &amp; Zahlung<\/h1>\n    <p>Schnell, diskret und zuverl\u00e4ssig \u2013 direkt zu Ihnen nach Hause<\/p>\n  <\/header>\n\n  <div class=\"content\">\n\n    <div class=\"info-box\">\n      <p><strong>Sicher &amp; diskret:<\/strong> Alle Bestellungen werden in neutraler, umweltfreundlicher Verpackung per DHL versandt \u2013 mit vollst\u00e4ndiger Versicherung und Echtzeit-Tracking.<\/p>\n    <\/div>\n\n    <h2>\ud83d\udce6 Versandkosten &amp; Lieferzeiten<\/h2>\n\n    <div class=\"features\">\n      <div class=\"feature-card\">\n        <span class=\"icon\">\ud83c\udde9\ud83c\uddea<\/span>\n        <h4>Deutschland<\/h4>\n        <p>1\u20134 Werktage<\/p>\n      <\/div>\n      <div class=\"feature-card\">\n        <span class=\"icon\">\ud83c\uddea\ud83c\uddfa<\/span>\n        <h4>Europa (EU)<\/h4>\n        <p>3\u20135 Werktage<\/p>\n      <\/div>\n    <\/div>\n\n    <div class=\"table-wrapper\">\n      <table>\n        <thead>\n          <tr>\n            <th>Zielland<\/th>\n            <th>Versandkosten<\/th>\n            <th>Kostenloser Versand<\/th>\n          <\/tr>\n        <\/thead>\n        <tbody>\n          <tr>\n            <td><strong>Deutschland<\/strong><\/td>\n            <td><span class=\"free-shipping-badge large\">KOSTENLOS<\/span><\/td>\n            <td><span class=\"free-shipping-badge\">Ab dem ersten Euro<\/span><\/td>\n          <\/tr>\n          <tr>\n            <td><strong>Europa (EU)<\/strong><\/td>\n            <td class=\"highlight-price\">\u20ac15,99<\/td>\n            <td><span class=\"free-shipping-badge\">Ab \u20ac70 Bestellwert<\/span><\/td>\n          <\/tr>\n        <\/tbody>\n      <\/table>\n    <\/div>\n\n    <p style=\"font-size: 0.9rem; color: var(--text-color-light); margin-top: -10px;\">\n      * Hinweis: Der Versand von E-Liquids nach \u00d6sterreich ist aufgrund der TPD2-Regelungen (\u00a7\u00a7 1, 2a \u00f6sterreichisches Tabakgesetz) nicht m\u00f6glich.\n    <\/p>\n\n    <h2>\ud83d\udcb3 Zahlungsmethoden<\/h2>\n\n    <p style=\"margin-bottom: 20px;\">Wir bieten sichere, verschl\u00fcsselte Zahlungsm\u00f6glichkeiten zum Schutz Ihrer Privatsph\u00e4re.<\/p>\n\n    <div class=\"payment-card recommended\">\n      <h4>\n        <span style=\"font-size: 1.5rem;\">\ud83d\udcb3<\/span>\n        Kreditkarte &amp; Mobile Pay\n        <span class=\"badge-recommended\">Empfohlen<\/span>\n      <\/h4>\n      <p>Bezahlen Sie sofort \u00fcber <strong>Viva Wallet<\/strong>. Wir akzeptieren alle g\u00e4ngigen Kreditkarten, Google Pay und Samsung Pay. Dank schneller Bearbeitung wird Ihre Bestellung noch am selben Tag versandt.<\/p>\n    <\/div>\n\n    <div class=\"payment-card\">\n      <h4><span style=\"font-size: 1.5rem;\">\ud83c\udfe6<\/span> \u00dcberweisung<\/h4>\n      <p>Bezahlen Sie per klassischer Bank\u00fcberweisung. Unsere Bankdaten erhalten Sie unmittelbar nach der Bestellung. Wir versenden, sobald der Zahlungseingang best\u00e4tigt ist (in der Regel 1\u20132 Werktage).<\/p>\n    <\/div>\n\n    <div class=\"warning-box\">\n      <h4>Warum kein PayPal?<\/h4>\n      <p>PayPals globale \u201eAcceptable Use Policy&#8221; schr\u00e4nkt Transaktionen f\u00fcr Hanf- und CBD-Produkte ein \u2013 unabh\u00e4ngig von deren rechtlichem Status. F\u00fcr ein stabiles und regelkonformes Einkaufserlebnis setzen wir auf spezialisierte europ\u00e4ische Zahlungsanbieter wie Viva Wallet.<\/p>\n    <\/div>\n\n    <h2 style=\"justify-content: center; border: none; margin-top: 60px;\">\u2728 Das green.one\u00ae Versprechen<\/h2>\n    <div class=\"features\">\n      <div class=\"feature-card\">\n        <span class=\"icon\">\ud83d\udd12<\/span>\n        <h4>Sicher<\/h4>\n        <p>Vollst\u00e4ndig verschl\u00fcsselter Checkout<\/p>\n      <\/div>\n      <div class=\"feature-card\">\n        <span class=\"icon\">\ud83d\udce6<\/span>\n        <h4>Diskret<\/h4>\n        <p>Neutrale, unbeschriftete Verpackung<\/p>\n      <\/div>\n      <div class=\"feature-card\">\n        <span class=\"icon\">\u26a1<\/span>\n        <h4>Schnell<\/h4>\n        <p>T\u00e4gliche Versandzyklen<\/p>\n      <\/div>\n    <\/div>\n\n  <\/div>\n\n  <footer class=\"footer\">\n    <p>Haben Sie Fragen? Unser Support-Team ist erreichbar unter <a href=\"mailto:info@green.one\">info@green.one<\/a><\/p>\n    <p style=\"margin-top: 15px; opacity: 0.7;\">\u00a9 2025 green.one\u00ae | Teil der ETHERKRAFT UG<\/p>\n  <\/footer>\n<\/div>\n\n<\/body>\n<\/html>\n\n\n\n<p><\/p>\n","protected":false},"excerpt":{"rendered":"<p>Versand &#038; Zahlung | green.one\u00ae \ud83d\ude9a Versand &amp; Zahlung Schnell, diskret und zuverl\u00e4ssig \u2013 direkt zu Ihnen nach Hause Sicher &amp; diskret: Alle Bestellungen werden in neutraler, umweltfreundlicher Verpackung per DHL versandt \u2013 mit vollst\u00e4ndiger Versicherung und Echtzeit-Tracking. \ud83d\udce6 Versandkosten &amp; Lieferzeiten \ud83c\udde9\ud83c\uddea Deutschland 1\u20134 Werktage \ud83c\uddea\ud83c\uddfa Europa (EU) 3\u20135 Werktage Zielland Versandkosten Kostenloser Versand [&hellip;]<\/p>\n","protected":false},"author":1,"featured_media":0,"parent":0,"menu_order":0,"comment_status":"closed","ping_status":"closed","template":"","meta":{"_trash_the_other_posts":false,"editor_notices":[],"footnotes":""},"class_list":["post-9753","page","type-page","status-publish","hentry"],"_links":{"self":[{"href":"https:\/\/green.one\/de\/wp-json\/wp\/v2\/pages\/9753","targetHints":{"allow":["GET"]}}],"collection":[{"href":"https:\/\/green.one\/de\/wp-json\/wp\/v2\/pages"}],"about":[{"href":"https:\/\/green.one\/de\/wp-json\/wp\/v2\/types\/page"}],"author":[{"embeddable":true,"href":"https:\/\/green.one\/de\/wp-json\/wp\/v2\/users\/1"}],"replies":[{"embeddable":true,"href":"https:\/\/green.one\/de\/wp-json\/wp\/v2\/comments?post=9753"}],"version-history":[{"count":4,"href":"https:\/\/green.one\/de\/wp-json\/wp\/v2\/pages\/9753\/revisions"}],"predecessor-version":[{"id":11857,"href":"https:\/\/green.one\/de\/wp-json\/wp\/v2\/pages\/9753\/revisions\/11857"}],"wp:attachment":[{"href":"https:\/\/green.one\/de\/wp-json\/wp\/v2\/media?parent=9753"}],"curies":[{"name":"wp","href":"https:\/\/api.w.org\/{rel}","templated":true}]}}