{"id":10038,"date":"2025-09-20T20:20:10","date_gmt":"2025-09-20T18:20:10","guid":{"rendered":"https:\/\/green.one\/?post_type=product&#038;p=10038"},"modified":"2026-03-28T14:22:33","modified_gmt":"2026-03-28T12:22:33","slug":"cannadol-cbd-oel-10-fuer-hunde","status":"publish","type":"product","link":"https:\/\/green.one\/de\/shop\/cannadol-cbd-oel-10-fuer-hunde\/","title":{"rendered":"Cannadol CBD-\u00d6l 10% f\u00fcr Hunde"},"content":{"rendered":"<hr class=\"bg-subtle h-px border-0\" \/>\n<h6 id=\"cannadol-cbd-l-10-fr-hunde-wohlbefinden-fr-deinen\" class=\"font-editorial first:mt-xs mb-2 mt-4 [.has-inline-images_&amp;]:clear-end font-bold text-lg leading-[1.5em] lg:text-xl\" style=\"text-align: left\">Cannadol CBD-\u00d6l 10% f\u00fcr Hunde: Wohlbefinden f\u00fcr deinen treuen Begleiter<\/h6>\n<p class=\"my-2 [&amp;+p]:mt-4 [&amp;_strong:has(+br)]:inline-block [&amp;_strong:has(+br)]:pb-2\">Stell dir vor, dein Hund tollt den ganzen Tag herum und kommt abends entspannt zur Ruhe.<\/p>\n<p class=\"my-2 [&amp;+p]:mt-4 [&amp;_strong:has(+br)]:inline-block [&amp;_strong:has(+br)]:pb-2\"><strong>Cannadol <a href=\"https:\/\/green.one\/de\/\">CBD<\/a>-\u00d6l 10% f\u00fcr <a href=\"https:\/\/green.one\/de\/produkt\/cbd-fuer-haustiere\/\">Hunde<\/a><\/strong>\u00a0aus der Premiummarke Cannadol macht genau das m\u00f6glich \u2013 als nat\u00fcrlicher Teil eurer gemeinsamen Routine. Speziell f\u00fcr Hunde entwickelt, bietet es eine hochwertige Formel, die tierarztempfohlen ist und perfekt in den Alltag passt.<\/p>\n<p class=\"my-2 [&amp;+p]:mt-4 [&amp;_strong:has(+br)]:inline-block [&amp;_strong:has(+br)]:pb-2\"><strong>Cannadol <a href=\"https:\/\/green.one\/de\/\">CBD-\u00d6l<\/a> 10% f\u00fcr Hunde<\/strong>\u00a0wurde mit Fokus auf optimale Vertr\u00e4glichkeit und Akzeptanz gestaltet. Frei von Aromen und Hanfterpenen, schmeckt es neutral und wird von vielen <a href=\"https:\/\/green.one\/de\/produkt\/cbd-fuer-haustiere\/\">Hunden<\/a> problemlos angenommen. Tier\u00e4rzte sch\u00e4tzen die reine Zusammensetzung, die auf nat\u00fcrliche Inhaltsstoffe setzt \u2013 ideal f\u00fcr sensible Vierbeiner.<\/p>\n<h6 class=\"mb-2 mt-4 [.has-inline-images_&amp;]:clear-end font-editorial font-bold text-base first:mt-0\">THC-frei, vegan und voller nat\u00fcrlicher Vorteile<\/h6>\n<p class=\"my-2 [&amp;+p]:mt-4 [&amp;_strong:has(+br)]:inline-block [&amp;_strong:has(+br)]:pb-2\"><strong><a href=\"https:\/\/green.one\/de\/produkt\/breites-spektrum\/\">THC-frei<\/a><\/strong>, nicht gentechnisch ver\u00e4ndert und 100% vegan:\u00a0<strong>Cannadol CBD-\u00d6l 10% f\u00fcr <a href=\"https:\/\/green.one\/de\/produkt\/cbd-fuer-haustiere\/\">Hunde<\/a><\/strong>\u00a0steht f\u00fcr Transparenz und Qualit\u00e4t. Es basiert auf kaltgepresstem Hanfsamen\u00f6l, das reich an essenziellen Fetts\u00e4uren ist. Dein Hund profitiert von dieser pflanzlichen Basis, die in den t\u00e4glichen Mahlzeiten einfach integriert werden kann.<\/p>\n<h6 id=\"die-ideale-balance-fr-den-alltag-deines-hundes\" class=\"mb-2 mt-4 [.has-inline-images_&amp;]:clear-end font-editorial font-bold text-lg first:mt-0 md:text-lg [hr+&amp;]:mt-4\">Die ideale Balance f\u00fcr den Alltag deines Hundes<\/h6>\n<h6 class=\"mb-2 mt-4 [.has-inline-images_&amp;]:clear-end font-editorial font-bold text-base first:mt-0\">Omega-3, -6 und -9 aus hochwertigem Hanfsamen\u00f6l<\/h6>\n<p class=\"my-2 [&amp;+p]:mt-4 [&amp;_strong:has(+br)]:inline-block [&amp;_strong:has(+br)]:pb-2\">Das Herzst\u00fcck von\u00a0<strong>Cannadol <a href=\"https:\/\/green.one\/de\/\">CBD<\/a>-\u00d6l 10% f\u00fcr Hunde<\/strong>\u00a0ist die perfekte Balance der Omega-3-, -6- und -9-Fetts\u00e4uren. Diese nat\u00fcrlichen Bausteine aus Hanfsamen\u00f6l unterst\u00fctzen eine ausgewogene Ern\u00e4hrung und tragen zu vitalen Routinen bei \u2013 ob nach dem Spaziergang oder in ruhigen Abenden. Viele Hundebesitzer berichten von mehr Komfort im Alltag.<\/p>\n<h6 id=\"so-integrierst-du-cannadol-cbd-l-10-fr-hunde-in-di\" class=\"mb-2 mt-4 [.has-inline-images_&amp;]:clear-end font-editorial font-bold text-lg first:mt-0 md:text-lg [hr+&amp;]:mt-4\">So integrierst du Cannadol CBD-\u00d6l 10% f\u00fcr Hunde in die Routine<\/h6>\n<p class=\"my-2 [&amp;+p]:mt-4 [&amp;_strong:has(+br)]:inline-block [&amp;_strong:has(+br)]:pb-2\">Gib ein paar Tropfen direkt ins Futter oder \u00fcber ein Lieblingsleckerli. Starte mit der empfohlenen Dosis basierend auf Gewicht und beobachte, wie es in eure Routine passt. Kombiniere es mit Spazierg\u00e4ngen oder Spielzeit f\u00fcr ganzheitliches Wohlbefinden.<\/p>\n<p class=\"my-2 [&amp;+p]:mt-4 [&amp;_strong:has(+br)]:inline-block [&amp;_strong:has(+br)]:pb-2\"><strong>CTA:<\/strong>\u00a0Bereit f\u00fcr mehr Entspannung?\u00a0<a class=\"reset interactable cursor-pointer decoration-1 underline-offset-1 text-super hover:underline font-semibold\" href=\"https:\/\/www.green.one\/de\/produkt\/cannadol-cbd-oel-hunde\" target=\"_blank\" rel=\"nofollow noopener\"><span class=\"text-box-trim-both\">Hol dir Cannadol CBD-\u00d6l 10% f\u00fcr Hunde jetzt<\/span><\/a>\u00a0und spare 10% mit Newsletter!<\/p>\n<p class=\"my-2 [&amp;+p]:mt-4 [&amp;_strong:has(+br)]:inline-block [&amp;_strong:has(+br)]:pb-2\"><strong>Rechtlicher Hinweis:<\/strong> <em>Dieses Produkt ist kein Arzneimittel. Es ersetzt keine ausgewogene und abwechslungsreiche Ern\u00e4hrung und keinen gesunden Lebensstil. Bei Schwangerschaft, Stillzeit oder wenn du Medikamente einnimmst, konsultiere vor der Verwendung deinen Arzt.<\/em><\/p>\n<h6 id=\"hufige-fragen-faq\" class=\"mb-2 mt-4 [.has-inline-images_&amp;]:clear-end font-editorial font-bold text-lg first:mt-0 md:text-lg [hr+&amp;]:mt-4\">H\u00e4ufige Fragen (FAQ)<\/h6>\n<p class=\"my-2 [&amp;+p]:mt-4 [&amp;_strong:has(+br)]:inline-block [&amp;_strong:has(+br)]:pb-2\"><strong>Ist Cannadol CBD-\u00d6l 10% f\u00fcr Hunde THC-frei?<\/strong><br \/>\nJa, absolut THC-frei und sicher f\u00fcr Hunde.<\/p>\n<p class=\"my-2 [&amp;+p]:mt-4 [&amp;_strong:has(+br)]:inline-block [&amp;_strong:has(+br)]:pb-2\"><strong>K\u00f6nnen Welpen es nutzen?<\/strong><br \/>\nAb 8 Wochen, dosiert nach Gewicht \u2013 Tierarzt fragen.<\/p>\n<p class=\"my-2 [&amp;+p]:mt-4 [&amp;_strong:has(+br)]:inline-block [&amp;_strong:has(+br)]:pb-2\"><strong>Woher kommt das Hanfsamen\u00f6l?<\/strong><br \/>\nAus kontrolliertem, EU-zertifiziertem Anbau, vegan und rein.<\/p>\n","protected":false},"excerpt":{"rendered":"<p>Cannadol CBD-\u00d6l 10% f\u00fcr Hunde \u2013 f\u00fcr alle Rassen. THC-frei, ohne Aromen oder Zusatzstoffe. Reine pflanzliche Basis, 100% vegan. F\u00fcr entspannte Routinen deines Lieblings.<\/p>\n","protected":false},"featured_media":10197,"comment_status":"open","ping_status":"closed","template":"","meta":{"_trash_the_other_posts":false,"editor_notices":[]},"product_brand":[166],"product_cat":[159,247],"product_tag":[229,253,254,256,301],"class_list":{"0":"post-10038","1":"product","2":"type-product","3":"status-publish","4":"has-post-thumbnail","6":"product_brand-cannadol","7":"product_cat-cbd-fuer-haustiere","8":"product_cat-cbd-for-dogs","9":"product_tag-cannadol","10":"product_tag-cbd","11":"product_tag-pet","12":"product_tag-dog","13":"product_tag-oel","15":"first","16":"instock","17":"sale","18":"taxable","19":"shipping-taxable","20":"purchasable","21":"product-type-simple"},"_links":{"self":[{"href":"https:\/\/green.one\/de\/wp-json\/wp\/v2\/product\/10038","targetHints":{"allow":["GET"]}}],"collection":[{"href":"https:\/\/green.one\/de\/wp-json\/wp\/v2\/product"}],"about":[{"href":"https:\/\/green.one\/de\/wp-json\/wp\/v2\/types\/product"}],"replies":[{"embeddable":true,"href":"https:\/\/green.one\/de\/wp-json\/wp\/v2\/comments?post=10038"}],"wp:featuredmedia":[{"embeddable":true,"href":"https:\/\/green.one\/de\/wp-json\/wp\/v2\/media\/10197"}],"wp:attachment":[{"href":"https:\/\/green.one\/de\/wp-json\/wp\/v2\/media?parent=10038"}],"wp:term":[{"taxonomy":"product_brand","embeddable":true,"href":"https:\/\/green.one\/de\/wp-json\/wp\/v2\/product_brand?post=10038"},{"taxonomy":"product_cat","embeddable":true,"href":"https:\/\/green.one\/de\/wp-json\/wp\/v2\/product_cat?post=10038"},{"taxonomy":"product_tag","embeddable":true,"href":"https:\/\/green.one\/de\/wp-json\/wp\/v2\/product_tag?post=10038"}],"curies":[{"name":"wp","href":"https:\/\/api.w.org\/{rel}","templated":true}]}}