{"id":10040,"date":"2025-09-20T23:07:21","date_gmt":"2025-09-20T21:07:21","guid":{"rendered":"https:\/\/green.one\/?post_type=product&#038;p=10040"},"modified":"2026-03-28T13:30:50","modified_gmt":"2026-03-28T11:30:50","slug":"hizen-vape-pen-stilus-pro-max","status":"publish","type":"product","link":"https:\/\/green.one\/de\/shop\/hizen-vape-pen-stilus-pro-max\/","title":{"rendered":"Hizen Vape Pen &#8211; Stilus Pro Max"},"content":{"rendered":"<h6 class=\"font-editorial first:mt-xs mb-2 mt-4 [.has-inline-images_&amp;]:clear-end font-bold text-lg leading-[1.5em] lg:text-xl\" style=\"text-align: left\">Hizen Vape Pen &#8211; Stilus Pro Max:\u00a0<strong>Maximale<\/strong>\u00a0Kontrolle f\u00fcr reinen Kr\u00e4utergenuss<\/h6>\n<p class=\"my-2 [&amp;+p]:mt-4 [&amp;_strong:has(+br)]:inline-block [&amp;_strong:has(+br)]:pb-2\">Der Hizen <a href=\"https:\/\/green.one\/de\/produkt\/cbd-vape\/\"><strong>Vape<\/strong><\/a> Pen &#8211; Stilus Pro Max ist ein mobiler <a href=\"https:\/\/green.one\/de\/produkt\/cbd-vape\/\"><strong>Kr\u00e4uter-Vaporizer<\/strong><\/a> mit Konvektionstechnologie, der Kr\u00e4uter schonend und gleichm\u00e4\u00dfig erhitzt \u2013 ohne Verbrennung und ohne Rauchentwicklung.<\/p>\n<p class=\"my-2 [&amp;+p]:mt-4 [&amp;_strong:has(+br)]:inline-block [&amp;_strong:has(+br)]:pb-2\">Durch stufenlose, gradgenaue Temperatureinstellung (80 \u00b0C bis 220 \u00b0C) kannst du Aroma und Dampfentwicklung sehr pr\u00e4zise an deine Vorlieben anpassen.<\/p>\n<h6 id=\"reiner-dampf-dank-konvektion\" class=\"mb-2 mt-4 [.has-inline-images_&amp;]:clear-end font-editorial font-bold text-lg first:mt-0 md:text-lg [hr+&amp;]:mt-4\">Reiner Dampf dank Konvektion<\/h6>\n<p class=\"my-2 [&amp;+p]:mt-4 [&amp;_strong:has(+br)]:inline-block [&amp;_strong:has(+br)]:pb-2\">Das Ger\u00e4t arbeitet mit einem Konvektionsheizsystem und vollst\u00e4ndig isolierten Luftwegen, was laut Hersteller f\u00fcr intensives, unverf\u00e4lschtes Aroma ausgelegt ist.<\/p>\n<p class=\"my-2 [&amp;+p]:mt-4 [&amp;_strong:has(+br)]:inline-block [&amp;_strong:has(+br)]:pb-2\">Der Vorteil der Konvektion wird dort auch erkl\u00e4rt: Statt die Kammer direkt zu erhitzen (Konduktion), werden Wirkstoffe durch hei\u00dfe Luft extrahiert, was als schonender und gleichm\u00e4\u00dfiger beschrieben wird. Wenn du Wert auf sauberen Geschmack legst, ist genau dieses Heizprinzip oft der entscheidende Unterschied im Alltag.<\/p>\n<h6 id=\"xxl-kammer-wechselakku-usbc\" class=\"mb-2 mt-4 [.has-inline-images_&amp;]:clear-end font-editorial font-bold text-lg first:mt-0 md:text-lg [hr+&amp;]:mt-4\">XXL-Kammer, Wechselakku, USB\u2011C<\/h6>\n<p class=\"my-2 [&amp;+p]:mt-4 [&amp;_strong:has(+br)]:inline-block [&amp;_strong:has(+br)]:pb-2\">Beim Hizen <strong><a href=\"https:\/\/green.one\/de\/produkt\/cbd-vape\/\">Vape<\/a> <\/strong>Pen &#8211; Stilus Pro Max ist eine XXL-Alu-Heizkammer verbaut, die laut Hersteller mehr Platz f\u00fcr Kr\u00e4utermaterial bietet.<\/p>\n<p class=\"my-2 [&amp;+p]:mt-4 [&amp;_strong:has(+br)]:inline-block [&amp;_strong:has(+br)]:pb-2\">Die Kammergr\u00f6\u00dfe wird mit ca. 12 \u00d7 14,8 mm angegeben, und es wird au\u00dferdem genannt, dass die XXL-Kammer bis zu 0,4 g Kr\u00e4uter fassen kann.<\/p>\n<p class=\"my-2 [&amp;+p]:mt-4 [&amp;_strong:has(+br)]:inline-block [&amp;_strong:has(+br)]:pb-2\">F\u00fcr die Energieversorgung setzt das Ger\u00e4t auf einen austauschbaren 18650-Akku und l\u00e4sst sich flexibel per USB\u2011C laden; der Akku kann laut Beschreibung auch extern geladen und sicher transportiert werden.<\/p>\n<h6 id=\"bedienung-intuitiv-und-verlsslich\" class=\"mb-2 mt-4 [.has-inline-images_&amp;]:clear-end font-editorial font-bold text-lg first:mt-0 md:text-lg [hr+&amp;]:mt-4\">Bedienung: intuitiv und verl\u00e4sslich<\/h6>\n<p class=\"my-2 [&amp;+p]:mt-4 [&amp;_strong:has(+br)]:inline-block [&amp;_strong:has(+br)]:pb-2\">Der Stilus Pro Max verf\u00fcgt laut Hersteller \u00fcber ein Display zur Kontrolle sowie eine 3\u2011Knopf-Bedienung mit haptischem Feedback.<\/p>\n<p class=\"my-2 [&amp;+p]:mt-4 [&amp;_strong:has(+br)]:inline-block [&amp;_strong:has(+br)]:pb-2\">Zus\u00e4tzlich werden \u201eEndless Timer\u201c und ein diskreter Vibrationsalarm beschrieben, mit dem du Sessions mehrfach um jeweils 2 Minuten verl\u00e4ngern kannst (je nach Modus konstant oder ansteigend).<\/p>\n<p class=\"my-2 [&amp;+p]:mt-4 [&amp;_strong:has(+br)]:inline-block [&amp;_strong:has(+br)]:pb-2\">Au\u00dferdem weist der Hersteller darauf hin, dass HIZEN-Vaporizers keine <strong><a href=\"https:\/\/green.one\/de\/produkt\/cbd-vape\/\">E\u2011Zigaretten<\/a><\/strong> sind und nicht f\u00fcr Liquids ausgelegt sind.<\/p>\n<p class=\"my-2 [&amp;+p]:mt-4 [&amp;_strong:has(+br)]:inline-block [&amp;_strong:has(+br)]:pb-2\">Zum Hizen Vape Pen &#8211; Stilus Pro Max geh\u00f6ren laut Hersteller u. a. ein schraubbares Mundst\u00fcck, B\u00fcrste &amp; Stopfwerkzeug, ein USB\u2011C-Kabel, Siebe f\u00fcr Heizkammer und Mundst\u00fcck sowie ein 18650-Akku.<\/p>\n<p class=\"my-2 [&amp;+p]:mt-4 [&amp;_strong:has(+br)]:inline-block [&amp;_strong:has(+br)]:pb-2\">Wenn du ein robustes, modernes Setup f\u00fcr Kr\u00e4uter suchst, ist Hizen <a href=\"https:\/\/green.one\/de\/produkt\/cbd-vape\/\"><strong>Vape Pen<\/strong><\/a> &#8211; Stilus Pro Max eine starke Wahl f\u00fcr klare Aromen und pr\u00e4zise Temperaturkontrolle.<\/p>\n<p><strong>Rechtlicher Hinweis:<\/strong> <em>Dieses Produkt ist kein Arzneimittel. Es ersetzt keine ausgewogene und abwechslungsreiche Ern\u00e4hrung und keinen gesunden Lebensstil. Bei Schwangerschaft, Stillzeit oder wenn du Medikamente einnimmst, konsultiere vor der Verwendung deinen Arzt.<\/em><\/p>\n","protected":false},"excerpt":{"rendered":"<p>Der <strong>Hizen Vape Pen &#8211; Stilus Pro Max<\/strong> ist ein leistungsstarker Konvektions-Vaporizer f\u00fcr trockene Kr\u00e4uter mit stufenloser Temperaturregelung von 80 \u00b0C bis 220 \u00b0C und vollst\u00e4ndig isolierten Luftwegen f\u00fcr reinen Geschmack.<\/p>\n<p>Die XXL-Alu-Heizkammer fasst laut Hersteller bis zu 0,4 g Kr\u00e4uter, ideal f\u00fcr l\u00e4ngere Sessions. Dank wechselbarem 18650-Akku und USB\u2011C-Laden bleibst du flexibel, dazu kommen Display, 3\u2011Knopf-Bedienung sowie Endless Timer &amp; Vibrationsalarm.<\/p>\n","protected":false},"featured_media":10172,"comment_status":"open","ping_status":"closed","template":"","meta":{"_trash_the_other_posts":false,"editor_notices":[]},"product_brand":[175],"product_cat":[154,291],"product_tag":[200,201,202],"class_list":{"0":"post-10040","1":"product","2":"type-product","3":"status-publish","4":"has-post-thumbnail","6":"product_brand-hizen","7":"product_cat-vaporizer-cbd","8":"product_cat-cbd-vape","9":"product_tag-vape-2","10":"product_tag-e-flussigkeit","11":"product_tag-hizen-2","13":"first","14":"outofstock","15":"sale","16":"taxable","17":"shipping-taxable","18":"purchasable","19":"product-type-simple"},"_links":{"self":[{"href":"https:\/\/green.one\/de\/wp-json\/wp\/v2\/product\/10040","targetHints":{"allow":["GET"]}}],"collection":[{"href":"https:\/\/green.one\/de\/wp-json\/wp\/v2\/product"}],"about":[{"href":"https:\/\/green.one\/de\/wp-json\/wp\/v2\/types\/product"}],"replies":[{"embeddable":true,"href":"https:\/\/green.one\/de\/wp-json\/wp\/v2\/comments?post=10040"}],"wp:featuredmedia":[{"embeddable":true,"href":"https:\/\/green.one\/de\/wp-json\/wp\/v2\/media\/10172"}],"wp:attachment":[{"href":"https:\/\/green.one\/de\/wp-json\/wp\/v2\/media?parent=10040"}],"wp:term":[{"taxonomy":"product_brand","embeddable":true,"href":"https:\/\/green.one\/de\/wp-json\/wp\/v2\/product_brand?post=10040"},{"taxonomy":"product_cat","embeddable":true,"href":"https:\/\/green.one\/de\/wp-json\/wp\/v2\/product_cat?post=10040"},{"taxonomy":"product_tag","embeddable":true,"href":"https:\/\/green.one\/de\/wp-json\/wp\/v2\/product_tag?post=10040"}],"curies":[{"name":"wp","href":"https:\/\/api.w.org\/{rel}","templated":true}]}}