{"id":10052,"date":"2025-09-20T20:20:07","date_gmt":"2025-09-20T18:20:07","guid":{"rendered":"https:\/\/green.one\/?post_type=product&#038;p=10052"},"modified":"2026-03-28T14:27:18","modified_gmt":"2026-03-28T12:27:18","slug":"cbd-vital-100ml-cbd-massageoel","status":"publish","type":"product","link":"https:\/\/green.one\/de\/shop\/cbd-vital-100ml-cbd-massageoel\/","title":{"rendered":"CBD Vital 100ml CBD Massage\u00f6l"},"content":{"rendered":"<h6 class=\"font-editorial first:mt-xs mb-2 mt-4 [.has-inline-images_&amp;]:clear-end font-bold text-lg leading-[1.5em] lg:text-xl\" style=\"text-align: left\">CBD Vital 100ml CBD Massage\u00f6l:\u00a0<strong>Wohltuende<\/strong>\u00a0Massagepflege f\u00fcr Muskeln, Gelenke und Haut<\/h6>\n<p class=\"my-2 [&amp;+p]:mt-4 [&amp;_strong:has(+br)]:inline-block [&amp;_strong:has(+br)]:pb-2\">CBD Vital 100ml <a href=\"https:\/\/green.one\/de\/produkt\/spezialisiert\/kosmetik\/\"><strong>CBD<\/strong><\/a> Massage\u00f6l ist ein Massage\u00f6l f\u00fcr den vielseitigen Pflegeeinsatz und wird vom Hersteller als \u201e<a href=\"https:\/\/green.one\/de\/produkt\/spezialisiert\/kosmetik\/\"><strong>CBD Bio Naturkosmetik<\/strong><\/a>\u201c beschrieben. Es ist f\u00fcr gro\u00dffl\u00e4chige Anwendungen gedacht und soll ein SPA\u2011Erlebnis f\u00fcr zu Hause erm\u00f6glichen.<\/p>\n<h6 id=\"was-dieses-massagel-besonders-macht\" class=\"mb-2 mt-4 [.has-inline-images_&amp;]:clear-end font-editorial font-bold text-lg first:mt-0 md:text-lg [hr+&amp;]:mt-4\">Was dieses Massage\u00f6l besonders macht<\/h6>\n<p class=\"my-2 [&amp;+p]:mt-4 [&amp;_strong:has(+br)]:inline-block [&amp;_strong:has(+br)]:pb-2\">CBD Vital 100ml CBD Massage\u00f6l wird als entspannend und pflegend beschrieben und soll ein befreites, entspanntes K\u00f6rpergef\u00fchl unterst\u00fctzen.<\/p>\n<p class=\"my-2 [&amp;+p]:mt-4 [&amp;_strong:has(+br)]:inline-block [&amp;_strong:has(+br)]:pb-2\">Laut Hersteller zieht es rasch ein, ist f\u00fcr alle Hauttypen geeignet und hinterl\u00e4sst keinen fettenden oder klebenden Film. Als Einsatzbereiche werden unter anderem Entspannung nach dem Sport sowie die Anwendung bei Muskelkater genannt.<\/p>\n<h6 id=\"inhaltsstoffe-mit-pflege-fokus\" class=\"mb-2 mt-4 [.has-inline-images_&amp;]:clear-end font-editorial font-bold text-lg first:mt-0 md:text-lg [hr+&amp;]:mt-4\">Inhaltsstoffe mit Pflege-Fokus<\/h6>\n<p class=\"my-2 [&amp;+p]:mt-4 [&amp;_strong:has(+br)]:inline-block [&amp;_strong:has(+br)]:pb-2\">Die Rezeptur kombiniert mehrere pflegende \u00d6le: Hanfsamen-, Mandel-, Sonnenblumen- und Jojoba\u00f6l werden als n\u00e4hrend und hautpflegend beschrieben.<\/p>\n<p class=\"my-2 [&amp;+p]:mt-4 [&amp;_strong:has(+br)]:inline-block [&amp;_strong:has(+br)]:pb-2\">Zus\u00e4tzlich nennt der Hersteller einen Wirkstoffmix aus <a href=\"https:\/\/green.one\/de\/produkt\/spezialisiert\/kosmetik\/\"><strong>CBD<\/strong><\/a>, Johanniskraut- und Ingwerextrakt, Menthol, Eukalyptus, Rosmarinextrakt, Kampfer und Vitamin E. Der \u201ewertvolle Inhaltsstoffkomplex\u201c wird mit Cannabidiol (250 mg) sowie Hanfsamen\u00f6l, Menthol, Eukalyptus\u00f6l, Kampfer, Johanniskraut\u2011 und Ingwerextrakt und Vitamin E aufgef\u00fchrt. Der Inhalt betr\u00e4gt 100 ml.<\/p>\n<h6 id=\"anwendung-einfach-schnell-angenehm\" class=\"mb-2 mt-4 [.has-inline-images_&amp;]:clear-end font-editorial font-bold text-lg first:mt-0 md:text-lg [hr+&amp;]:mt-4\">Anwendung: einfach, schnell, angenehm<\/h6>\n<p class=\"my-2 [&amp;+p]:mt-4 [&amp;_strong:has(+br)]:inline-block [&amp;_strong:has(+br)]:pb-2\">F\u00fcr die Anwendung wird empfohlen, die gew\u00fcnschte Menge \u00d6l in die Hand zu geben, zwischen den Handfl\u00e4chen anzuw\u00e4rmen und dann in die gew\u00fcnschte K\u00f6rperpartie einzumassieren, bis es vollst\u00e4ndig eingezogen ist.<\/p>\n<p class=\"my-2 [&amp;+p]:mt-4 [&amp;_strong:has(+br)]:inline-block [&amp;_strong:has(+br)]:pb-2\">Als Akutpflege bei beanspruchten Gelenken und Muskelpartien wird \u201e2 x t\u00e4glich einreiben\u201c genannt. <strong><a href=\"https:\/\/green.one\/de\/produkt\/spezialisiert\/kosmetik\/\">CBD<\/a><\/strong> Vital 100ml CBD Massage\u00f6l ist au\u00dferdem \u201ef\u00fcr jede Massagetechnik geeignet\u201c.<\/p>\n<h6 id=\"wichtige-hinweise\" class=\"mb-2 mt-4 [.has-inline-images_&amp;]:clear-end font-editorial font-bold text-lg first:mt-0 md:text-lg [hr+&amp;]:mt-4\">Wichtige Hinweise<\/h6>\n<p class=\"my-2 [&amp;+p]:mt-4 [&amp;_strong:has(+br)]:inline-block [&amp;_strong:has(+br)]:pb-2\">Das Produkt ist laut Sicherheitshinweis nicht zum Verzehr geeignet und ausschlie\u00dflich zur \u00e4u\u00dferlichen Anwendung gedacht. Es soll nicht auf gereizte, offene Haut, Wunden oder Schleimh\u00e4ute aufgetragen werden, und nach dem Auftragen werden gr\u00fcndliches H\u00e4ndewaschen sowie das Vermeiden von Augenkontakt empfohlen.<\/p>\n<p class=\"my-2 [&amp;+p]:mt-4 [&amp;_strong:has(+br)]:inline-block [&amp;_strong:has(+br)]:pb-2\">Au\u00dferdem wird angegeben, dass es f\u00fcr S\u00e4uglinge und Kleinkinder nicht geeignet ist und unzug\u00e4nglich f\u00fcr Kinder aufbewahrt werden soll.<\/p>\n<p class=\"my-2 [&amp;+p]:mt-4 [&amp;_strong:has(+br)]:inline-block [&amp;_strong:has(+br)]:pb-2\">Wenn du ein schnell einziehendes <a href=\"https:\/\/green.one\/de\/produkt\/spezialisiert\/kosmetik\/\"><strong>Massageoel<\/strong><\/a> suchst, das Hautpflege mit einem aktivierenden Duftprofil aus \u00e4therischen \u00d6len verbindet, ist CBD Vital 100ml CBD Massage\u00f6l eine stimmige Wahl f\u00fcr deine Routine.<\/p>\n<p class=\"my-2 [&amp;+p]:mt-4 [&amp;_strong:has(+br)]:inline-block [&amp;_strong:has(+br)]:pb-2\"><strong>Rechtlicher Hinweis:<\/strong> <em>Dieses Produkt ist kein Arzneimittel. Es ersetzt keine ausgewogene und abwechslungsreiche Ern\u00e4hrung und keinen gesunden Lebensstil. Bei Schwangerschaft, Stillzeit oder wenn du Medikamente einnimmst, konsultiere vor der Verwendung deinen Arzt.<\/em><\/p>\n","protected":false},"excerpt":{"rendered":"<p><strong>CBD Vital 100ml CBD Massage\u00f6l<\/strong> ist ein schnell einziehendes Massage\u00f6l f\u00fcr alle Hauttypen, das keinen fettenden oder klebenden Film hinterlassen soll.<\/p>\n<p>Es enth\u00e4lt 250 mg Cannabidiol (CBD) und kombiniert Hanfsamen\u00f6l mit Menthol, Eukalyptus\u00f6l, Kampfer sowie Johanniskraut- und Ingwerextrakt und Vitamin E. Anwendung: \u00d6l in den Handfl\u00e4chen anw\u00e4rmen und in die gew\u00fcnschte K\u00f6rperpartie einmassieren, bis es eingezogen ist; zur Pflege beanspruchter Muskel- und Gelenkpartien wird 2\u2011mal t\u00e4glich genannt.<\/p>\n","protected":false},"featured_media":10230,"comment_status":"open","ping_status":"closed","template":"","meta":{"_trash_the_other_posts":false,"editor_notices":[]},"product_brand":[165],"product_cat":[157,272],"product_tag":[193,210,253,276,301,317],"class_list":{"0":"post-10052","1":"product","2":"type-product","3":"status-publish","4":"has-post-thumbnail","6":"product_brand-cbd-vital","7":"product_cat-kosmetik","8":"product_cat-koerperpflege","9":"product_tag-vital","10":"product_tag-kosmetik","11":"product_tag-cbd","12":"product_tag-body-care","13":"product_tag-oel","14":"product_tag-koeperpflege","16":"first","17":"instock","18":"sale","19":"taxable","20":"shipping-taxable","21":"purchasable","22":"product-type-simple"},"_links":{"self":[{"href":"https:\/\/green.one\/de\/wp-json\/wp\/v2\/product\/10052","targetHints":{"allow":["GET"]}}],"collection":[{"href":"https:\/\/green.one\/de\/wp-json\/wp\/v2\/product"}],"about":[{"href":"https:\/\/green.one\/de\/wp-json\/wp\/v2\/types\/product"}],"replies":[{"embeddable":true,"href":"https:\/\/green.one\/de\/wp-json\/wp\/v2\/comments?post=10052"}],"wp:featuredmedia":[{"embeddable":true,"href":"https:\/\/green.one\/de\/wp-json\/wp\/v2\/media\/10230"}],"wp:attachment":[{"href":"https:\/\/green.one\/de\/wp-json\/wp\/v2\/media?parent=10052"}],"wp:term":[{"taxonomy":"product_brand","embeddable":true,"href":"https:\/\/green.one\/de\/wp-json\/wp\/v2\/product_brand?post=10052"},{"taxonomy":"product_cat","embeddable":true,"href":"https:\/\/green.one\/de\/wp-json\/wp\/v2\/product_cat?post=10052"},{"taxonomy":"product_tag","embeddable":true,"href":"https:\/\/green.one\/de\/wp-json\/wp\/v2\/product_tag?post=10052"}],"curies":[{"name":"wp","href":"https:\/\/api.w.org\/{rel}","templated":true}]}}