{"id":10054,"date":"2022-08-24T11:24:36","date_gmt":"2022-08-24T09:24:36","guid":{"rendered":"https:\/\/green.one\/?post_type=product&#038;p=10054"},"modified":"2026-03-30T18:49:51","modified_gmt":"2026-03-30T16:49:51","slug":"cbd-vital-waermende-cbd-creme","status":"publish","type":"product","link":"https:\/\/green.one\/de\/shop\/cbd-vital-waermende-cbd-creme\/","title":{"rendered":"CBD Vital W\u00e4rmende CBD Creme"},"content":{"rendered":"<h6 id=\"cbd-vital-wrmende-cbd-creme--sofortiger-wrmeeffekt\" class=\"font-editorial font-bold first:mt-xs mb-2 mt-4 [.has-inline-images_&amp;]:clear-end text-lg leading-[1.5em] lg:text-xl\" style=\"text-align: left\">CBD Vital W\u00e4rmende <a href=\"https:\/\/green.one\/de\/produkt\/spezialisiert\/kosmetik\/\">CBD Creme<\/a> \u2013 Sofortiger W\u00e4rmeeffekt f\u00fcr Muskeln und Gelenke<\/h6>\n<p class=\"my-2 [&amp;+p]:mt-4 [&amp;_strong:has(+br)]:inline-block [&amp;_strong:has(+br)]:pb-2\">Die\u00a0<strong>CBD Vital W\u00e4rmende CBD Creme<\/strong>\u00a0bietet einen kraftvollen, langanhaltenden W\u00e4rmeeffekt durch hochwertiges Cannabidiol und <a href=\"https:\/\/green.one\/de\/produkt\/cannabis\/blumen\/\"><strong>nat\u00fcrliche Extrakte<\/strong><\/a> \u2013 ideal f\u00fcr aktive Menschen auf der Suche nach gezielter Pflege.<span class=\"inline-flex\" aria-label=\"CBD VITAL W\u00e4rmende CBD Creme + K\u00fchlende CBD Creme 2x120 ml\" data-state=\"closed\">\u200b<\/span><br \/>\nMit 500 mg CBD in 120 g Creme unterst\u00fctzt sie Muskeln, Gelenke, R\u00fccken und Nacken bei Belastung oder nach Sport.<br \/>\nDer einzigartige Inhaltsstoffkomplex aktiviert die Durchblutung und entspannt verspannte Bereiche m\u00fchelos.<span class=\"inline-flex\" aria-label=\"CBD VITAL W\u00e4rmende CBD Creme 100 % BIO 120 ml - Medpex\" data-state=\"closed\">\u200b<\/span><\/p>\n<h6 id=\"berzeugende-eigenschaften-der-cbd-vital-wrmende-cb\" class=\"font-editorial font-bold mb-2 mt-4 [.has-inline-images_&amp;]:clear-end text-lg first:mt-0 md:text-lg [hr+&amp;]:mt-4\">\u00dcberzeugende Eigenschaften der CBD Vital W\u00e4rmende <a href=\"https:\/\/green.one\/de\/produkt\/spezialisiert\/kosmetik\/\">CBD Creme<\/a><\/h6>\n<p class=\"my-2 [&amp;+p]:mt-4 [&amp;_strong:has(+br)]:inline-block [&amp;_strong:has(+br)]:pb-2\">Diese Creme enth\u00e4lt Capsicum-Extrakt aus Chili, Ingwerextrakt und Kampfer f\u00fcr einen intensiven, sofort sp\u00fcrbaren W\u00e4rmeeffekt, der lange anh\u00e4lt.<br \/>\nZus\u00e4tzlich wirken Dexpanthenol und Aloe Vera hautberuhigend und feuchtigkeitsspendend, perfekt auch f\u00fcr sensible Hauttypen.<br \/>\nOrangen\u00f6l und Gew\u00fcrznelken\u00f6l erg\u00e4nzen die Formel, f\u00f6rdern Vitalit\u00e4t und Regeneration \u2013 frei von Paraffinen, Silikonen, Mineral\u00f6len, PEGs und Sulfaten als zertifizierte <a href=\"https:\/\/green.one\/de\/produkt\/spezialisiert\/kosmetik\/\">Biokosmetik<\/a>.<\/p>\n<h6 id=\"praktische-vorteile-der-cbd-vital-wrmende-cbd-crem\" class=\"font-editorial font-bold mb-2 mt-4 [.has-inline-images_&amp;]:clear-end text-lg first:mt-0 md:text-lg [hr+&amp;]:mt-4\">Praktische Vorteile der CBD Vital W\u00e4rmende CBD Creme<\/h6>\n<p class=\"my-2 [&amp;+p]:mt-4 [&amp;_strong:has(+br)]:inline-block [&amp;_strong:has(+br)]:pb-2\">Die\u00a0<strong>CBD Vital W\u00e4rmende CBD Creme<\/strong>\u00a0eignet sich hervorragend zur Verbesserung der Beweglichkeit nach k\u00f6rperlicher Aktivit\u00e4t oder f\u00fcr den t\u00e4glichen Einsatz bei Verspannungen.<span class=\"inline-flex\" aria-label=\"CBD VITAL W\u00e4rmende CBD Creme + K\u00fchlende CBD Creme 2x120 ml\" data-state=\"closed\">\u200b<\/span><br \/>\nSie belebt und vitalisiert beanspruchte Zonen wie Schultern oder Beine und unterst\u00fctzt die Erholung durch sanfte Massage.<br \/>\nAls hautfreundliche Lotion mit 98% nat\u00fcrlichen Zutaten und 50% Bio-Anteilen gew\u00e4hrleistet sie h\u00f6chste <a href=\"https:\/\/green.one\/de\/produkt\/cannabis\/cbd-samen\/\"><strong>Qualit\u00e4t<\/strong><\/a> und Vertr\u00e4glichkeit.<span class=\"inline-flex\" aria-label=\"CBD VITAL W\u00e4rmende CBD Creme + K\u00fchlende CBD Creme 2x120 ml\" data-state=\"closed\">\u200b<\/span><\/p>\n<h6 id=\"warum-die-cbd-vital-wrmende-cbd-creme-unschlagbar\" class=\"font-editorial font-bold mb-2 mt-4 [.has-inline-images_&amp;]:clear-end text-lg first:mt-0 md:text-lg [hr+&amp;]:mt-4\">Warum die CBD Vital W\u00e4rmende CBD Creme unschlagbar ist<\/h6>\n<p class=\"my-2 [&amp;+p]:mt-4 [&amp;_strong:has(+br)]:inline-block [&amp;_strong:has(+br)]:pb-2\">Vor dem Sport aufgetragen, verst\u00e4rkt sie den nat\u00fcrlichen Aufw\u00e4rmeffekt und lockert die Muskulatur pr\u00e4ventiv.<span class=\"inline-flex\" aria-label=\"CBD VITAL W\u00e4rmende CBD Creme 100 % BIO 120 ml - Medpex\" data-state=\"closed\">\u200b<\/span><br \/>\nDie Creme ist f\u00fcr dauerhafte Anwendung konzipiert, lagern Sie sie einfach k\u00fchl unter 25 \u00b0C.<span class=\"inline-flex\" aria-label=\"CBD VITAL W\u00e4rmende CBD Creme + K\u00fchlende CBD Creme 2x120 ml\" data-state=\"closed\">\u200b<\/span><br \/>\nEntdecken Sie auf <strong>green.one <a href=\"https:\/\/green.one\/de\/\">CBD Oel Shop<\/a><\/strong>, wie die\u00a0<strong>CBD Vital W\u00e4rmende CBD Creme<\/strong>\u00a0Ihre Regeneration revolutioniert \u2013 pure Power aus der Natur!<span class=\"inline-flex\" aria-label=\"CBD VITAL W\u00e4rmende CBD Creme \u2013 500 mg CBD f\u00fcr ... - Hanftopia\" data-state=\"closed\">\u200b<\/span><\/p>\n<p class=\"my-2 [&amp;+p]:mt-4 [&amp;_strong:has(+br)]:inline-block [&amp;_strong:has(+br)]:pb-2\"><strong>Anwendung:<\/strong>\u00a02x t\u00e4glich sanft einmassieren, nicht auf offene Haut oder Schleimh\u00e4ute auftragen. H\u00e4nde waschen und Augenkontakt vermeiden.<\/p>\n<p class=\"my-2 [&amp;+p]:mt-4 [&amp;_strong:has(+br)]:inline-block [&amp;_strong:has(+br)]:pb-2\"><span class=\"inline-flex\" aria-label=\"CBD VITAL W\u00e4rmende CBD Creme \u2013 500 mg CBD f\u00fcr ... - Hanftopia\" data-state=\"closed\">\u200bgreen.one\u00ae <a href=\"https:\/\/green.one\/de\/\">CBD \u00d6l Shop<\/a> ist ein deutsches Premium-Online-Gesch\u00e4ft das eine breite Auswahl an hochwertigen CBD-Produkten f\u00fcr ganz Europa anbietet.<\/span><\/p>\n<p class=\"my-2 [&amp;+p]:mt-4 [&amp;_strong:has(+br)]:inline-block [&amp;_strong:has(+br)]:pb-2\"><strong>Rechtlicher Hinweis:<\/strong> <em>Dieses Produkt ist kein Arzneimittel. Es ersetzt keine ausgewogene und abwechslungsreiche Ern\u00e4hrung und keinen gesunden Lebensstil. Bei Schwangerschaft, Stillzeit oder wenn du Medikamente einnimmst, konsultiere vor der Verwendung deinen Arzt.<\/em><\/p>\n","protected":false},"excerpt":{"rendered":"<p>Die\u00a0<strong>CBD Vital W\u00e4rmende CBD Creme<\/strong>\u00a0mit 500 mg hochwertigem CBD in 120 ml spendet intensiven, langanhaltenden W\u00e4rmeeffekt f\u00fcr Muskeln, Gelenke und R\u00fccken. Capsicum, Ingwer und Kampfer aktivieren die Durchblutung, w\u00e4hrend Aloe Vera und Dexpanthenol die Haut pflegen. Biokosmetik mit 98% nat\u00fcrlichen Inhaltsstoffen \u2013 vegan, frei von Paraffinen und Silikonen. Ideal nach Sport oder bei Verspannungen: 2x t\u00e4glich einmassieren. Erh\u00e4ltlich auf green.one f\u00fcr pure Regeneration.<\/p>\n","protected":false},"featured_media":10194,"comment_status":"open","ping_status":"closed","template":"","meta":{"_trash_the_other_posts":false,"editor_notices":[]},"product_brand":[165],"product_cat":[157,272],"product_tag":[190,193,210,253,317],"class_list":{"0":"post-10054","1":"product","2":"type-product","3":"status-publish","4":"has-post-thumbnail","6":"product_brand-cbd-vital","7":"product_cat-kosmetik","8":"product_cat-koerperpflege","9":"product_tag-creme","10":"product_tag-vital","11":"product_tag-kosmetik","12":"product_tag-cbd","13":"product_tag-koeperpflege","15":"first","16":"instock","17":"sale","18":"taxable","19":"shipping-taxable","20":"purchasable","21":"product-type-simple"},"_links":{"self":[{"href":"https:\/\/green.one\/de\/wp-json\/wp\/v2\/product\/10054","targetHints":{"allow":["GET"]}}],"collection":[{"href":"https:\/\/green.one\/de\/wp-json\/wp\/v2\/product"}],"about":[{"href":"https:\/\/green.one\/de\/wp-json\/wp\/v2\/types\/product"}],"replies":[{"embeddable":true,"href":"https:\/\/green.one\/de\/wp-json\/wp\/v2\/comments?post=10054"}],"wp:featuredmedia":[{"embeddable":true,"href":"https:\/\/green.one\/de\/wp-json\/wp\/v2\/media\/10194"}],"wp:attachment":[{"href":"https:\/\/green.one\/de\/wp-json\/wp\/v2\/media?parent=10054"}],"wp:term":[{"taxonomy":"product_brand","embeddable":true,"href":"https:\/\/green.one\/de\/wp-json\/wp\/v2\/product_brand?post=10054"},{"taxonomy":"product_cat","embeddable":true,"href":"https:\/\/green.one\/de\/wp-json\/wp\/v2\/product_cat?post=10054"},{"taxonomy":"product_tag","embeddable":true,"href":"https:\/\/green.one\/de\/wp-json\/wp\/v2\/product_tag?post=10054"}],"curies":[{"name":"wp","href":"https:\/\/api.w.org\/{rel}","templated":true}]}}