{"id":10079,"date":"2022-08-24T11:20:00","date_gmt":"2022-08-24T09:20:00","guid":{"rendered":"https:\/\/green.one\/?post_type=product&#038;p=10079"},"modified":"2026-04-01T16:53:39","modified_gmt":"2026-04-01T14:53:39","slug":"biobloom-boost-bio-cbd-ol","status":"publish","type":"product","link":"https:\/\/green.one\/de\/shop\/biobloom-boost-bio-cbd-ol\/","title":{"rendered":"Biobloom Boost Bio CBD \u00d6l"},"content":{"rendered":"<h6 id=\"biobloom-boost-bio-cbd-l-intensiver-pflegekick-fr\" class=\"font-editorial font-bold first:mt-xs mb-2 mt-4 [.has-inline-images_&amp;]:clear-end text-lg leading-[1.5em] lg:text-xl\" style=\"text-align: left\">Biobloom Boost Bio <a href=\"https:\/\/green.one\/de\/produkt\/cbd\/oel\/\">CBD \u00d6l<\/a>: Intensiver Pflegekick f\u00fcr strahlend sch\u00f6ne Haut<\/h6>\n<p class=\"my-2 [&amp;+p]:mt-4 [&amp;_strong:has(+br)]:inline-block [&amp;_strong:has(+br)]:pb-2\"><strong>Biobloom Boost Bio CBD \u00d6l<\/strong>\u00a0ist ein biozertifiziertes Haut\u00f6l, das laut Hersteller mit CBD, Hanfterpenen, <strong><a href=\"https:\/\/green.one\/de\/produkt\/nahrungsergaenzung\/\">Vitamin E<\/a><\/strong> sowie Hanf-, MCT-, Jojoba- und Argan\u00f6l f\u00fcr einen feuchtigkeitsspendenden Pflegekick, mehr Hautelastizit\u00e4t und gesund strahlende Haut entwickelt wurde.<\/p>\n<p class=\"my-2 [&amp;+p]:mt-4 [&amp;_strong:has(+br)]:inline-block [&amp;_strong:has(+br)]:pb-2\">Die Formulierung ist vegan, palm\u00f6lfrei, tierversuchsfrei und frei von k\u00fcnstlichen Zusatz- sowie allergenen Duftstoffen.<\/p>\n<h6 id=\"natrliche-pflegeformel\" class=\"font-editorial font-bold mb-2 mt-4 [.has-inline-images_&amp;]:clear-end text-lg first:mt-0 md:text-lg [hr+&amp;]:mt-4\">Nat\u00fcrliche Pflegeformel<\/h6>\n<p class=\"my-2 [&amp;+p]:mt-4 [&amp;_strong:has(+br)]:inline-block [&amp;_strong:has(+br)]:pb-2\">Die Rezeptur setzt auf eine reichhaltige \u00d6lbasis mit Jojoba\u00f6l, Argan\u00f6l, Hanf\u00f6l und MCT-\u00d6l, erg\u00e4nzt durch <a href=\"https:\/\/green.one\/de\/\"><strong>CBD<\/strong><\/a>, Hanfterpene und nat\u00fcrliche Essenzen aus Karottensamen, Tonka und Urzitrone.<\/p>\n<p class=\"my-2 [&amp;+p]:mt-4 [&amp;_strong:has(+br)]:inline-block [&amp;_strong:has(+br)]:pb-2\">Laut Hersteller unterst\u00fctzt diese Kombination die Zellentwicklung, wirkt als nat\u00fcrlicher Zellschutz und sorgt gleichzeitig f\u00fcr ein gl\u00e4ttendes und revitalisierendes Hautgef\u00fchl.<\/p>\n<p class=\"my-2 [&amp;+p]:mt-4 [&amp;_strong:has(+br)]:inline-block [&amp;_strong:has(+br)]:pb-2\"><a href=\"https:\/\/green.one\/de\/produkt\/nahrungsergaenzung\/\">Vitamin E<\/a> wird zus\u00e4tzlich als antioxidativer Bestandteil beschrieben, der den Feuchtigkeitshaushalt der Haut regenerieren hilft.<\/p>\n<h6 id=\"technische-merkmale\" class=\"font-editorial font-bold mb-2 mt-4 [.has-inline-images_&amp;]:clear-end text-lg first:mt-0 md:text-lg [hr+&amp;]:mt-4\">Technische Merkmale<\/h6>\n<p class=\"my-2 [&amp;+p]:mt-4 [&amp;_strong:has(+br)]:inline-block [&amp;_strong:has(+br)]:pb-2\"><strong>Biobloom Boost Bio <a href=\"https:\/\/green.one\/de\/produkt\/cbd\/oel\/\">CBD \u00d6l<\/a><\/strong>\u00a0wird in einer 50-ml-Flasche angeboten und geh\u00f6rt zur zertifizierten <strong><a href=\"https:\/\/green.one\/de\/produkt\/spezialisiert\/kosmetik\/\">Bio-CBD-Naturkosmetik<\/a><\/strong> von BioBloom aus \u00d6sterreich.<\/p>\n<p class=\"my-2 [&amp;+p]:mt-4 [&amp;_strong:has(+br)]:inline-block [&amp;_strong:has(+br)]:pb-2\">In der INCI-Liste finden sich unter anderem Simmondsia Chinensis Seed Oil, Caprylic\/Capric Triglyceride, <a href=\"https:\/\/green.one\/de\/produkt\/cbd\/oel\/\">Cannabis Sativa Seed Oil<\/a>, Argania Spinosa Kernel Oil, Tocopherol, Cannabidiol und Cannabis Sativa Flower\/Leaf\/Stem Oil.<\/p>\n<p class=\"my-2 [&amp;+p]:mt-4 [&amp;_strong:has(+br)]:inline-block [&amp;_strong:has(+br)]:pb-2\">Der Hersteller hebt au\u00dferdem GMP-Qualit\u00e4t hervor und empfiehlt eine lichtgesch\u00fctzte Aufbewahrung bei Raumtemperatur.<\/p>\n<h6 id=\"wofr-das-hautl-gedacht-ist\" class=\"font-editorial font-bold mb-2 mt-4 [.has-inline-images_&amp;]:clear-end text-lg first:mt-0 md:text-lg [hr+&amp;]:mt-4\">Wof\u00fcr das Haut\u00f6l gedacht ist<\/h6>\n<p class=\"my-2 [&amp;+p]:mt-4 [&amp;_strong:has(+br)]:inline-block [&amp;_strong:has(+br)]:pb-2\"><strong>Biobloom Boost Bio <a href=\"https:\/\/green.one\/product\/broad-spectrum\/\">CBD \u00d6l<\/a><\/strong>\u00a0eignet sich besonders f\u00fcr trockene, sensible und irritierte Haut, weil die Zusammensetzung laut Hersteller ausschlie\u00dflich auf nat\u00fcrlichen Inhaltsstoffen basiert.<\/p>\n<p class=\"my-2 [&amp;+p]:mt-4 [&amp;_strong:has(+br)]:inline-block [&amp;_strong:has(+br)]:pb-2\">F\u00fcr die Anwendung soll das Haut\u00f6l in die Handfl\u00e4che getropft, auf die gew\u00fcnschten Hautstellen aufgetragen und sanft einmassiert werden, wobei die Augenpartie ausgespart werden soll.<\/p>\n<p class=\"my-2 [&amp;+p]:mt-4 [&amp;_strong:has(+br)]:inline-block [&amp;_strong:has(+br)]:pb-2\">Durch den frischen Duft und die n\u00e4hrende \u00d6ltextur passt das Produkt sehr gut in eine hochwertige t\u00e4gliche Pflegeroutine.<\/p>\n<h6 id=\"besondere-eigenschaften\" class=\"font-editorial font-bold mb-2 mt-4 [.has-inline-images_&amp;]:clear-end text-lg first:mt-0 md:text-lg [hr+&amp;]:mt-4\">Besondere Eigenschaften<\/h6>\n<p class=\"my-2 [&amp;+p]:mt-4 [&amp;_strong:has(+br)]:inline-block [&amp;_strong:has(+br)]:pb-2\">Ein starker Vorteil liegt in der klaren Naturkosmetik-Ausrichtung, denn das Produkt wird als 100 Prozent nat\u00fcrlich und ohne k\u00fcnstliche Konservierungs- und Aromastoffe beschrieben.<\/p>\n<p class=\"my-2 [&amp;+p]:mt-4 [&amp;_strong:has(+br)]:inline-block [&amp;_strong:has(+br)]:pb-2\"><strong>Biobloom Boost Bio CBD \u00d6l<\/strong>\u00a0verbindet damit hochwertige Pflanzen\u00f6le, <strong><a href=\"https:\/\/green.one\/de\/produkt\/spezialisiert\/kosmetik\/gesichtspflege\/\">antioxidative Pflege<\/a><\/strong> und einen sanften Anti-Aging-Ansatz in einer einzigen Formel.<\/p>\n<p class=\"my-2 [&amp;+p]:mt-4 [&amp;_strong:has(+br)]:inline-block [&amp;_strong:has(+br)]:pb-2\">Wer f\u00fcr green.one ein modernes Hautpflegeprodukt mit nat\u00fcrlicher Tiefe, biozertifizierter Qualit\u00e4t und angenehm reichhaltigem Pflegeprofil sucht, findet in\u00a0<strong>Biobloom Boost Bio CBD \u00d6l<\/strong>\u00a0eine \u00fcberzeugende Wahl.<\/p>\n<p>green.one\u00ae <a href=\"https:\/\/green.one\/de\/\">CBD \u00d6l Shop<\/a> ist ein deutsches Premium-Online-Gesch\u00e4ft das eine breite Auswahl an hochwertigen CBD-Produkten f\u00fcr ganz Europa anbietet. Entscheiden Sie sich <a href=\"https:\/\/green.one\/de\/\">daf\u00fcr CBD-\u00d6l sicher<\/a> im <a href=\"https:\/\/green.one\/de\/\">besten Online-Shop f\u00fcr CBD-\u00d6l zu kaufen<\/a>.<\/p>\n<p class=\"my-2 [&amp;+p]:mt-4 [&amp;_strong:has(+br)]:inline-block [&amp;_strong:has(+br)]:pb-2\"><strong>Rechtlicher Hinweis:<\/strong> <em>Dieses Produkt ist kein Arzneimittel. Es ersetzt keine ausgewogene und abwechslungsreiche Ern\u00e4hrung und keinen gesunden Lebensstil. Bei Schwangerschaft, Stillzeit oder wenn du Medikamente einnimmst, konsultiere vor der Verwendung deinen Arzt.<\/em><\/p>\n","protected":false},"excerpt":{"rendered":"<p><strong>Biobloom Boost Bio CBD \u00d6l<\/strong> ist ein biozertifiziertes Haut\u00f6l mit CBD, Hanfterpenen, Vitamin E sowie Hanf-, Jojoba-, Argan- und MCT-\u00d6l f\u00fcr eine intensive, nat\u00fcrliche Hautpflege. Die vegane Formel wurde f\u00fcr trockene, sensible und irritierte Haut entwickelt und ist frei von k\u00fcnstlichen Zusatz- sowie allergenen Duftstoffen. Biobloom Boost Bio CBD \u00d6l unterst\u00fctzt laut Hersteller Feuchtigkeit, Hautelastizit\u00e4t und ein glattes, strahlendes Hautbild in der t\u00e4glichen Pflegeroutine.<\/p>\n","protected":false},"featured_media":10219,"comment_status":"open","ping_status":"closed","template":"","meta":{"_trash_the_other_posts":false,"editor_notices":[]},"product_brand":[164],"product_cat":[151,240],"product_tag":[205,312],"class_list":{"0":"post-10079","1":"product","2":"type-product","3":"status-publish","4":"has-post-thumbnail","6":"product_brand-biobloom","7":"product_cat-oel","8":"product_cat-cbd-oel-5-prozent","9":"product_tag-biobloom-2","10":"product_tag-cbd-oel","12":"first","13":"instock","14":"sale","15":"taxable","16":"shipping-taxable","17":"purchasable","18":"product-type-simple"},"_links":{"self":[{"href":"https:\/\/green.one\/de\/wp-json\/wp\/v2\/product\/10079","targetHints":{"allow":["GET"]}}],"collection":[{"href":"https:\/\/green.one\/de\/wp-json\/wp\/v2\/product"}],"about":[{"href":"https:\/\/green.one\/de\/wp-json\/wp\/v2\/types\/product"}],"replies":[{"embeddable":true,"href":"https:\/\/green.one\/de\/wp-json\/wp\/v2\/comments?post=10079"}],"wp:featuredmedia":[{"embeddable":true,"href":"https:\/\/green.one\/de\/wp-json\/wp\/v2\/media\/10219"}],"wp:attachment":[{"href":"https:\/\/green.one\/de\/wp-json\/wp\/v2\/media?parent=10079"}],"wp:term":[{"taxonomy":"product_brand","embeddable":true,"href":"https:\/\/green.one\/de\/wp-json\/wp\/v2\/product_brand?post=10079"},{"taxonomy":"product_cat","embeddable":true,"href":"https:\/\/green.one\/de\/wp-json\/wp\/v2\/product_cat?post=10079"},{"taxonomy":"product_tag","embeddable":true,"href":"https:\/\/green.one\/de\/wp-json\/wp\/v2\/product_tag?post=10079"}],"curies":[{"name":"wp","href":"https:\/\/api.w.org\/{rel}","templated":true}]}}