{"id":10082,"date":"2022-08-24T11:21:08","date_gmt":"2022-08-24T09:21:08","guid":{"rendered":"https:\/\/green.one\/?post_type=product&#038;p=10082"},"modified":"2026-04-01T00:02:35","modified_gmt":"2026-03-31T22:02:35","slug":"cbd-vital-hunde-10-ml-42","status":"publish","type":"product","link":"https:\/\/green.one\/de\/shop\/cbd-vital-hunde-10-ml-42\/","title":{"rendered":"CBD Vital Hunde 10 ml 4,2%"},"content":{"rendered":"<div class=\"relative font-sans text-base text-foreground selection:bg-super\/50 selection:text-foreground dark:selection:bg-super\/10 dark:selection:text-super\">\n<div class=\"min-w-0 break-words [word-break:break-word]\">\n<div id=\"markdown-content-0\" class=\"gap-y-md after:clear-both after:block after:content-['']\" dir=\"auto\" data-cplx-component=\"message-block-answer\">\n<div class=\"has-inline-images my-2 first:mt-0 [&amp;:has([data-inline-type=image])+&amp;:has([data-inline-type=image])_[data-inline-type=image]]:hidden [&amp;:has(table)_[data-inline-type=image]]:hidden\">\n<div>\n<div>\n<div class=\"prose dark:prose-invert inline leading-relaxed break-words min-w-0 [word-break:break-word] prose-strong:font-bold [&amp;_&gt;*:first-child]:mt-0 [&amp;_&gt;*:last-child]:mb-0\">\n<h6 id=\"cbd-vital-hunde-10-ml-42-kraftvolle-premium-pflege\" class=\"font-editorial font-bold first:mt-xs mb-2 mt-4 [.has-inline-images_&amp;]:clear-end text-lg leading-[1.5em] lg:text-xl\" style=\"text-align: left\">CBD Vital <a href=\"https:\/\/green.one\/de\/produkt\/cbd-fuer-haustiere\/\">Hunde<\/a> 10 ml 4,2%: Kraftvolle Premium-Pflege f\u00fcr mehr Wohlbefinden<\/h6>\n<p class=\"my-2 [&amp;+p]:mt-4 [&amp;_strong:has(+br)]:inline-block [&amp;_strong:has(+br)]:pb-2\"><strong>CBD Vital Hunde 10 ml 4,2%<\/strong>\u00a0ist ein nat\u00fcrliches Erg\u00e4nzungsfuttermittel f\u00fcr Hunde, das mit <a href=\"https:\/\/green.one\/de\/produkt\/cbd\/oel\/\"><strong>Breitspektrum-CBD<\/strong><\/a>, kaltgepresstem <strong><a href=\"https:\/\/green.one\/de\/\">Hanf\u00f6l<\/a><\/strong> und Lachs\u00f6l entwickelt wurde.<br \/>\nDas Produkt enth\u00e4lt 420 mg nat\u00fcrliches<a href=\"https:\/\/green.one\/de\/\"><strong> CBD<\/strong> <\/a>pro 10 ml, ist frei von THC und wurde laut Hersteller f\u00fcr alle Hunderassen konzipiert.<\/p>\n<h6 id=\"was-das-produkt-auszeichnet\" class=\"font-editorial font-bold mb-2 mt-4 [.has-inline-images_&amp;]:clear-end text-lg first:mt-0 md:text-lg [hr+&amp;]:mt-4\">Was das Produkt auszeichnet<\/h6>\n<p class=\"my-2 [&amp;+p]:mt-4 [&amp;_strong:has(+br)]:inline-block [&amp;_strong:has(+br)]:pb-2\"><strong>CBD Vital Hunde 10 ml 4,2%<\/strong>\u00a0wurde speziell f\u00fcr vierbeinige Begleiter formuliert und soll Wohlbefinden, Vitalit\u00e4t und Ausgeglichenheit im Alltag unterst\u00fctzen.<br \/>\nDer Hersteller beschreibt es als fein im Geschmack, gut vertr\u00e4glich und durch das enthaltene Lachs\u00f6l zus\u00e4tzlich mit Omega-3-Fetts\u00e4uren ausgestattet.<span class=\"inline-flex\" aria-label=\"Olio di canapa CBD per cani - CBD VITAL\" data-state=\"closed\">\u200b<\/span><br \/>\nBesonders bei <a href=\"https:\/\/green.one\/de\/produkt\/cbd-fuer-haustiere\/\"><strong>Hunden<\/strong><\/a>, die zu Unruhe oder Nervosit\u00e4t neigen, wird das \u00d6l vielseitig als Futtererg\u00e4nzung eingesetzt.<\/p>\n<h6 id=\"technische-daten\" class=\"font-editorial font-bold mb-2 mt-4 [.has-inline-images_&amp;]:clear-end text-lg first:mt-0 md:text-lg [hr+&amp;]:mt-4\">Technische Daten<\/h6>\n<p class=\"my-2 [&amp;+p]:mt-4 [&amp;_strong:has(+br)]:inline-block [&amp;_strong:has(+br)]:pb-2\">Mit\u00a0<strong>CBD Vital <a href=\"https:\/\/green.one\/de\/produkt\/cbd-fuer-haustiere\/\">Hunde<\/a> 10 ml 4,2%<\/strong>\u00a0erh\u00e4ltst du ein \u00d6l mit Pipette, einem CBD-Gehalt von 4,2 Prozent und etwa 300 Tropfen pro 10-ml-Flasche.<br \/>\nZu den Produkteigenschaften z\u00e4hlen <a href=\"https:\/\/green.one\/product\/broad-spectrum\/\">Breitspektrum<\/a>-Extrakt, die enthaltenen Cannabinoide CBD und CBG sowie eine Herstellung per Kaltpressung.<br \/>\nLaut den verf\u00fcgbaren Produktdaten ist das <strong><a href=\"https:\/\/green.one\/de\/\">\u00d6l<\/a><\/strong> glutenfrei, laktosefrei und fruktosefrei, die Farbe wird als hellrot beschrieben und der Geschmack als Lachsgeschmack.<br \/>\nDie Zusammensetzung besteht aus gefiltertem kaltgepresstem Hanf\u00f6l aus Hanfpflanzen und Hanfsamen sowie Lachs\u00f6l.<span class=\"inline-flex\" aria-label=\"CBD VITAL Olio di Canapa CBD per Cani, 10 ml\" data-state=\"closed\">\u200b<\/span><br \/>\nAnalytisch werden 0% Rohprotein, 99% Rohfett, 0% Rohasche und 0% Rohfaser angegeben.<span class=\"inline-flex\" aria-label=\"CBD VITAL Olio di Canapa CBD per Cani, 10 ml\" data-state=\"closed\">\u200b<\/span><\/p>\n<h6 id=\"anwendung-und-ftterung\" class=\"font-editorial font-bold mb-2 mt-4 [.has-inline-images_&amp;]:clear-end text-lg first:mt-0 md:text-lg [hr+&amp;]:mt-4\">Anwendung und F\u00fctterung<\/h6>\n<p class=\"my-2 [&amp;+p]:mt-4 [&amp;_strong:has(+br)]:inline-block [&amp;_strong:has(+br)]:pb-2\"><strong>CBD Vital <a href=\"https:\/\/green.one\/de\/produkt\/cbd-fuer-haustiere\/\">Hunde<\/a> 10 ml 4,2%<\/strong>\u00a0kann direkt ins Maul gegeben oder als einfache Erg\u00e4nzung in den t\u00e4glichen Futterplan integriert werden, wobei der Hersteller die Dosierung nach K\u00f6rpergewicht staffelt.<br \/>\nEmpfohlen werden pro Tag 2 Tropfen f\u00fcr Hunde von 5 bis 10 kg, 4 Tropfen f\u00fcr 11 bis 20 kg und 8 Tropfen f\u00fcr 21 bis 40 kg.<span class=\"inline-flex\" aria-label=\"CBD VITAL Olio di Canapa CBD per Cani, 10 ml\" data-state=\"closed\">\u200b<\/span><br \/>\nAls ideale Anwendungsdauer werden etwa drei Monate genannt; bei l\u00e4ngerer Verwendung kann die Tropfenanzahl reduziert werden.<span class=\"inline-flex\" aria-label=\"CBD VITAL Olio di Canapa CBD per Cani, 10 ml\" data-state=\"closed\">\u200b<\/span><br \/>\nF\u00fcr die Aufbewahrung sollte die Flasche stehend, k\u00fchl, lichtgesch\u00fctzt und gut verschlossen gelagert werden.<span class=\"inline-flex\" aria-label=\"CBD VITAL Olio di Canapa CBD per Cani, 10 ml\" data-state=\"closed\">\u200b<\/span><\/p>\n<h6 id=\"fr-wen-es-passt\" class=\"font-editorial font-bold mb-2 mt-4 [.has-inline-images_&amp;]:clear-end text-lg first:mt-0 md:text-lg [hr+&amp;]:mt-4\">F\u00fcr wen es passt<\/h6>\n<p class=\"my-2 [&amp;+p]:mt-4 [&amp;_strong:has(+br)]:inline-block [&amp;_strong:has(+br)]:pb-2\">Wer mit\u00a0<strong>CBD Vital Hunde 10 ml 4,2%<\/strong>\u00a0ein hochwertiges Hanf\u00f6l f\u00fcr den <strong><a href=\"https:\/\/green.one\/de\/produkt\/cbd-fuer-haustiere\/\">Hund<\/a><\/strong> sucht, bekommt ein nat\u00fcrliches Produkt mit klaren technischen Angaben, THC-freier Rezeptur und sorgf\u00e4ltig kontrollierter Qualit\u00e4t.<br \/>\nZus\u00e4tzlich verweist der Hersteller auf Pr\u00fcfungen auf PAK, mikrobiologische Verunreinigungen, Pestizide, Schwermetalle und Alpha-Toxine, was f\u00fcr qualit\u00e4tsbewusste Hundebesitzer ein wichtiger Pluspunkt ist.<\/p>\n<p>green.one\u00ae <a href=\"https:\/\/green.one\/de\/\">CBD \u00d6l Shop<\/a> ist ein deutsches Premium-Online-Gesch\u00e4ft das eine breite Auswahl an hochwertigen <a href=\"https:\/\/green.one\/de\/\">CBD-Produkten<\/a> f\u00fcr ganz Europa anbietet.<\/p>\n<p class=\"my-2 [&amp;+p]:mt-4 [&amp;_strong:has(+br)]:inline-block [&amp;_strong:has(+br)]:pb-2\"><strong>Rechtlicher Hinweis:<\/strong> <em>Dieses Produkt ist kein Arzneimittel. Es ersetzt keine ausgewogene und abwechslungsreiche Ern\u00e4hrung und keinen gesunden Lebensstil. Bei Schwangerschaft, Stillzeit oder wenn du Medikamente einnimmst, konsultiere vor der Verwendung deinen Arzt.<\/em><\/p>\n<\/div>\n<\/div>\n<\/div>\n<\/div>\n<\/div>\n<\/div>\n<\/div>\n","protected":false},"excerpt":{"rendered":"<p><strong>CBD Vital Hunde 10 ml 4,2%<\/strong>\u00a0ist ein hochwertiges CBD-Hanf\u00f6l f\u00fcr Hunde mit 420 mg CBD pro 10 ml, Breitspektrum-Extrakt, kaltgepresstem Hanf\u00f6l und Lachs\u00f6l.<br \/>\nDie THC-freie Formel wurde f\u00fcr alle Hunderassen entwickelt und kann das t\u00e4gliche Wohlbefinden sowie eine ausgeglichene Routine deines Hundes sinnvoll unterst\u00fctzen.<br \/>\nDank praktischer Pipette l\u00e4sst sich\u00a0<strong>CBD Vital Hunde 10 ml 4,2%<\/strong>\u00a0einfach dosieren und direkt ins Maul oder \u00fcber das Futter geben.<\/p>\n","protected":false},"featured_media":10386,"comment_status":"open","ping_status":"closed","template":"","meta":{"_trash_the_other_posts":false,"editor_notices":[]},"product_brand":[165],"product_cat":[159,247],"product_tag":[193,207,219,253,301],"class_list":{"0":"post-10082","1":"product","2":"type-product","3":"status-publish","4":"has-post-thumbnail","6":"product_brand-cbd-vital","7":"product_cat-cbd-fuer-haustiere","8":"product_cat-cbd-for-dogs","9":"product_tag-vital","10":"product_tag-haustiere","11":"product_tag-hunde","12":"product_tag-cbd","13":"product_tag-oel","15":"first","16":"outofstock","17":"sale","18":"taxable","19":"shipping-taxable","20":"purchasable","21":"product-type-simple"},"_links":{"self":[{"href":"https:\/\/green.one\/de\/wp-json\/wp\/v2\/product\/10082","targetHints":{"allow":["GET"]}}],"collection":[{"href":"https:\/\/green.one\/de\/wp-json\/wp\/v2\/product"}],"about":[{"href":"https:\/\/green.one\/de\/wp-json\/wp\/v2\/types\/product"}],"replies":[{"embeddable":true,"href":"https:\/\/green.one\/de\/wp-json\/wp\/v2\/comments?post=10082"}],"wp:featuredmedia":[{"embeddable":true,"href":"https:\/\/green.one\/de\/wp-json\/wp\/v2\/media\/10386"}],"wp:attachment":[{"href":"https:\/\/green.one\/de\/wp-json\/wp\/v2\/media?parent=10082"}],"wp:term":[{"taxonomy":"product_brand","embeddable":true,"href":"https:\/\/green.one\/de\/wp-json\/wp\/v2\/product_brand?post=10082"},{"taxonomy":"product_cat","embeddable":true,"href":"https:\/\/green.one\/de\/wp-json\/wp\/v2\/product_cat?post=10082"},{"taxonomy":"product_tag","embeddable":true,"href":"https:\/\/green.one\/de\/wp-json\/wp\/v2\/product_tag?post=10082"}],"curies":[{"name":"wp","href":"https:\/\/api.w.org\/{rel}","templated":true}]}}