{"id":10125,"date":"2025-09-20T21:55:30","date_gmt":"2025-09-20T19:55:30","guid":{"rendered":"https:\/\/green.one\/?post_type=product&#038;p=10125"},"modified":"2026-03-28T13:37:57","modified_gmt":"2026-03-28T11:37:57","slug":"cbd-vital-klarende-unreine-haut","status":"publish","type":"product","link":"https:\/\/green.one\/de\/shop\/cbd-vital-klarende-unreine-haut\/","title":{"rendered":"CBD Vital Kl\u00e4rende Unreine Haut"},"content":{"rendered":"<h6 class=\"font-editorial first:mt-xs mb-2 mt-4 [.has-inline-images_&amp;]:clear-end font-bold text-lg leading-[1.5em] lg:text-xl\" style=\"text-align: left\">CBD Vital Kl\u00e4rende Unreine Haut:\u00a0<strong>Sanfte<\/strong>\u00a0Pflege, die dein Hautbild sichtbar beruhigt<\/h6>\n<p class=\"my-2 [&amp;+p]:mt-4 [&amp;_strong:has(+br)]:inline-block [&amp;_strong:has(+br)]:pb-2\">Unreine, \u00f6lige Haut kann sich wie ein t\u00e4glicher Kampf anf\u00fchlen \u2013 besonders, wenn Poren schnell verstopfen und die Haut gleichzeitig gereizt reagiert.<\/p>\n<p class=\"my-2 [&amp;+p]:mt-4 [&amp;_strong:has(+br)]:inline-block [&amp;_strong:has(+br)]:pb-2\"><a href=\"https:\/\/green.one\/de\/\"><strong>CBD<\/strong><\/a> Vital Kl\u00e4rende Unreine Haut ist als vegane, nat\u00fcrliche <a href=\"https:\/\/green.one\/de\/produkt\/spezialisiert\/kosmetik\/gesichtspflege\/\"><strong>Gesichtscreme<\/strong><\/a> f\u00fcr genau diesen Hauttyp konzipiert: zur Pflege gereizter, \u00f6liger und unreiner Haut.<\/p>\n<h6 id=\"klrend-bei-ligen-zonen--ohne-schweres-gefhl\" class=\"mb-2 mt-4 [.has-inline-images_&amp;]:clear-end font-editorial font-bold text-lg first:mt-0 md:text-lg [hr+&amp;]:mt-4\">Kl\u00e4rend bei \u00f6ligen Zonen \u2013 ohne schweres Gef\u00fchl<\/h6>\n<p class=\"my-2 [&amp;+p]:mt-4 [&amp;_strong:has(+br)]:inline-block [&amp;_strong:has(+br)]:pb-2\">Der Hersteller beschreibt die <a href=\"https:\/\/green.one\/product\/cosmetics\/\"><strong>Creme<\/strong><\/a> als nat\u00fcrliche Alternative, die unter anderem zur Reinigung verstopfter Talgdr\u00fcsen eingesetzt wird und gleichzeitig regeneriert und pflegt.<\/p>\n<p class=\"my-2 [&amp;+p]:mt-4 [&amp;_strong:has(+br)]:inline-block [&amp;_strong:has(+br)]:pb-2\">Au\u00dferdem wird genannt, dass sie den nat\u00fcrlichen pH-Wert der Haut sowie das Hautimmunsystem mit hochwertigen Inhaltsstoffen stabilisieren soll. CBD Vital Kl\u00e4rende Unreine Haut setzt dabei auf Cannabidiol (CBD) aus Hanf, das laut Beschreibung unerw\u00fcnschte Hautreaktionen reduzieren, die Regeneration der Hautzellen unterst\u00fctzen und entz\u00fcndungshemmende Eigenschaften besitzen kann.<\/p>\n<h6 id=\"wertvolle-inhaltsstoffe-klarer-fokus\" class=\"mb-2 mt-4 [.has-inline-images_&amp;]:clear-end font-editorial font-bold text-lg first:mt-0 md:text-lg [hr+&amp;]:mt-4\">Wertvolle Inhaltsstoffe, klarer Fokus<\/h6>\n<p class=\"my-2 [&amp;+p]:mt-4 [&amp;_strong:has(+br)]:inline-block [&amp;_strong:has(+br)]:pb-2\">Als zus\u00e4tzliche Wirkstoffe werden Aloe Vera und Hyalurons\u00e4ure aufgef\u00fchrt, und als Hauttyp werden \u201e\u00f6lige Haut\u201c sowie \u201eunreine Haut\u201c genannt.<\/p>\n<p class=\"my-2 [&amp;+p]:mt-4 [&amp;_strong:has(+br)]:inline-block [&amp;_strong:has(+br)]:pb-2\">In einer weiteren Produktbeschreibung wird betont, dass die bew\u00e4hrte Formel u. a. <a href=\"https:\/\/green.one\/de\/\"><strong>CBD<\/strong><\/a>, Aloe Vera, Heckenrosensamen-Extrakt, Lavendel\u00f6l und pflanzliche Hyalurons\u00e4ure enth\u00e4lt. Dort wird au\u00dferdem angegeben, dass 50 ml Creme 200 mg Cannabidiol enthalten.<\/p>\n<h6 id=\"so-wendest-du-die-creme-richtig-an\" class=\"mb-2 mt-4 [.has-inline-images_&amp;]:clear-end font-editorial font-bold text-lg first:mt-0 md:text-lg [hr+&amp;]:mt-4\">So wendest du die Creme richtig an<\/h6>\n<p class=\"my-2 [&amp;+p]:mt-4 [&amp;_strong:has(+br)]:inline-block [&amp;_strong:has(+br)]:pb-2\">Die Creme ist f\u00fcr die \u00e4u\u00dferliche Anwendung im Gesicht bestimmt. Als Anwendungshinweis werden 2\u20133 Anwendungen pro Tag oder nach Bedarf genannt.<\/p>\n<p class=\"my-2 [&amp;+p]:mt-4 [&amp;_strong:has(+br)]:inline-block [&amp;_strong:has(+br)]:pb-2\">CBD Vital Kl\u00e4rende Unreine Haut passt besonders gut in eine einfache Routine: sanft reinigen, d\u00fcnn auftragen, kurz einziehen lassen \u2013 und dabei konsequent bleiben.<\/p>\n<h6 id=\"fr-wen-sie-ideal-ist\" class=\"mb-2 mt-4 [.has-inline-images_&amp;]:clear-end font-editorial font-bold text-lg first:mt-0 md:text-lg [hr+&amp;]:mt-4\">F\u00fcr wen sie ideal ist<\/h6>\n<p class=\"my-2 [&amp;+p]:mt-4 [&amp;_strong:has(+br)]:inline-block [&amp;_strong:has(+br)]:pb-2\">Wenn deine Haut schnell gl\u00e4nzt, zu Unreinheiten neigt und du eine leichte, kl\u00e4rende Pflege suchst, ist dieses Produkt eine stimmige Wahl.<\/p>\n<p class=\"my-2 [&amp;+p]:mt-4 [&amp;_strong:has(+br)]:inline-block [&amp;_strong:has(+br)]:pb-2\">Laut Beschreibung ist <strong><a href=\"https:\/\/green.one\/de\/\">CBD<\/a><\/strong> Vital Kl\u00e4rende Unreine Haut vegan und als hypoallergen ausgewiesen. In der Produktbeschreibung wird au\u00dferdem darauf hingewiesen, dass das Produkt nicht f\u00fcr Schwangere und Stillende sowie nicht f\u00fcr S\u00e4uglinge und Kinder geeignet ist.<\/p>\n<p class=\"my-2 [&amp;+p]:mt-4 [&amp;_strong:has(+br)]:inline-block [&amp;_strong:has(+br)]:pb-2\">CBD Vital Kl\u00e4rende Unreine Haut ist eine durchdachte Option, wenn du klare Inhaltsstoff-Logik, angenehme Textur und eine seri\u00f6se <strong><a href=\"https:\/\/green.one\/product\/cosmetics\/\">Pflege<\/a><\/strong> f\u00fcr unreine Haut m\u00f6chtest.<\/p>\n<p class=\"my-2 [&amp;+p]:mt-4 [&amp;_strong:has(+br)]:inline-block [&amp;_strong:has(+br)]:pb-2\"><strong>Rechtlicher Hinweis:<\/strong> <em>Dieses Produkt ist kein Arzneimittel. Es ersetzt keine ausgewogene und abwechslungsreiche Ern\u00e4hrung und keinen gesunden Lebensstil. Bei Schwangerschaft, Stillzeit oder wenn du Medikamente einnimmst, konsultiere vor der Verwendung deinen Arzt.<\/em><\/p>\n","protected":false},"excerpt":{"rendered":"<p class=\"my-2 [&amp;+p]:mt-4 [&amp;_strong:has(+br)]:inline-block [&amp;_strong:has(+br)]:pb-2\"><strong>CBD Vital Kl\u00e4rende Unreine Haut<\/strong> ist eine kl\u00e4rende, mattierende CBD-Gesichtscreme f\u00fcr gereizte, \u00f6lige und unreine Haut (Inhalt: 50 ml) und wird als vegan sowie hypoallergen beschrieben.<\/p>\n<p class=\"my-2 [&amp;+p]:mt-4 [&amp;_strong:has(+br)]:inline-block [&amp;_strong:has(+br)]:pb-2\">Die Formel enth\u00e4lt CBD sowie Aloe Vera und Hyalurons\u00e4ure; au\u00dferdem werden u. a. Heckenrosensamen-Extrakt und Lavendel\u00f6l genannt. Anwendung: 2\u20133 Mal t\u00e4glich oder bei Bedarf auftragen.<\/p>\n","protected":false},"featured_media":10252,"comment_status":"open","ping_status":"closed","template":"","meta":{"_trash_the_other_posts":false,"editor_notices":[]},"product_brand":[165],"product_cat":[157,271],"product_tag":[190,191,192,193,253,314],"class_list":{"0":"post-10125","1":"product","2":"type-product","3":"status-publish","4":"has-post-thumbnail","6":"product_brand-cbd-vital","7":"product_cat-kosmetik","8":"product_cat-gesichtspflege","9":"product_tag-creme","10":"product_tag-hand","11":"product_tag-haut","12":"product_tag-vital","13":"product_tag-cbd","14":"product_tag-gesichtspflege","16":"first","17":"instock","18":"sale","19":"taxable","20":"shipping-taxable","21":"purchasable","22":"product-type-simple"},"_links":{"self":[{"href":"https:\/\/green.one\/de\/wp-json\/wp\/v2\/product\/10125","targetHints":{"allow":["GET"]}}],"collection":[{"href":"https:\/\/green.one\/de\/wp-json\/wp\/v2\/product"}],"about":[{"href":"https:\/\/green.one\/de\/wp-json\/wp\/v2\/types\/product"}],"replies":[{"embeddable":true,"href":"https:\/\/green.one\/de\/wp-json\/wp\/v2\/comments?post=10125"}],"wp:featuredmedia":[{"embeddable":true,"href":"https:\/\/green.one\/de\/wp-json\/wp\/v2\/media\/10252"}],"wp:attachment":[{"href":"https:\/\/green.one\/de\/wp-json\/wp\/v2\/media?parent=10125"}],"wp:term":[{"taxonomy":"product_brand","embeddable":true,"href":"https:\/\/green.one\/de\/wp-json\/wp\/v2\/product_brand?post=10125"},{"taxonomy":"product_cat","embeddable":true,"href":"https:\/\/green.one\/de\/wp-json\/wp\/v2\/product_cat?post=10125"},{"taxonomy":"product_tag","embeddable":true,"href":"https:\/\/green.one\/de\/wp-json\/wp\/v2\/product_tag?post=10125"}],"curies":[{"name":"wp","href":"https:\/\/api.w.org\/{rel}","templated":true}]}}