{"id":10146,"date":"2025-09-20T23:10:49","date_gmt":"2025-09-20T21:10:49","guid":{"rendered":"https:\/\/green.one\/?post_type=product&#038;p=10146"},"modified":"2026-03-28T13:25:06","modified_gmt":"2026-03-28T11:25:06","slug":"cbd-vital-vet-cbd-oel-haustiere","status":"publish","type":"product","link":"https:\/\/green.one\/de\/shop\/cbd-vital-vet-cbd-oel-haustiere\/","title":{"rendered":"CBD Vital VET CBD \u00d6l Haustiere"},"content":{"rendered":"<h6 class=\"font-editorial first:mt-xs mb-2 mt-4 [.has-inline-images_&amp;]:clear-end font-bold text-lg leading-[1.5em] lg:text-xl\" style=\"text-align: left\">CBD Vital VET CBD \u00d6l Haustiere:\u00a0<strong>Sanfte<\/strong>\u00a0Premium-Pflege f\u00fcr kleine Begleiter<\/h6>\n<p class=\"my-2 [&amp;+p]:mt-4 [&amp;_strong:has(+br)]:inline-block [&amp;_strong:has(+br)]:pb-2\">Kleine Haustiere brauchen oft besonders gut vertr\u00e4gliche Pflegeprodukte \u2013 vor allem, wenn du Wert auf ein mildes, klares Profil legst.<\/p>\n<p class=\"my-2 [&amp;+p]:mt-4 [&amp;_strong:has(+br)]:inline-block [&amp;_strong:has(+br)]:pb-2\">CBD Vital VET <a href=\"https:\/\/green.one\/de\/\"><strong>CBD \u00d6l<\/strong><\/a> Haustiere ist daf\u00fcr als terpenfreies<strong> CBD<\/strong>-reiches Hanf\u00f6l konzipiert und richtet sich ausdr\u00fccklich an kleinere Tiere wie Katzen und kleine Hunde (in deiner Vorlage auch: Hamster).<\/p>\n<h6 id=\"terpenfrei--ein-entscheidender-vorteil\" class=\"mb-2 mt-4 [.has-inline-images_&amp;]:clear-end font-editorial font-bold text-lg first:mt-0 md:text-lg [hr+&amp;]:mt-4\">Terpenfrei \u2013 ein entscheidender Vorteil<\/h6>\n<p class=\"my-2 [&amp;+p]:mt-4 [&amp;_strong:has(+br)]:inline-block [&amp;_strong:has(+br)]:pb-2\">Ein zentraler Punkt bei CBD-\u00d6len f\u00fcr Tiere ist die Vertr\u00e4glichkeit: Bei CBD VITAL wird f\u00fcr die <a href=\"https:\/\/green.one\/de\/produkt\/cbd-fuer-haustiere\/\"><strong>VET-Linie<\/strong><\/a> betont, dass Terpene herausgefiltert werden, weil bestimmte Terpene f\u00fcr <strong><a href=\"https:\/\/green.one\/product\/pets\/\">Tiere<\/a><\/strong> (besonders Katzen) ungeeignet sein k\u00f6nnen bzw. schlechter verstoffwechselt werden.<\/p>\n<p class=\"my-2 [&amp;+p]:mt-4 [&amp;_strong:has(+br)]:inline-block [&amp;_strong:has(+br)]:pb-2\">Genau deshalb ist CBD Vital VET CBD \u00d6l Haustiere eine interessante Wahl, wenn du ein bewusst \u201emildes\u201c Produkt ohne Terpene suchst.<\/p>\n<h6 id=\"premium-extrakt-ohne-unntige-zustze\" class=\"mb-2 mt-4 [.has-inline-images_&amp;]:clear-end font-editorial font-bold text-lg first:mt-0 md:text-lg [hr+&amp;]:mt-4\">Premium-Extrakt ohne unn\u00f6tige Zus\u00e4tze<\/h6>\n<p class=\"my-2 [&amp;+p]:mt-4 [&amp;_strong:has(+br)]:inline-block [&amp;_strong:has(+br)]:pb-2\">Beim VET CBD 5 Extrakt Premium wird es als terpenfreies Tierpflegeprodukt beschrieben und unter anderem mit Breitspektrum-CBD, 500 mg CBD pro 10 ml sowie Bio-Hanfsamen\u00f6l aufgef\u00fchrt.<\/p>\n<p class=\"my-2 [&amp;+p]:mt-4 [&amp;_strong:has(+br)]:inline-block [&amp;_strong:has(+br)]:pb-2\">Zudem werden Eigenschaften wie \u201eohne Aromastoffe\u201c, \u201eohne Konservierungsstoffe\u201c und \u201eterpenfrei\u201c genannt. F\u00fcr CBD Vital <strong><a href=\"https:\/\/green.one\/product\/pets\/\">VET<\/a><\/strong> CBD \u00d6l Haustiere bedeutet das: Fokus auf ein simples, reduziertes Profil \u2013 ohne \u201eDuft-Overload\u201c und ohne \u00fcberladene Zutatenliste.<span class=\"inline-flex\" aria-label=\"VET CBD 5 Extrakt Premium\" data-state=\"closed\">\u200b<\/span><\/p>\n<h6 id=\"einfach-in-die-routine-integrierbar\" class=\"mb-2 mt-4 [.has-inline-images_&amp;]:clear-end font-editorial font-bold text-lg first:mt-0 md:text-lg [hr+&amp;]:mt-4\">Einfach in die Routine integrierbar<\/h6>\n<p class=\"my-2 [&amp;+p]:mt-4 [&amp;_strong:has(+br)]:inline-block [&amp;_strong:has(+br)]:pb-2\">\u00d6le in Tropfenform sind beliebt, weil sie sich unkompliziert dosieren und in den Alltag einbauen lassen.<\/p>\n<p class=\"my-2 [&amp;+p]:mt-4 [&amp;_strong:has(+br)]:inline-block [&amp;_strong:has(+br)]:pb-2\">Als Orientierung wird f\u00fcr kleine <a href=\"https:\/\/green.one\/product\/pets\/\"><strong>Hunde<\/strong> <\/a>oder <strong><a href=\"https:\/\/green.one\/product\/pets\/\">Katzen<\/a><\/strong> (5\u201315 kg) eine Spanne von 1\u20134 Tropfen genannt, die zur Pflege ins Futter gemischt, direkt ins Maul gegeben oder auf ein Leckerli getropft werden k\u00f6nnen; au\u00dferdem wird empfohlen, niedrig zu beginnen und bei Bedarf zu erh\u00f6hen.<\/p>\n<p class=\"my-2 [&amp;+p]:mt-4 [&amp;_strong:has(+br)]:inline-block [&amp;_strong:has(+br)]:pb-2\">Wenn du CBD Vital VET CBD \u00d6l Haustiere in deiner Routine nutzt, ist eine ruhige, schrittweise Herangehensweise oft der sinnvollste Weg.<span class=\"inline-flex\" aria-label=\"CBD VITAL VET CBD Extrakt Premium 5, 10 ml\" data-state=\"closed\">\u200b<\/span><\/p>\n<p class=\"my-2 [&amp;+p]:mt-4 [&amp;_strong:has(+br)]:inline-block [&amp;_strong:has(+br)]:pb-2\"><strong>Rechtlicher Hinweis:<\/strong> <em>Dieses Produkt ist kein Arzneimittel. Es ersetzt keine ausgewogene und abwechslungsreiche Ern\u00e4hrung und keinen gesunden Lebensstil. Bei Schwangerschaft, Stillzeit oder wenn du Medikamente einnimmst, konsultiere vor der Verwendung deinen Arzt.<\/em><\/p>\n","protected":false},"excerpt":{"rendered":"<p><strong>CBD Vital VET CBD \u00d6l<\/strong> <strong>Haustiere<\/strong> ist ein terpenfreies Premium-Extrakt f\u00fcr kleine Haustiere wie Katzen und kleine Hunde und wird als sehr gut vertr\u00e4glich beschrieben. Laut Produktangaben enth\u00e4lt es Breitspektrum-CBD mit 500 mg CBD pro 10 ml, basiert auf Bio-Hanfsamen\u00f6l und kommt ohne Aromastoffe sowie ohne Konservierungsstoffe aus.<\/p>\n","protected":false},"featured_media":10268,"comment_status":"open","ping_status":"closed","template":"","meta":{"_trash_the_other_posts":false,"editor_notices":[]},"product_brand":[165],"product_cat":[159,247,248,250],"product_tag":[193,207,217,219,251,301],"class_list":{"0":"post-10146","1":"product","2":"type-product","3":"status-publish","4":"has-post-thumbnail","6":"product_brand-cbd-vital","7":"product_cat-cbd-fuer-haustiere","8":"product_cat-cbd-for-dogs","9":"product_cat-cbd-for-cats","10":"product_cat-cbd-for-hamster","11":"product_tag-vital","12":"product_tag-haustiere","13":"product_tag-katzen","14":"product_tag-hunde","15":"product_tag-hamster","16":"product_tag-oel","18":"first","19":"instock","20":"sale","21":"taxable","22":"shipping-taxable","23":"purchasable","24":"product-type-simple"},"_links":{"self":[{"href":"https:\/\/green.one\/de\/wp-json\/wp\/v2\/product\/10146","targetHints":{"allow":["GET"]}}],"collection":[{"href":"https:\/\/green.one\/de\/wp-json\/wp\/v2\/product"}],"about":[{"href":"https:\/\/green.one\/de\/wp-json\/wp\/v2\/types\/product"}],"replies":[{"embeddable":true,"href":"https:\/\/green.one\/de\/wp-json\/wp\/v2\/comments?post=10146"}],"wp:featuredmedia":[{"embeddable":true,"href":"https:\/\/green.one\/de\/wp-json\/wp\/v2\/media\/10268"}],"wp:attachment":[{"href":"https:\/\/green.one\/de\/wp-json\/wp\/v2\/media?parent=10146"}],"wp:term":[{"taxonomy":"product_brand","embeddable":true,"href":"https:\/\/green.one\/de\/wp-json\/wp\/v2\/product_brand?post=10146"},{"taxonomy":"product_cat","embeddable":true,"href":"https:\/\/green.one\/de\/wp-json\/wp\/v2\/product_cat?post=10146"},{"taxonomy":"product_tag","embeddable":true,"href":"https:\/\/green.one\/de\/wp-json\/wp\/v2\/product_tag?post=10146"}],"curies":[{"name":"wp","href":"https:\/\/api.w.org\/{rel}","templated":true}]}}