{"id":10956,"date":"2024-04-25T11:50:40","date_gmt":"2024-04-25T09:50:40","guid":{"rendered":"https:\/\/green.one\/de\/?post_type=product&#038;p=10956"},"modified":"2026-03-29T22:44:33","modified_gmt":"2026-03-29T20:44:33","slug":"intensive-cbd-vital-bodylotion","status":"publish","type":"product","link":"https:\/\/green.one\/de\/shop\/intensive-cbd-vital-bodylotion\/","title":{"rendered":"Intensive CBD Vital Bodylotion"},"content":{"rendered":"<div>\n<div class=\"relative font-sans text-base text-foreground selection:bg-super\/50 selection:text-foreground dark:selection:bg-super\/10 dark:selection:text-super bg-transparent\">\n<div class=\"min-w-0 break-words [word-break:break-word]\">\n<div id=\"markdown-content-11\" class=\"gap-y-md after:clear-both after:block after:content-['']\" dir=\"auto\" data-cplx-component=\"message-block-answer\">\n<div class=\"has-inline-images my-2 first:mt-0 [&amp;:has([data-inline-type=image])+&amp;:has([data-inline-type=image])_[data-inline-type=image]]:hidden [&amp;:has(table)_[data-inline-type=image]]:hidden\">\n<div class=\"relative\">\n<div class=\"prose dark:prose-invert inline leading-relaxed break-words min-w-0 [word-break:break-word] prose-strong:font-bold [&amp;_&gt;*:first-child]:mt-0 [&amp;_&gt;*:last-child]:mb-0\">\n<h6 id=\"intensive-cbd-vital-bodylotion--intensive-pflege-f\" class=\"font-editorial first:mt-xs mb-2 mt-4 [.has-inline-images_&amp;]:clear-end font-bold text-lg leading-[1.5em] lg:text-xl\" style=\"text-align: left\">Intensive CBD Vital <a href=\"https:\/\/green.one\/de\/produkt\/spezialisiert\/kosmetik\/\">Bodylotion<\/a> \u2013 Intensive Pflege f\u00fcr sensible Haut<\/h6>\n<p class=\"my-2 [&amp;+p]:mt-4 [&amp;_strong:has(+br)]:inline-block [&amp;_strong:has(+br)]:pb-2\">Entdecken Sie luxuri\u00f6se Hautpflege:\u00a0<strong>Intensive CBD Vital Bodylotion<\/strong>\u00a0mit 100 mg aktiviertem CBD verw\u00f6hnt trockene, gereizte Haut. Reichhaltige Formel f\u00fcr langanhaltendes Komfortgef\u00fchl \u2013 perfekt f\u00fcr Ihre t\u00e4gliche <a href=\"https:\/\/green.one\/de\/produkt\/spezialisiert\/kosmetik\/\"><strong>Routine.<\/strong><\/a><\/p>\n<h6 id=\"die-premium-formel-der-intensive-cbd-vital-bodylot\" class=\"mb-2 mt-4 [.has-inline-images_&amp;]:clear-end font-editorial font-bold text-lg first:mt-0 md:text-lg [hr+&amp;]:mt-4\">Die Premium-Formel der Intensive CBD Vital<a href=\"https:\/\/green.one\/de\/produkt\/spezialisiert\/kosmetik\/\"> Bodylotion<\/a><\/h6>\n<p class=\"my-2 [&amp;+p]:mt-4 [&amp;_strong:has(+br)]:inline-block [&amp;_strong:has(+br)]:pb-2\"><strong>Intensive CBD Vital Bodylotion<\/strong>\u00a0kombiniert <a href=\"https:\/\/green.one\/de\/produkt\/cbd-vape\/\"><strong>Cannabidiol<\/strong><\/a> mit wertvollen Bio-Inhaltsstoffen: <a href=\"https:\/\/green.one\/de\/produkt\/cbd\/oel\/\"><strong>Hanfsamen\u00f6l<\/strong><\/a>, Sheabutter, Mandel\u00f6l, Aloe Vera, S\u00fc\u00dfholzextrakt, Dexpanthenol und Vitamin E. Frei von Parabenen, Silikonen, Mineral\u00f6len.<\/p>\n<h6 id=\"natrliche-inhaltsstoffe--cbd-power\" class=\"mb-2 mt-4 [.has-inline-images_&amp;]:clear-end font-editorial font-bold text-base first:mt-0\">Nat\u00fcrliche Inhaltsstoffe &amp; CBD-Power<\/h6>\n<p class=\"my-2 [&amp;+p]:mt-4 [&amp;_strong:has(+br)]:inline-block [&amp;_strong:has(+br)]:pb-2\">Hanfsamen\u00f6l mit Gamma-Linolens\u00e4ure beruhigt, Aloe Vera spendet Feuchtigkeit, Sheabutter st\u00e4rkt die Barriere. Antioxidative <a href=\"https:\/\/green.one\/de\/produkt\/nahrungsergaenzung\/\">Vitamin-E<\/a>-Schutz rundet ab.<\/p>\n<h6 id=\"vorteile-fr-trockene-und-gereizte-haut\" class=\"mb-2 mt-4 [.has-inline-images_&amp;]:clear-end font-editorial font-bold text-lg first:mt-0 md:text-lg [hr+&amp;]:mt-4\">Vorteile f\u00fcr trockene und gereizte Haut<\/h6>\n<p class=\"my-2 [&amp;+p]:mt-4 [&amp;_strong:has(+br)]:inline-block [&amp;_strong:has(+br)]:pb-2\">Die\u00a0<strong>Intensive Bodylotion<\/strong>\u00a0reduziert Hautspannungen, pflegt schuppige Stellen und unterst\u00fctzt sensible Hauttypen. Ideal f\u00fcr Problemhaut \u2013 f\u00fcr geschmeidiges Hautgef\u00fchl.<\/p>\n<h6 id=\"anwendung-in-ihrer-routine\" class=\"mb-2 mt-4 [.has-inline-images_&amp;]:clear-end font-editorial font-bold text-lg first:mt-0 md:text-lg [hr+&amp;]:mt-4\">Anwendung in Ihrer Routine<\/h6>\n<p class=\"my-2 [&amp;+p]:mt-4 [&amp;_strong:has(+br)]:inline-block [&amp;_strong:has(+br)]:pb-2\">Zweimal t\u00e4glich auftragen \u2013 sanft einmassieren. F\u00fcr alle Hauttypen, l\u00e4ngerfristig einsetzbar. 150 ml f\u00fcr ergiebige Pflege.<\/p>\n<h6 id=\"faq\" class=\"mb-2 mt-4 [.has-inline-images_&amp;]:clear-end font-editorial font-bold text-base first:mt-0\">FAQ<\/h6>\n<p class=\"my-2 [&amp;+p]:mt-4 [&amp;_strong:has(+br)]:inline-block [&amp;_strong:has(+br)]:pb-2\"><strong>F\u00fcr welche Haut?<\/strong>\u00a0Trockene, sensible, gereizte Haut.<br \/>\n<strong>Inhaltsstoffe?<\/strong>\u00a0100 mg CBD, Aloe, Sheabutter, Hanf\u00f6l.<br \/>\n<strong>Vegan?<\/strong>\u00a0Ja, frei von Schadstoffen.<br \/>\n<strong>Wie oft?<\/strong>\u00a02x t\u00e4glich auftragen.<\/p>\n<p>green.one\u00ae <a href=\"https:\/\/green.one\/de\/\">CBD \u00d6l Shop<\/a> ist ein deutsches Premium-Online-Gesch\u00e4ft das eine breite Auswahl an hochwertigen CBD-Produkten f\u00fcr ganz Europa anbietet.<\/p>\n<p class=\"my-2 [&amp;+p]:mt-4 [&amp;_strong:has(+br)]:inline-block [&amp;_strong:has(+br)]:pb-2\"><strong>Rechtlicher Hinweis:<\/strong> <em>Dieses Produkt ist kein Arzneimittel. Es ersetzt keine ausgewogene und abwechslungsreiche Ern\u00e4hrung und keinen gesunden Lebensstil. Bei Schwangerschaft, Stillzeit oder wenn du Medikamente einnimmst, konsultiere vor der Verwendung deinen Arzt.<\/em><\/p>\n<\/div>\n<\/div>\n<\/div>\n<\/div>\n<\/div>\n<\/div>\n<\/div>\n","protected":false},"excerpt":{"rendered":"<p class=\"my-2 [&amp;+p]:mt-4 [&amp;_strong:has(+br)]:inline-block [&amp;_strong:has(+br)]:pb-2\"><strong>Intensive CBD Vital Bodylotion \u2013 Luxus f\u00fcr sensible Haut<\/strong><\/p>\n<p class=\"my-2 [&amp;+p]:mt-4 [&amp;_strong:has(+br)]:inline-block [&amp;_strong:has(+br)]:pb-2\">Reichhaltige Pflege mit 100 mg aktiviertem CBD f\u00fcr trockene, gereizte Haut. Bio-Inhaltsstoffe wie Aloe Vera, Sheabutter, Hanfsamen\u00f6l, Mandel\u00f6l, S\u00fc\u00dfholzextrakt, Dexpanthenol und Vitamin E regenerieren und beruhigen.<\/p>\n<p class=\"my-2 [&amp;+p]:mt-4 [&amp;_strong:has(+br)]:inline-block [&amp;_strong:has(+br)]:pb-2\">Frei von Parabenen, Silikonen, Mineral\u00f6len. Reduziert Spannungen, pflegt schuppige Stellen. F\u00fcr alle Hauttypen, 150 ml Tube.<\/p>\n","protected":false},"featured_media":11057,"comment_status":"open","ping_status":"closed","template":"","meta":{"_trash_the_other_posts":false,"editor_notices":[]},"product_brand":[165],"product_cat":[157,272],"product_tag":[193,210,312,317],"class_list":{"0":"post-10956","1":"product","2":"type-product","3":"status-publish","4":"has-post-thumbnail","6":"product_brand-cbd-vital","7":"product_cat-kosmetik","8":"product_cat-koerperpflege","9":"product_tag-vital","10":"product_tag-kosmetik","11":"product_tag-cbd-oel","12":"product_tag-koeperpflege","14":"first","15":"instock","16":"sale","17":"taxable","18":"shipping-taxable","19":"purchasable","20":"product-type-simple"},"_links":{"self":[{"href":"https:\/\/green.one\/de\/wp-json\/wp\/v2\/product\/10956","targetHints":{"allow":["GET"]}}],"collection":[{"href":"https:\/\/green.one\/de\/wp-json\/wp\/v2\/product"}],"about":[{"href":"https:\/\/green.one\/de\/wp-json\/wp\/v2\/types\/product"}],"replies":[{"embeddable":true,"href":"https:\/\/green.one\/de\/wp-json\/wp\/v2\/comments?post=10956"}],"wp:featuredmedia":[{"embeddable":true,"href":"https:\/\/green.one\/de\/wp-json\/wp\/v2\/media\/11057"}],"wp:attachment":[{"href":"https:\/\/green.one\/de\/wp-json\/wp\/v2\/media?parent=10956"}],"wp:term":[{"taxonomy":"product_brand","embeddable":true,"href":"https:\/\/green.one\/de\/wp-json\/wp\/v2\/product_brand?post=10956"},{"taxonomy":"product_cat","embeddable":true,"href":"https:\/\/green.one\/de\/wp-json\/wp\/v2\/product_cat?post=10956"},{"taxonomy":"product_tag","embeddable":true,"href":"https:\/\/green.one\/de\/wp-json\/wp\/v2\/product_tag?post=10956"}],"curies":[{"name":"wp","href":"https:\/\/api.w.org\/{rel}","templated":true}]}}