{"id":10958,"date":"2024-04-25T11:50:23","date_gmt":"2024-04-25T09:50:23","guid":{"rendered":"https:\/\/green.one\/de\/?post_type=product&#038;p=10958"},"modified":"2026-03-29T22:47:38","modified_gmt":"2026-03-29T20:47:38","slug":"cbd-vital-phytoeisen","status":"publish","type":"product","link":"https:\/\/green.one\/de\/shop\/cbd-vital-phytoeisen\/","title":{"rendered":"CBD Vital Phytoeisen"},"content":{"rendered":"<div class=\"relative font-sans text-base text-foreground selection:bg-super\/50 selection:text-foreground dark:selection:bg-super\/10 dark:selection:text-super\">\n<div class=\"min-w-0 break-words [word-break:break-word]\">\n<div id=\"markdown-content-44\" class=\"gap-y-md after:clear-both after:block after:content-['']\" dir=\"auto\" data-cplx-component=\"message-block-answer\">\n<div class=\"has-inline-images my-2 first:mt-0 [&amp;:has([data-inline-type=image])+&amp;:has([data-inline-type=image])_[data-inline-type=image]]:hidden [&amp;:has(table)_[data-inline-type=image]]:hidden\">\n<div class=\"prose dark:prose-invert inline leading-relaxed break-words min-w-0 [word-break:break-word] prose-strong:font-bold [&amp;_&gt;*:first-child]:mt-0 [&amp;_&gt;*:last-child]:mb-0\">\n<h6 id=\"cbd-vital-phytoeisen-rein-pflanzlich-clever-kombin\" class=\"mb-2 mt-4 [.has-inline-images_&amp;]:clear-end font-editorial font-bold text-base first:mt-0\" style=\"text-align: left\">CBD Vital Phytoeisen: Rein pflanzlich, clever kombiniert \u2013 f\u00fcr deine t\u00e4gliche Eisen-Routine<\/h6>\n<p class=\"my-2 [&amp;+p]:mt-4 [&amp;_strong:has(+br)]:inline-block [&amp;_strong:has(+br)]:pb-2\">Wenn du eine\u00a0<strong>einfache<\/strong>\u00a0und konsequente Eisen-<a href=\"https:\/\/green.one\/de\/produkt\/spezialisiert\/kosmetik\/\"><strong>Routine<\/strong><\/a> aufbauen willst, ist CBD Vital Phytoeisen eine spannende, pflanzenbasierte Option.<\/p>\n<p class=\"my-2 [&amp;+p]:mt-4 [&amp;_strong:has(+br)]:inline-block [&amp;_strong:has(+br)]:pb-2\">CBD VITAL beschreibt das Produkt als \u201erein pflanzliches Eisen\u201c aus Curryblatt, kombiniert mit nat\u00fcrlichem <a href=\"https:\/\/green.one\/de\/produkt\/nahrungsergaenzung\/\">Vitamin C<\/a> aus Hagebutte, um die Eisenaufnahme zu verst\u00e4rken. Bei green.one <a href=\"https:\/\/green.one\/de\/\">CBD Oel Shop<\/a> findest du passende Produkte f\u00fcr einen bewussten <a href=\"https:\/\/green.one\/de\/produkt\/nahrungsergaenzung\/\"><strong>Lifestyle<\/strong><\/a> \u2013 bequem online bestellen und ohne Umwege in deinen Alltag integrieren.<span class=\"inline-flex\" aria-label=\"Home | Green.one\u00ae Premium CBD\" data-state=\"closed\">\u200b<\/span><\/p>\n<h6 id=\"warum-viele-eine-klare-eisen-routine-brauchen\" class=\"mb-2 mt-4 [.has-inline-images_&amp;]:clear-end font-editorial font-bold text-base first:mt-0\">Warum viele eine klare Eisen-Routine brauchen<\/h6>\n<p class=\"my-2 [&amp;+p]:mt-4 [&amp;_strong:has(+br)]:inline-block [&amp;_strong:has(+br)]:pb-2\"><a href=\"https:\/\/green.one\/de\/produkt\/cbd\/oel\/\">CBD<\/a> VITAL erkl\u00e4rt, dass Eisen im Organismus an vielen Stoffwechselvorg\u00e4ngen beteiligt ist und dass Personen mit erh\u00f6htem Eisenbedarf (z. B. Frauen durch Menstruation, Schwangerschaft\/Stillzeit sowie Sportler) eine zus\u00e4tzliche Supplementierung in Betracht ziehen k\u00f6nnen.<\/p>\n<p class=\"my-2 [&amp;+p]:mt-4 [&amp;_strong:has(+br)]:inline-block [&amp;_strong:has(+br)]:pb-2\">In der Beschreibung wird au\u00dferdem darauf hingewiesen, dass die Eisenresorption aus Lebensmitteln durch gerbstoff-haltige Lebensmittel wie Kaffee oder Tee beeintr\u00e4chtigt werden kann.<\/p>\n<p class=\"my-2 [&amp;+p]:mt-4 [&amp;_strong:has(+br)]:inline-block [&amp;_strong:has(+br)]:pb-2\">Genau deshalb ist eine gut geplante Routine oft hilfreicher als sporadisches \u201emal daran denken\u201c.<\/p>\n<h6 id=\"was-cbd-vital-phytoeisen-besonders-macht\" class=\"mb-2 mt-4 [.has-inline-images_&amp;]:clear-end font-editorial font-bold text-base first:mt-0\">Was CBD Vital Phytoeisen besonders macht<\/h6>\n<p class=\"my-2 [&amp;+p]:mt-4 [&amp;_strong:has(+br)]:inline-block [&amp;_strong:has(+br)]:pb-2\">CBD VITAL nennt als Vorteile u. a. \u201ef\u00fcr die t\u00e4gliche Eisen-Versorgung\u201c, \u201erein pflanzliches Eisen bei veganer oder vegetarischer Ern\u00e4hrung\u201c sowie \u201eoptimal abgestimmt \u2013 mit Vitamin C aus der Hagebutte\u201c. Als Produkteigenschaften werden Pulverkapseln, 60 Kapseln pro Packung sowie glutenfrei, laktosefrei und fruktosefrei aufgef\u00fchrt.<\/p>\n<p class=\"my-2 [&amp;+p]:mt-4 [&amp;_strong:has(+br)]:inline-block [&amp;_strong:has(+br)]:pb-2\">Zus\u00e4tzlich listet CBD VITAL den \u201egesundheitlichen Nutzen der Inhaltsstoffe\u201c mit zugelassenen N\u00e4hrstoff-Funktionen, z. B. dass Eisen und Vitamin C zu einem normalen Energiestoffwechsel beitragen und Vitamin C die Eisenaufnahme erh\u00f6ht.<\/p>\n<h6 id=\"so-integrierst-du-cbd-vital-phytoeisen-stupid-simp\" class=\"mb-2 mt-4 [.has-inline-images_&amp;]:clear-end font-editorial font-bold text-base first:mt-0\">So integrierst du CBD Vital Phytoeisen \u201estupid-simple\u201c in deinen Alltag<\/h6>\n<p class=\"my-2 [&amp;+p]:mt-4 [&amp;_strong:has(+br)]:inline-block [&amp;_strong:has(+br)]:pb-2\">Baue dir ein System, das wirklich h\u00e4lt: fester Zeitpunkt, gleiche Routine, keine Ausreden. Nimm CBD Vital Phytoeisen zum Beispiel t\u00e4glich zur gleichen Zeit und achte darauf, Kaffee oder Tee nicht direkt rund um die Einnahme zu planen, wenn du deine Aufnahme nicht unn\u00f6tig erschweren willst.<\/p>\n<p class=\"my-2 [&amp;+p]:mt-4 [&amp;_strong:has(+br)]:inline-block [&amp;_strong:has(+br)]:pb-2\">Kombiniere das mit Basics wie ausgewogener Ern\u00e4hrung, ausreichend Schlaf und regelm\u00e4\u00dfiger Bewegung \u2013 so wird aus einer Kapsel-Routine ein nachhaltiges Lifestyle-Upgrade.<span class=\"inline-flex\" aria-label=\"Your &quot;Power Words&quot; list is not even accurate - Support - Rank Math\" data-state=\"closed\">\u200b<\/span><\/p>\n<\/div>\n<\/div>\n<\/div>\n<\/div>\n<\/div>\n<p><strong>Zutaten: <\/strong>Curryblattextrakt (Murraya Koenigii; 3% Eisen), Trennmittel: Calciumcarbonat, \u00dcberzugsmittel: Hydroxypropylmethylcellulose (pflanzliche Kapselh\u00fclle), Hagebuttenfrucht-Extrakt 50:1 (Rosa canina, 45 % <a href=\"https:\/\/green.one\/de\/produkt\/nahrungsergaenzung\/\">Vitamin C<\/a>).<\/p>\n<p>Fruktosefrei | Glutenfrei | Laktosefrei | Vegan<\/p>\n<p>green.one\u00ae <a href=\"https:\/\/green.one\/de\/\">CBD \u00d6l Shop<\/a> ist ein deutsches Premium-Online-Gesch\u00e4ft das eine breite Auswahl an hochwertigen CBD-Produkten f\u00fcr ganz Europa anbietet.<\/p>\n<p><strong>Rechtlicher Hinweis:<\/strong> <em>Dieses Produkt ist kein Arzneimittel. Es ersetzt keine ausgewogene und abwechslungsreiche Ern\u00e4hrung und keinen gesunden Lebensstil. Bei Schwangerschaft, Stillzeit oder wenn du Medikamente einnimmst, konsultiere vor der Verwendung deinen Arzt.<\/em><\/p>\n<table>\n<tbody>\n<tr>\n<td>Menge<\/td>\n<td>60 stk<\/td>\n<\/tr>\n<\/tbody>\n<\/table>\n","protected":false},"excerpt":{"rendered":"<p><strong>CBD Vital Phytoeisen<\/strong> ist ein Nahrungserg\u00e4nzungsmittel mit rein pflanzlichem Eisen aus Curryblatt, kombiniert mit nat\u00fcrlichem Vitamin C aus Hagebutte zur Unterst\u00fctzung der Eisenaufnahme.<\/p>\n<p>Laut Hersteller ist es f\u00fcr die t\u00e4gliche Eisen-Versorgung konzipiert, insbesondere bei erh\u00f6htem Bedarf (z. B. Wachstum, Sport, Menstruation, Schwangerschaft, Stillzeit). Es kommt als Pulverkapsel (60 Kapseln) und ist fruktosefrei, glutenfrei und laktosefrei.<\/p>\n","protected":false},"featured_media":11039,"comment_status":"open","ping_status":"closed","template":"","meta":{"_trash_the_other_posts":false,"editor_notices":[]},"product_brand":[165],"product_cat":[328],"product_tag":[294,295,329],"class_list":{"0":"post-10958","1":"product","2":"type-product","3":"status-publish","4":"has-post-thumbnail","6":"product_brand-cbd-vital","7":"product_cat-nahrungsergaenzung","8":"product_tag-kapsel","9":"product_tag-nahrungsergaenzungsmittel","10":"product_tag-cbd-vital","12":"first","13":"instock","14":"sale","15":"taxable","16":"shipping-taxable","17":"purchasable","18":"product-type-simple"},"_links":{"self":[{"href":"https:\/\/green.one\/de\/wp-json\/wp\/v2\/product\/10958","targetHints":{"allow":["GET"]}}],"collection":[{"href":"https:\/\/green.one\/de\/wp-json\/wp\/v2\/product"}],"about":[{"href":"https:\/\/green.one\/de\/wp-json\/wp\/v2\/types\/product"}],"replies":[{"embeddable":true,"href":"https:\/\/green.one\/de\/wp-json\/wp\/v2\/comments?post=10958"}],"wp:featuredmedia":[{"embeddable":true,"href":"https:\/\/green.one\/de\/wp-json\/wp\/v2\/media\/11039"}],"wp:attachment":[{"href":"https:\/\/green.one\/de\/wp-json\/wp\/v2\/media?parent=10958"}],"wp:term":[{"taxonomy":"product_brand","embeddable":true,"href":"https:\/\/green.one\/de\/wp-json\/wp\/v2\/product_brand?post=10958"},{"taxonomy":"product_cat","embeddable":true,"href":"https:\/\/green.one\/de\/wp-json\/wp\/v2\/product_cat?post=10958"},{"taxonomy":"product_tag","embeddable":true,"href":"https:\/\/green.one\/de\/wp-json\/wp\/v2\/product_tag?post=10958"}],"curies":[{"name":"wp","href":"https:\/\/api.w.org\/{rel}","templated":true}]}}