{"id":10965,"date":"2024-04-25T11:52:31","date_gmt":"2024-04-25T09:52:31","guid":{"rendered":"https:\/\/green.one\/de\/?post_type=product&#038;p=10965"},"modified":"2026-03-29T22:27:54","modified_gmt":"2026-03-29T20:27:54","slug":"cbd-vital-weihrauch","status":"publish","type":"product","link":"https:\/\/green.one\/de\/shop\/cbd-vital-weihrauch\/","title":{"rendered":"CBD Vital Weihrauch"},"content":{"rendered":"<h6 id=\"cbd-vital-weihrauch-die-bewhrte-wohlfhl-routine-fr\" class=\"mb-2 mt-4 [.has-inline-images_&amp;]:clear-end font-editorial font-bold text-base first:mt-0\" style=\"text-align: left\">CBD Vital Weihrauch: Die bew\u00e4hrte Wohlf\u00fchl-Routine f\u00fcr jeden Tag<\/h6>\n<p class=\"my-2 [&amp;+p]:mt-4 [&amp;_strong:has(+br)]:inline-block [&amp;_strong:has(+br)]:pb-2\">Du suchst eine\u00a0<strong>einfache<\/strong>\u00a0M\u00f6glichkeit, deine t\u00e4gliche Selbstf\u00fcrsorge konsequent aufzubauen? Dann ist CBD Vital Weihrauch eine spannende Erg\u00e4nzung f\u00fcr alle, die pflanzenbasierte <a href=\"https:\/\/green.one\/de\/produkt\/cbd-vape\/\"><strong>Produkte<\/strong><\/a> lieben und einen bewussten<a href=\"https:\/\/green.one\/de\/produkt\/spezialisiert\/kosmetik\/\"><strong> Lifestyle<\/strong><\/a> verfolgen.<\/p>\n<p class=\"my-2 [&amp;+p]:mt-4 [&amp;_strong:has(+br)]:inline-block [&amp;_strong:has(+br)]:pb-2\">Bei green.one findest du passende Produkte f\u00fcr einen gr\u00fcnen Alltag \u2013 \u00fcbersichtlich, bequem online und ohne Umwege bestellbar.<\/p>\n<h6 id=\"warum-weihrauch-in-vielen-routinen-so-beliebt-ist\" class=\"mb-2 mt-4 [.has-inline-images_&amp;]:clear-end font-editorial font-bold text-base first:mt-0\">Warum Weihrauch in vielen Routinen so beliebt ist<\/h6>\n<p>Indischer Weihrauch (Boswellia serrata) wird schon seit \u00fcber 5000 Jahren in Indien und seit der Antike in Europa zu medizinischen Zwecken verwendet.<\/p>\n<p>Die Kraft des Balsambaumgew\u00e4chses wird beispielsweise in der indischen Ayurvedamedizin erfolgreich eingesetzt. Als Sonnenpflanze bringt Weihrauch W\u00e4rme in den K\u00f6rper und Freude in die Seele. Pro Jahr kann ein solcher bis zu 6 Meter hohe Weihrauchbaum 3 bis 7 Kilogramm Harz liefern und bei schonender Behandlung \u00fcber Jahrhunderte lang abgeerntet werden.<\/p>\n<p>Auch R\u00e4ucherrituale mit dem edlen Baumharz erfreuen sich gro\u00dfer Beliebtheit.<\/p>\n<p class=\"my-2 [&amp;+p]:mt-4 [&amp;_strong:has(+br)]:inline-block [&amp;_strong:has(+br)]:pb-2\">Weihrauch ist seit Langem bekannt und wird von vielen Menschen in ihre t\u00e4gliche Routine integriert, weil er sich unkompliziert einbauen l\u00e4sst.<\/p>\n<p class=\"my-2 [&amp;+p]:mt-4 [&amp;_strong:has(+br)]:inline-block [&amp;_strong:has(+br)]:pb-2\">Der gr\u00f6\u00dfte Vorteil ist oft nicht \u201emehr\u201c, sondern weniger Aufwand: ein klares Ritual, das du wirklich beibeh\u00e4ltst.\u00a0 Weihrauch passt genau in diese Logik \u2013 f\u00fcr alle, die statt st\u00e4ndigem Wechsel auf Best\u00e4ndigkeit setzen wollen.<\/p>\n<h6 id=\"das-macht-cbd-vital-weihrauch-bei-greenone-besonde\" class=\"mb-2 mt-4 [.has-inline-images_&amp;]:clear-end font-editorial font-bold text-base first:mt-0\">Das macht CBD Vital Weihrauch bei green.one <a href=\"https:\/\/green.one\/de\/\">CBD Oel Shop<\/a> besonders attraktiv<\/h6>\n<p class=\"my-2 [&amp;+p]:mt-4 [&amp;_strong:has(+br)]:inline-block [&amp;_strong:has(+br)]:pb-2\">Wenn du online kaufst, willst du Klarheit, Komfort und ein gutes Gef\u00fchl bei der Auswahl. CBD Weihrauch ist vor allem dann interessant, wenn dir diese Punkte wichtig sind:<\/p>\n<ul class=\"marker:text-quiet list-disc\">\n<li class=\"py-0 my-0 prose-p:pt-0 prose-p:mb-2 prose-p:my-0 [&amp;&gt;p]:pt-0 [&amp;&gt;p]:mb-2 [&amp;&gt;p]:my-0\">\n<p class=\"my-2 [&amp;+p]:mt-4 [&amp;_strong:has(+br)]:inline-block [&amp;_strong:has(+br)]:pb-2\">Unkomplizierte Anwendung, ideal f\u00fcr einen festen Zeitpunkt am Tag.<\/p>\n<\/li>\n<li class=\"py-0 my-0 prose-p:pt-0 prose-p:mb-2 prose-p:my-0 [&amp;&gt;p]:pt-0 [&amp;&gt;p]:mb-2 [&amp;&gt;p]:my-0\">\n<p class=\"my-2 [&amp;+p]:mt-4 [&amp;_strong:has(+br)]:inline-block [&amp;_strong:has(+br)]:pb-2\">Bewusste Wahl f\u00fcr Menschen mit Green-Mindset und Qualit\u00e4tsanspruch.<\/p>\n<\/li>\n<li class=\"py-0 my-0 prose-p:pt-0 prose-p:mb-2 prose-p:my-0 [&amp;&gt;p]:pt-0 [&amp;&gt;p]:mb-2 [&amp;&gt;p]:my-0\">\n<p class=\"my-2 [&amp;+p]:mt-4 [&amp;_strong:has(+br)]:inline-block [&amp;_strong:has(+br)]:pb-2\">Sinnvoll als Baustein neben ausgewogener Ern\u00e4hrung, Bewegung und Erholung.<\/p>\n<\/li>\n<\/ul>\n<p class=\"my-2 [&amp;+p]:mt-4 [&amp;_strong:has(+br)]:inline-block [&amp;_strong:has(+br)]:pb-2\">So entsteht eine Routine, die sich nicht nach \u201eProjekt\u201c anf\u00fchlt, sondern einfach funktioniert.<\/p>\n<h6 id=\"so-nutzt-du-cbd-vital-weihrauch-stupid-simple\" class=\"mb-2 mt-4 [.has-inline-images_&amp;]:clear-end font-editorial font-bold text-base first:mt-0\">So nutzt du CBD Vital Weihrauch \u201estupid-simple\u201c<\/h6>\n<p class=\"my-2 [&amp;+p]:mt-4 [&amp;_strong:has(+br)]:inline-block [&amp;_strong:has(+br)]:pb-2\">Lege einen festen Zeitpunkt fest \u2013 zum Beispiel morgens nach dem Fr\u00fchst\u00fcck oder abends als Teil deiner Wind-down-Routine.<\/p>\n<p class=\"my-2 [&amp;+p]:mt-4 [&amp;_strong:has(+br)]:inline-block [&amp;_strong:has(+br)]:pb-2\">Kombiniere CBD Vital Weihrauch mit drei Basics, die sofort umsetzbar sind: ausreichend trinken, t\u00e4glich 20\u201330 Minuten Bewegung und eine kurze Offline-Zeit am Abend. Dieses System ist simpel, aber oft \u00fcberraschend effektiv, weil du es wirklich wiederholen kannst.<\/p>\n<h6 id=\"jetzt-entdecken-cbd-vital-weihrauch-online-bei-gre\" class=\"mb-2 mt-4 [.has-inline-images_&amp;]:clear-end font-editorial font-bold text-base first:mt-0\">Jetzt entdecken: CBD Weihrauch online bei green.one <a href=\"https:\/\/green.one\/de\/\">CBD Oel Shop<\/a><\/h6>\n<p class=\"my-2 [&amp;+p]:mt-4 [&amp;_strong:has(+br)]:inline-block [&amp;_strong:has(+br)]:pb-2\">Wenn du heute starten willst statt \u201eirgendwann\u201c, ist CBD\u00a0 Weihrauch ein \u00fcberzeugender Schritt zu mehr Struktur in deiner Selbstf\u00fcrsorge.<\/p>\n<p class=\"my-2 [&amp;+p]:mt-4 [&amp;_strong:has(+br)]:inline-block [&amp;_strong:has(+br)]:pb-2\">Bestelle bei green.one bequem online und mach deine Routine konsequent \u2013 klar, praktisch und alltagstauglich. CBD Weihrauch hilft dir dabei, dranzubleiben, ohne deinen Tag komplizierter zu machen.<\/p>\n<p><strong>Zutaten:<\/strong> Weihrauch-Extrakt (Boswellia serrata), Hydroxypropylmethylcellulose (Kapselh\u00fclle)<\/p>\n<p class=\"my-2 [&amp;+p]:mt-4 [&amp;_strong:has(+br)]:inline-block [&amp;_strong:has(+br)]:pb-2\"><strong>Rechtlicher Hinweis:<\/strong> <em>Dieses Produkt ist kein Arzneimittel. Es ersetzt keine ausgewogene und abwechslungsreiche Ern\u00e4hrung und keinen gesunden Lebensstil. Bei Schwangerschaft, Stillzeit oder wenn du Medikamente einnimmst, konsultiere vor der Verwendung deinen Arzt.<\/em><\/p>\n<p>&nbsp;<\/p>\n","protected":false},"excerpt":{"rendered":"<p><strong>CBD Vital Weihrauch<\/strong> ist eine praktische Erg\u00e4nzung f\u00fcr deine t\u00e4gliche Wohlf\u00fchl-Routine, wenn du bewusst leben und pflanzenbasierte Produkte in deinen Alltag integrieren m\u00f6chtest.<\/p>\n<p>Die Anwendung ist unkompliziert und passt ideal zu einem aktiven Lebensstil mit ausgewogener Ern\u00e4hrung, Bewegung und Erholung. Entdecke CBD Vital Weihrauch bei green.one und bring mehr Struktur und Konstanz in deinen Tag.<\/p>\n","protected":false},"featured_media":11040,"comment_status":"open","ping_status":"closed","template":"","meta":{"_trash_the_other_posts":false,"editor_notices":[]},"product_brand":[165],"product_cat":[328],"product_tag":[294,295,329],"class_list":{"0":"post-10965","1":"product","2":"type-product","3":"status-publish","4":"has-post-thumbnail","6":"product_brand-cbd-vital","7":"product_cat-nahrungsergaenzung","8":"product_tag-kapsel","9":"product_tag-nahrungsergaenzungsmittel","10":"product_tag-cbd-vital","12":"first","13":"instock","14":"sale","15":"taxable","16":"shipping-taxable","17":"purchasable","18":"product-type-simple"},"_links":{"self":[{"href":"https:\/\/green.one\/de\/wp-json\/wp\/v2\/product\/10965","targetHints":{"allow":["GET"]}}],"collection":[{"href":"https:\/\/green.one\/de\/wp-json\/wp\/v2\/product"}],"about":[{"href":"https:\/\/green.one\/de\/wp-json\/wp\/v2\/types\/product"}],"replies":[{"embeddable":true,"href":"https:\/\/green.one\/de\/wp-json\/wp\/v2\/comments?post=10965"}],"wp:featuredmedia":[{"embeddable":true,"href":"https:\/\/green.one\/de\/wp-json\/wp\/v2\/media\/11040"}],"wp:attachment":[{"href":"https:\/\/green.one\/de\/wp-json\/wp\/v2\/media?parent=10965"}],"wp:term":[{"taxonomy":"product_brand","embeddable":true,"href":"https:\/\/green.one\/de\/wp-json\/wp\/v2\/product_brand?post=10965"},{"taxonomy":"product_cat","embeddable":true,"href":"https:\/\/green.one\/de\/wp-json\/wp\/v2\/product_cat?post=10965"},{"taxonomy":"product_tag","embeddable":true,"href":"https:\/\/green.one\/de\/wp-json\/wp\/v2\/product_tag?post=10965"}],"curies":[{"name":"wp","href":"https:\/\/api.w.org\/{rel}","templated":true}]}}