{"id":10967,"date":"2024-04-25T11:52:24","date_gmt":"2024-04-25T09:52:24","guid":{"rendered":"https:\/\/green.one\/de\/?post_type=product&#038;p=10967"},"modified":"2026-03-29T22:33:46","modified_gmt":"2026-03-29T20:33:46","slug":"cbd-vital-gesichtscreme-trockene-haut","status":"publish","type":"product","link":"https:\/\/green.one\/de\/shop\/cbd-vital-gesichtscreme-trockene-haut\/","title":{"rendered":"CBD Vital Gesichtscreme Trockene Haut"},"content":{"rendered":"<div>\n<div class=\"relative font-sans text-base text-foreground selection:bg-super\/50 selection:text-foreground dark:selection:bg-super\/10 dark:selection:text-super bg-transparent\">\n<div class=\"min-w-0 break-words [word-break:break-word]\">\n<div id=\"markdown-content-13\" class=\"gap-y-md after:clear-both after:block after:content-['']\" dir=\"auto\" data-cplx-component=\"message-block-answer\">\n<div class=\"has-inline-images my-2 first:mt-0 [&amp;:has([data-inline-type=image])+&amp;:has([data-inline-type=image])_[data-inline-type=image]]:hidden [&amp;:has(table)_[data-inline-type=image]]:hidden\">\n<div class=\"relative\">\n<div class=\"prose dark:prose-invert inline leading-relaxed break-words min-w-0 [word-break:break-word] prose-strong:font-bold [&amp;_&gt;*:first-child]:mt-0 [&amp;_&gt;*:last-child]:mb-0\">\n<h6 id=\"cbd-gesichtscreme-trockene-haut--revitalisierende\" class=\"font-editorial first:mt-xs mb-2 mt-4 [.has-inline-images_&amp;]:clear-end font-bold text-lg leading-[1.5em] lg:text-xl\" style=\"text-align: left\">CBD Vital <a href=\"https:\/\/green.one\/de\/produkt\/spezialisiert\/kosmetik\/\">Gesichtscreme<\/a> Trockene Haut \u2013 Revitalisierende Premium-Pflege<\/h6>\n<p class=\"my-2 [&amp;+p]:mt-4 [&amp;_strong:has(+br)]:inline-block [&amp;_strong:has(+br)]:pb-2\">Strahlende Haut trotz Trockenheit:\u00a0<strong>CBD Vital Gesichtscreme Trockene Haut<\/strong>\u00a0mit 150 mg CBD revitalisiert sensible, beanspruchte Gesichtshaut. Reichhaltige Feuchtigkeit und nat\u00fcrliche <a href=\"https:\/\/green.one\/de\/\"><strong>Power<\/strong><\/a> f\u00fcr ein jugendliches Hautbild.<\/p>\n<h6 id=\"die-intensive-formel-der-cbd-gesichtscreme-trocken\" class=\"mb-2 mt-4 [.has-inline-images_&amp;]:clear-end font-editorial font-bold text-lg first:mt-0 md:text-lg [hr+&amp;]:mt-4\">Die intensive Formel der CBD Vital Gesichtscreme Trockene Haut<\/h6>\n<p class=\"my-2 [&amp;+p]:mt-4 [&amp;_strong:has(+br)]:inline-block [&amp;_strong:has(+br)]:pb-2\"><strong>CBD Gesichtscreme Trockene Haut<\/strong>\u00a0vereint Bio-Hyalurons\u00e4ure, Aloe Vera, Gr\u00fcnalgenextrakt (QT40), <a href=\"https:\/\/green.one\/de\/produkt\/cbd\/oel\/\"><strong>Hanfsamen\u00f6l<\/strong><\/a>, S\u00fc\u00dfholzextrakt, Dexpanthenol und Vitamin E. Antioxidative CBD-Schutz f\u00fcr langanhaltende Pflege.<\/p>\n<h6 id=\"schlssel-inhaltsstoffe-fr-feuchtigkeit\" class=\"mb-2 mt-4 [.has-inline-images_&amp;]:clear-end font-editorial font-bold text-base first:mt-0\">Schl\u00fcssel-Inhaltsstoffe f\u00fcr Feuchtigkeit<\/h6>\n<p class=\"my-2 [&amp;+p]:mt-4 [&amp;_strong:has(+br)]:inline-block [&amp;_strong:has(+br)]:pb-2\">Hyalurons\u00e4ure bindet Feuchtigkeit, Aloe Vera beruhigt, <a href=\"https:\/\/green.one\/de\/produkt\/cbd\/oel\/\">Hanfsamen\u00f6l<\/a> n\u00e4hrt mit Gamma-Linolens\u00e4ure. Frei von Parabenen \u2013 pure Naturkosmetik.<\/p>\n<h6 id=\"vorteile-fr-sensible-gesichtshaut\" class=\"mb-2 mt-4 [.has-inline-images_&amp;]:clear-end font-editorial font-bold text-lg first:mt-0 md:text-lg [hr+&amp;]:mt-4\">Vorteile f\u00fcr sensible Gesichtshaut<\/h6>\n<p class=\"my-2 [&amp;+p]:mt-4 [&amp;_strong:has(+br)]:inline-block [&amp;_strong:has(+br)]:pb-2\">Die<strong>\u00a0Gesichtscreme Trockene Haut<\/strong>\u00a0reduziert Spannungen, gl\u00e4ttet schuppige Stellen und f\u00f6rdert Elastizit\u00e4t. Ideal gegen Umwelteinfl\u00fcsse wie Heizungsluft oder UV-Strahlung \u2013 f\u00fcr ein ebenm\u00e4\u00dfiges, frisches Hautgef\u00fchl.<\/p>\n<h6 id=\"einfache-anwendung-in-ihrer-routine\" class=\"mb-2 mt-4 [.has-inline-images_&amp;]:clear-end font-editorial font-bold text-lg first:mt-0 md:text-lg [hr+&amp;]:mt-4\">Einfache Anwendung in Ihrer Routine<\/h6>\n<p class=\"my-2 [&amp;+p]:mt-4 [&amp;_strong:has(+br)]:inline-block [&amp;_strong:has(+br)]:pb-2\">Morgens und abends sanft einmassieren. 50 ml Tube f\u00fcr 60+ Tage. Kombinieren Sie mit Serum f\u00fcr maximale <a href=\"https:\/\/green.one\/de\/produkt\/spezialisiert\/kosmetik\/\"><strong>Regeneration.<\/strong><\/a><\/p>\n<h6 id=\"faq\" class=\"mb-2 mt-4 [.has-inline-images_&amp;]:clear-end font-editorial font-bold text-base first:mt-0\">FAQ<\/h6>\n<p class=\"my-2 [&amp;+p]:mt-4 [&amp;_strong:has(+br)]:inline-block [&amp;_strong:has(+br)]:pb-2\"><strong>F\u00fcr welchen Hauttyp?<\/strong>\u00a0Trockene, sensible, beanspruchte Haut.<br \/>\n<strong>CBD-Gehalt?<\/strong>\u00a0150 mg pro 50 ml.<br \/>\n<strong>Vegan\/Bio?<\/strong>\u00a0Ja, zertifizierte Naturkosmetik.<br \/>\n<strong>Wie oft?<\/strong>\u00a02x t\u00e4glich.<\/p>\n<p>green.one\u00ae <a href=\"https:\/\/green.one\/de\/\">CBD \u00d6l Shop<\/a> ist ein deutsches Premium-Online-Gesch\u00e4ft das eine breite Auswahl an hochwertigen CBD-Produkten f\u00fcr ganz Europa anbietet.<\/p>\n<p class=\"my-2 [&amp;+p]:mt-4 [&amp;_strong:has(+br)]:inline-block [&amp;_strong:has(+br)]:pb-2\"><strong>Rechtlicher Hinweis:<\/strong> <em>Dieses Produkt ist kein Arzneimittel. Es ersetzt keine ausgewogene und abwechslungsreiche Ern\u00e4hrung und keinen gesunden Lebensstil. Bei Schwangerschaft, Stillzeit oder wenn du Medikamente einnimmst, konsultiere vor der Verwendung deinen Arzt.<\/em><\/p>\n<\/div>\n<\/div>\n<\/div>\n<\/div>\n<\/div>\n<\/div>\n<\/div>\n","protected":false},"excerpt":{"rendered":"<p><strong>CBD Vital Gesichtscreme Trockene Haut<\/strong>: Revitalisierende Pflege mit 150 mg CBD, biofermentierter Hyalurons\u00e4ure, Aloe Vera, Gr\u00fcnalgenextrakt (QT40), Hanfsamen\u00f6l, S\u00fc\u00dfholzextrakt und Dexpanthenol. F\u00fcr sensible, trockene Haut \u2013 reduziert Spannungen, spendet intensive Feuchtigkeit, f\u00f6rdert Elastizit\u00e4t.<\/p>\n","protected":false},"featured_media":11070,"comment_status":"open","ping_status":"closed","template":"","meta":{"_trash_the_other_posts":false,"editor_notices":[]},"product_brand":[165],"product_cat":[157,271],"product_tag":[190,193,210,314],"class_list":{"0":"post-10967","1":"product","2":"type-product","3":"status-publish","4":"has-post-thumbnail","6":"product_brand-cbd-vital","7":"product_cat-kosmetik","8":"product_cat-gesichtspflege","9":"product_tag-creme","10":"product_tag-vital","11":"product_tag-kosmetik","12":"product_tag-gesichtspflege","14":"first","15":"instock","16":"sale","17":"taxable","18":"shipping-taxable","19":"purchasable","20":"product-type-simple"},"_links":{"self":[{"href":"https:\/\/green.one\/de\/wp-json\/wp\/v2\/product\/10967","targetHints":{"allow":["GET"]}}],"collection":[{"href":"https:\/\/green.one\/de\/wp-json\/wp\/v2\/product"}],"about":[{"href":"https:\/\/green.one\/de\/wp-json\/wp\/v2\/types\/product"}],"replies":[{"embeddable":true,"href":"https:\/\/green.one\/de\/wp-json\/wp\/v2\/comments?post=10967"}],"wp:featuredmedia":[{"embeddable":true,"href":"https:\/\/green.one\/de\/wp-json\/wp\/v2\/media\/11070"}],"wp:attachment":[{"href":"https:\/\/green.one\/de\/wp-json\/wp\/v2\/media?parent=10967"}],"wp:term":[{"taxonomy":"product_brand","embeddable":true,"href":"https:\/\/green.one\/de\/wp-json\/wp\/v2\/product_brand?post=10967"},{"taxonomy":"product_cat","embeddable":true,"href":"https:\/\/green.one\/de\/wp-json\/wp\/v2\/product_cat?post=10967"},{"taxonomy":"product_tag","embeddable":true,"href":"https:\/\/green.one\/de\/wp-json\/wp\/v2\/product_tag?post=10967"}],"curies":[{"name":"wp","href":"https:\/\/api.w.org\/{rel}","templated":true}]}}