{"id":10971,"date":"2024-04-25T11:53:11","date_gmt":"2024-04-25T09:53:11","guid":{"rendered":"https:\/\/green.one\/de\/?post_type=product&#038;p=10971"},"modified":"2026-03-29T22:16:57","modified_gmt":"2026-03-29T20:16:57","slug":"cbd-vital-sleep-kapseln","status":"publish","type":"product","link":"https:\/\/green.one\/de\/shop\/cbd-vital-sleep-kapseln\/","title":{"rendered":"CBD Vital Sleep Kapseln"},"content":{"rendered":"<h6 id=\"cbd-vital-sleep-kapseln-die-bewhrte-abendroutine-f\" class=\"mb-2 mt-4 [.has-inline-images_&amp;]:clear-end font-editorial font-bold text-base first:mt-0\" style=\"text-align: left\">CBD Vital Sleep Kapseln: Die bew\u00e4hrte Abendroutine f\u00fcr erholsamen Schlaf<\/h6>\n<p class=\"my-2 [&amp;+p]:mt-4 [&amp;_strong:has(+br)]:inline-block [&amp;_strong:has(+br)]:pb-2\">Du willst abends schneller abschalten und dir eine Routine aufbauen, die du wirklich durchziehst?<\/p>\n<p class=\"my-2 [&amp;+p]:mt-4 [&amp;_strong:has(+br)]:inline-block [&amp;_strong:has(+br)]:pb-2\"><strong>CBD Vital Sleep Kapseln<\/strong>\u00a0werden als vegane \u00d6lkapseln mit <a href=\"https:\/\/green.one\/de\/produkt\/vollspektrum\/\"><strong>Vollspektrum-CBD<\/strong><\/a>, <a href=\"https:\/\/green.one\/de\/produkt\/nahrungsergaenzung\/\"><strong>Melatonin<\/strong><\/a> und <a href=\"https:\/\/green.one\/de\/produkt\/cbd\/oel\/\"><strong>Bio-Hanfsamen\u00f6l<\/strong><\/a> beschrieben und sind darauf ausgelegt, Entspannung zu unterst\u00fctzen und die Einschlafzeit zu verk\u00fcrzen.<\/p>\n<p class=\"my-2 [&amp;+p]:mt-4 [&amp;_strong:has(+br)]:inline-block [&amp;_strong:has(+br)]:pb-2\">Bei green.one <a href=\"https:\/\/green.one\/de\/\">CBD \u00d6l Shop<\/a> findest du passende <a href=\"https:\/\/green.one\/de\/\"><strong>Produkte<\/strong><\/a> f\u00fcr einen bewussten, gr\u00fcnen <a href=\"https:\/\/green.one\/de\/produkt\/spezialisiert\/kosmetik\/\"><strong>Lifestyle<\/strong><\/a> \u2013 unkompliziert online bestellen und ohne <a href=\"https:\/\/green.one\/de\/produkt\/cannabis\/blumen\/\"><strong>Stress<\/strong><\/a> in deinen Abend integrieren.<span class=\"inline-flex\" aria-label=\"Your &quot;Power Words&quot; list is not even accurate - Support - Rank Math\" data-state=\"closed\">\u200b<\/span><\/p>\n<h6 id=\"warum-cbd-vital-sleep-kapseln-fr-viele-so-attrakti\" class=\"mb-2 mt-4 [.has-inline-images_&amp;]:clear-end font-editorial font-bold text-base first:mt-0\">Warum CBD Vital Sleep Kapseln f\u00fcr viele so attraktiv sind<\/h6>\n<p class=\"my-2 [&amp;+p]:mt-4 [&amp;_strong:has(+br)]:inline-block [&amp;_strong:has(+br)]:pb-2\">Schlaf beginnt nicht erst im Bett, sondern mit dem, was du vorher tust: Licht runter, Bildschirm aus, Nervensystem beruhigen.<\/p>\n<p class=\"my-2 [&amp;+p]:mt-4 [&amp;_strong:has(+br)]:inline-block [&amp;_strong:has(+br)]:pb-2\">Genau deshalb sind feste Rituale so effektiv \u2013 sie nehmen dir Entscheidungen ab und machen dich konsequenter.\u00a0<strong>CBD Vital Sleep Kapseln<\/strong>\u00a0passen in diese Logik, weil sie als klar dosierbare Erg\u00e4nzung f\u00fcr deine Abendroutine konzipiert sind.<span class=\"inline-flex\" aria-label=\"Your &quot;Power Words&quot; list is not even accurate - Support - Rank Math\" data-state=\"closed\">\u200b<\/span><\/p>\n<h6 id=\"was-steckt-drin-klare-formel-klare-werte\" class=\"mb-2 mt-4 [.has-inline-images_&amp;]:clear-end font-editorial font-bold text-base first:mt-0\">Was steckt drin: klare Formel, klare Werte<\/h6>\n<p class=\"my-2 [&amp;+p]:mt-4 [&amp;_strong:has(+br)]:inline-block [&amp;_strong:has(+br)]:pb-2\">Laut Hersteller enthalten\u00a0<strong>CBD Vital Sleep Kapseln<\/strong>\u00a0pro Kapsel 7,5 mg nat\u00fcrliches CBD, sind Vollspektrum und werden als Spezialformel \u201emit CBD und Melatonin\u201c beschrieben.<\/p>\n<p class=\"my-2 [&amp;+p]:mt-4 [&amp;_strong:has(+br)]:inline-block [&amp;_strong:has(+br)]:pb-2\">In den Produkteigenschaften werden au\u00dferdem 60 Kapseln pro Packung, Kaltpressung als Extraktion sowie Bio-Hanfsamen\u00f6l als Tr\u00e4gerfl\u00fcssigkeit genannt.<\/p>\n<p class=\"my-2 [&amp;+p]:mt-4 [&amp;_strong:has(+br)]:inline-block [&amp;_strong:has(+br)]:pb-2\">Zus\u00e4tzlich werden glutenfrei, laktosefrei und fruktosefrei aufgef\u00fchrt \u2013 praktisch, wenn du auf eine einfache, vertr\u00e4gliche Routine achtest.<span class=\"inline-flex\" aria-label=\"Your &quot;Power Words&quot; list is not even accurate - Support - Rank Math\" data-state=\"closed\">\u200b<\/span><\/p>\n<h6 id=\"so-baust-du-deine-stupid-simple-sleep-routine-auf\" class=\"mb-2 mt-4 [.has-inline-images_&amp;]:clear-end font-editorial font-bold text-base first:mt-0\">So baust du deine \u201estupid-simple\u201c Sleep-Routine auf<\/h6>\n<p class=\"my-2 [&amp;+p]:mt-4 [&amp;_strong:has(+br)]:inline-block [&amp;_strong:has(+br)]:pb-2\">Setze auf ein System, das heute funktioniert \u2013 nicht nur am perfekten Tag. Nimm dir 30\u201360 Minuten vor dem Schlafen eine echte \u201eRunterfahr-Zeit\u201c: Licht dimmen, kurz l\u00fcften, 5 Minuten Atem\u00fcbungen oder Stretching, dann konsequent ins Bett.<\/p>\n<p class=\"my-2 [&amp;+p]:mt-4 [&amp;_strong:has(+br)]:inline-block [&amp;_strong:has(+br)]:pb-2\"><strong>CBD Vital Sleep Kapseln<\/strong>\u00a0lassen sich dabei als fester Bestandteil einplanen, damit aus \u201eich sollte\u201c ein automatisches Ritual wird.<\/p>\n<h6 id=\"jetzt-bei-greenone-entdecken-und-heute-starten\" class=\"mb-2 mt-4 [.has-inline-images_&amp;]:clear-end font-editorial font-bold text-base first:mt-0\">Jetzt bei green.one <a href=\"https:\/\/green.one\/de\/\">CBD Oel Shop<\/a> entdecken und heute starten<\/h6>\n<p class=\"my-2 [&amp;+p]:mt-4 [&amp;_strong:has(+br)]:inline-block [&amp;_strong:has(+br)]:pb-2\">Wenn du nicht l\u00e4nger warten willst, sind\u00a0<strong>CBD Vital Sleep Kapseln<\/strong> ein \u00fcberzeugender Schritt zu einer klaren Abendroutine: simpel, planbar und bequem. Bestelle bei green.one online <a href=\"https:\/\/green.one\/de\/\">CBD \u00d6l Shop<\/a> und mach deine Schlafroutine endlich konsequent \u2013 ohne Umwege.<span class=\"inline-flex\" aria-label=\"Home | Green.one\u00ae Premium CBD\" data-state=\"closed\">\u200b<\/span><\/p>\n<p class=\"my-2 [&amp;+p]:mt-4 [&amp;_strong:has(+br)]:inline-block [&amp;_strong:has(+br)]:pb-2\"><strong>Rechtlicher Hinweis:<\/strong> <em>Dieses Produkt ist kein Arzneimittel. Es ersetzt keine ausgewogene und abwechslungsreiche Ern\u00e4hrung und keinen gesunden Lebensstil. Bei Schwangerschaft, Stillzeit oder wenn du Medikamente einnimmst, konsultiere vor der Verwendung deinen Arzt.<\/em><\/p>\n<p>&nbsp;<\/p>\n","protected":false},"excerpt":{"rendered":"<p><strong>CBD Vital Sleep Kapseln<\/strong> sind vegane Vollspektrum-\u00d6lkapseln mit 7,5 mg nat\u00fcrlichem CBD pro Kapsel und einer Spezialformel mit <strong>CBD und Melatonin<\/strong>. Laut Hersteller sind sie f\u00fcr einen erholsamen, entspannten Schlaf konzipiert und sollen die Einschlafzeit verk\u00fcrzen; als Tr\u00e4ger wird Bio-Hanfsamen\u00f6l genannt. Packungsinhalt: 60 Kapseln, au\u00dferdem werden glutenfrei, laktosefrei und fruktosefrei aufgef\u00fchrt.<\/p>\n","protected":false},"featured_media":11065,"comment_status":"open","ping_status":"closed","template":"","meta":{"_trash_the_other_posts":false,"editor_notices":[]},"product_brand":[165],"product_cat":[328],"product_tag":[253,294,295,329],"class_list":{"0":"post-10971","1":"product","2":"type-product","3":"status-publish","4":"has-post-thumbnail","6":"product_brand-cbd-vital","7":"product_cat-nahrungsergaenzung","8":"product_tag-cbd","9":"product_tag-kapsel","10":"product_tag-nahrungsergaenzungsmittel","11":"product_tag-cbd-vital","13":"first","14":"instock","15":"sale","16":"taxable","17":"shipping-taxable","18":"purchasable","19":"product-type-simple"},"_links":{"self":[{"href":"https:\/\/green.one\/de\/wp-json\/wp\/v2\/product\/10971","targetHints":{"allow":["GET"]}}],"collection":[{"href":"https:\/\/green.one\/de\/wp-json\/wp\/v2\/product"}],"about":[{"href":"https:\/\/green.one\/de\/wp-json\/wp\/v2\/types\/product"}],"replies":[{"embeddable":true,"href":"https:\/\/green.one\/de\/wp-json\/wp\/v2\/comments?post=10971"}],"wp:featuredmedia":[{"embeddable":true,"href":"https:\/\/green.one\/de\/wp-json\/wp\/v2\/media\/11065"}],"wp:attachment":[{"href":"https:\/\/green.one\/de\/wp-json\/wp\/v2\/media?parent=10971"}],"wp:term":[{"taxonomy":"product_brand","embeddable":true,"href":"https:\/\/green.one\/de\/wp-json\/wp\/v2\/product_brand?post=10971"},{"taxonomy":"product_cat","embeddable":true,"href":"https:\/\/green.one\/de\/wp-json\/wp\/v2\/product_cat?post=10971"},{"taxonomy":"product_tag","embeddable":true,"href":"https:\/\/green.one\/de\/wp-json\/wp\/v2\/product_tag?post=10971"}],"curies":[{"name":"wp","href":"https:\/\/api.w.org\/{rel}","templated":true}]}}