{"id":10976,"date":"2024-04-25T11:56:22","date_gmt":"2024-04-25T09:56:22","guid":{"rendered":"https:\/\/green.one\/de\/?post_type=product&#038;p=10976"},"modified":"2026-03-29T19:41:26","modified_gmt":"2026-03-29T17:41:26","slug":"cbd-vital-magnesium-komplex","status":"publish","type":"product","link":"https:\/\/green.one\/de\/shop\/cbd-vital-magnesium-komplex\/","title":{"rendered":"CBD Vital Magnesium Komplex"},"content":{"rendered":"<h6 style=\"text-align: left\">CBD Vital <a href=\"https:\/\/green.one\/de\/produkt\/nahrungsergaenzung\/\">Magnesium<\/a> Komplex zeichnet sich durch eine hervorragende Bioverf\u00fcgbarkeit aus \u2013 dank 7 verschiedener Magnesiumverbindungen.<\/h6>\n<p>Magnesium ist eines der bekanntesten Mikron\u00e4hrstoffe bzw. Mineralien, da seine gesundheitlichen Vorteile besonders vielf\u00e4ltig und weitreichend sind.<\/p>\n<p>Magnesium aktiviert \u00fcber 300 Enzymsysteme, die f\u00fcr zahlreiche physiologische <a href=\"https:\/\/green.one\/de\/produkt\/cannabis\/\"><strong>Funktionen<\/strong><\/a> unerl\u00e4sslich sind.<\/p>\n<p>Besonders wichtig ist die Auswahl der in Magnesiumpr\u00e4paraten verwendeten Magnesiumverbindungen.<\/p>\n<p>Die jeweilige Magnesiumverbindung beeinflusst die Eigenschaften und die Geschwindigkeit der Absorption.<\/p>\n<p>Unser CBD Vital <a href=\"https:\/\/green.one\/de\/produkt\/nahrungsergaenzung\/\">Magnesium<\/a> Complex enth\u00e4lt 7 verschiedene <a href=\"https:\/\/green.one\/de\/produkt\/cbd\/oel\/\"><strong>organische<\/strong><\/a> Magnesiumverbindungen (Citrat, Glycinat, Malat, Gluconat, Phosphat, Orotat und Ascorbat) und bietet somit einen echten Mehrwert durch eine verl\u00e4ngerte Absorption.<\/p>\n<p>Unser Magnesiumkomplex ist nicht nur au\u00dfergew\u00f6hnlich bioverf\u00fcgbar, sondern wird dank gepuffertem <a href=\"https:\/\/green.one\/de\/produkt\/nahrungsergaenzung\/\">Vitamin C<\/a> auch besonders schnell vom K\u00f6rper aufgenommen.<\/p>\n<h6>Vorteile des CBD Vital <a href=\"https:\/\/green.one\/de\/produkt\/nahrungsergaenzung\/\">Magnesium Komplex<\/a><\/h6>\n<p>Hervorragende Bioverf\u00fcgbarkeit \u2013 ausgezeichnete Vertr\u00e4glichkeit<br \/>\nGeeignet f\u00fcr empfindliche <a href=\"https:\/\/green.one\/de\/produkt\/spezialisiert\/kosmetik\/\"><strong>Personen<\/strong> <\/a>mit Allergien und Unvertr\u00e4glichkeiten<br \/>\nZur gezielten orthomolekularen Anwendung<\/p>\n<h6>Welche gesundheitlichen Vorteile bietet der CBD Vital Magnesium Komplex?<\/h6>\n<p>Tr\u00e4gt zu einer normalen Muskelfunktion, einem gesunden Nervensystem und mentalem Wohlbefinden bei.<\/p>\n<p>Tr\u00e4gt zum Erhalt normaler Knochen und Z\u00e4hne sowie zur Verringerung von M\u00fcdigkeit und Ersch\u00f6pfung bei.<br \/>\nTr\u00e4gt zu einem normalen Energiestoffwechsel bei.<\/p>\n<p>Tr\u00e4gt zu einer normalen psychischen Funktion bei.<\/p>\n<p>Tr\u00e4gt zur Verringerung von M\u00fcdigkeit und Ersch\u00f6pfung bei.<\/p>\n<p>Tr\u00e4gt zum Elektrolytgleichgewicht bei.<\/p>\n<p>Tr\u00e4gt zu einer normalen Proteinsynthese bei.<\/p>\n<p>Empfohlene Tagesdosis: 2-mal t\u00e4glich 1 Kapsel mit reichlich Fl\u00fcssigkeit einnehmen.<\/p>\n<p>Zutaten pro Tag (2 Kapseln) % NRV*: Vitamin C 54,6 mg 68 % Magnesium 400 mg 106 % aus Magnesiumsalzen. Zitronens\u00e4ure 4 mg &#8211; Magnesiumbisglycinat 20 mg &#8211; Magnesiumcitrat 20 mg &#8211; Magnesiumhydroxid 270 mg &#8211; Magnesiumgluconat 6 mg &#8211; Magnesiummalat 20 mg &#8211; Magnesiumoxid 60 mg &#8211; *NRV = N\u00e4hrstoffbezugswerte gem\u00e4\u00df Verordnung (EU) Nr. 1169\/2011<\/p>\n<p>Zutaten des <strong>CBD Vital Magnesium Komplex<\/strong>: Magnesiumhydroxid, Hydroxypropylmethylcellulose (Kapselh\u00fclle), Magnesiumbisglycinat, Magnesiummalat, Magnesiumcitrat, Magnesiumgluconat, Magnesiumoxid, Magnesiumsalze der Zitronens\u00e4ure<\/p>\n<p>Menge: 60 Kapseln<\/p>\n<p>green.one\u00ae <a href=\"https:\/\/green.one\/de\/\">CBD \u00d6l Shop<\/a> ist ein deutsches Premium-Online-Gesch\u00e4ft das eine breite Auswahl an hochwertigen CBD-Produkten f\u00fcr ganz Europa anbietet.<\/p>\n<p><strong>Rechtlicher Hinweis:<\/strong> <em>Dieses Produkt ist kein Arzneimittel. Es ersetzt keine ausgewogene und abwechslungsreiche Ern\u00e4hrung und keinen gesunden Lebensstil. Bei Schwangerschaft, Stillzeit oder wenn du Medikamente einnimmst, konsultiere vor der Verwendung deinen Arzt.<\/em><\/p>\n","protected":false},"excerpt":{"rendered":"<p class=\"my-2 [&amp;+p]:mt-4 [&amp;_strong:has(+br)]:inline-block [&amp;_strong:has(+br)]:pb-2\">Der <strong>CBD Vital Magnesium Komplex<\/strong> kombiniert Vollspektrum-CBD aus europ\u00e4ischem Hanf mit Magnesium f\u00fcr Ihre t\u00e4gliche Wellness-Routine. Unterst\u00fctzt Entspannung und Komfort bei aktiven Tagen \u2013 laborgepr\u00fcft, &lt;0,2% THC, voll EU-konform. Ideal als Erg\u00e4nzung f\u00fcr nat\u00fcrliche Balance.<\/p>\n<p class=\"my-2 [&amp;+p]:mt-4 [&amp;_strong:has(+br)]:inline-block [&amp;_strong:has(+br)]:pb-2\"><em>Nicht einnehmen. Kein Ersatz f\u00fcr ausgewogene Ern\u00e4hrung. Bei Schwangerschaft\/Medikamenten Arzt konsultieren.<\/em><\/p>\n","protected":false},"featured_media":11218,"comment_status":"open","ping_status":"closed","template":"","meta":{"_trash_the_other_posts":false,"editor_notices":[]},"product_brand":[165],"product_cat":[328],"product_tag":[295,329,330],"class_list":{"0":"post-10976","1":"product","2":"type-product","3":"status-publish","4":"has-post-thumbnail","6":"product_brand-cbd-vital","7":"product_cat-nahrungsergaenzung","8":"product_tag-nahrungsergaenzungsmittel","9":"product_tag-cbd-vital","10":"product_tag-magnesium","12":"first","13":"instock","14":"sale","15":"taxable","16":"shipping-taxable","17":"purchasable","18":"product-type-simple"},"_links":{"self":[{"href":"https:\/\/green.one\/de\/wp-json\/wp\/v2\/product\/10976","targetHints":{"allow":["GET"]}}],"collection":[{"href":"https:\/\/green.one\/de\/wp-json\/wp\/v2\/product"}],"about":[{"href":"https:\/\/green.one\/de\/wp-json\/wp\/v2\/types\/product"}],"replies":[{"embeddable":true,"href":"https:\/\/green.one\/de\/wp-json\/wp\/v2\/comments?post=10976"}],"wp:featuredmedia":[{"embeddable":true,"href":"https:\/\/green.one\/de\/wp-json\/wp\/v2\/media\/11218"}],"wp:attachment":[{"href":"https:\/\/green.one\/de\/wp-json\/wp\/v2\/media?parent=10976"}],"wp:term":[{"taxonomy":"product_brand","embeddable":true,"href":"https:\/\/green.one\/de\/wp-json\/wp\/v2\/product_brand?post=10976"},{"taxonomy":"product_cat","embeddable":true,"href":"https:\/\/green.one\/de\/wp-json\/wp\/v2\/product_cat?post=10976"},{"taxonomy":"product_tag","embeddable":true,"href":"https:\/\/green.one\/de\/wp-json\/wp\/v2\/product_tag?post=10976"}],"curies":[{"name":"wp","href":"https:\/\/api.w.org\/{rel}","templated":true}]}}