{"id":10979,"date":"2024-04-25T11:54:22","date_gmt":"2024-04-25T09:54:22","guid":{"rendered":"https:\/\/green.one\/de\/?post_type=product&#038;p=10979"},"modified":"2026-03-29T21:55:36","modified_gmt":"2026-03-29T19:55:36","slug":"vet-cbd-vital-oel-10-extrakt-30-ml","status":"publish","type":"product","link":"https:\/\/green.one\/de\/shop\/vet-cbd-vital-oel-10-extrakt-30-ml\/","title":{"rendered":"VET CBD Vital \u00d6l 10% Extrakt 30 ml"},"content":{"rendered":"<h6 style=\"text-align: left\"><strong>VET CBD Vital \u00d6l 10% Extrakt 30 ml <\/strong>Premium <a href=\"https:\/\/green.one\/de\/produkt\/cbd-fuer-haustiere\/\">Haustiere<\/a>, das Beste f\u00fcr Ihr Haustier<\/h6>\n<p class=\"my-2 [&amp;+p]:mt-4 [&amp;_strong:has(+br)]:inline-block [&amp;_strong:has(+br)]:pb-2\"><strong>VET CBD Vital \u00d6l 10% Extrakt 30 ml Premium Haustiere<\/strong> ist eine moderne Unterst\u00fctzung f\u00fcr Tierhalter, die Wert auf <a href=\"https:\/\/green.one\/de\/\"><strong>Qualit\u00e4t<\/strong><\/a>, Transparenz und eine entspannte Alltagsroutine mit ihrem Vierbeiner legen.<\/p>\n<h6 class=\"my-2 [&amp;+p]:mt-4 [&amp;_strong:has(+br)]:inline-block [&amp;_strong:has(+br)]:pb-2\">Dieses hochwertige <a href=\"https:\/\/green.one\/de\/produkt\/cbd\/oel\/\"><strong>\u00d6l<\/strong> <\/a>f\u00fcgt sich sanft in den Alltag deines Hundes oder deiner Katze ein und kann deine gemeinsame Zeit noch harmonischer machen.<\/h6>\n<p class=\"my-2 [&amp;+p]:mt-4 [&amp;_strong:has(+br)]:inline-block [&amp;_strong:has(+br)]:pb-2\">Dank der sorgf\u00e4ltig ausgew\u00e4hlten Inhaltsstoffe und der praktischen Anwendung ist es ein treuer Begleiter f\u00fcr bewusste Tierfreunde.<\/p>\n<p class=\"my-2 [&amp;+p]:mt-4 [&amp;_strong:has(+br)]:inline-block [&amp;_strong:has(+br)]:pb-2\">Mit VET CBD Vital \u00d6l 10% 30 ml ExtraktPremium <a href=\"https:\/\/green.one\/de\/produkt\/cbd-fuer-haustiere\/\">Haustiere<\/a> entscheidest du dich f\u00fcr ein Produkt, das auf einen achtsamen Umgang mit deinem Tier setzt.<\/p>\n<p>&nbsp;<\/p>\n<p class=\"my-2 [&amp;+p]:mt-4 [&amp;_strong:has(+br)]:inline-block [&amp;_strong:has(+br)]:pb-2\">Das VET CBD Vital \u00d6l 10% Extrakt 30 ml\u00a0 l\u00e4sst sich einfach dosieren und in die t\u00e4gliche F\u00fctterungsroutine integrieren, zum Beispiel \u00fcber das Lieblingsfutter.<\/p>\n<p class=\"my-2 [&amp;+p]:mt-4 [&amp;_strong:has(+br)]:inline-block [&amp;_strong:has(+br)]:pb-2\">So bleibt der Ablauf unkompliziert, w\u00e4hrend du deinem Tier etwas Besonderes g\u00f6nnst. Viele Tierhalter sch\u00e4tzen besonders die Kombination aus <a href=\"https:\/\/green.one\/de\/produkt\/cannabis\/blumen\/\"><strong>Premium<\/strong><\/a>-Extrakt und nutzerfreundlicher Anwendung.<\/p>\n<p class=\"my-2 [&amp;+p]:mt-4 [&amp;_strong:has(+br)]:inline-block [&amp;_strong:has(+br)]:pb-2\">Ein weiterer Vorteil:<strong> VET CBD Vital \u00d6l 10% Extrakt 30 ml <\/strong>Premium <a href=\"https:\/\/green.one\/de\/produkt\/cbd-fuer-haustiere\/\">Haustiere<\/a> punktet mit einem klaren, fokussierten Konzept f\u00fcr <a href=\"https:\/\/green.one\/de\/produkt\/cbd-fuer-haustiere\/\">Haustiere<\/a>.<\/p>\n<p class=\"my-2 [&amp;+p]:mt-4 [&amp;_strong:has(+br)]:inline-block [&amp;_strong:has(+br)]:pb-2\">Es ist darauf ausgerichtet, deinen Alltag mit deinem Tier zu begleiten \u2013 ob zu Hause, auf Reisen oder rund um Aktivit\u00e4ten wie Spazierg\u00e4nge und Training.<\/p>\n<p>&nbsp;<\/p>\n<p class=\"my-2 [&amp;+p]:mt-4 [&amp;_strong:has(+br)]:inline-block [&amp;_strong:has(+br)]:pb-2\">Du kannst das <strong>VET CBD Vital \u00d6l 10% Extrakt 30 ml<\/strong>\u00a0\u00d6l flexibel in eure bestehende Routine einbauen und dabei Schritt f\u00fcr Schritt herausfinden, welche Anwendung f\u00fcr euch am besten passt.<\/p>\n<p class=\"my-2 [&amp;+p]:mt-4 [&amp;_strong:has(+br)]:inline-block [&amp;_strong:has(+br)]:pb-2\">Wenn du bewusst einkaufst und Wert auf hochwertige Produkte f\u00fcr deinen <a href=\"https:\/\/green.one\/de\/produkt\/cbd-fuer-haustiere\/\">Hund<\/a> oder deine <a href=\"https:\/\/green.one\/de\/produkt\/cbd-fuer-haustiere\/\">Katze<\/a> legst, kann dieses \u00d6l eine interessante Erg\u00e4nzung sein.<\/p>\n<p class=\"my-2 [&amp;+p]:mt-4 [&amp;_strong:has(+br)]:inline-block [&amp;_strong:has(+br)]:pb-2\">Achte wie immer darauf, dein Tier zu beobachten und neue Produkte langsam in den Alltag zu integrieren. Bei Unsicherheiten ist es sinnvoll, R\u00fccksprache mit einem Tierarzt zu halten, insbesondere wenn dein <a href=\"https:\/\/green.one\/de\/produkt\/cbd-fuer-haustiere\/\">Haustier<\/a> bereits Medikamente bekommt oder besondere Bed\u00fcrfnisse hat.<\/p>\n<p>green.one\u00ae <a href=\"https:\/\/green.one\/de\/\">CBD \u00d6l Shop<\/a> ist ein deutsches Premium-Online-Gesch\u00e4ft das eine breite Auswahl an hochwertigen CBD-Produkten f\u00fcr ganz Europa anbietet.<\/p>\n<p class=\"my-2 [&amp;+p]:mt-4 [&amp;_strong:has(+br)]:inline-block [&amp;_strong:has(+br)]:pb-2\"><strong>Rechtlicher Hinweis:<\/strong> <em>Dieses Produkt ist kein Arzneimittel. Es ersetzt keine ausgewogene und abwechslungsreiche Ern\u00e4hrung und keinen gesunden Lebensstil. Bei Schwangerschaft, Stillzeit oder wenn du Medikamente einnimmst, konsultiere vor der Verwendung deinen Arzt.<\/em><\/p>\n<p>&nbsp;<\/p>\n","protected":false},"excerpt":{"rendered":"<p>VET CBD Vital \u00d6l 10% Extrakt 30 ml aus Bio-Hanfsamen\u00f6l und hochwertigem Hanfextrakt. Milder Geschmack, ohne Terpene, Aromen oder Konservierungsstoffe \u2013 ideal zur Unterst\u00fctzung des allgemeinen Wohlbefindens Ihrer Tiere. Laktosefrei, glutenfrei und 0% THC<\/p>\n","protected":false},"featured_media":11293,"comment_status":"open","ping_status":"closed","template":"","meta":{"_trash_the_other_posts":false,"editor_notices":[]},"product_brand":[165],"product_cat":[159],"product_tag":[193,207,287],"class_list":{"0":"post-10979","1":"product","2":"type-product","3":"status-publish","4":"has-post-thumbnail","6":"product_brand-cbd-vital","7":"product_cat-cbd-fuer-haustiere","8":"product_tag-vital","9":"product_tag-haustiere","10":"product_tag-cbd-oel-10","12":"first","13":"instock","14":"sale","15":"taxable","16":"shipping-taxable","17":"purchasable","18":"product-type-simple"},"_links":{"self":[{"href":"https:\/\/green.one\/de\/wp-json\/wp\/v2\/product\/10979","targetHints":{"allow":["GET"]}}],"collection":[{"href":"https:\/\/green.one\/de\/wp-json\/wp\/v2\/product"}],"about":[{"href":"https:\/\/green.one\/de\/wp-json\/wp\/v2\/types\/product"}],"replies":[{"embeddable":true,"href":"https:\/\/green.one\/de\/wp-json\/wp\/v2\/comments?post=10979"}],"wp:featuredmedia":[{"embeddable":true,"href":"https:\/\/green.one\/de\/wp-json\/wp\/v2\/media\/11293"}],"wp:attachment":[{"href":"https:\/\/green.one\/de\/wp-json\/wp\/v2\/media?parent=10979"}],"wp:term":[{"taxonomy":"product_brand","embeddable":true,"href":"https:\/\/green.one\/de\/wp-json\/wp\/v2\/product_brand?post=10979"},{"taxonomy":"product_cat","embeddable":true,"href":"https:\/\/green.one\/de\/wp-json\/wp\/v2\/product_cat?post=10979"},{"taxonomy":"product_tag","embeddable":true,"href":"https:\/\/green.one\/de\/wp-json\/wp\/v2\/product_tag?post=10979"}],"curies":[{"name":"wp","href":"https:\/\/api.w.org\/{rel}","templated":true}]}}