{"id":10980,"date":"2024-04-25T11:55:53","date_gmt":"2024-04-25T09:55:53","guid":{"rendered":"https:\/\/green.one\/de\/?post_type=product&#038;p=10980"},"modified":"2026-03-30T21:19:23","modified_gmt":"2026-03-30T19:19:23","slug":"cbd-vital-naturextrakt-oel-10-2","status":"publish","type":"product","link":"https:\/\/green.one\/de\/shop\/cbd-vital-naturextrakt-oel-10-2\/","title":{"rendered":"CBD Vital Naturextrakt  \u00d6l 10%"},"content":{"rendered":"<h6 id=\"cbd-vital-naturextrakt-l-10-der-bewhrte-klassiker\" class=\"mb-2 mt-4 [.has-inline-images_&amp;]:clear-end font-editorial font-bold text-base first:mt-0\" style=\"text-align: left\">CBD Vital <a href=\"https:\/\/green.one\/de\/produkt\/cbd\/oel\/\">Naturextrakt \u00d6l<\/a> 10% 30 ml: Der bew\u00e4hrte Klassiker f\u00fcr deine t\u00e4gliche CBD-Routine<\/h6>\n<p class=\"my-2 [&amp;+p]:mt-4 [&amp;_strong:has(+br)]:inline-block [&amp;_strong:has(+br)]:pb-2\">Du willst ein <a href=\"https:\/\/green.one\/de\/produkt\/cbd\/oel\/\">CBD-\u00d6l<\/a>, das\u00a0<strong>einfach<\/strong>\u00a0in deinen Alltag passt und dir ein konsequentes <a href=\"https:\/\/green.one\/de\/produkt\/cannabis\/\"><strong>Ritual<\/strong><\/a> leichter macht?\u00a0<strong>CBD Vital Naturextrakt \u00d6l 10%<\/strong> 30 ml wird als <a href=\"https:\/\/green.one\/de\/produkt\/cbd\/oel\/\">Bio-Vollspektrum-CBD-\u00d6l<\/a> mit 1000 mg aktiviertem CBD pro 30 ml und mild nussigem Geschmack beschrieben.<\/p>\n<p class=\"my-2 [&amp;+p]:mt-4 [&amp;_strong:has(+br)]:inline-block [&amp;_strong:has(+br)]:pb-2\">Bei green.one <a href=\"https:\/\/green.one\/de\/\">CBD Oel Shop<\/a> findest du ausgew\u00e4hlte Produkte f\u00fcr einen gr\u00fcnen <a href=\"https:\/\/green.one\/de\/produkt\/spezialisiert\/kosmetik\/\"><strong>Lifestyle<\/strong><\/a> \u2013 bequem online bestellen und ohne Umwege integrieren.<\/p>\n<h6 id=\"warum-10-fr-viele-genau-richtig-ist\" class=\"mb-2 mt-4 [.has-inline-images_&amp;]:clear-end font-editorial font-bold text-base first:mt-0\">Warum 10% f\u00fcr viele \u201egenau richtig\u201c ist<\/h6>\n<p class=\"my-2 [&amp;+p]:mt-4 [&amp;_strong:has(+br)]:inline-block [&amp;_strong:has(+br)]:pb-2\">Viele starten mit einer klaren, alltagstauglichen St\u00e4rke, die sich gut planen l\u00e4sst.<\/p>\n<p class=\"my-2 [&amp;+p]:mt-4 [&amp;_strong:has(+br)]:inline-block [&amp;_strong:has(+br)]:pb-2\"><strong>CBD Vital Naturextrakt \u00d6l 10%<\/strong> 30 mlwird als \u201eDas Original \u2013 bew\u00e4hrt seit Anfang an\u201c bezeichnet und als Bestseller gef\u00fchrt, was es f\u00fcr viele besonders attraktiv macht. Wenn du nicht st\u00e4ndig wechseln willst, sondern lieber eine Routine aufbaust, ist Best\u00e4ndigkeit oft der wichtigste Erfolgsfaktor.<span class=\"inline-flex\" aria-label=\"Your &quot;Power Words&quot; list is not even accurate - Support - Rank Math\" data-state=\"closed\">\u200b<\/span><\/p>\n<h6 id=\"was-steckt-drin-volle-transparenz-starke-qualitt\" class=\"mb-2 mt-4 [.has-inline-images_&amp;]:clear-end font-editorial font-bold text-base first:mt-0\">Was steckt drin: volle Transparenz, starke Qualit\u00e4t<\/h6>\n<p class=\"my-2 [&amp;+p]:mt-4 [&amp;_strong:has(+br)]:inline-block [&amp;_strong:has(+br)]:pb-2\">Bei\u00a0<strong>CBD Vital Naturextrakt \u00d6l 10%<\/strong>\u00a0nennt der Hersteller eine Super-Soft CO2-Extraktion, die ein hochkonzentriertes, rein nat\u00fcrlich gewonnenes <a href=\"https:\/\/green.one\/de\/\">CBD-\u00d6l<\/a> mit vollem Pflanzenstoffspektrum liefern soll.<\/p>\n<p class=\"my-2 [&amp;+p]:mt-4 [&amp;_strong:has(+br)]:inline-block [&amp;_strong:has(+br)]:pb-2\">In der Beschreibung werden u. a. Phytocannabinoide (z. B. CBD, CBG, CBN), Terpene, Omega-6-\/Omega-3-Fetts\u00e4uren und Vitamin E erw\u00e4hnt, au\u00dferdem als Tr\u00e4gerfl\u00fcssigkeit Bio-Hanfsamen\u00f6l und Bio MCT-\u00d6l. Zu den Produkteigenschaften geh\u00f6ren \u201e\u00d6l mit Pipette\u201c, \u201eVollspektrum\u201c, ca. 300 Tropfen pro 10 ml sowie 3,04 mg CBD pro Tropfen.<span class=\"inline-flex\" aria-label=\"Your &quot;Power Words&quot; list is not even accurate - Support - Rank Math\" data-state=\"closed\">\u200b<\/span><\/p>\n<h6 id=\"so-integrierst-du-cbd-vital-naturextrakt-l-10-stup\" class=\"mb-2 mt-4 [.has-inline-images_&amp;]:clear-end font-editorial font-bold text-base first:mt-0\">So integrierst du CBD Vital Naturextrakt \u00d6l 10% \u201estupid-simple\u201c<\/h6>\n<p class=\"my-2 [&amp;+p]:mt-4 [&amp;_strong:has(+br)]:inline-block [&amp;_strong:has(+br)]:pb-2\">Setze auf ein System, das du wirklich durchh\u00e4ltst: fester Zeitpunkt, kurze Routine, t\u00e4gliche Wiederholung.<\/p>\n<p class=\"my-2 [&amp;+p]:mt-4 [&amp;_strong:has(+br)]:inline-block [&amp;_strong:has(+br)]:pb-2\"><strong>CBD Vital Naturextrakt \u00d6l 10%<\/strong>\u00a0wird mit einer Verzehrempfehlung von 2 \u00d7 3 Tropfen pro Tag beschrieben, was dir eine klare Struktur gibt. Power Words wie \u201ebew\u00e4hrt\u201c, \u201eeinfach\u201c oder \u201estupid-simple\u201c sind typische Aufmerksamkeits-Trigger, die Rank Math besonders f\u00fcr Headlines empfiehlt.<span class=\"inline-flex\" aria-label=\"Your &quot;Power Words&quot; list is not even accurate - Support - Rank Math\" data-state=\"closed\">\u200b<\/span><\/p>\n<h6 id=\"jetzt-bei-greenone-entdecken-und-starten\" class=\"mb-2 mt-4 [.has-inline-images_&amp;]:clear-end font-editorial font-bold text-base first:mt-0\">Jetzt bei green.one <a href=\"https:\/\/green.one\/de\/\">CBD Oel Shop<\/a> entdecken und starten<\/h6>\n<p class=\"my-2 [&amp;+p]:mt-4 [&amp;_strong:has(+br)]:inline-block [&amp;_strong:has(+br)]:pb-2\">Wenn du heute beginnen willst statt \u201eirgendwann\u201c, ist\u00a0<strong>CBD Vital Naturextrakt \u00d6l 10%<\/strong> eine \u00fcberzeugende Wahl f\u00fcr deine Routine: klar, praktisch und gut planbar. Bei green.one <a href=\"https:\/\/green.one\/de\/\">CBD Oel Shop<\/a> kaufst du bequem online und machst bewussten Konsum angenehm unkompliziert.<span class=\"inline-flex\" aria-label=\"Home | Green.one\u00ae Premium CBD\" data-state=\"closed\">\u200b<\/span><\/p>\n<p class=\"my-2 [&amp;+p]:mt-4 [&amp;_strong:has(+br)]:inline-block [&amp;_strong:has(+br)]:pb-2\"><strong>Rechtlicher Hinweis:<\/strong> <em>Dieses Produkt ist kein Arzneimittel. Es ersetzt keine ausgewogene und abwechslungsreiche Ern\u00e4hrung und keinen gesunden Lebensstil. Bei Schwangerschaft, Stillzeit oder wenn du Medikamente einnimmst, konsultiere vor der Verwendung deinen Arzt.<\/em><\/p>\n<p>&nbsp;<\/p>\n","protected":false},"excerpt":{"rendered":"<p><strong>CBD Vital Naturextrakt \u00d6l 10%<\/strong> ist ein Bio-Vollspektrum-CBD-\u00d6l mit 1000 mg aktiviertem CBD pro 10 ml und mild nussigem Geschmack. Es wird per Super-Soft CO2-Extraktion gewonnen und enth\u00e4lt laut Hersteller ein volles Pflanzenstoffspektrum (u. a. Phytocannabinoide, Terpene, Omega-6-\/Omega-3-Fetts\u00e4uren und Vitamin E) mit Bio-Hanfsamen\u00f6l und Bio MCT-\u00d6l als Tr\u00e4ger. Ideal, wenn du eine unkomplizierte Erg\u00e4nzung f\u00fcr Wohlbefinden &amp; Vitalit\u00e4t suchst und sie einfach in deine t\u00e4gliche Routine integrieren m\u00f6chtest.<\/p>\n","protected":false},"featured_media":11203,"comment_status":"open","ping_status":"closed","template":"","meta":{"_trash_the_other_posts":false,"editor_notices":[]},"product_brand":[165],"product_cat":[151,241,264],"product_tag":[298,312,329],"class_list":{"0":"post-10980","1":"product","2":"type-product","3":"status-publish","4":"has-post-thumbnail","6":"product_brand-cbd-vital","7":"product_cat-oel","8":"product_cat-cbd-oel-10-prozent","9":"product_cat-vollspektrum","10":"product_tag-vollspectrum","11":"product_tag-cbd-oel","12":"product_tag-cbd-vital","14":"first","15":"instock","16":"sale","17":"taxable","18":"shipping-taxable","19":"purchasable","20":"product-type-simple"},"_links":{"self":[{"href":"https:\/\/green.one\/de\/wp-json\/wp\/v2\/product\/10980","targetHints":{"allow":["GET"]}}],"collection":[{"href":"https:\/\/green.one\/de\/wp-json\/wp\/v2\/product"}],"about":[{"href":"https:\/\/green.one\/de\/wp-json\/wp\/v2\/types\/product"}],"replies":[{"embeddable":true,"href":"https:\/\/green.one\/de\/wp-json\/wp\/v2\/comments?post=10980"}],"wp:featuredmedia":[{"embeddable":true,"href":"https:\/\/green.one\/de\/wp-json\/wp\/v2\/media\/11203"}],"wp:attachment":[{"href":"https:\/\/green.one\/de\/wp-json\/wp\/v2\/media?parent=10980"}],"wp:term":[{"taxonomy":"product_brand","embeddable":true,"href":"https:\/\/green.one\/de\/wp-json\/wp\/v2\/product_brand?post=10980"},{"taxonomy":"product_cat","embeddable":true,"href":"https:\/\/green.one\/de\/wp-json\/wp\/v2\/product_cat?post=10980"},{"taxonomy":"product_tag","embeddable":true,"href":"https:\/\/green.one\/de\/wp-json\/wp\/v2\/product_tag?post=10980"}],"curies":[{"name":"wp","href":"https:\/\/api.w.org\/{rel}","templated":true}]}}