{"id":10981,"date":"2024-04-25T11:54:13","date_gmt":"2024-04-25T09:54:13","guid":{"rendered":"https:\/\/green.one\/de\/?post_type=product&#038;p=10981"},"modified":"2026-03-29T22:00:11","modified_gmt":"2026-03-29T20:00:11","slug":"cbd-vital-magen-darmpflege","status":"publish","type":"product","link":"https:\/\/green.one\/de\/shop\/cbd-vital-magen-darmpflege\/","title":{"rendered":"CBD Vital Magen &amp; Darmpflege"},"content":{"rendered":"<div class=\"relative font-sans text-base text-foreground selection:bg-super\/50 selection:text-foreground dark:selection:bg-super\/10 dark:selection:text-super bg-transparent\">\n<div class=\"min-w-0 break-words [word-break:break-word]\">\n<div id=\"markdown-content-15\" class=\"gap-y-md after:clear-both after:block after:content-['']\" dir=\"auto\" data-cplx-component=\"message-block-answer\">\n<div class=\"has-inline-images my-2 first:mt-0 [&amp;:has([data-inline-type=image])+&amp;:has([data-inline-type=image])_[data-inline-type=image]]:hidden [&amp;:has(table)_[data-inline-type=image]]:hidden\">\n<div class=\"relative\">\n<h6><strong>CBD Vital Magen &amp; Darmpflege fuer <a href=\"https:\/\/green.one\/de\/produkt\/cbd-fuer-haustiere\/\">Haustiere<\/a> \u2013 Wohlbefinden garantiert<\/strong><\/h6>\n<div>\n<div class=\"relative font-sans text-base text-foreground selection:bg-super\/50 selection:text-foreground dark:selection:bg-super\/10 dark:selection:text-super bg-transparent\">\n<div class=\"min-w-0 break-words [word-break:break-word]\">\n<div id=\"markdown-content-17\" class=\"gap-y-md after:clear-both after:block after:content-['']\" dir=\"auto\" data-cplx-component=\"message-block-answer\">\n<div class=\"has-inline-images my-2 first:mt-0 [&amp;:has([data-inline-type=image])+&amp;:has([data-inline-type=image])_[data-inline-type=image]]:hidden [&amp;:has(table)_[data-inline-type=image]]:hidden\">\n<div class=\"relative\">\n<div class=\"prose dark:prose-invert inline leading-relaxed break-words min-w-0 [word-break:break-word] prose-strong:font-bold [&amp;_&gt;*:first-child]:mt-0 [&amp;_&gt;*:last-child]:mb-0\">\n<p class=\"my-2 [&amp;+p]:mt-4 [&amp;_strong:has(+br)]:inline-block [&amp;_strong:has(+br)]:pb-2\">Ihr Liebling verdient das Beste:\u00a0<strong>CBD Vital Magen &amp; Darmpflege fuer Haustiere<\/strong>\u00a0harmonisiert den Darm sensibler <a href=\"https:\/\/green.one\/de\/produkt\/cbd-fuer-haustiere\/\">Hunde<\/a> und <a href=\"https:\/\/green.one\/de\/produkt\/cbd-fuer-haustiere\/\">Katzen<\/a>. Probiotikum-Pulver mit 200 mg nat\u00fcrlichem <a href=\"https:\/\/green.one\/de\/produkt\/cbd\/oel\/\"><strong>CBD<\/strong><\/a> aus Hanfmehl f\u00fcr ein gutes Bauchgef\u00fchl.<\/p>\n<h6 id=\"die-spezielle-formel-fr-fellnasen\" class=\"mb-2 mt-4 [.has-inline-images_&amp;]:clear-end font-editorial font-bold text-lg first:mt-0 md:text-lg [hr+&amp;]:mt-4\">Die spezielle Formel f\u00fcr Fellnasen<\/h6>\n<p class=\"my-2 [&amp;+p]:mt-4 [&amp;_strong:has(+br)]:inline-block [&amp;_strong:has(+br)]:pb-2\"><strong>CBD Vital Magen &amp; Darmpflege fuer Haustiere<\/strong>\u00a0enth\u00e4lt Enterococcus faecium-Probiotika, Flohsamenschalen, Kr\u00e4uter (Pfefferminze, Yucca, Traubenkern), Pflanzenkohle, <a href=\"https:\/\/green.one\/de\/produkt\/nahrungsergaenzung\/\">Multivitamin<\/a>-Komplex und Hanfmehl. Frei von Gluten, Laktose, Fruktose, Getreide.<\/p>\n<h6 id=\"probiotika--flohsamenschalen-power\" class=\"mb-2 mt-4 [.has-inline-images_&amp;]:clear-end font-editorial font-bold text-base first:mt-0\">Probiotika &amp; Flohsamenschalen-Power<\/h6>\n<p class=\"my-2 [&amp;+p]:mt-4 [&amp;_strong:has(+br)]:inline-block [&amp;_strong:has(+br)]:pb-2\">F\u00f6rdert gute Darmkeime, reguliert Verdauung, bindet unerw\u00fcnschte Stoffe. Pr\u00e4biotische Ballaststoffe f\u00fcr schnelle Darmsanierung.<\/p>\n<h6 id=\"vorteile-der-cbd-vital-magen--darmpflege-fuer-haus\" class=\"mb-2 mt-4 [.has-inline-images_&amp;]:clear-end font-editorial font-bold text-lg first:mt-0 md:text-lg [hr+&amp;]:mt-4\">Vorteile der CBD Vital Magen &amp; Darmpflege fuer Haustiere<\/h6>\n<p class=\"my-2 [&amp;+p]:mt-4 [&amp;_strong:has(+br)]:inline-block [&amp;_strong:has(+br)]:pb-2\"><a href=\"https:\/\/green.one\/de\/produkt\/nahrungsergaenzung\/\"><strong>Optimale<\/strong><\/a> Kotkonsistenz (&#8220;Hundesackerl-tauglich&#8221;), bei Futterwechsel oder Antibiotika. 100 g Dose, hoch ergiebig. F\u00fcr sensible Tiere entwickelt.<\/p>\n<h3 id=\"dosierung-fr-hunde--katzen\" class=\"mb-2 mt-4 [.has-inline-images_&amp;]:clear-end font-editorial font-bold text-lg first:mt-0 md:text-lg [hr+&amp;]:mt-4\">Dosierung f\u00fcr Hunde &amp; Katzen<\/h3>\n<p class=\"my-2 [&amp;+p]:mt-4 [&amp;_strong:has(+br)]:inline-block [&amp;_strong:has(+br)]:pb-2\">Hunde: 1-2 g\/10 kg K\u00f6rpergewicht t\u00e4glich. Katzen: 0,5-1 g. \u00dcber Futter streuen. Langfristig einsetzbar.<\/p>\n<h6 id=\"faq\" class=\"mb-2 mt-4 [.has-inline-images_&amp;]:clear-end font-editorial font-bold text-base first:mt-0\">FAQ<\/h6>\n<p class=\"my-2 [&amp;+p]:mt-4 [&amp;_strong:has(+br)]:inline-block [&amp;_strong:has(+br)]:pb-2\"><strong>F\u00fcr welche Tiere?<\/strong>\u00a0Hunde &amp; Katzen, besonders sensible.<br \/>\n<strong>Inhaltsstoffe?<\/strong>\u00a0Probiotika, Flohsamen, Hanfmehl, <a href=\"https:\/\/green.one\/de\/produkt\/nahrungsergaenzung\/\">Vitamine<\/a>.<br \/>\n<strong>Frei von?<\/strong>\u00a0Gluten, Laktose, Getreide.<br \/>\n<strong>Wirkung?<\/strong>\u00a0Darmflora stabilisieren, Kot optimieren.<\/p>\n<p>green.one\u00ae <a href=\"https:\/\/green.one\/de\/\">CBD \u00d6l Shop<\/a> ist ein deutsches Premium-Online-Gesch\u00e4ft das eine breite Auswahl an hochwertigen CBD-Produkten f\u00fcr ganz Europa anbietet.<\/p>\n<p class=\"my-2 [&amp;+p]:mt-4 [&amp;_strong:has(+br)]:inline-block [&amp;_strong:has(+br)]:pb-2\"><strong>Rechtlicher Hinweis:<\/strong> <em>Dieses Produkt ist kein Arzneimittel. Es ersetzt keine ausgewogene und abwechslungsreiche Ern\u00e4hrung und keinen gesunden Lebensstil. Bei Schwangerschaft, Stillzeit oder wenn du Medikamente einnimmst, konsultiere vor der Verwendung deinen Arzt.<\/em><\/p>\n<\/div>\n<\/div>\n<\/div>\n<\/div>\n<\/div>\n<\/div>\n<\/div>\n<\/div>\n<\/div>\n<\/div>\n<\/div>\n<\/div>\n","protected":false},"excerpt":{"rendered":"<p><strong>CBD Vital Magen &amp; Darmpflege\u00a0 <\/strong>fuer Haustiere: Nat\u00fcrliche Kapseln mit Multispezies-Probiotika (Enterococcus faecium), Flohsamenschalen, Inulin, Hanfmehl, Kr\u00e4uterextrakt und Vitamin C.<\/p>\n<p>Unterst\u00fctzt gesunde Darmflora, reguliert Verdauung bei V\u00f6llegef\u00fchl oder Bl\u00e4hungen.<\/p>\n","protected":false},"featured_media":11249,"comment_status":"open","ping_status":"closed","template":"","meta":{"_trash_the_other_posts":false,"editor_notices":[]},"product_brand":[165],"product_cat":[159,247,248,250],"product_tag":[193,207,217,219,251],"class_list":{"0":"post-10981","1":"product","2":"type-product","3":"status-publish","4":"has-post-thumbnail","6":"product_brand-cbd-vital","7":"product_cat-cbd-fuer-haustiere","8":"product_cat-cbd-for-dogs","9":"product_cat-cbd-for-cats","10":"product_cat-cbd-for-hamster","11":"product_tag-vital","12":"product_tag-haustiere","13":"product_tag-katzen","14":"product_tag-hunde","15":"product_tag-hamster","17":"first","18":"instock","19":"sale","20":"taxable","21":"shipping-taxable","22":"purchasable","23":"product-type-simple"},"_links":{"self":[{"href":"https:\/\/green.one\/de\/wp-json\/wp\/v2\/product\/10981","targetHints":{"allow":["GET"]}}],"collection":[{"href":"https:\/\/green.one\/de\/wp-json\/wp\/v2\/product"}],"about":[{"href":"https:\/\/green.one\/de\/wp-json\/wp\/v2\/types\/product"}],"replies":[{"embeddable":true,"href":"https:\/\/green.one\/de\/wp-json\/wp\/v2\/comments?post=10981"}],"wp:featuredmedia":[{"embeddable":true,"href":"https:\/\/green.one\/de\/wp-json\/wp\/v2\/media\/11249"}],"wp:attachment":[{"href":"https:\/\/green.one\/de\/wp-json\/wp\/v2\/media?parent=10981"}],"wp:term":[{"taxonomy":"product_brand","embeddable":true,"href":"https:\/\/green.one\/de\/wp-json\/wp\/v2\/product_brand?post=10981"},{"taxonomy":"product_cat","embeddable":true,"href":"https:\/\/green.one\/de\/wp-json\/wp\/v2\/product_cat?post=10981"},{"taxonomy":"product_tag","embeddable":true,"href":"https:\/\/green.one\/de\/wp-json\/wp\/v2\/product_tag?post=10981"}],"curies":[{"name":"wp","href":"https:\/\/api.w.org\/{rel}","templated":true}]}}