{"id":10982,"date":"2024-04-25T11:55:05","date_gmt":"2024-04-25T09:55:05","guid":{"rendered":"https:\/\/green.one\/de\/?post_type=product&#038;p=10982"},"modified":"2026-03-29T19:54:26","modified_gmt":"2026-03-29T17:54:26","slug":"cbd-vital-pfotensalbe","status":"publish","type":"product","link":"https:\/\/green.one\/de\/shop\/cbd-vital-pfotensalbe\/","title":{"rendered":"CBD Vital Pfotensalbe"},"content":{"rendered":"<h6 style=\"text-align: left\">CBD Vital Pfotensalbe: Der beste Balsam f\u00fcr Ihr <a href=\"https:\/\/green.one\/de\/produkt\/cbd-fuer-haustiere\/\">Haustier<\/a><\/h6>\n<p>Pflegender Kr\u00e4uterbalsam f\u00fcr <a href=\"https:\/\/green.one\/de\/shop\/cannadol-cbd-oel-10-fuer-hunde\/\"><strong>Hunde<\/strong><\/a> und <a href=\"https:\/\/green.one\/de\/shop\/cannhelp-cat-3-cbd-aromaol-fur-katzen\/\"><strong>Katzen<\/strong><\/a>: Sch\u00fctzt Pfoten und beruhigt gestresste Haut, mit 50 mg CBD<\/p>\n<p><strong>CBD Vital Pfotensalbe<\/strong>\u00a0bietet nat\u00fcrliche Hautpflege, die dank ihrer vielen wertvollen Inhaltsstoffe nicht nur sch\u00fctzt, sondern auch pflegt.<\/p>\n<p>Arnikabl\u00fcten, Rosskastanie, Kiefernnadeln, Wacholderbeeren, Kalmuswurzel, wilder Thymian, Malve, Kamillenbl\u00fcten und Ringelblume beruhigen gestresste Pfoten und gereizte Haut schnell.<\/p>\n<p><a href=\"https:\/\/green.one\/de\/shop\/cbd-vital-hunde-relax-plus-snacks\/\"><strong>CBD<\/strong><\/a> Pfotenbalsam eignet sich nicht nur f\u00fcr verletzte Pfoten, sondern ist auch eine beliebte Wahl f\u00fcr die allgemeine Pflege und kann erfolgreich bei Sonnenbrand angewendet werden.<\/p>\n<p>Arnikabl\u00fcten, Rosskastanie, Kiefernnadeln, Wacholderbeeren, Kalmuswurzel, wilder Thymian, Malve, Kamillenbl\u00fcten und Ringelblume beruhigen gestresste Pfoten und gereizte Haut schnell.<\/p>\n<h6>Wof\u00fcr wird CBD Vital Pfotensalbe verwendet?<\/h6>\n<p>Mit 50 mg CBD<br \/>\nZum Schutz strapazierter Pfotenballen<br \/>\nZur Pflege gestresster Haut<br \/>\nZur Narbenpflege<br \/>\nBei sehr trockener, schuppiger und rissiger Haut<br \/>\nVorbeugender Schutz vor Eis, Streusalz und Kies<br \/>\nF\u00fcr Hunde unter starkem Stress (z. B. Jagdhunde)<\/p>\n<h6>Anwendung der CBD Vital Pfotensalbe:<\/h6>\n<p>Vor und nach Aktivit\u00e4ten im Freien auf die sauberen Pfoten auftragen. Bei Bedarf erneut auftragen. Da das Produkt einen leichten Fettfilm hinterlassen kann, empfiehlt es sich, es 2 Minuten einwirken zu lassen. Nach dem \u00d6ffnen k\u00fchl und trocken lagern.<\/p>\n<p><strong>ZUTATEN:<\/strong> Sonnenblumen\u00f6l*, Guinea-Butter*\/**, Lanolin*, Bienenwachs*\/**, Hanfsamen\u00f6l*\/**, geh\u00e4rtetes Pflanzen\u00f6l*, <a href=\"https:\/\/green.one\/de\/produkt\/nahrungsergaenzung\/\">Vitamin<\/a> E*, <a href=\"https:\/\/green.one\/de\/produkt\/cbd\/oel\/\">Cannabidiol<\/a>*, Ringelblumenextrakt*\/**, Rosmarinblattextrakt*\/**<\/p>\n<p>*Zutaten nat\u00fcrlichen Ursprungs (100 %)<\/p>\n<p>**Zertifizierte Bio-Zutaten (48 %)<\/p>\n<p>Ohne k\u00fcnstliche Farb-, Aroma- und chemische Zusatzstoffe, R\u00fcckst\u00e4nde oder umweltsch\u00e4dliche Substanzen. Ohne Konservierungsstoffe.<\/p>\n<p>green.one\u00ae <a href=\"https:\/\/green.one\/de\/\">CBD \u00d6l Shop<\/a> ist ein deutsches Premium-Online-Gesch\u00e4ft das eine breite Auswahl an hochwertigen CBD-Produkten f\u00fcr ganz Europa anbietet.<\/p>\n<p><strong> Rechtlicher Hinweis:<\/strong> <em>Dieses Produkt ist kein Arzneimittel. Es ersetzt keine ausgewogene und abwechslungsreiche Ern\u00e4hrung und keinen gesunden Lebensstil. Bei Schwangerschaft, Stillzeit oder wenn du Medikamente einnimmst, konsultiere vor der Verwendung deinen Arzt.<\/em><\/p>\n<p>Inhalt: 100 ml<\/p>\n<p>&nbsp;<\/p>\n","protected":false},"excerpt":{"rendered":"<p>Nat\u00fcrliche von CBD Vital Pfotensalbe mit 50 mg Cannabidiol und Hanfsamen\u00f6l. Ideal zur Pflege beanspruchter Hundepfoten bei N\u00e4sse, K\u00e4lte oder Salz \u2013 sch\u00fctzt und pflegt die empfindliche Haut sanft und nat\u00fcrlich.<\/p>\n","protected":false},"featured_media":11204,"comment_status":"open","ping_status":"closed","template":"","meta":{"_trash_the_other_posts":false,"editor_notices":[]},"product_brand":[165],"product_cat":[159,247,248,250],"product_tag":[193,207,217,219,251,323],"class_list":{"0":"post-10982","1":"product","2":"type-product","3":"status-publish","4":"has-post-thumbnail","6":"product_brand-cbd-vital","7":"product_cat-cbd-fuer-haustiere","8":"product_cat-cbd-for-dogs","9":"product_cat-cbd-for-cats","10":"product_cat-cbd-for-hamster","11":"product_tag-vital","12":"product_tag-haustiere","13":"product_tag-katzen","14":"product_tag-hunde","15":"product_tag-hamster","16":"product_tag-pfotensalbe","18":"first","19":"instock","20":"sale","21":"taxable","22":"shipping-taxable","23":"purchasable","24":"product-type-simple"},"_links":{"self":[{"href":"https:\/\/green.one\/de\/wp-json\/wp\/v2\/product\/10982","targetHints":{"allow":["GET"]}}],"collection":[{"href":"https:\/\/green.one\/de\/wp-json\/wp\/v2\/product"}],"about":[{"href":"https:\/\/green.one\/de\/wp-json\/wp\/v2\/types\/product"}],"replies":[{"embeddable":true,"href":"https:\/\/green.one\/de\/wp-json\/wp\/v2\/comments?post=10982"}],"wp:featuredmedia":[{"embeddable":true,"href":"https:\/\/green.one\/de\/wp-json\/wp\/v2\/media\/11204"}],"wp:attachment":[{"href":"https:\/\/green.one\/de\/wp-json\/wp\/v2\/media?parent=10982"}],"wp:term":[{"taxonomy":"product_brand","embeddable":true,"href":"https:\/\/green.one\/de\/wp-json\/wp\/v2\/product_brand?post=10982"},{"taxonomy":"product_cat","embeddable":true,"href":"https:\/\/green.one\/de\/wp-json\/wp\/v2\/product_cat?post=10982"},{"taxonomy":"product_tag","embeddable":true,"href":"https:\/\/green.one\/de\/wp-json\/wp\/v2\/product_tag?post=10982"}],"curies":[{"name":"wp","href":"https:\/\/api.w.org\/{rel}","templated":true}]}}