{"id":10983,"date":"2024-04-25T11:53:18","date_gmt":"2024-04-25T09:53:18","guid":{"rendered":"https:\/\/green.one\/de\/?post_type=product&#038;p=10983"},"modified":"2026-03-29T22:08:39","modified_gmt":"2026-03-29T20:08:39","slug":"cbd-vital-vitamin-d3-forte","status":"publish","type":"product","link":"https:\/\/green.one\/de\/shop\/cbd-vital-vitamin-d3-forte\/","title":{"rendered":"CBD Vital Vitamin D3 Forte"},"content":{"rendered":"<h6 style=\"text-align: left\">CBD Vital <a href=\"https:\/\/green.one\/de\/produkt\/nahrungsergaenzung\/\">Vitamin<\/a> D3 Forte f\u00fcr gezielte Anwendung \u2013 2000 IE<\/h6>\n<p><strong>CBD Vital Vitamin D3 Forte<\/strong> ist eines der am h\u00e4ufigsten fehlenden Vitamine. Obwohl der K\u00f6rper das \u201eSonnenvitamin\u201c durch UV-induzierte Vitamin-D-Synthese selbst herstellen kann, wird die k\u00f6rpereigene <a href=\"https:\/\/green.one\/de\/produkt\/nahrungsergaenzung\/\">Vitamin-D<\/a>-Produktion durch viele andere Faktoren (z. B. Sonnenschutzmittel, Medikamente, Jahreszeit, Alter, Wetterbedingungen) beeintr\u00e4chtigt.<\/p>\n<p>Daher ist es umso wichtiger, den Vitamin-D-Spiegel zu \u00fcberwachen. Eine Supplementierung ist besonders in den k\u00e4lteren Monaten zwischen Oktober und April wichtig, da der flache Sonnenstand die <a href=\"https:\/\/green.one\/de\/produkt\/nahrungsergaenzung\/\">Vitamin-D3<\/a>&#8211;<a href=\"https:\/\/green.one\/de\/produkt\/cbd\/oel\/\"><strong>Produktion<\/strong><\/a> \u00fcber die Haut hemmt.<\/p>\n<p>Vitamin D tr\u00e4gt zu einer normalen Funktion des <a href=\"https:\/\/green.one\/de\/produkt\/nahrungsergaenzung\/\"><strong>Immunsystems<\/strong><\/a> bei. Es ist an der Mineralisierung von Knochen und Z\u00e4hnen beteiligt, da es die normale Aufnahme von Kalzium und Phosphor im Darm f\u00f6rdert und die Kalziumausscheidung \u00fcber die Nieren reduziert.<\/p>\n<p>Neben dem Erhalt einer normalen Knochenmasse spielt es auch eine Rolle f\u00fcr die normale <a href=\"https:\/\/green.one\/de\/produkt\/spezialisiert\/kosmetik\/koerperpflege\/\"><strong>Muskelfunktion.<\/strong><\/a><\/p>\n<p>Unser CBD Vital Vitamin D3 Forte sorgt f\u00fcr eine ausreichende und dosierte Vitamin-D3-Zufuhr, nicht nur in der kalten Jahreszeit.<\/p>\n<h6>CBD Vital Vitamin D3 Forte \u2013 das Sonnenvitamin in Kapseln<\/h6>\n<p>Enth\u00e4lt 2000 IE (50 \u00b5g Vitamin D3) pro Kapsel<br \/>\nFrei von Laktose, Fruktose und Gluten<br \/>\nIdeal f\u00fcr unterwegs<br \/>\nOptimale Zusammensetzung<br \/>\nMit schwarzem Pfeffer f\u00fcr eine bessere Aufnahme<\/p>\n<h6>Welche gesundheitlichen Vorteile bietet CBD Vital Vitamin D3 Forte?<\/h6>\n<p>Tr\u00e4gt zur normalen Aufnahme und Verwertung von Kalzium und Phosphor sowie zu einem normalen Kalziumspiegel im Blut bei.<br \/>\nTr\u00e4gt zu einer normalen Muskelfunktion bei.<\/p>\n<p>Tr\u00e4gt zur Mineralisierung von Knochen und Z\u00e4hnen bei.<\/p>\n<p>Tr\u00e4gt zu einer normalen Funktion des Immunsystems bei.<\/p>\n<p>Spielt eine Rolle bei der Zellteilung.<\/p>\n<p>Zutaten: Tagesdosis (1 Kapsel) % NRV*: <a href=\"https:\/\/green.one\/de\/produkt\/nahrungsergaenzung\/\">Vitamin D<\/a> \u2013 2000 IE 50 \u00b5g 1000 % Calcium 176 mg 22 % Schwarzer Pfeffer 10,5 mg \u2013 davon Piperin 10 mg \u2013 *NRV = N\u00e4hrstoffbezugswerte gem\u00e4\u00df Verordnung (EU) Nr. 1169\/2011.<\/p>\n<p>Zutaten: Calciumcarbonat, \u00dcberzugsmittel: Hydroxypropylmethylcellulose (vegetarische Kapselh\u00fclle), Cholecalciferol, Schwarzer-Pfeffer-Fruchtextrakt (Piper nigrum; 95 % Piperin).<\/p>\n<p>Empfohlene Tagesdosis: 1 Kapsel alle 5 Tage mit reichlich Fl\u00fcssigkeit einnehmen.<\/p>\n<p>green.one\u00ae <a href=\"https:\/\/green.one\/de\/\">CBD \u00d6l Shop<\/a> ist ein deutsches Premium-Online-Gesch\u00e4ft das eine breite Auswahl an hochwertigen CBD-Produkten f\u00fcr ganz Europa anbietet.<\/p>\n<p><strong>Rechtlicher Hinweis:<\/strong> <em>Dieses Produkt ist kein Arzneimittel. Es ersetzt keine ausgewogene und abwechslungsreiche Ern\u00e4hrung und keinen gesunden Lebensstil. Bei Schwangerschaft, Stillzeit oder wenn du Medikamente einnimmst, konsultiere vor der Verwendung deinen Arzt.<\/em><\/p>\n<p>&nbsp;<\/p>\n","protected":false},"excerpt":{"rendered":"<p><strong>CBD Vital Vitamin D3 Forte<\/strong> bietet hochwertige Vitamin-D3-Unterst\u00fctzung f\u00fcr Ihre t\u00e4gliche Wellness-Routine. Ideal f\u00fcr aktive Tage und nat\u00fcrliche Balance \u2013 laborgepr\u00fcft und voll EU-konform. Perfekt als Erg\u00e4nzung zu Ihrem Lifestyle.<\/p>\n","protected":false},"featured_media":11144,"comment_status":"open","ping_status":"closed","template":"","meta":{"_trash_the_other_posts":false,"editor_notices":[]},"product_brand":[165],"product_cat":[328],"product_tag":[295,329,338],"class_list":{"0":"post-10983","1":"product","2":"type-product","3":"status-publish","4":"has-post-thumbnail","6":"product_brand-cbd-vital","7":"product_cat-nahrungsergaenzung","8":"product_tag-nahrungsergaenzungsmittel","9":"product_tag-cbd-vital","10":"product_tag-vitamin-d","12":"first","13":"instock","14":"sale","15":"taxable","16":"shipping-taxable","17":"purchasable","18":"product-type-simple"},"_links":{"self":[{"href":"https:\/\/green.one\/de\/wp-json\/wp\/v2\/product\/10983","targetHints":{"allow":["GET"]}}],"collection":[{"href":"https:\/\/green.one\/de\/wp-json\/wp\/v2\/product"}],"about":[{"href":"https:\/\/green.one\/de\/wp-json\/wp\/v2\/types\/product"}],"replies":[{"embeddable":true,"href":"https:\/\/green.one\/de\/wp-json\/wp\/v2\/comments?post=10983"}],"wp:featuredmedia":[{"embeddable":true,"href":"https:\/\/green.one\/de\/wp-json\/wp\/v2\/media\/11144"}],"wp:attachment":[{"href":"https:\/\/green.one\/de\/wp-json\/wp\/v2\/media?parent=10983"}],"wp:term":[{"taxonomy":"product_brand","embeddable":true,"href":"https:\/\/green.one\/de\/wp-json\/wp\/v2\/product_brand?post=10983"},{"taxonomy":"product_cat","embeddable":true,"href":"https:\/\/green.one\/de\/wp-json\/wp\/v2\/product_cat?post=10983"},{"taxonomy":"product_tag","embeddable":true,"href":"https:\/\/green.one\/de\/wp-json\/wp\/v2\/product_tag?post=10983"}],"curies":[{"name":"wp","href":"https:\/\/api.w.org\/{rel}","templated":true}]}}