{"id":10995,"date":"2024-04-25T12:02:47","date_gmt":"2024-04-25T10:02:47","guid":{"rendered":"https:\/\/green.one\/de\/?post_type=product&#038;p=10995"},"modified":"2026-03-29T18:45:30","modified_gmt":"2026-03-29T16:45:30","slug":"cbd-vital-handcreme-2","status":"publish","type":"product","link":"https:\/\/green.one\/de\/shop\/cbd-vital-handcreme-2\/","title":{"rendered":"CBD Vital Handcreme"},"content":{"rendered":"<h6 style=\"text-align: left\">CBD Vital <a href=\"https:\/\/green.one\/de\/produkt\/spezialisiert\/kosmetik\/\">Handcreme<\/a> \u2013 Sch\u00fctzt und pflegt<\/h6>\n<p>Die <a href=\"https:\/\/green.one\/de\/produkt\/spezialisiert\/kosmetik\/\">CBD-Handcreme<\/a> von CBD Vital unterst\u00fctzt die nat\u00fcrliche Schutzbarriere der Haut. Diese zertifizierte Handcreme verleiht trockenen, strapazierten H\u00e4nden neue Elastizit\u00e4t.<\/p>\n<p>Die schnell einziehende Handcreme beruhigt raue, rissige H\u00e4nde und lindert sie rasch. Sie hinterl\u00e4sst einen angenehm leichten Schutzfilm, und der Duft von Aloe Vera, Kamille und Sheabutter sorgt f\u00fcr ein wohliges Gef\u00fchl beim Auftragen.<\/p>\n<p>Die <a href=\"https:\/\/green.one\/de\/produkt\/spezialisiert\/kosmetik\/\"><strong>Creme<\/strong><\/a> spendet Feuchtigkeit und wirkt regenerierend. Dank ihrer speziellen Kombination aktiver Inhaltsstoffe bietet die nat\u00fcrliche Formel eine besonders sanfte und effektive Pflege.<\/p>\n<p>Neben traditionellen Heilpflanzen enth\u00e4lt sie hochwertige<a href=\"https:\/\/green.one\/de\/produkt\/cbd-oel-melatonin\/\"><strong> nat\u00fcrliche<\/strong><\/a> Inhaltsstoffe. Sie ist frei von Paraffin, Silikonen, Mineral\u00f6len, PEGs, Sulfaten und Parabenen.<\/p>\n<p>Die<strong> CBD Vital Handcreme<\/strong> beruhigt raue, rissige H\u00e4nde und lindert sie rasch. Sch\u00fctzt die nat\u00fcrliche Hautbarriere.<br \/>\nF\u00f6rdert die Regeneration trockener und rissiger H\u00e4nde.<br \/>\nSpendet Lipide und Feuchtigkeit.<br \/>\nBeruhigt die Haut und ist gut vertr\u00e4glich.<br \/>\nWirksame kosmetische Pflege.<br \/>\nOhne k\u00fcnstliche Zusatzstoffe.<br \/>\nF\u00fcr gereizte, empfindliche und ger\u00f6tete <a href=\"https:\/\/green.one\/de\/produkt\/spezialisiert\/kosmetik\/\">H\u00e4nde<\/a>.<\/p>\n<p>Anwendung der <strong>CBD Vital <a href=\"https:\/\/green.one\/de\/produkt\/spezialisiert\/kosmetik\/\">Handcreme<\/a><\/strong>:<\/p>\n<p>Tragen Sie die <a href=\"https:\/\/green.one\/de\/produkt\/spezialisiert\/kosmetik\/\">Creme<\/a> zweimal t\u00e4glich sorgf\u00e4ltig auf Ihre H\u00e4nde auf.<\/p>\n<p>Inhaltsstoffe: <a href=\"https:\/\/green.one\/de\/produkt\/cbd\/oel\/\">Cannabidiol<\/a> (100 mg), Aloe vera, Hanfsamen\u00f6l, ExpoZen\u00ae aus Halymenia-Rotalgen, Bisabolol, Dexpanthenol, Vitamin E, Xymelys 45\u00ae aus Ximenia-Rinde<\/p>\n<p>INHALTSSTOFFE: Wasser*, Aloe-vera-Blattsaft*\/**, Macadamia-integrifolia-Samen\u00f6l*, Dicaprylylether*, Sheabutter*\/**, Glycerin*\/**, Cetearylglucosid*, Sorbitanolivat*, Hanfsamen\u00f6l*\/**, Cetearylalkohol*, Panthenol, hydrolysierter Rhodophyceae-Extrakt*, Ximenia-americana-Rindenextrakt*, hydrolysiertes Pflanzenprotein*, Cannabidiol*, Glycerylstearatcitrat*, Propandiol*, Ethylhexylolivat, geh\u00e4rtetes Oliven\u00f6l*, geh\u00e4rtetes Oliven\u00f6l, unverseifbare Bestandteile* Tocopherylacetat (stabiles Vitamin E), Glycerylcaprylat*, Duftstoff (nat\u00fcrlich)*, Guarkernmehl*, Xanthan*, Natriumstearoylglutamat*, Bisabolol*, Allantoin, Dehydroessigs\u00e4ure, Natriumlevulinat*, Kaliumsorbat, Natriumbenzoat, Zitronens\u00e4ure*, Natriumphytat*, Litsea-cubeba-Frucht\u00f6l*, Benzylalkohol, Citral***, Limonen***, Geraniol***, Linalool***<\/p>\n<p>* Inhaltsstoffe nat\u00fcrlichen Ursprungs (96,5 %)<\/p>\n<p>** Inhaltsstoffe aus biologischem Anbau (24,5 %)<\/p>\n<p>*** Bestandteile aus nat\u00fcrlichen \u00e4therischen \u00d6len und Duftstoffen<\/p>\n<p>green.one\u00ae <a href=\"https:\/\/green.one\/de\/\">CBD \u00d6l Shop<\/a> ist ein deutsches Premium-Online-Gesch\u00e4ft das eine breite Auswahl an hochwertigen CBD-Produkten f\u00fcr ganz Europa anbietet.<\/p>\n<p><strong>Rechtlicher Hinweis:<\/strong> <em>Dieses Produkt ist kein Arzneimittel. Es ersetzt keine ausgewogene und abwechslungsreiche Ern\u00e4hrung und keinen gesunden Lebensstil. Bei Schwangerschaft, Stillzeit oder wenn du Medikamente einnimmst, konsultiere vor der Verwendung deinen Arzt.<\/em><\/p>\n<p>Inhalt: 50 ml<\/p>\n<h2 style=\"text-align: center\"><\/h2>\n","protected":false},"excerpt":{"rendered":"<p class=\"my-2 [&amp;+p]:mt-4 [&amp;_strong:has(+br)]:inline-block [&amp;_strong:has(+br)]:pb-2\">CBD Vital Handcreme mit 100 mg reinem Cannabidiol (CBD), Aloe Vera, Hanfsamen\u00f6l und pflegenden Inhaltsstoffen wie Dexpanthenol, Bisabolol und Vitamin E spendet intensiv Feuchtigkeit und unterst\u00fctzt ein geschmeidiges Hautgef\u00fchl.<\/p>\n<p class=\"my-2 [&amp;+p]:mt-4 [&amp;_strong:has(+br)]:inline-block [&amp;_strong:has(+br)]:pb-2\">Ideal f\u00fcr trockene, raue oder beanspruchte H\u00e4nde \u2013 schnell einziehend ohne Film, beruhigend bei R\u00f6tungen. Zertifizierte Bio-Naturkosmetik, 96,5% nat\u00fcrlichen Ursprungs, vegan und hypoallergen. 50 ml f\u00fcr die t\u00e4gliche Pflegeroutine.<\/p>\n","protected":false},"featured_media":11079,"comment_status":"open","ping_status":"closed","template":"","meta":{"_trash_the_other_posts":false,"editor_notices":[]},"product_brand":[165],"product_cat":[157,272],"product_tag":[190,191,193,210],"class_list":{"0":"post-10995","1":"product","2":"type-product","3":"status-publish","4":"has-post-thumbnail","6":"product_brand-cbd-vital","7":"product_cat-kosmetik","8":"product_cat-koerperpflege","9":"product_tag-creme","10":"product_tag-hand","11":"product_tag-vital","12":"product_tag-kosmetik","14":"first","15":"instock","16":"sale","17":"taxable","18":"shipping-taxable","19":"purchasable","20":"product-type-simple"},"_links":{"self":[{"href":"https:\/\/green.one\/de\/wp-json\/wp\/v2\/product\/10995","targetHints":{"allow":["GET"]}}],"collection":[{"href":"https:\/\/green.one\/de\/wp-json\/wp\/v2\/product"}],"about":[{"href":"https:\/\/green.one\/de\/wp-json\/wp\/v2\/types\/product"}],"replies":[{"embeddable":true,"href":"https:\/\/green.one\/de\/wp-json\/wp\/v2\/comments?post=10995"}],"wp:featuredmedia":[{"embeddable":true,"href":"https:\/\/green.one\/de\/wp-json\/wp\/v2\/media\/11079"}],"wp:attachment":[{"href":"https:\/\/green.one\/de\/wp-json\/wp\/v2\/media?parent=10995"}],"wp:term":[{"taxonomy":"product_brand","embeddable":true,"href":"https:\/\/green.one\/de\/wp-json\/wp\/v2\/product_brand?post=10995"},{"taxonomy":"product_cat","embeddable":true,"href":"https:\/\/green.one\/de\/wp-json\/wp\/v2\/product_cat?post=10995"},{"taxonomy":"product_tag","embeddable":true,"href":"https:\/\/green.one\/de\/wp-json\/wp\/v2\/product_tag?post=10995"}],"curies":[{"name":"wp","href":"https:\/\/api.w.org\/{rel}","templated":true}]}}