{"id":10997,"date":"2024-04-25T11:50:54","date_gmt":"2024-04-25T09:50:54","guid":{"rendered":"https:\/\/green.one\/de\/?post_type=product&#038;p=10997"},"modified":"2026-03-19T23:43:10","modified_gmt":"2026-03-19T21:43:10","slug":"cbd-vital-hanf-beauty-formel","status":"publish","type":"product","link":"https:\/\/green.one\/de\/shop\/cbd-vital-hanf-beauty-formel\/","title":{"rendered":"CBD Vital Hanf Beauty-Formel"},"content":{"rendered":"<h1 id=\"\" class=\"font-editorial first:mt-xs mb-2 mt-4 [.has-inline-images_&amp;]:clear-end font-bold text-lg leading-[1.5em] lg:text-xl\" style=\"text-align: center\"><strong>CBD Vital Hanf Beauty-Formel: Revolutioniere deinen Glow von Innen!<\/strong><\/h1>\n<p class=\"my-2 [&amp;+p]:mt-4 [&amp;_strong:has(+br)]:inline-block [&amp;_strong:has(+br)]:pb-2\"><strong>Entdecke<\/strong>\u00a0die\u00a0<strong>ultimative<\/strong>\u00a0Sch\u00f6nheitswaffe: Die\u00a0<strong>CBD Vital Hanf Beauty-Formel<\/strong>\u00a0bringt Strahlkraft in deine Routine! Als\u00a0<strong>powerfules<\/strong>\u00a0Nahrungserg\u00e4nzungsmittel pflegt es Haut, Haare und N\u00e4gel \u2013\u00a0<strong>nat\u00fcrlich und effektiv<\/strong>.<\/p>\n<h2 class=\"mb-2 mt-4 [.has-inline-images_&amp;]:clear-end font-editorial font-bold text-lg first:mt-0 md:text-lg [hr+&amp;]:mt-4\"><strong>Was ist die CBD Vital Hanf Beauty-Formel?<\/strong><\/h2>\n<p class=\"my-2 [&amp;+p]:mt-4 [&amp;_strong:has(+br)]:inline-block [&amp;_strong:has(+br)]:pb-2\">Die\u00a0<strong>CBD Vital Hanf Beauty-Formel<\/strong>\u00a0ist Sch\u00f6nheitspflege von innen mit\u00a0<strong>Vitaminen, Spurenelementen, Q-10, Hyalurons\u00e4ure und Pflanzenstoffen<\/strong>.<\/p>\n<p class=\"my-2 [&amp;+p]:mt-4 [&amp;_strong:has(+br)]:inline-block [&amp;_strong:has(+br)]:pb-2\">Sie versorgt deinen K\u00f6rper mit Bausteinen f\u00fcr\u00a0<strong>normales Bindegewebe<\/strong>, kr\u00e4ftige Haare und starke N\u00e4gel. Erg\u00e4nzt durch ausgew\u00e4hlte Mikron\u00e4hrstoffe und Pflanzenextrakte \u2013 eine\u00a0<strong>ideal dosierte Komplettformel<\/strong>\u00a0aus hautaffinen N\u00e4hrstoffen.<\/p>\n<p class=\"my-2 [&amp;+p]:mt-4 [&amp;_strong:has(+br)]:inline-block [&amp;_strong:has(+br)]:pb-2\">Von CBD Vital: Reine <a href=\"https:\/\/green.one\/de\/produkt\/cannabis\/\"><strong>Qualit\u00e4t<\/strong><\/a> f\u00fcr sichtbare Ergebnisse!<\/p>\n<h2 class=\"mb-2 mt-4 [.has-inline-images_&amp;]:clear-end font-editorial font-bold text-lg first:mt-0 md:text-lg [hr+&amp;]:mt-4\"><strong>Die strahlenden Vorteile der CBD Vital Hanf Beauty-Formel<\/strong><\/h2>\n<p class=\"my-2 [&amp;+p]:mt-4 [&amp;_strong:has(+br)]:inline-block [&amp;_strong:has(+br)]:pb-2\"><strong>Booste<\/strong>\u00a0deinen Beauty-Look mit diesen\u00a0<strong><a href=\"https:\/\/green.one\/de\/produkt\/nahrungsergaenzung\/\">explosiven<\/a><\/strong>\u00a0Effekten:<\/p>\n<ul class=\"marker:text-quiet list-disc\">\n<li class=\"py-0 my-0 prose-p:pt-0 prose-p:mb-2 prose-p:my-0 [&amp;&gt;p]:pt-0 [&amp;&gt;p]:mb-2 [&amp;&gt;p]:my-0\">\n<p class=\"my-2 [&amp;+p]:mt-4 [&amp;_strong:has(+br)]:inline-block [&amp;_strong:has(+br)]:pb-2\"><strong>Hyalurons\u00e4ure-Power<\/strong>: F\u00fcr mehr Feuchtigkeit und jugendliche Haut.<\/p>\n<\/li>\n<li class=\"py-0 my-0 prose-p:pt-0 prose-p:mb-2 prose-p:my-0 [&amp;&gt;p]:pt-0 [&amp;&gt;p]:mb-2 [&amp;&gt;p]:my-0\">\n<p class=\"my-2 [&amp;+p]:mt-4 [&amp;_strong:has(+br)]:inline-block [&amp;_strong:has(+br)]:pb-2\"><strong>Q-10 &amp; Vitamine<\/strong>: Sch\u00fctzen Zellen, f\u00f6rdern Glanz und Elastizit\u00e4t.<\/p>\n<\/li>\n<li class=\"py-0 my-0 prose-p:pt-0 prose-p:mb-2 prose-p:my-0 [&amp;&gt;p]:pt-0 [&amp;&gt;p]:mb-2 [&amp;&gt;p]:my-0\">\n<p class=\"my-2 [&amp;+p]:mt-4 [&amp;_strong:has(+br)]:inline-block [&amp;_strong:has(+br)]:pb-2\"><strong>Pflanzenextrakte<\/strong>: St\u00e4rken Haare und N\u00e4gel von der Wurzel.<\/p>\n<\/li>\n<li class=\"py-0 my-0 prose-p:pt-0 prose-p:mb-2 prose-p:my-0 [&amp;&gt;p]:pt-0 [&amp;&gt;p]:mb-2 [&amp;&gt;p]:my-0\">\n<p class=\"my-2 [&amp;+p]:mt-4 [&amp;_strong:has(+br)]:inline-block [&amp;_strong:has(+br)]:pb-2\"><strong>Komplettformel<\/strong>: Alles in einer \u2013\u00a0<strong>einfach, wirksam, nat\u00fcrlich<\/strong>!<\/p>\n<\/li>\n<\/ul>\n<p class=\"my-2 [&amp;+p]:mt-4 [&amp;_strong:has(+br)]:inline-block [&amp;_strong:has(+br)]:pb-2\">Nutzer berichten: Weichere Haut, gl\u00e4nzendere Haare und st\u00e4rkere N\u00e4gel. Die <strong>\u00a0Hanf Beauty-Formel<\/strong>\u00a0ist dein\u00a0<strong>geheimer Glow-Boost<\/strong>!<\/p>\n<h2 class=\"mb-2 mt-4 [.has-inline-images_&amp;]:clear-end font-editorial font-bold text-lg first:mt-0 md:text-lg [hr+&amp;]:mt-4\"><strong>So integrierst du die Hanf Beauty-Formel<\/strong><\/h2>\n<p class=\"my-2 [&amp;+p]:mt-4 [&amp;_strong:has(+br)]:inline-block [&amp;_strong:has(+br)]:pb-2\"><strong>T\u00e4glich revolution\u00e4r<\/strong>\u00a0einfach: 1-2 Kapseln mit Wasser. Kombiniere mit ausgewogener Ern\u00e4hrung f\u00fcr maximale Wirkung. Praktische Verpackung \u2013 perfekt f\u00fcr unterwegs. Bei green.one\u00ae: Frisch und schnell geliefert.<\/p>\n<h2 class=\"mb-2 mt-4 [.has-inline-images_&amp;]:clear-end font-editorial font-bold text-lg first:mt-0 md:text-lg [hr+&amp;]:mt-4\"><strong>Warum Hanf Beauty-Formel bei <a href=\"https:\/\/green.one\/de\/\">green.one\u00ae<\/a> kaufen?<\/strong><\/h2>\n<p class=\"my-2 [&amp;+p]:mt-4 [&amp;_strong:has(+br)]:inline-block [&amp;_strong:has(+br)]:pb-2\"><strong>Top-Transparenz<\/strong>\u00a0garantiert: Bio-zertifiziert, laborgepr\u00fcft und EU-konform.\u00a0<strong>Sichere Zahlung<\/strong>, Tipps f\u00fcr Beauty-Routinen und\u00a0<strong>RankMath-optimierte Seiten<\/strong>.\u00a0<strong>Bestelle jetzt<\/strong>\u00a0und strahle wie nie!<\/p>\n<p class=\"my-2 [&amp;+p]:mt-4 [&amp;_strong:has(+br)]:inline-block [&amp;_strong:has(+br)]:pb-2\"><strong>Rechtlicher Hinweis:<\/strong> <em>Dieses Produkt ist kein Arzneimittel. Es ersetzt keine ausgewogene und abwechslungsreiche Ern\u00e4hrung und keinen gesunden Lebensstil. Bei Schwangerschaft, Stillzeit oder wenn du Medikamente einnimmst, konsultiere vor der Verwendung deinen Arzt.<\/em><\/p>\n<hr class=\"bg-quiet h-px border-0\" \/>\n<p>&nbsp;<\/p>\n","protected":false},"excerpt":{"rendered":"<p><strong>CBD Vital Hanf Beauty-Formel:<\/strong> Sch\u00f6nheit von innen! Mit Vitaminen, Spurenelementen, Q-10, Hyalurons\u00e4ure &amp; Pflanzenstoffen. Unterst\u00fctzt Bindegewebe, kr\u00e4ftige Haare &amp; N\u00e4gel. Ideale Komplettformel aus hautaffinen N\u00e4hrstoffen \u2013 nat\u00fcrlicher Glow-Boost. Bei green.one\u00ae: Reine Qualit\u00e4t f\u00fcr strahlende Ergebnisse!<\/p>\n","protected":false},"featured_media":11092,"comment_status":"open","ping_status":"closed","template":"","meta":{"_trash_the_other_posts":false,"editor_notices":[]},"product_brand":[165],"product_cat":[328],"product_tag":[193,253,294,295],"class_list":{"0":"post-10997","1":"product","2":"type-product","3":"status-publish","4":"has-post-thumbnail","6":"product_brand-cbd-vital","7":"product_cat-nahrungsergaenzung","8":"product_tag-vital","9":"product_tag-cbd","10":"product_tag-kapsel","11":"product_tag-nahrungsergaenzungsmittel","13":"first","14":"instock","15":"sale","16":"taxable","17":"shipping-taxable","18":"purchasable","19":"product-type-simple"},"_links":{"self":[{"href":"https:\/\/green.one\/de\/wp-json\/wp\/v2\/product\/10997","targetHints":{"allow":["GET"]}}],"collection":[{"href":"https:\/\/green.one\/de\/wp-json\/wp\/v2\/product"}],"about":[{"href":"https:\/\/green.one\/de\/wp-json\/wp\/v2\/types\/product"}],"replies":[{"embeddable":true,"href":"https:\/\/green.one\/de\/wp-json\/wp\/v2\/comments?post=10997"}],"wp:featuredmedia":[{"embeddable":true,"href":"https:\/\/green.one\/de\/wp-json\/wp\/v2\/media\/11092"}],"wp:attachment":[{"href":"https:\/\/green.one\/de\/wp-json\/wp\/v2\/media?parent=10997"}],"wp:term":[{"taxonomy":"product_brand","embeddable":true,"href":"https:\/\/green.one\/de\/wp-json\/wp\/v2\/product_brand?post=10997"},{"taxonomy":"product_cat","embeddable":true,"href":"https:\/\/green.one\/de\/wp-json\/wp\/v2\/product_cat?post=10997"},{"taxonomy":"product_tag","embeddable":true,"href":"https:\/\/green.one\/de\/wp-json\/wp\/v2\/product_tag?post=10997"}],"curies":[{"name":"wp","href":"https:\/\/api.w.org\/{rel}","templated":true}]}}