{"id":11005,"date":"2024-04-25T11:57:43","date_gmt":"2024-04-25T09:57:43","guid":{"rendered":"https:\/\/green.one\/de\/?post_type=product&#038;p=11005"},"modified":"2026-03-29T19:06:00","modified_gmt":"2026-03-29T17:06:00","slug":"cbd-vital-naturextrakt-oel-5","status":"publish","type":"product","link":"https:\/\/green.one\/de\/shop\/cbd-vital-naturextrakt-oel-5\/","title":{"rendered":"CBD Vital Naturextrakt \u00d6l 5%"},"content":{"rendered":"<p>&nbsp;<\/p>\n<div class=\"relative font-sans text-base text-foreground selection:bg-super\/50 selection:text-foreground dark:selection:bg-super\/10 dark:selection:text-super\">\n<div class=\"min-w-0 break-words [word-break:break-word]\">\n<div id=\"markdown-content-23\" class=\"gap-y-md after:clear-both after:block after:content-['']\" dir=\"auto\" data-cplx-component=\"message-block-answer\">\n<div class=\"has-inline-images my-2 first:mt-0 [&amp;:has([data-inline-type=image])+&amp;:has([data-inline-type=image])_[data-inline-type=image]]:hidden [&amp;:has(table)_[data-inline-type=image]]:hidden\">\n<div class=\"prose dark:prose-invert inline leading-relaxed break-words min-w-0 [word-break:break-word] prose-strong:font-bold [&amp;_&gt;*:first-child]:mt-0 [&amp;_&gt;*:last-child]:mb-0\">\n<h6 id=\"cbd-vital-naturextrakt-l-5-der-perfekte-einfache-e\" class=\"mb-2 mt-4 [.has-inline-images_&amp;]:clear-end font-editorial font-bold text-base first:mt-0\" style=\"text-align: left\">CBD Vital <a href=\"https:\/\/green.one\/de\/produkt\/cbd\/oel\/\">Naturextrakt \u00d6l<\/a> 5%: Der perfekte, einfache Einstieg in deine CBD-Routine<\/h6>\n<p class=\"my-2 [&amp;+p]:mt-4 [&amp;_strong:has(+br)]:inline-block [&amp;_strong:has(+br)]:pb-2\">Du willst CBD unkompliziert in deinen Alltag integrieren \u2013 ohne R\u00e4tselraten und ohne \u00fcbertriebene Versprechen?\u00a0<strong>CBD Vital Naturextrakt \u00d6l 5%<\/strong>\u00a0ist als <a href=\"https:\/\/green.one\/de\/produkt\/vollspektrum\/\"><strong>Bio-Vollspektrum<\/strong><\/a>&#8211;<a href=\"https:\/\/green.one\/de\/produkt\/cbd\/oel\/\">CBD-\u00d6l<\/a> mit 500 mg CBD pro 10 ml beschrieben und eignet sich laut Produktpositionierung besonders gut als alltagstaugliche Wahl f\u00fcr Ausgleich und Balance. Bei green.one <a href=\"https:\/\/green.one\/de\/\">CBD Oel Shop<\/a> findest du genau solche Produkte: bewusst ausgew\u00e4hlt, bequem online bestellbar und passend zu einem gr\u00fcnen <a href=\"https:\/\/green.one\/de\/produkt\/spezialisiert\/kosmetik\/\"><strong>Lifestyle.<\/strong><\/a><\/p>\n<h6 id=\"warum-5-fr-viele-die-smarte-wahl-ist\" class=\"mb-2 mt-4 [.has-inline-images_&amp;]:clear-end font-editorial font-bold text-base first:mt-0\">Warum 5% f\u00fcr viele die smarte Wahl ist<\/h6>\n<p class=\"my-2 [&amp;+p]:mt-4 [&amp;_strong:has(+br)]:inline-block [&amp;_strong:has(+br)]:pb-2\">Gerade am Anfang z\u00e4hlt vor allem eins: eine Routine, die du wirklich durchziehst.\u00a0<strong>CBD Vital Naturextrakt \u00d6l 5%<\/strong> wird als \u00d6l mit Pipette mit mild nussigem Geschmack beschrieben und ist damit leicht in ein t\u00e4gliches<a href=\"https:\/\/green.one\/de\/produkt\/cannabis\/\"><strong> Ritual<\/strong> <\/a>integrierbar. <span class=\"inline-flex\" aria-label=\"Your &quot;Power Words&quot; list is not even accurate - Support - Rank Math\" data-state=\"closed\">\u200b<\/span><\/p>\n<h6 id=\"was-macht-cbd-vital-naturextrakt-l-5-besonders\" class=\"mb-2 mt-4 [.has-inline-images_&amp;]:clear-end font-editorial font-bold text-base first:mt-0\">Was macht CBD Vital <a href=\"https:\/\/green.one\/de\/produkt\/cbd\/oel\/\">Naturextrakt \u00d6l<\/a> 5% besonders?<\/h6>\n<p class=\"my-2 [&amp;+p]:mt-4 [&amp;_strong:has(+br)]:inline-block [&amp;_strong:has(+br)]:pb-2\">Bei diesem \u00d6l stehen Bio-Qualit\u00e4t und <a href=\"https:\/\/green.one\/de\/produkt\/vollspektrum\/\">Vollspektrum<\/a> im Mittelpunkt.\u00a0<strong>CBD Vital Naturextrakt \u00d6l 5%<\/strong>\u00a0wird mit <a href=\"https:\/\/green.one\/de\/produkt\/cbd\/oel\/\">Bio-Hanfsamen\u00f6l<\/a> (und Bio MCT-\u00d6l) als Tr\u00e4ger, Super-Soft CO2-Extraktion sowie dem vollen Pflanzenstoffspektrum (u. a. Phytocannabinoide, Terpene, Omega-6-\/Omega-3-Fetts\u00e4uren und <a href=\"https:\/\/green.one\/de\/produkt\/nahrungsergaenzung\/\">Vitamin E<\/a>) beschrieben. Au\u00dferdem nennt der Hersteller als Vorteile u. a. \u201ehoher Terpen-Entourage-Effekt\u201c sowie \u201e100% Bio zertifiziert\u201c.<span class=\"inline-flex\" aria-label=\"Your &quot;Power Words&quot; list is not even accurate - Support - Rank Math\" data-state=\"closed\">\u200b<\/span><\/p>\n<h6 id=\"so-baust-du-eine-effektive-routine-auf-ohne-stress\" class=\"mb-2 mt-4 [.has-inline-images_&amp;]:clear-end font-editorial font-bold text-base first:mt-0\">So baust du eine effektive Routine auf (ohne Stress)<\/h6>\n<p class=\"my-2 [&amp;+p]:mt-4 [&amp;_strong:has(+br)]:inline-block [&amp;_strong:has(+br)]:pb-2\">Lege einen festen Zeitpunkt fest \u2013 morgens nach dem Fr\u00fchst\u00fcck oder abends als Teil deiner Wind-down-Routine \u2013 und bleib konsequent. Achte zus\u00e4tzlich auf Basics, die deinen Alltag sp\u00fcrbar stabiler machen: genug Wasser, regelm\u00e4\u00dfige Bewegung und eine ausgewogene Ern\u00e4hrung.\u00a0<strong>CBD Vital <a href=\"https:\/\/green.one\/de\/produkt\/cbd\/oel\/\">Naturextrakt \u00d6l<\/a> 5%<\/strong>\u00a0passt genau in dieses einfache System, weil es als alltagstaugliches Ritualprodukt konzipiert ist und du es ohne Aufwand integrieren kannst.<span class=\"inline-flex\" aria-label=\"Your &quot;Power Words&quot; list is not even accurate - Support - Rank Math\" data-state=\"closed\">\u200b<\/span><\/p>\n<h6 id=\"jetzt-bei-greenone-entdecken\" class=\"mb-2 mt-4 [.has-inline-images_&amp;]:clear-end font-editorial font-bold text-base first:mt-0\">Jetzt bei green.one <a href=\"https:\/\/green.one\/de\/\">CBD Oel Shop<\/a>\u00a0entdecken<\/h6>\n<p class=\"my-2 [&amp;+p]:mt-4 [&amp;_strong:has(+br)]:inline-block [&amp;_strong:has(+br)]:pb-2\">Wenn du heute starten willst statt \u201eirgendwann\u201c, ist\u00a0<strong>CBD Vital Naturextrakt \u00d6l 5%<\/strong> eine \u00fcberzeugende Wahl f\u00fcr einen klaren, einfachen Einstieg. Du bestellst bei green.one <a href=\"https:\/\/green.one\/de\/\">CBD Oel Shop<\/a> bequem online und machst bewussten Konsum angenehm unkompliziert.<span class=\"inline-flex\" aria-label=\"Home | Green.one\u00ae Premium CBD\" data-state=\"closed\">\u200b<\/span><\/p>\n<\/div>\n<\/div>\n<\/div>\n<\/div>\n<\/div>\n<p>500 mg <a href=\"https:\/\/green.one\/de\/produkt\/cbd\/oel\/\">Cannabidiol<\/a> (decarboxyliert) pro 10 ml<\/p>\n<ul>\n<li>Ca. 300 Tropfen<\/li>\n<li>Frei von synthetischen Inhaltstoffen<\/li>\n<li>THC &lt;0,03% \u2013 100% legal<\/li>\n<li>Enth\u00e4lt das nat\u00fcrliche Pflanzenstoffspektrum (Terpen-Entourage-Effekt)<\/li>\n<li>Milder Geschmack<\/li>\n<li>Apothekenexklusiv<\/li>\n<li>GMP \u2013 Qualit\u00e4t<\/li>\n<li>Reinheits-\/Analysenzertifikate zu jeder Charge<\/li>\n<\/ul>\n<p><strong>Inhaltsstoffe:<\/strong><\/p>\n<p>Hanfsamen\u00f6l (kaltgepresst), <a href=\"https:\/\/green.one\/de\/produkt\/cbd\/oel\/\">Cannabidiol<\/a>, nat\u00fcrliche Phytocannabinoide<\/p>\n<p>10 ml (ca. 300 Tropfen) enthalten 500 mg CBD (5%)<\/p>\n<p><strong>Verzehrempfehlung:<\/strong> 2 x 4 Tropfen (12,16 mg) unter die Zunge tropfen. Die Tropfen sollte man kurz im Mund behalten bevor sie geschluckt werden. Die Verzehrempfehlung kann kontinuierlich angepasst bzw. erh\u00f6ht werden.<\/p>\n<p><strong>Rechtlicher Hinweis<\/strong>: <em>Dieses Produkt ist kein Arzneimittel. Es ersetzt keine ausgewogene und abwechslungsreiche Ern\u00e4hrung und keinen gesunden Lebensstil. Bei Schwangerschaft, Stillzeit oder wenn du Medikamente einnimmst, konsultiere vor der Verwendung deinen Arzt.<\/em><\/p>\n","protected":false},"excerpt":{"rendered":"<p><strong>CBD Vital Naturextrakt \u00d6l 5%<\/strong> ist ein bio-zertifiziertes Vollspektrum-CBD-\u00d6l mit 500 mg aktiviertem CBD pro 10 ml und mild nussigem Geschmack. Es wird mit Bio-Hanfsamen\u00f6l (sowie Bio MCT-\u00d6l) hergestellt, per Super-Soft CO2-Extraktion gewonnen und als \u00d6l mit Pipette angeboten. Ideal, wenn du eine einfache Erg\u00e4nzung f\u00fcr Ausgleich &amp; Balance suchst und sie unkompliziert in deine t\u00e4gliche Routine integrieren m\u00f6chtest.<\/p>\n","protected":false},"featured_media":11228,"comment_status":"open","ping_status":"closed","template":"","meta":{"_trash_the_other_posts":false,"editor_notices":[]},"product_brand":[165],"product_cat":[150,151,240,264],"product_tag":[193,298,312],"class_list":{"0":"post-11005","1":"product","2":"type-product","3":"status-publish","4":"has-post-thumbnail","6":"product_brand-cbd-vital","7":"product_cat-cbd-2","8":"product_cat-oel","9":"product_cat-cbd-oel-5-prozent","10":"product_cat-vollspektrum","11":"product_tag-vital","12":"product_tag-vollspectrum","13":"product_tag-cbd-oel","15":"first","16":"instock","17":"sale","18":"taxable","19":"shipping-taxable","20":"purchasable","21":"product-type-simple"},"_links":{"self":[{"href":"https:\/\/green.one\/de\/wp-json\/wp\/v2\/product\/11005","targetHints":{"allow":["GET"]}}],"collection":[{"href":"https:\/\/green.one\/de\/wp-json\/wp\/v2\/product"}],"about":[{"href":"https:\/\/green.one\/de\/wp-json\/wp\/v2\/types\/product"}],"replies":[{"embeddable":true,"href":"https:\/\/green.one\/de\/wp-json\/wp\/v2\/comments?post=11005"}],"wp:featuredmedia":[{"embeddable":true,"href":"https:\/\/green.one\/de\/wp-json\/wp\/v2\/media\/11228"}],"wp:attachment":[{"href":"https:\/\/green.one\/de\/wp-json\/wp\/v2\/media?parent=11005"}],"wp:term":[{"taxonomy":"product_brand","embeddable":true,"href":"https:\/\/green.one\/de\/wp-json\/wp\/v2\/product_brand?post=11005"},{"taxonomy":"product_cat","embeddable":true,"href":"https:\/\/green.one\/de\/wp-json\/wp\/v2\/product_cat?post=11005"},{"taxonomy":"product_tag","embeddable":true,"href":"https:\/\/green.one\/de\/wp-json\/wp\/v2\/product_tag?post=11005"}],"curies":[{"name":"wp","href":"https:\/\/api.w.org\/{rel}","templated":true}]}}