{"id":11006,"date":"2024-04-25T11:52:36","date_gmt":"2024-04-25T09:52:36","guid":{"rendered":"https:\/\/green.one\/de\/?post_type=product&#038;p=11006"},"modified":"2026-03-29T22:23:50","modified_gmt":"2026-03-29T20:23:50","slug":"cbd-vital-venengel-forte","status":"publish","type":"product","link":"https:\/\/green.one\/de\/shop\/cbd-vital-venengel-forte\/","title":{"rendered":"CBD Vital Venengel FORTE"},"content":{"rendered":"<h6 style=\"text-align: left\"><strong>CBD Vital <a href=\"https:\/\/green.one\/de\/produkt\/spezialisiert\/kosmetik\/\">Venengel<\/a> FORTE Nat\u00fcrliche Aktivstoffkombination f\u00fcr leichte Beine.<\/strong><\/h6>\n<h6><strong>Cannabidiol, Rosskastanie, Zypressen\u00f6l und weitere wertvolle Inhaltstoffe aus der Natur.<\/strong><\/h6>\n<p>Das <strong>CBD Vital Venengel FORTE<\/strong> ist eine einzigartige Kombination aus <a href=\"https:\/\/green.one\/de\/produkt\/cbd\/oel\/\">Cannabidiol<\/a>, kurz <a href=\"https:\/\/green.one\/de\/produkt\/cbd\/oel\/\"><strong>CBD<\/strong><\/a>, und nat\u00fcrlichen wirkkosmetischen Inhaltsstoffen. Die Hanfpflanze wird bereits seit Jahrtausenden aufgrund ihrer positiven Eigenschaften eingesetzt \u2013 kombiniert mit wissenschaftlichem, modernem Denken ergeben sich ergebnisorientierte L\u00f6sungsans\u00e4tze.<\/p>\n<p>Das CBD Vital Venengel FORTE pflegt m\u00fcde Beine und tr\u00e4gt mit einem langanhaltenden Frische-Effekt zum mehr Wohlbefinden bei. Durch das Zusammenspiel der unterschiedlichen Bestandteile kann der Aktivstoffkomplex sein volles <a href=\"https:\/\/green.one\/de\/produkt\/cannabis\/blumen\/\"><strong>Potential<\/strong> <\/a>entfalten.<\/p>\n<p>Zutaten wie wilde Kastanie, Eibisch, Menthol, Kampfer, Eukalyptus-, Zypressen- und Nelken\u00f6l k\u00fchlen, tonisieren und f\u00f6rdern die Durchblutung m\u00fcder Beine. Durch Aloe und Panthenol wird die oft trockene und juckende Haut zus\u00e4tzlich mit Feuchtigkeit versorgt.<\/p>\n<h6><strong>Traumhaft leichte Beine. Zertifizierte <a href=\"https:\/\/green.one\/de\/produkt\/spezialisiert\/kosmetik\/\">Bio-Naturkosmetik<\/a>: ergebnisorientiert und effektiv.<\/strong><\/h6>\n<p>Im Vordergrund steht die St\u00e4rkung des Bindegewebes bzw. der Venen. Daf\u00fcr erfolgsentscheidend sind Oligomere, Procyanidine aus Traubenkernen und Vitamin C: Sie st\u00e4rken die Kollagenstrukturen von innen. Eine bew\u00e4hrte Sch\u00f6nheitspflege f\u00fcr schwere Beine.<\/p>\n<p>CBD Vital Venengel FORTE bringt die Regenerationsf\u00e4higkeit der Bindegewebsstrukturen wieder in Balance.\u00a0Rosskastanienextrakt und Kampfer sind altbew\u00e4hrte Allesk\u00f6nner mit langer Tradition. Sie tragen zur Vitalisierung der Beine bei und f\u00f6rdern die Durchblutung.<\/p>\n<p><strong>Inhaltsstoffkomplex:<\/strong> <a href=\"https:\/\/green.one\/de\/produkt\/cbd\/oel\/\">Cannabidiol<\/a> (250 mg), Rosskastanienextrakt, Eibischwurzelextrakt, Menthol, Eukalyptus\u00f6l, Kampfer, Nelken\u00f6l, Zypressen\u00f6l, Panthenol, Aloe Vera<\/p>\n<h6><strong>Einsatzm\u00f6glichkeiten<\/strong><\/h6>\n<ul>\n<li>F\u00fcr schwerelose Beine<\/li>\n<li>Bei langen Reisen und stehenden Berufen<\/li>\n<li>Belebt m\u00fcde Beine<\/li>\n<li>Pflegt und spendet Feuchtigkeit<\/li>\n<li>Vitalisierend zur nat\u00fcrlichen Pflege bei dicken Beinen<\/li>\n<\/ul>\n<h6><strong>Anwendung<\/strong><\/h6>\n<p>CBD Vital Venengel FORTE 2-3 Mal t\u00e4glich von den F\u00fc\u00dfen aufw\u00e4rts in Richtung Oberschenkel sanft einmassieren. F\u00fcr den Extra-K\u00fchleffekt das Gel im K\u00fchlschrank aufbewahren. F\u00fcr eine ganzheitliche L\u00f6sung und leichte Beine von Innen mit unserem <a href=\"\/opc-forte\" target=\"_blank\" rel=\"noopener noreferrer\"><em>OPC forte<\/em><\/a><em> (Traubenkernextrakt)<\/em> und <a href=\"\/vitamin-c-gepuffert\" target=\"_blank\" rel=\"noopener noreferrer\"><em>Vitamin C gepuffert<\/em><\/a> kombinierbar.<\/p>\n<p><strong>INGREDIENTS:<\/strong> aqua*, aloe barbadensis leaf juice*\/**, alcohol*\/**, glycerin*\/**, butyrospermum parkii shea) butter*\/**, menthol*, aesculus hippocastanum seed extract*, escin*, althaea officinalis root extract*, eucalyptus globulus leaf oil*, camphor, polyglyceryl-10 laurate*, carrageenan (red seaweed polysaccharides)*, cannabidiol (cbd), octyldodecanol*, panthenol, cupressus sempervirens leaf oil*, eugenia caryophyllus bud oil*\/**, cyamopsis tetragonoloba (guar) gum*, xanthan gum*, sodium stearoyl glutamate*, lecithin (non gmo)*, sclerotium gum*, cetearyl alcohol*, dehydroacetic acid, benzyl alcohol, linalool***, limonene***, eugenol***, geraniol***, coumarin***<\/p>\n<p>* Ingredients from natural origin (96%)<\/p>\n<p>** Ingredients from organic agricultural source (41,5%)<\/p>\n<p>*** Components from natural essential oils<\/p>\n<p>green.one\u00ae <a href=\"https:\/\/green.one\/de\/\">CBD \u00d6l Shop<\/a> ist ein deutsches Premium-Online-Gesch\u00e4ft das eine breite Auswahl an hochwertigen <a href=\"https:\/\/green.one\/de\/produkt\/cbd\/oel\/\">CBD-Produkten<\/a> f\u00fcr ganz Europa anbietet.<\/p>\n<p><strong> Rechtlicher Hinweis:<\/strong> <em>Dieses Produkt ist kein Arzneimittel. Es ersetzt keine ausgewogene und abwechslungsreiche Ern\u00e4hrung und keinen gesunden Lebensstil. Bei Schwangerschaft, Stillzeit oder wenn du Medikamente einnimmst, konsultiere vor der Verwendung deinen Arzt.<\/em><\/p>\n<table>\n<tbody>\n<tr>\n<td>Menge<\/td>\n<td>100 ml<\/td>\n<\/tr>\n<\/tbody>\n<\/table>\n","protected":false},"excerpt":{"rendered":"<p class=\"my-2 [&amp;+p]:mt-4 [&amp;_strong:has(+br)]:inline-block [&amp;_strong:has(+br)]:pb-2\"><strong>CBD Vital Venengel FORTE<\/strong> ist ein erfrischendes Gel f\u00fcr das Wohlbefinden der Beine mit nat\u00fcrlichem CBD, Rosskastaniextrakt, Aloe Vera, Menthol und \u00e4therischen \u00d6len. Ideal f\u00fcr lange Stehzeiten oder Reisen, pflegt und spendet es langanhaltende Frische. Kein Arzneimittel. Bei Schwangerschaft, Stillzeit oder Medikamenteneinnahme Arzt konsultieren.<\/p>\n","protected":false},"featured_media":11090,"comment_status":"open","ping_status":"closed","template":"","meta":{"_trash_the_other_posts":false,"editor_notices":[]},"product_brand":[165],"product_cat":[157,272],"product_tag":[193,210,233,317],"class_list":{"0":"post-11006","1":"product","2":"type-product","3":"status-publish","4":"has-post-thumbnail","6":"product_brand-cbd-vital","7":"product_cat-kosmetik","8":"product_cat-koerperpflege","9":"product_tag-vital","10":"product_tag-kosmetik","11":"product_tag-gel","12":"product_tag-koeperpflege","14":"first","15":"instock","16":"sale","17":"taxable","18":"shipping-taxable","19":"purchasable","20":"product-type-simple"},"_links":{"self":[{"href":"https:\/\/green.one\/de\/wp-json\/wp\/v2\/product\/11006","targetHints":{"allow":["GET"]}}],"collection":[{"href":"https:\/\/green.one\/de\/wp-json\/wp\/v2\/product"}],"about":[{"href":"https:\/\/green.one\/de\/wp-json\/wp\/v2\/types\/product"}],"replies":[{"embeddable":true,"href":"https:\/\/green.one\/de\/wp-json\/wp\/v2\/comments?post=11006"}],"wp:featuredmedia":[{"embeddable":true,"href":"https:\/\/green.one\/de\/wp-json\/wp\/v2\/media\/11090"}],"wp:attachment":[{"href":"https:\/\/green.one\/de\/wp-json\/wp\/v2\/media?parent=11006"}],"wp:term":[{"taxonomy":"product_brand","embeddable":true,"href":"https:\/\/green.one\/de\/wp-json\/wp\/v2\/product_brand?post=11006"},{"taxonomy":"product_cat","embeddable":true,"href":"https:\/\/green.one\/de\/wp-json\/wp\/v2\/product_cat?post=11006"},{"taxonomy":"product_tag","embeddable":true,"href":"https:\/\/green.one\/de\/wp-json\/wp\/v2\/product_tag?post=11006"}],"curies":[{"name":"wp","href":"https:\/\/api.w.org\/{rel}","templated":true}]}}