{"id":11007,"date":"2024-04-25T12:04:07","date_gmt":"2024-04-25T10:04:07","guid":{"rendered":"https:\/\/green.one\/de\/?post_type=product&#038;p=11007"},"modified":"2026-03-29T18:21:51","modified_gmt":"2026-03-29T16:21:51","slug":"cbd-vital-lippenbalsam","status":"publish","type":"product","link":"https:\/\/green.one\/de\/shop\/cbd-vital-lippenbalsam\/","title":{"rendered":"CBD Vital Lippenbalsam"},"content":{"rendered":"<h6 id=\"cbd-vital-lippenbalsam-das-geheimnis-gepflegter-li\" class=\"font-editorial first:mt-xs mb-2 mt-4 [.has-inline-images_&amp;]:clear-end font-bold text-lg leading-[1.5em] lg:text-xl\" style=\"text-align: left\">CBD Vital <a href=\"https:\/\/green.one\/de\/produkt\/spezialisiert\/kosmetik\/\">Lippenbalsam<\/a>: Das Geheimnis gepflegter Lippen \u2013 nat\u00fcrlich &amp; bew\u00e4hrt<\/h6>\n<p class=\"my-2 [&amp;+p]:mt-4 [&amp;_strong:has(+br)]:inline-block [&amp;_strong:has(+br)]:pb-2\">Weiche, geschmeidige Lippen geh\u00f6ren zu den untersch\u00e4tzten Details einer gepflegten Alltagsroutine. Ob nach einem langen Tag im Freien, in der Heizungsluft oder einfach als t\u00e4gliches Ritual \u2013 die Lippenpflege verdient mehr Aufmerksamkeit. Der\u00a0<strong>CBD Vital Lippenbalsam<\/strong>\u00a0von <strong>green.one\u00ae <a href=\"https:\/\/green.one\/de\/\">CBD Oel Shop<\/a><\/strong> ist die \u00fcberraschend einfache Antwort auf genau dieses Bed\u00fcrfnis.<\/p>\n<h6 id=\"warum-lippen-besondere-pflege-brauchen\" class=\"mb-2 mt-4 [.has-inline-images_&amp;]:clear-end font-editorial font-bold text-lg first:mt-0 md:text-lg [hr+&amp;]:mt-4\">Warum Lippen besondere Pflege brauchen<\/h6>\n<p class=\"my-2 [&amp;+p]:mt-4 [&amp;_strong:has(+br)]:inline-block [&amp;_strong:has(+br)]:pb-2\">Im Gegensatz zur \u00fcbrigen Haut besitzen Lippen keine Talgdr\u00fcsen \u2013 sie k\u00f6nnen sich also nicht selbst mit Feuchtigkeit versorgen. Wind, K\u00e4lte, trockene Raumluft und UV-Strahlung machen ihnen schnell zu schaffen. Genau deshalb ist eine bew\u00e4hrte, hochwertige Pflegeroutine so wertvoll. Der\u00a0<strong>CBD Vital Lippenbalsam<\/strong>\u00a0legt sich mit seiner sorgf\u00e4ltig entwickelten Formel wie ein sch\u00fctzender Schleier \u00fcber die empfindliche Lippenhaut und sorgt f\u00fcr einen sofort sp\u00fcrbaren Komfort.<\/p>\n<h6 id=\"natrliche-inhaltsstoffe-die-wirklich-berzeugen\" class=\"mb-2 mt-4 [.has-inline-images_&amp;]:clear-end font-editorial font-bold text-lg first:mt-0 md:text-lg [hr+&amp;]:mt-4\">Nat\u00fcrliche Inhaltsstoffe, die wirklich \u00fcberzeugen<\/h6>\n<p class=\"my-2 [&amp;+p]:mt-4 [&amp;_strong:has(+br)]:inline-block [&amp;_strong:has(+br)]:pb-2\">Einer der \u00fcberzeugendsten Aspekte eines guten <a href=\"https:\/\/green.one\/de\/produkt\/spezialisiert\/kosmetik\/koerperpflege\/\"><strong>Lippenbalsams<\/strong><\/a> ist seine Zutatenliste. Der\u00a0<strong>CBD Vital Lippenbalsam<\/strong>\u00a0setzt bewusst auf:<\/p>\n<ul class=\"marker:text-quiet list-disc\">\n<li class=\"py-0 my-0 prose-p:pt-0 prose-p:mb-2 prose-p:my-0 [&amp;&gt;p]:pt-0 [&amp;&gt;p]:mb-2 [&amp;&gt;p]:my-0\">\n<p class=\"my-2 [&amp;+p]:mt-4 [&amp;_strong:has(+br)]:inline-block [&amp;_strong:has(+br)]:pb-2\"><strong>CBD-Extrakt<\/strong>\u00a0aus kontrolliertem, legalem Anbau<\/p>\n<\/li>\n<li class=\"py-0 my-0 prose-p:pt-0 prose-p:mb-2 prose-p:my-0 [&amp;&gt;p]:pt-0 [&amp;&gt;p]:mb-2 [&amp;&gt;p]:my-0\">\n<p class=\"my-2 [&amp;+p]:mt-4 [&amp;_strong:has(+br)]:inline-block [&amp;_strong:has(+br)]:pb-2\"><strong>Sheabutter<\/strong>\u00a0f\u00fcr tiefe Feuchtigkeit und Geschmeidigkeit<\/p>\n<\/li>\n<li class=\"py-0 my-0 prose-p:pt-0 prose-p:mb-2 prose-p:my-0 [&amp;&gt;p]:pt-0 [&amp;&gt;p]:mb-2 [&amp;&gt;p]:my-0\">\n<p class=\"my-2 [&amp;+p]:mt-4 [&amp;_strong:has(+br)]:inline-block [&amp;_strong:has(+br)]:pb-2\"><strong>Jojoba\u00f6l<\/strong>\u00a0f\u00fcr eine seidig-weiche Textur<\/p>\n<\/li>\n<li class=\"py-0 my-0 prose-p:pt-0 prose-p:mb-2 prose-p:my-0 [&amp;&gt;p]:pt-0 [&amp;&gt;p]:mb-2 [&amp;&gt;p]:my-0\">\n<p class=\"my-2 [&amp;+p]:mt-4 [&amp;_strong:has(+br)]:inline-block [&amp;_strong:has(+br)]:pb-2\"><strong>Bienenwachs<\/strong>\u00a0als nat\u00fcrliche Schutzbarriere gegen \u00e4u\u00dfere Einfl\u00fcsse<\/p>\n<\/li>\n<li class=\"py-0 my-0 prose-p:pt-0 prose-p:mb-2 prose-p:my-0 [&amp;&gt;p]:pt-0 [&amp;&gt;p]:mb-2 [&amp;&gt;p]:my-0\">\n<p class=\"my-2 [&amp;+p]:mt-4 [&amp;_strong:has(+br)]:inline-block [&amp;_strong:has(+br)]:pb-2\"><strong>Vitamin E<\/strong>\u00a0als wertvoller Begleiter in der t\u00e4glichen Hautpflege<\/p>\n<\/li>\n<\/ul>\n<p class=\"my-2 [&amp;+p]:mt-4 [&amp;_strong:has(+br)]:inline-block [&amp;_strong:has(+br)]:pb-2\">Kein unn\u00f6tiges Parf\u00fcm, keine versteckten Zusatzstoffe \u2013 nur das Beste f\u00fcr deine Lippen.<\/p>\n<h6 id=\"so-passt-er-in-deine-tgliche-routine\" class=\"mb-2 mt-4 [.has-inline-images_&amp;]:clear-end font-editorial font-bold text-lg first:mt-0 md:text-lg [hr+&amp;]:mt-4\">So passt er in deine t\u00e4gliche Routine<\/h6>\n<p class=\"my-2 [&amp;+p]:mt-4 [&amp;_strong:has(+br)]:inline-block [&amp;_strong:has(+br)]:pb-2\">Morgens als Basis vor dem Verlassen des Hauses, mittags zur schnellen Auffrischung und abends als intensive Overnight-Pflege: Der\u00a0<strong>CBD Vital Lippenbalsam<\/strong>\u00a0l\u00e4sst sich m\u00fchelos in jeden Tagesablauf integrieren. Ein kleiner Moment der Achtsamkeit, der einen sp\u00fcrbaren Unterschied macht.<\/p>\n<p class=\"my-2 [&amp;+p]:mt-4 [&amp;_strong:has(+br)]:inline-block [&amp;_strong:has(+br)]:pb-2\"><strong>Tipp:<\/strong>\u00a0Kombiniere ihn mit deiner bestehenden <a href=\"https:\/\/green.one\/de\/produkt\/spezialisiert\/kosmetik\/\">CBD-Wellness-Routine<\/a> f\u00fcr ein ganzheitlicheres Pflegeerlebnis.<\/p>\n<h6 id=\"qualitt-der-du-vertrauen-kannst\" class=\"mb-2 mt-4 [.has-inline-images_&amp;]:clear-end font-editorial font-bold text-lg first:mt-0 md:text-lg [hr+&amp;]:mt-4\">Qualit\u00e4t, der du vertrauen kannst<\/h6>\n<p class=\"my-2 [&amp;+p]:mt-4 [&amp;_strong:has(+br)]:inline-block [&amp;_strong:has(+br)]:pb-2\">Bei green.one\u00ae <a href=\"https:\/\/green.one\/de\/\">CBD Oel Shop<\/a> steht Transparenz an erster Stelle. Jeder <strong>CBD Vital Lippenbalsam<\/strong>\u00a0in unserem Sortiment stammt von gepr\u00fcften Herstellern, die auf saubere, ehrliche Formeln setzen. Das Ergebnis ist eine <a href=\"https:\/\/green.one\/de\/produkt\/spezialisiert\/kosmetik\/\">Pflege<\/a>, die du von der ersten Anwendung an sp\u00fcrst \u2013 und der du langfristig vertraust.<\/p>\n<p class=\"my-2 [&amp;+p]:mt-4 [&amp;_strong:has(+br)]:inline-block [&amp;_strong:has(+br)]:pb-2\">Entdecke jetzt den CBD Vital Lippenbalsam im green.one\u00ae <a href=\"https:\/\/green.one\/de\/\">CBD Oel Shop<\/a> und g\u00f6nn deinen Lippen das Beste, das die Natur zu bieten hat.<\/p>\n<p class=\"my-2 [&amp;+p]:mt-4 [&amp;_strong:has(+br)]:inline-block [&amp;_strong:has(+br)]:pb-2\"><strong>Rechtlicher Hinweis:<\/strong><em> Dieses Produkt ist kein Arzneimittel. Es ersetzt keine ausgewogene und abwechslungsreiche Ern\u00e4hrung und keinen gesunden Lebensstil. Bei Schwangerschaft, Stillzeit oder wenn du Medikamente einnimmst, konsultiere vor der Verwendung deinen Arzt.<\/em><\/p>\n<p>&nbsp;<\/p>\n","protected":false},"excerpt":{"rendered":"<p>Der CBD Vital Lippenbalsam von green.one\u00ae vereint nat\u00fcrliche Inhaltsstoffe f\u00fcr sp\u00fcrbar weiche, gepflegte Lippen \u2013 dein t\u00e4gliches Wellness-Ritual.<\/p>\n","protected":false},"featured_media":11234,"comment_status":"open","ping_status":"closed","template":"","meta":{"_trash_the_other_posts":false,"editor_notices":[]},"product_brand":[165],"product_cat":[157,271],"product_tag":[193,210,253,313,314],"class_list":{"0":"post-11007","1":"product","2":"type-product","3":"status-publish","4":"has-post-thumbnail","6":"product_brand-cbd-vital","7":"product_cat-kosmetik","8":"product_cat-gesichtspflege","9":"product_tag-vital","10":"product_tag-kosmetik","11":"product_tag-cbd","12":"product_tag-lippenbalsam","13":"product_tag-gesichtspflege","15":"first","16":"instock","17":"sale","18":"taxable","19":"shipping-taxable","20":"purchasable","21":"product-type-simple"},"_links":{"self":[{"href":"https:\/\/green.one\/de\/wp-json\/wp\/v2\/product\/11007","targetHints":{"allow":["GET"]}}],"collection":[{"href":"https:\/\/green.one\/de\/wp-json\/wp\/v2\/product"}],"about":[{"href":"https:\/\/green.one\/de\/wp-json\/wp\/v2\/types\/product"}],"replies":[{"embeddable":true,"href":"https:\/\/green.one\/de\/wp-json\/wp\/v2\/comments?post=11007"}],"wp:featuredmedia":[{"embeddable":true,"href":"https:\/\/green.one\/de\/wp-json\/wp\/v2\/media\/11234"}],"wp:attachment":[{"href":"https:\/\/green.one\/de\/wp-json\/wp\/v2\/media?parent=11007"}],"wp:term":[{"taxonomy":"product_brand","embeddable":true,"href":"https:\/\/green.one\/de\/wp-json\/wp\/v2\/product_brand?post=11007"},{"taxonomy":"product_cat","embeddable":true,"href":"https:\/\/green.one\/de\/wp-json\/wp\/v2\/product_cat?post=11007"},{"taxonomy":"product_tag","embeddable":true,"href":"https:\/\/green.one\/de\/wp-json\/wp\/v2\/product_tag?post=11007"}],"curies":[{"name":"wp","href":"https:\/\/api.w.org\/{rel}","templated":true}]}}