{"id":11012,"date":"2024-04-25T11:50:21","date_gmt":"2024-04-25T09:50:21","guid":{"rendered":"https:\/\/green.one\/de\/?post_type=product&#038;p=11012"},"modified":"2026-03-29T22:49:55","modified_gmt":"2026-03-29T20:49:55","slug":"cbd-vital-bio-hanfprotein","status":"publish","type":"product","link":"https:\/\/green.one\/de\/shop\/cbd-vital-bio-hanfprotein\/","title":{"rendered":"CBD Vital Bio Hanfprotein"},"content":{"rendered":"<h6 class=\"font-editorial first:mt-xs mb-2 mt-4 [.has-inline-images_&amp;]:clear-end font-bold text-lg leading-[1.5em] lg:text-xl\" style=\"text-align: left\"><strong>CBD Vital <a href=\"https:\/\/green.one\/de\/produkt\/nahrungsergaenzung\/\">Bio Hanfprotein<\/a>: Dein revolution\u00e4rer Protein-Boost aus der Natur!<\/strong><\/h6>\n<p class=\"my-2 [&amp;+p]:mt-4 [&amp;_strong:has(+br)]:inline-block [&amp;_strong:has(+br)]:pb-2\"><strong>Entdecke<\/strong>\u00a0die\u00a0<strong>ultimative<\/strong>\u00a0Power f\u00fcr Muskeln und Wohlbefinden: Das\u00a0<strong>CBD Vital Bio Hanfprotein<\/strong>\u00a0transformiert deine Ern\u00e4hrung! Als vegane\u00a0<strong>Superfood<\/strong>-Alternative zu tierischem Protein liefert es alles, was dein K\u00f6rper braucht \u2013\u00a0<strong>rein, powerful und bio<\/strong>.<\/p>\n<h6 class=\"mb-2 mt-4 [.has-inline-images_&amp;]:clear-end font-editorial font-bold text-lg first:mt-0 md:text-lg [hr+&amp;]:mt-4\"><strong>Was macht das CBD Vital Bio Hanfprotein so einzigartig?<\/strong><\/h6>\n<p class=\"my-2 [&amp;+p]:mt-4 [&amp;_strong:has(+br)]:inline-block [&amp;_strong:has(+br)]:pb-2\">Das\u00a0<strong>CBD Vital Bio Hanfprotein<\/strong>\u00a0besteht aus\u00a0<strong>biologisch hochwertigem Eiwei\u00df<\/strong>\u00a0mit allen essenziellen Aminos\u00e4uren.<\/p>\n<p class=\"my-2 [&amp;+p]:mt-4 [&amp;_strong:has(+br)]:inline-block [&amp;_strong:has(+br)]:pb-2\">Es ist reich an\u00a0<strong>Mikron\u00e4hrstoffen<\/strong>\u00a0wie Eisen, Zink und Magnesium sowie ballaststoffreichen Ballaststoffen, die Verdauung und Stoffwechsel\u00a0<strong>boosten<\/strong>.<\/p>\n<p class=\"my-2 [&amp;+p]:mt-4 [&amp;_strong:has(+br)]:inline-block [&amp;_strong:has(+br)]:pb-2\">Im Gegensatz zu tierischen Proteinen ist es\u00a0<strong>leicht verdaulich<\/strong>, maximal vertr\u00e4glich und\u00a0<strong>100% frei von Pestiziden, Antibiotika und Hormonen<\/strong>.<\/p>\n<p class=\"my-2 [&amp;+p]:mt-4 [&amp;_strong:has(+br)]:inline-block [&amp;_strong:has(+br)]:pb-2\">Perfekt f\u00fcr Sportler, Veganer und alle, die nat\u00fcrliche Energie wollen. Von CBD Vital \u2013 <a href=\"https:\/\/green.one\/de\/produkt\/cbd\/oel\/\"><strong>Qualit\u00e4t<\/strong><\/a>, die du schmeckst!<\/p>\n<h6 class=\"mb-2 mt-4 [.has-inline-images_&amp;]:clear-end font-editorial font-bold text-lg first:mt-0 md:text-lg [hr+&amp;]:mt-4\"><strong>Die <a href=\"https:\/\/green.one\/de\/produkt\/cannabis\/blumen\/\">explosiven<\/a> Vorteile des CBD Vital Bio Hanfprotein<\/strong><\/h6>\n<p class=\"my-2 [&amp;+p]:mt-4 [&amp;_strong:has(+br)]:inline-block [&amp;_strong:has(+br)]:pb-2\"><strong>Revolutioniere<\/strong>\u00a0deinen Tag mit diesen\u00a0<strong>powerfulen<\/strong>\u00a0Effekten:<\/p>\n<ul class=\"marker:text-quiet list-disc\">\n<li class=\"py-0 my-0 prose-p:pt-0 prose-p:mb-2 prose-p:my-0 [&amp;&gt;p]:pt-0 [&amp;&gt;p]:mb-2 [&amp;&gt;p]:my-0\">\n<p class=\"my-2 [&amp;+p]:mt-4 [&amp;_strong:has(+br)]:inline-block [&amp;_strong:has(+br)]:pb-2\"><strong>Vollst\u00e4ndiges Aminos\u00e4ure-Profil<\/strong>: Alle Essentials f\u00fcr Muskelaufbau und Regeneration.<\/p>\n<\/li>\n<li class=\"py-0 my-0 prose-p:pt-0 prose-p:mb-2 prose-p:my-0 [&amp;&gt;p]:pt-0 [&amp;&gt;p]:mb-2 [&amp;&gt;p]:my-0\">\n<p class=\"my-2 [&amp;+p]:mt-4 [&amp;_strong:has(+br)]:inline-block [&amp;_strong:has(+br)]:pb-2\"><strong>Mikron\u00e4hrstoff-Bombe<\/strong>: Eisen f\u00fcr Energie, Zink f\u00fcr Immunsystem, Magnesium f\u00fcr Entspannung.<\/p>\n<\/li>\n<li class=\"py-0 my-0 prose-p:pt-0 prose-p:mb-2 prose-p:my-0 [&amp;&gt;p]:pt-0 [&amp;&gt;p]:mb-2 [&amp;&gt;p]:my-0\">\n<p class=\"my-2 [&amp;+p]:mt-4 [&amp;_strong:has(+br)]:inline-block [&amp;_strong:has(+br)]:pb-2\"><strong>Ballaststoff-Reichtum<\/strong>: Unterst\u00fctzt Verdauung, S\u00e4ttigung und gesunden Stoffwechsel.<\/p>\n<\/li>\n<li class=\"py-0 my-0 prose-p:pt-0 prose-p:mb-2 prose-p:my-0 [&amp;&gt;p]:pt-0 [&amp;&gt;p]:mb-2 [&amp;&gt;p]:my-0\">\n<p class=\"my-2 [&amp;+p]:mt-4 [&amp;_strong:has(+br)]:inline-block [&amp;_strong:has(+br)]:pb-2\"><strong>Vegan &amp; Clean<\/strong>: Keine Zusatzstoffe \u2013 pure Bio-Power aus Hanf!<\/p>\n<\/li>\n<\/ul>\n<p class=\"my-2 [&amp;+p]:mt-4 [&amp;_strong:has(+br)]:inline-block [&amp;_strong:has(+br)]:pb-2\">Kunden schw\u00e4rmen: Mehr Kraft im Gym, bessere Verdauung und langanhaltende S\u00e4ttigung. Das<strong>\u00a0Bio Hanfprotein<\/strong>\u00a0ist dein\u00a0<strong>geheimer Weapon<\/strong>\u00a0f\u00fcr Fitness-Ziele!<\/p>\n<h6 class=\"mb-2 mt-4 [.has-inline-images_&amp;]:clear-end font-editorial font-bold text-lg first:mt-0 md:text-lg [hr+&amp;]:mt-4\"><strong>So nutzt du das CBD Vital Bio Hanfprotein optimal<\/strong><\/h6>\n<p class=\"my-2 [&amp;+p]:mt-4 [&amp;_strong:has(+br)]:inline-block [&amp;_strong:has(+br)]:pb-2\"><strong>Einfach und schnell<\/strong>: Mische 30g in Smoothies, Haferflocken oder Shakes. Ideal post-workout oder als Snack.<\/p>\n<p class=\"my-2 [&amp;+p]:mt-4 [&amp;_strong:has(+br)]:inline-block [&amp;_strong:has(+br)]:pb-2\"><strong>Nat\u00fcrliche<\/strong>\u00a0Vanille- oder Neutral-Geschmack \u2013 flexibel f\u00fcr jede Routine. Bei <strong>green.one\u00ae <a href=\"https:\/\/green.one\/de\/\">CBD Oel Shop<\/a><\/strong> findest du es in praktischer Verpackung mit EU-Bio-Siegel.<\/p>\n<p class=\"my-2 [&amp;+p]:mt-4 [&amp;_strong:has(+br)]:inline-block [&amp;_strong:has(+br)]:pb-2\"><strong>Rechtlicher Hinweis:<\/strong> <em>Dieses Produkt ist kein Arzneimittel. Es ersetzt keine ausgewogene und abwechslungsreiche Ern\u00e4hrung und keinen gesunden Lebensstil. Bei Schwangerschaft, Stillzeit oder wenn du Medikamente einnimmst, konsultiere vor der Verwendung deinen Arzt.<\/em><\/p>\n<p>&nbsp;<\/p>\n","protected":false},"excerpt":{"rendered":"<p><strong>CBD Vital Bio Hanfprotein:<\/strong> Hochwertiges Bio-Eiwei\u00df mit allen essenziellen Aminos\u00e4uren, Mikron\u00e4hrstoffen (Eisen, Zink, Magnesium) und Ballaststoffen f\u00fcr Verdauung &amp; Stoffwechsel. Vegane Alternative zu tierischem Protein \u2013 leicht verdaulich, frei von Pestiziden, Antibiotika &amp; Hormonen. Powerful Boost f\u00fcr Muskeln und Energie! Bei green.one\u00ae: Reine Bio-Qualit\u00e4t.<\/p>\n","protected":false},"featured_media":11235,"comment_status":"open","ping_status":"closed","template":"","meta":{"_trash_the_other_posts":false,"editor_notices":[]},"product_brand":[165],"product_cat":[328],"product_tag":[193,295],"class_list":{"0":"post-11012","1":"product","2":"type-product","3":"status-publish","4":"has-post-thumbnail","6":"product_brand-cbd-vital","7":"product_cat-nahrungsergaenzung","8":"product_tag-vital","9":"product_tag-nahrungsergaenzungsmittel","11":"first","12":"instock","13":"sale","14":"taxable","15":"shipping-taxable","16":"purchasable","17":"product-type-simple"},"_links":{"self":[{"href":"https:\/\/green.one\/de\/wp-json\/wp\/v2\/product\/11012","targetHints":{"allow":["GET"]}}],"collection":[{"href":"https:\/\/green.one\/de\/wp-json\/wp\/v2\/product"}],"about":[{"href":"https:\/\/green.one\/de\/wp-json\/wp\/v2\/types\/product"}],"replies":[{"embeddable":true,"href":"https:\/\/green.one\/de\/wp-json\/wp\/v2\/comments?post=11012"}],"wp:featuredmedia":[{"embeddable":true,"href":"https:\/\/green.one\/de\/wp-json\/wp\/v2\/media\/11235"}],"wp:attachment":[{"href":"https:\/\/green.one\/de\/wp-json\/wp\/v2\/media?parent=11012"}],"wp:term":[{"taxonomy":"product_brand","embeddable":true,"href":"https:\/\/green.one\/de\/wp-json\/wp\/v2\/product_brand?post=11012"},{"taxonomy":"product_cat","embeddable":true,"href":"https:\/\/green.one\/de\/wp-json\/wp\/v2\/product_cat?post=11012"},{"taxonomy":"product_tag","embeddable":true,"href":"https:\/\/green.one\/de\/wp-json\/wp\/v2\/product_tag?post=11012"}],"curies":[{"name":"wp","href":"https:\/\/api.w.org\/{rel}","templated":true}]}}