{"id":11014,"date":"2024-04-25T11:54:36","date_gmt":"2024-04-25T09:54:36","guid":{"rendered":"https:\/\/green.one\/de\/?post_type=product&#038;p=11014"},"modified":"2026-03-29T19:58:03","modified_gmt":"2026-03-29T17:58:03","slug":"cbd-vital-akutbalsam","status":"publish","type":"product","link":"https:\/\/green.one\/de\/shop\/cbd-vital-akutbalsam\/","title":{"rendered":"CBD Vital Akutbalsam"},"content":{"rendered":"<h6 style=\"text-align: left\">CBD Vital <a href=\"https:\/\/green.one\/de\/produkt\/spezialisiert\/kosmetik\/\">Akutbalsam<\/a>: Das Geheimnis geschmeidiger Haut<\/h6>\n<p>Dieser reichhaltige <strong>CBD Vital Akutbalsam<\/strong>\u00a0vereint CBD mit der Kraft nat\u00fcrlicher Pflanzen. Die spezielle <a href=\"https:\/\/green.one\/de\/produkt\/spezialisiert\/kosmetik\/\"><strong>Pflege<\/strong> <\/a>f\u00fcr empfindliche, zu R\u00f6tungen neigende Haut hilft, eine gesunde Hautbarriere wiederherzustellen.<\/p>\n<p>Wertvolle Inhaltsstoffe verw\u00f6hnen die Haut zus\u00e4tzlich. Ringelblumen- und Rosmarinextrakte wirken n\u00e4hrend und beruhigend. Hochwertiges Squalan ist besonders gut vertr\u00e4glich und spendet optimale Feuchtigkeit. Gamma-Linolens\u00e4ure, enthalten in <a href=\"https:\/\/green.one\/de\/produkt\/cannabis\/cbd-samen\/\"><strong>Hanfsamen<\/strong><\/a>&#8211; und Nachtkerzen\u00f6l, verbessert die Hautelastizit\u00e4t und f\u00f6rdert die <a href=\"https:\/\/green.one\/de\/produkt\/cbd\/oel\/\"><strong>Regeneration<\/strong>.<\/a><\/p>\n<p><strong>CBD Vital Akutbalsam<\/strong> lindert schnell Trockenheit und Juckreiz und eignet sich daher f\u00fcr eine Vielzahl von Hautproblemen.<\/p>\n<p>Umweltfreundliches Nachf\u00fcllsystem: Werfen Sie Ihren leeren Akutbalsam nicht weg! F\u00fcllen Sie den wiederverwendbaren Glastiegel einfach mit der 50-ml-Nachf\u00fcllpackung nach. Eine nachhaltige L\u00f6sung, die nicht nur Verpackungsmaterial, sondern auch Kosten spart. So funktioniert es: Leeren Tiegel entnehmen und neuen einsetzen. Einfach, umweltfreundlich und praktisch.<\/p>\n<h6>Wie wendet man den CBD Vital Akutbalsam an?<\/h6>\n<p>Der <strong>CBD Vital Akutbalsam<\/strong> wird nach den strengen Richtlinien und Standards f\u00fcr<a href=\"https:\/\/green.one\/de\/produkt\/spezialisiert\/kosmetik\/\"> Bio-Naturkosmetik<\/a> hergestellt. Dank seiner nat\u00fcrlichen Inhaltsstoffe eignet sich dieser besondere Balsam f\u00fcr die Langzeitanwendung und ist frei von Paraffin, Silikonen, Mineral\u00f6len, PEGs, Sulfaten und Parabenen.<\/p>\n<p>Die Konsistenz ist besonders ergiebig. Der <a href=\"https:\/\/green.one\/de\/produkt\/spezialisiert\/kosmetik\/\">Balsam<\/a> kann sparsam als d\u00fcnne Schutzschicht aufgetragen werden. Aufgrund seiner nat\u00fcrlichen Rezeptur k\u00f6nnen Temperaturschwankungen die Konsistenz des Balsams leicht beeinflussen.<\/p>\n<p>Leichte Abweichungen in Farbe und Konsistenz zwischen den Chargen sind m\u00f6glich. Diese stellen keinen <a href=\"https:\/\/green.one\/de\/produkt\/spezialisiert\/kosmetik\/\">Qualit\u00e4tsmangel<\/a> dar, sondern sind ein typisches Merkmal von <a href=\"https:\/\/green.one\/de\/produkt\/spezialisiert\/kosmetik\/\">Bio-Naturkosmetik<\/a>.<\/p>\n<h6>Wie wendet man CBD Vital Akutbalsam an?<\/h6>\n<p>Tragen Sie den CBD Akutbalsam zweimal t\u00e4glich oder nach Bedarf auf die betroffenen Hautstellen auf. Nicht geeignet f\u00fcr S\u00e4uglinge und Kleinkinder.<\/p>\n<p>Wertvoller Inhaltsstoffkomplex: Cannabidiol (300 mg), Hanfsamen\u00f6l, Sonnenblumen\u00f6l, Nachtkerzen\u00f6l, Ringelblumenextrakt, Squalan, Rosmarinextrakt, Vitamin E<\/p>\n<p>INHALTSSTOFFE: Stechpalmen\u00f6l*\/**, Hanfsamen\u00f6l*\/**, Sheabutter*\/**, Lanolin*, Bienenwachs*\/**, Sonnenblumen\u00f6l*, Nachtkerzen\u00f6l*\/**, Squalan*, Tocopherol*, geh\u00e4rtetes Pflanzen\u00f6l*, <a href=\"https:\/\/green.one\/de\/produkt\/cbd\/oel\/\">Cannabidiol<\/a>* (CBD), Ringelblumenextrakt*\/**, Duftstoff (nat\u00fcrlich)*, Rosmarinblattextrakt*\/**<\/p>\n<p>* Inhaltsstoffe nat\u00fcrlichen Ursprungs (99 %)<\/p>\n<p>** Inhaltsstoffe aus biologischem Anbau (72 %)<\/p>\n<p>*** Der Duftstoff besteht aus allergenfreien, nat\u00fcrlichen \u00e4therischen \u00d6len aus biologischem Anbau.<\/p>\n<p>green.one\u00ae <a href=\"https:\/\/green.one\/de\/\">CBD \u00d6l Shop<\/a> ist ein deutsches Premium-Online-Gesch\u00e4ft das eine breite Auswahl an hochwertigen CBD-Produkten f\u00fcr ganz Europa anbietet.<\/p>\n<p><strong>Rechtlicher Hinweis:<\/strong> <em>Dieses Produkt ist kein Arzneimittel. Es ersetzt keine ausgewogene und abwechslungsreiche Ern\u00e4hrung und keinen gesunden Lebensstil. Bei Schwangerschaft, Stillzeit oder wenn du Medikamente einnimmst, konsultiere vor der Verwendung deinen Arzt.<\/em><\/p>\n<p>Menge: 50 ml<\/p>\n<h3><\/h3>\n","protected":false},"excerpt":{"rendered":"<p>Das<strong> CBD Vital Akutbalsam<\/strong> (6%) ist eine reichhaltige Pflege mit 300 mg aktiviertem CBD, Hanfsamen\u00f6l, Ringelblumenextrakt und Nachtkerzen\u00f6l. Ideal f\u00fcr empfindliche Hautpartien in der t\u00e4glichen Routine \u2013 spendet ein gepflegtes Hautgef\u00fchl.<\/p>\n","protected":false},"featured_media":11184,"comment_status":"open","ping_status":"closed","template":"","meta":{"_trash_the_other_posts":false,"editor_notices":[]},"product_brand":[165],"product_cat":[157,272],"product_tag":[193,210,317,324],"class_list":{"0":"post-11014","1":"product","2":"type-product","3":"status-publish","4":"has-post-thumbnail","6":"product_brand-cbd-vital","7":"product_cat-kosmetik","8":"product_cat-koerperpflege","9":"product_tag-vital","10":"product_tag-kosmetik","11":"product_tag-koeperpflege","12":"product_tag-balsam","14":"first","15":"instock","16":"sale","17":"taxable","18":"shipping-taxable","19":"purchasable","20":"product-type-simple"},"_links":{"self":[{"href":"https:\/\/green.one\/de\/wp-json\/wp\/v2\/product\/11014","targetHints":{"allow":["GET"]}}],"collection":[{"href":"https:\/\/green.one\/de\/wp-json\/wp\/v2\/product"}],"about":[{"href":"https:\/\/green.one\/de\/wp-json\/wp\/v2\/types\/product"}],"replies":[{"embeddable":true,"href":"https:\/\/green.one\/de\/wp-json\/wp\/v2\/comments?post=11014"}],"wp:featuredmedia":[{"embeddable":true,"href":"https:\/\/green.one\/de\/wp-json\/wp\/v2\/media\/11184"}],"wp:attachment":[{"href":"https:\/\/green.one\/de\/wp-json\/wp\/v2\/media?parent=11014"}],"wp:term":[{"taxonomy":"product_brand","embeddable":true,"href":"https:\/\/green.one\/de\/wp-json\/wp\/v2\/product_brand?post=11014"},{"taxonomy":"product_cat","embeddable":true,"href":"https:\/\/green.one\/de\/wp-json\/wp\/v2\/product_cat?post=11014"},{"taxonomy":"product_tag","embeddable":true,"href":"https:\/\/green.one\/de\/wp-json\/wp\/v2\/product_tag?post=11014"}],"curies":[{"name":"wp","href":"https:\/\/api.w.org\/{rel}","templated":true}]}}