{"id":11015,"date":"2024-04-25T11:56:51","date_gmt":"2024-04-25T09:56:51","guid":{"rendered":"https:\/\/green.one\/de\/?post_type=product&#038;p=11015"},"modified":"2026-03-29T19:25:28","modified_gmt":"2026-03-29T17:25:28","slug":"cbd-vital-kuehlende-cbd-creme","status":"publish","type":"product","link":"https:\/\/green.one\/de\/shop\/cbd-vital-kuehlende-cbd-creme\/","title":{"rendered":"CBD Vital K\u00fchlende CBD-Creme"},"content":{"rendered":"<h6 style=\"text-align: left\">CBD Vital <a href=\"https:\/\/green.one\/de\/produkt\/spezialisiert\/kosmetik\/\">K\u00fchlende CBD-Creme<\/a>\u2013 mit 500 mg CBD \u2013 f\u00fcr einen sofortigen K\u00fchleffekt.<\/h6>\n<p>Die<strong> CBD Vital K\u00fchlende CBD-Creme <\/strong>enth\u00e4lt 500 mg aktiviertes <a href=\"https:\/\/green.one\/de\/produkt\/cbd\/oel\/\">Cannabidiol<\/a> (CBD). Menthol, Eukalyptus\u00f6l und Pfefferminz\u00f6l sorgen f\u00fcr ein sofortiges Frischegef\u00fchl.<\/p>\n<p>\u00c4therische \u00d6le und Kampfer wirken tonisierend. Bergkiefern\u00f6l beispielsweise wird in der Pflanzenheilkunde seit Langem f\u00fcr seine beruhigende Wirkung in der Hautpflege eingesetzt.<\/p>\n<p>Teufelskrallenextrakt harmoniert ideal mit <a href=\"https:\/\/green.one\/de\/produkt\/cbd\/oel\/\"><strong>CBD.<\/strong><\/a> Dank beruhigender Inhaltsstoffe wie Aloe Vera und Dexpanthenol ist dieser K\u00fchlbalsam besonders sanft zur Haut. Die Kombination aus \u00e4therischen \u00d6len, Teufelskralle und CBD macht diese erfrischende <a href=\"https:\/\/green.one\/de\/produkt\/spezialisiert\/kosmetik\/\"><strong>CBD-Creme<\/strong> <\/a>zu einem vielseitigen und pflegenden <a href=\"https:\/\/green.one\/de\/\"><strong>Produkt.<\/strong><\/a><\/p>\n<p>Frei von Paraffin, Silikonen, Mineral\u00f6len, PEGs und Sulfaten.<\/p>\n<p>Inhaltsstoffe: Cannabidiol (500 mg), Menthol, Eukalyptus\u00f6l, Kampfer, Pfefferminz\u00f6l, Teufelskrallenextrakt, Dexpanthenol, Bergkiefern\u00f6l, Aloe Vera<\/p>\n<p>Wof\u00fcr wird die <strong>CBD Vital <a href=\"https:\/\/green.one\/de\/produkt\/spezialisiert\/kosmetik\/\">K\u00fchlende CBD-Creme\u00a0<\/a><\/strong>angewendet?<\/p>\n<p>Zur Pflege bei k\u00f6rperlicher Aktivit\u00e4t und Sport. Beruhigt, belebt und revitalisiert. Mit sofortigem K\u00fchleffekt.<\/p>\n<p>Anwendung der <strong>CBD Vital K\u00fchlende CBD-Creme<\/strong>:<\/p>\n<p>Zweimal t\u00e4glich auf die Haut auftragen und sanft einmassieren. Einziehen lassen. Nach Gebrauch H\u00e4nde waschen und Augenkontakt vermeiden. Nicht f\u00fcr Kinder geeignet.<\/p>\n<p>Tipp: F\u00fcr einen klaren Kopf direkt auf beide Schl\u00e4fen auftragen.<\/p>\n<p>ZUTATEN: Wasser*, Aloe Barbadensis Blattsaft*\/**, Alkohol*\/**, Menthol*, Glycerin*\/**, Butyrospermum Parkii (Shea) Butter*\/**, Eucalyptus Globulus Blatt\u00f6l*, Kampfer, Mentha Piperita \u00d6l*, Harpagophytum Procumbens (Teufelskralle) Wurzelextrakt*, Polyglyceryl-10 Laurat*, Carrageen (Rotalgen-Polysaccharide)*, <a href=\"https:\/\/green.one\/de\/produkt\/cannabis\/\"><strong>Cannabidiol (CBD),<\/strong><\/a> Octyldodecanol*, Panthenol, Cyamopsis Tetragonoloba (Guar) Gummi*, Xanthan Gummi*, Natriumstearoylglutamat*, Lecithin (GVO-frei)*, Sklerotiumgummi*, Cetearylalkohol*, Pinus Pumilio Zweig-\/Blatt\u00f6l*\/**, Dehydroessigs\u00e4ure, Benzylalkohol, Linalool*** Limonen***<\/p>\n<p>*Nat\u00fcrliche Inhaltsstoffe (95,5 %)<\/p>\n<p>**Bio-Inhaltsstoffe (47,5 %)<\/p>\n<p>***Bestandteile aus nat\u00fcrlichen \u00e4therischen \u00d6len und nat\u00fcrlichen Duftstoffen<\/p>\n<p><a href=\"https:\/\/green.one\/de\/produkt\/spezialisiert\/kosmetik\/\">Bio-Kosmetik<\/a> gem\u00e4\u00df den Richtlinien des ECOGEA-Instituts.<\/p>\n<p>green.one\u00ae <a href=\"https:\/\/green.one\/de\/\">CBD \u00d6l Shop<\/a> ist ein deutsches Premium-Online-Gesch\u00e4ft das eine breite Auswahl an hochwertigen CBD-Produkten f\u00fcr ganz Europa anbietet.<\/p>\n<p><strong>Rechtlicher Hinweis:<\/strong> <em>Dieses Produkt ist kein Arzneimittel. Es ersetzt keine ausgewogene und abwechslungsreiche Ern\u00e4hrung und keinen gesunden Lebensstil. Bei Schwangerschaft, Stillzeit oder wenn du Medikamente einnimmst, konsultiere vor der Verwendung deinen Arzt.<\/em><\/p>\n<table>\n<tbody>\n<tr>\n<td>Menge<\/td>\n<td>120 ml<\/td>\n<\/tr>\n<\/tbody>\n<\/table>\n","protected":false},"excerpt":{"rendered":"<p>Die k\u00fchlende CBD-Creme von CBD Vital bietet ein erfrischendes Hautgef\u00fchl mit nat\u00fcrlichen Inhaltsstoffen wie Menthol, Pfefferminze und Eukalyptus\u00f6l.<\/p>\n<p>Ideal f\u00fcr den Einsatz nach sportlicher Aktivit\u00e4t oder bei der t\u00e4glichen Pflegeroutine \u2013 spendet Frische und Komfort. Enth\u00e4lt 500 mg CBD, ist vegan und hautfreundlich mit Aloe Vera und Teufelskrallenextrakt.<\/p>\n","protected":false},"featured_media":11093,"comment_status":"open","ping_status":"closed","template":"","meta":{"_trash_the_other_posts":false,"editor_notices":[]},"product_brand":[165],"product_cat":[157,272],"product_tag":[190,193,210,253,317],"class_list":{"0":"post-11015","1":"product","2":"type-product","3":"status-publish","4":"has-post-thumbnail","6":"product_brand-cbd-vital","7":"product_cat-kosmetik","8":"product_cat-koerperpflege","9":"product_tag-creme","10":"product_tag-vital","11":"product_tag-kosmetik","12":"product_tag-cbd","13":"product_tag-koeperpflege","15":"first","16":"instock","17":"sale","18":"taxable","19":"shipping-taxable","20":"purchasable","21":"product-type-simple"},"_links":{"self":[{"href":"https:\/\/green.one\/de\/wp-json\/wp\/v2\/product\/11015","targetHints":{"allow":["GET"]}}],"collection":[{"href":"https:\/\/green.one\/de\/wp-json\/wp\/v2\/product"}],"about":[{"href":"https:\/\/green.one\/de\/wp-json\/wp\/v2\/types\/product"}],"replies":[{"embeddable":true,"href":"https:\/\/green.one\/de\/wp-json\/wp\/v2\/comments?post=11015"}],"wp:featuredmedia":[{"embeddable":true,"href":"https:\/\/green.one\/de\/wp-json\/wp\/v2\/media\/11093"}],"wp:attachment":[{"href":"https:\/\/green.one\/de\/wp-json\/wp\/v2\/media?parent=11015"}],"wp:term":[{"taxonomy":"product_brand","embeddable":true,"href":"https:\/\/green.one\/de\/wp-json\/wp\/v2\/product_brand?post=11015"},{"taxonomy":"product_cat","embeddable":true,"href":"https:\/\/green.one\/de\/wp-json\/wp\/v2\/product_cat?post=11015"},{"taxonomy":"product_tag","embeddable":true,"href":"https:\/\/green.one\/de\/wp-json\/wp\/v2\/product_tag?post=11015"}],"curies":[{"name":"wp","href":"https:\/\/api.w.org\/{rel}","templated":true}]}}