{"id":11021,"date":"2024-04-25T11:56:35","date_gmt":"2024-04-25T09:56:35","guid":{"rendered":"https:\/\/green.one\/de\/?post_type=product&#038;p=11021"},"modified":"2026-03-29T19:30:54","modified_gmt":"2026-03-29T17:30:54","slug":"cbd-vital-vitamin-b-komplex","status":"publish","type":"product","link":"https:\/\/green.one\/de\/shop\/cbd-vital-vitamin-b-komplex\/","title":{"rendered":"CBD Vital Vitamin B-Komplex"},"content":{"rendered":"<div class=\"relative font-sans text-base text-foreground selection:bg-super\/50 selection:text-foreground dark:selection:bg-super\/10 dark:selection:text-super\">\n<div class=\"min-w-0 break-words [word-break:break-word]\">\n<div id=\"markdown-content-36\" class=\"gap-y-md after:clear-both after:block after:content-['']\" dir=\"auto\" data-cplx-component=\"message-block-answer\">\n<div class=\"has-inline-images my-2 first:mt-0 [&amp;:has([data-inline-type=image])+&amp;:has([data-inline-type=image])_[data-inline-type=image]]:hidden [&amp;:has(table)_[data-inline-type=image]]:hidden\">\n<div class=\"prose dark:prose-invert inline leading-relaxed break-words min-w-0 [word-break:break-word] prose-strong:font-bold [&amp;_&gt;*:first-child]:mt-0 [&amp;_&gt;*:last-child]:mb-0\">\n<h6 class=\"mb-2 mt-4 [.has-inline-images_&amp;]:clear-end font-editorial font-bold text-base first:mt-0\" style=\"text-align: left\">CBD Vital <a href=\"https:\/\/green.one\/de\/produkt\/nahrungsergaenzung\/\">Vitamin B<\/a>-Komplex: Der einfache,\u00a0<strong>bew\u00e4hrte<\/strong>\u00a0Daily-Boost f\u00fcr deinen Alltag<\/h6>\n<p class=\"my-2 [&amp;+p]:mt-4 [&amp;_strong:has(+br)]:inline-block [&amp;_strong:has(+br)]:pb-2\">Wenn dein Tag viel von dir verlangt, brauchst du keine komplizierten Pl\u00e4ne, sondern eine Routine, die du wirklich durchziehst.<\/p>\n<p class=\"my-2 [&amp;+p]:mt-4 [&amp;_strong:has(+br)]:inline-block [&amp;_strong:has(+br)]:pb-2\"><strong>CBD Vital Vitamin B-Komplex<\/strong>\u00a0ist eine praktische Erg\u00e4nzung f\u00fcr alle, die ihren Alltag bewusster strukturieren und ihre Ern\u00e4hrung sinnvoll abrunden m\u00f6chten. Bei <strong>green.one<\/strong> <a href=\"https:\/\/green.one\/de\/\">CBD Oel Shop<\/a> findest du ausgew\u00e4hlte Produkte f\u00fcr einen gr\u00fcnen <a href=\"https:\/\/green.one\/de\/produkt\/spezialisiert\/kosmetik\/\"><strong>Lifestyle<\/strong><\/a> \u2013 bequem online, \u00fcbersichtlich und schnell in deinen Tagesablauf integriert.<\/p>\n<h6 id=\"warum-ein-b-komplex-so-beliebt-ist\" class=\"mb-2 mt-4 [.has-inline-images_&amp;]:clear-end font-editorial font-bold text-base first:mt-0\">Warum ein <a href=\"https:\/\/green.one\/de\/produkt\/nahrungsergaenzung\/\">B-Komplex<\/a> so beliebt ist<\/h6>\n<p class=\"my-2 [&amp;+p]:mt-4 [&amp;_strong:has(+br)]:inline-block [&amp;_strong:has(+br)]:pb-2\">B-Vitamine sind f\u00fcr viele Menschen der Klassiker, wenn es um eine konsequente <a href=\"https:\/\/green.one\/de\/produkt\/cbd-vape\/\"><strong>Daily-Routine<\/strong><\/a> geht.<\/p>\n<p class=\"my-2 [&amp;+p]:mt-4 [&amp;_strong:has(+br)]:inline-block [&amp;_strong:has(+br)]:pb-2\">Der gr\u00f6\u00dfte Vorteil ist die einfache Anwendung: Du musst nichts \u201eumstellen\u201c, sondern setzt auf ein klares Ritual.\u00a0<strong>CBD Vital <a href=\"https:\/\/green.one\/de\/produkt\/nahrungsergaenzung\/\">Vitamin<\/a> B-Komplex<\/strong>\u00a0passt deshalb besonders gut zu allen, die lieber Schritt f\u00fcr Schritt optimieren, statt st\u00e4ndig neue Trends zu testen.<\/p>\n<h6 id=\"das-macht-cbd-vital-vitamin-b-komplex-bei-greenone\" class=\"mb-2 mt-4 [.has-inline-images_&amp;]:clear-end font-editorial font-bold text-base first:mt-0\">Das macht CBD Vital Vitamin B-Komplex bei green.one <a href=\"https:\/\/green.one\/de\/\">CBD Oel Shop<\/a>\u00a0besonders attraktiv<\/h6>\n<p class=\"my-2 [&amp;+p]:mt-4 [&amp;_strong:has(+br)]:inline-block [&amp;_strong:has(+br)]:pb-2\">Wenn du online kaufst, z\u00e4hlt vor allem: klar, praktisch und ohne Overpromise. Genau in dieser Logik sind\u00a0<strong>CBD Vital <a href=\"https:\/\/green.one\/de\/produkt\/nahrungsergaenzung\/\">Vitamin<\/a> B-Komplex<\/strong>\u00a0Produkte ideal, weil sie sich leicht einbauen lassen und dich beim Dranbleiben unterst\u00fctzen.<\/p>\n<ul class=\"marker:text-quiet list-disc\">\n<li class=\"py-0 my-0 prose-p:pt-0 prose-p:mb-2 prose-p:my-0 [&amp;&gt;p]:pt-0 [&amp;&gt;p]:mb-2 [&amp;&gt;p]:my-0\">\n<p class=\"my-2 [&amp;+p]:mt-4 [&amp;_strong:has(+br)]:inline-block [&amp;_strong:has(+br)]:pb-2\">Einfach integrierbar in die Morgenroutine, z. B. nach dem Fr\u00fchst\u00fcck.<\/p>\n<\/li>\n<li class=\"py-0 my-0 prose-p:pt-0 prose-p:mb-2 prose-p:my-0 [&amp;&gt;p]:pt-0 [&amp;&gt;p]:mb-2 [&amp;&gt;p]:my-0\">\n<p class=\"my-2 [&amp;+p]:mt-4 [&amp;_strong:has(+br)]:inline-block [&amp;_strong:has(+br)]:pb-2\">Perfekt f\u00fcr einen aktiven Lifestyle, kombiniert mit Bewegung, Schlaf und ausgewogener Ern\u00e4hrung.<\/p>\n<\/li>\n<li class=\"py-0 my-0 prose-p:pt-0 prose-p:mb-2 prose-p:my-0 [&amp;&gt;p]:pt-0 [&amp;&gt;p]:mb-2 [&amp;&gt;p]:my-0\">\n<p class=\"my-2 [&amp;+p]:mt-4 [&amp;_strong:has(+br)]:inline-block [&amp;_strong:has(+br)]:pb-2\">Bewusster Einkauf bei green.one: passend zu einem nachhaltigen Mindset.<\/p>\n<\/li>\n<\/ul>\n<h6 id=\"so-baust-du-deine-routine-stupid-simple-auf\" class=\"mb-2 mt-4 [.has-inline-images_&amp;]:clear-end font-editorial font-bold text-base first:mt-0\">So baust du deine Routine \u201estupid-simple\u201c auf<\/h6>\n<p class=\"my-2 [&amp;+p]:mt-4 [&amp;_strong:has(+br)]:inline-block [&amp;_strong:has(+br)]:pb-2\">Lege eine fixe Uhrzeit fest, damit aus Motivation Gewohnheit wird. Kombiniere\u00a0<strong>CBD Vital Vitamin B-Komplex<\/strong>\u00a0mit drei Mini-Basics: morgens Wasser trinken, tags\u00fcber kurz bewegen (z. B. 20 Minuten), abends eine feste Offline-Zeit.<\/p>\n<p class=\"my-2 [&amp;+p]:mt-4 [&amp;_strong:has(+br)]:inline-block [&amp;_strong:has(+br)]:pb-2\">Das ist simpel, wirkt aber oft \u00fcberraschend stark \u2013 weil du es wirklich wiederholen kannst.<\/p>\n<p class=\"my-2 [&amp;+p]:mt-4 [&amp;_strong:has(+br)]:inline-block [&amp;_strong:has(+br)]:pb-2\">\n<\/div>\n<\/div>\n<\/div>\n<\/div>\n<\/div>\n<p><strong>Gesundheitlicher Nutzen der <a href=\"https:\/\/green.one\/de\/produkt\/nahrungsergaenzung\/\">B-Vitamine<\/a><\/strong><\/p>\n<ul>\n<li>Die <a href=\"https:\/\/green.one\/de\/produkt\/nahrungsergaenzung\/\">Vitamine B1, B2, B6, B12<\/a> sowie Niacin &amp; Biotin unterst\u00fctzen die Erhaltung der normalen Funktion des Nervensystems<\/li>\n<li>Biotin, Niacin, Pantothens\u00e4ure sowie die <a href=\"https:\/\/green.one\/de\/produkt\/nahrungsergaenzung\/\">Vitamine B1, B2, B6 und B12<\/a> tragen zu einem normalen Energiestoffwechsel bei<\/li>\n<li>Die enthaltenen <a href=\"https:\/\/green.one\/de\/produkt\/nahrungsergaenzung\/\">Vitamine B1, B6, B12<\/a> sowie Fols\u00e4ure, Niacin und Biotin tragen zur normalen psychischen Funktion bei<\/li>\n<li>Die <a href=\"https:\/\/green.one\/de\/produkt\/nahrungsergaenzung\/\">Vitamine B6, B12<\/a> und Fols\u00e4ure tragen zu einem normalen Homocystein-Stoffwechsel bei<\/li>\n<\/ul>\n<p><strong>Inhaltsstoffe<\/strong> <strong>TD (1 Kapsel)<\/strong> <strong>% NRV*<\/strong> Vitamin B1 (als Thiaminhydrochlorid) 100 mg 9.091 % <a href=\"https:\/\/green.one\/de\/produkt\/nahrungsergaenzung\/\">Vitamin B2<\/a> (als Riboflavin) 5 mg 357 % aktiviertes Vitamin B2 (als R-5-P) 10 mg 714 % Niacin (als Nicotinamid) 100 mg 625 % aktiviertes Niacin (als Inositolhexanicotinat) 10 mg 63 % Pantothens\u00e4ure (Calcium-D-pantothenat) 100 mg 1.667 % <a href=\"https:\/\/green.one\/de\/produkt\/nahrungsergaenzung\/\">Vitamin B6<\/a> (als Pyridoxinhydrochlorid) 15 mg 1.071 % aktiviertes <a href=\"https:\/\/green.one\/de\/produkt\/nahrungsergaenzung\/\">Vitamin B6<\/a> (als P-5-P) 8 mg 571 % Biotin (als D-Biotin) 400 \u00b5g 800 % aktivierte Fols\u00e4ure (als 5-MTHF) 400\u00b5g 200 % aktiviertes <a href=\"https:\/\/green.one\/de\/produkt\/nahrungsergaenzung\/\">Vitamin B12<\/a> (als Methylcobalamin) 400 \u00b5g 16.000 % *NRV = N\u00e4hrstoffbezugswerte gem\u00e4\u00df Verordnung (EU) Nr. 1169\/2011.<\/p>\n<p><strong>Verzehrempfehlung: <\/strong>1 x 1 Kapsel t\u00e4glich zu einer Mahlzeit mit viel Fl\u00fcssigkeit einnehmen.<\/p>\n<p><strong>Zutaten:\u00a0<\/strong>Thiaminhydrochlorid; Calcium-D-pantothenat; Nicotinamid; \u00dcberzugsmittel: Hydroxypropylmethylcellulose (pflanzliche Kapselh\u00fclle); Erbsenfaser, Pyridoxinhydrochlorid; Natrium (R-5-P); Inositolhexanicotinat; Riboflavin; Pyridoxal-5&#8242;-phosphat, (6S)-5-Methyltetrahydrofols\u00e4ure, Glucosaminsalz, Methylcobalamin, D-Biotin.<\/p>\n<p>green.one\u00ae <a href=\"https:\/\/green.one\/de\/\">CBD \u00d6l Shop<\/a> ist ein deutsches Premium-Online-Gesch\u00e4ft das eine breite Auswahl an hochwertigen CBD-Produkten f\u00fcr ganz Europa anbietet.<\/p>\n<p><strong>Rechtlicher Hinweis:<\/strong> <em>Dieses Produkt ist kein Arzneimittel. Es ersetzt keine ausgewogene und abwechslungsreiche Ern\u00e4hrung und keinen gesunden Lebensstil. Bei Schwangerschaft, Stillzeit oder wenn du Medikamente einnimmst, konsultiere vor der Verwendung deinen Arzt.<\/em><\/p>\n<table>\n<tbody>\n<tr>\n<td>Menge<\/td>\n<td>60 stk<\/td>\n<\/tr>\n<\/tbody>\n<\/table>\n","protected":false},"excerpt":{"rendered":"<p><strong>CBD Vital Vitamin B-Komplex<\/strong> ist eine praktische Erg\u00e4nzung f\u00fcr deine t\u00e4gliche Routine, wenn du bewusster leben und deine Ern\u00e4hrung unkompliziert abrunden m\u00f6chtest. Ideal f\u00fcr alle, die eine einfache Anwendung sch\u00e4tzen und ihren aktiven Alltag mit einer klaren, konsequenten Supplement-Routine unterst\u00fctzen wollen. Entdecke CBD Vital Vitamin B-Komplex bei green.one und integriere es m\u00fchelos in deinen Tagesplan.<\/p>\n","protected":false},"featured_media":11161,"comment_status":"open","ping_status":"closed","template":"","meta":{"_trash_the_other_posts":false,"editor_notices":[]},"product_brand":[165],"product_cat":[328],"product_tag":[295,329,337],"class_list":{"0":"post-11021","1":"product","2":"type-product","3":"status-publish","4":"has-post-thumbnail","6":"product_brand-cbd-vital","7":"product_cat-nahrungsergaenzung","8":"product_tag-nahrungsergaenzungsmittel","9":"product_tag-cbd-vital","10":"product_tag-vitamin-b","12":"first","13":"instock","14":"sale","15":"taxable","16":"shipping-taxable","17":"purchasable","18":"product-type-simple"},"_links":{"self":[{"href":"https:\/\/green.one\/de\/wp-json\/wp\/v2\/product\/11021","targetHints":{"allow":["GET"]}}],"collection":[{"href":"https:\/\/green.one\/de\/wp-json\/wp\/v2\/product"}],"about":[{"href":"https:\/\/green.one\/de\/wp-json\/wp\/v2\/types\/product"}],"replies":[{"embeddable":true,"href":"https:\/\/green.one\/de\/wp-json\/wp\/v2\/comments?post=11021"}],"wp:featuredmedia":[{"embeddable":true,"href":"https:\/\/green.one\/de\/wp-json\/wp\/v2\/media\/11161"}],"wp:attachment":[{"href":"https:\/\/green.one\/de\/wp-json\/wp\/v2\/media?parent=11021"}],"wp:term":[{"taxonomy":"product_brand","embeddable":true,"href":"https:\/\/green.one\/de\/wp-json\/wp\/v2\/product_brand?post=11021"},{"taxonomy":"product_cat","embeddable":true,"href":"https:\/\/green.one\/de\/wp-json\/wp\/v2\/product_cat?post=11021"},{"taxonomy":"product_tag","embeddable":true,"href":"https:\/\/green.one\/de\/wp-json\/wp\/v2\/product_tag?post=11021"}],"curies":[{"name":"wp","href":"https:\/\/api.w.org\/{rel}","templated":true}]}}