{"id":11022,"date":"2024-04-25T12:00:56","date_gmt":"2024-04-25T10:00:56","guid":{"rendered":"https:\/\/green.one\/de\/?post_type=product&#038;p=11022"},"modified":"2026-03-29T18:54:45","modified_gmt":"2026-03-29T16:54:45","slug":"cbd-vital-ursprung-brain","status":"publish","type":"product","link":"https:\/\/green.one\/de\/shop\/cbd-vital-ursprung-brain\/","title":{"rendered":"CBD Vital Ursprung BRAIN"},"content":{"rendered":"<h6 id=\"cbd-vital-ursprung-brain-dein-smarter-boost-fr-fok\" class=\"mb-2 mt-4 [.has-inline-images_&amp;]:clear-end font-editorial font-bold text-base first:mt-0\" style=\"text-align: left\">CBD Vital Ursprung BRAIN: Dein smarter Boost f\u00fcr Fokus und mentale Vitalit\u00e4t<\/h6>\n<p class=\"my-2 [&amp;+p]:mt-4 [&amp;_strong:has(+br)]:inline-block [&amp;_strong:has(+br)]:pb-2\">Wenn dein Alltag volle Leistung verlangt, brauchst du eine <a href=\"https:\/\/green.one\/de\/produkt\/cbd-vape\/\"><strong>Routine<\/strong><\/a>, die\u00a0<strong>einfach<\/strong>\u00a0funktioniert. CBD Vital Ursprung BRAIN ist eine Spezialformel \u201ef\u00fcr die mentale <a href=\"https:\/\/green.one\/de\/produkt\/cbd-oel-melatonin\/\"><strong>Vitalit\u00e4t<\/strong><\/a>\u201c und wird als <a href=\"https:\/\/green.one\/de\/produkt\/vollspektrum\/\">Bio-Vollspektrum<\/a>-CBD-<a href=\"https:\/\/green.one\/de\/\"><strong>Produkt<\/strong> <\/a>beschrieben (u. a. mit 500 mg nat\u00fcrlichem CBD in 20 ml sowie einer Kombination mit Phosphatidylserin).<\/p>\n<p class=\"my-2 [&amp;+p]:mt-4 [&amp;_strong:has(+br)]:inline-block [&amp;_strong:has(+br)]:pb-2\">Bei green.one findest du ausgew\u00e4hlte Produkte f\u00fcr einen bewussten Lifestyle \u2013 bequem online bestellen und direkt in deine Tagesstruktur integrieren.<\/p>\n<h6 id=\"warum-routine-strker-ist-als-motivation\" class=\"mb-2 mt-4 [.has-inline-images_&amp;]:clear-end font-editorial font-bold text-base first:mt-0\">Warum Routine st\u00e4rker ist als Motivation<\/h6>\n<p class=\"my-2 [&amp;+p]:mt-4 [&amp;_strong:has(+br)]:inline-block [&amp;_strong:has(+br)]:pb-2\">Fokus ist oft keine Frage von \u201emehr wollen\u201c, sondern von besser planen: feste Zeiten, kurze Pausen und klare Priorit\u00e4ten.<\/p>\n<p class=\"my-2 [&amp;+p]:mt-4 [&amp;_strong:has(+br)]:inline-block [&amp;_strong:has(+br)]:pb-2\">Genau hier kann CBD Vital Ursprung BRAIN als fester Bestandteil deines Rituals Sinn ergeben \u2013 weil du damit weniger improvisierst und konsequenter bleibst. <span class=\"inline-flex\" aria-label=\"CBD Ursprung BRAIN | mit 500mg CBD | f\u00fcr die mentale Vitalit\u00e4t\" data-state=\"closed\">\u200b<\/span><\/p>\n<h6 id=\"was-cbd-vital-ursprung-brain-besonders-macht\" class=\"mb-2 mt-4 [.has-inline-images_&amp;]:clear-end font-editorial font-bold text-base first:mt-0\">Was CBD Vital Ursprung BRAIN besonders macht<\/h6>\n<p class=\"my-2 [&amp;+p]:mt-4 [&amp;_strong:has(+br)]:inline-block [&amp;_strong:has(+br)]:pb-2\">Wenn du dich f\u00fcr CBD Vital Ursprung BRAIN entscheidest, spricht vor allem die klare Produktidee viele Kundinnen und Kunden an: Ged\u00e4chtnis-Komplex, ohne Koffein, mit Phosphatidylserin und <a href=\"https:\/\/green.one\/de\/produkt\/nahrungsergaenzung\/\">Vitamin<\/a> E. Das Produkt wird au\u00dferdem als \u201eSpezialformel mit CBD &amp; Phosphatidylserin\u201c beschrieben und explizit als Option \u201ebei mentaler Ersch\u00f6pfung\u201c bzw. f\u00fcr Konzentrationsf\u00e4higkeit\/mentale Fitness vorgestellt.<\/p>\n<p class=\"my-2 [&amp;+p]:mt-4 [&amp;_strong:has(+br)]:inline-block [&amp;_strong:has(+br)]:pb-2\">Diese klare Positionierung macht es leichter, das Produkt sinnvoll in eine bestehende Routine einzuordnen.<span class=\"inline-flex\" aria-label=\"CBD Ursprung BRAIN | mit 500mg CBD | f\u00fcr die mentale Vitalit\u00e4t\" data-state=\"closed\">\u200b<\/span><\/p>\n<h6 id=\"so-nutzt-du-deinen-tag-effizienter-sofort-umsetzba\" class=\"mb-2 mt-4 [.has-inline-images_&amp;]:clear-end font-editorial font-bold text-base first:mt-0\">So nutzt du deinen Tag effizienter (sofort umsetzbar)<\/h6>\n<p class=\"my-2 [&amp;+p]:mt-4 [&amp;_strong:has(+br)]:inline-block [&amp;_strong:has(+br)]:pb-2\">Lege einen festen Zeitpunkt am Tag fest (z. B. morgens nach dem Fr\u00fchst\u00fcck), an dem du deine Routine startest \u2013 Konstanz ist hier der Gamechanger.<\/p>\n<p class=\"my-2 [&amp;+p]:mt-4 [&amp;_strong:has(+br)]:inline-block [&amp;_strong:has(+br)]:pb-2\">Plane zus\u00e4tzlich 2 kurze \u201eDeep-Work\u201c-Bl\u00f6cke ohne Ablenkung und eine echte Pause dazwischen, um mental frisch zu bleiben. CBD Vital Ursprung BRAIN kannst du dabei als verl\u00e4sslichen Bestandteil deines Tagesrituals einbauen \u2013 schlicht, planbar und alltagstauglich.<span class=\"inline-flex\" aria-label=\"CBD Ursprung BRAIN | mit 500mg CBD | f\u00fcr die mentale Vitalit\u00e4t\" data-state=\"closed\">\u200b<\/span><\/p>\n<h6 id=\"jetzt-bei-greenone-entdecken\" class=\"mb-2 mt-4 [.has-inline-images_&amp;]:clear-end font-editorial font-bold text-base first:mt-0\">Jetzt bei green.one <a href=\"https:\/\/green.one\/de\/\">CBD Oel Shop<\/a>\u00a0entdecken<\/h6>\n<p class=\"my-2 [&amp;+p]:mt-4 [&amp;_strong:has(+br)]:inline-block [&amp;_strong:has(+br)]:pb-2\">Wenn du nicht l\u00e4nger \u201eirgendwann\u201c strukturierter arbeiten willst, ist CBD Vital Ursprung BRAIN ein \u00fcberzeugender Schritt in Richtung konsequenter Routine. Bei green.one <a href=\"https:\/\/green.one\/de\/\">CBD Oel Shop<\/a> kaufst du bewusst, schnell und ohne Umwege \u2013 perfekt, wenn du es gern unkompliziert hast.<span class=\"inline-flex\" aria-label=\"Green.one\u00ae \u2013 Premium CBD Oil Shop | EU Delivery\" data-state=\"closed\">\u200b<\/span><\/p>\n<p class=\"my-2 [&amp;+p]:mt-4 [&amp;_strong:has(+br)]:inline-block [&amp;_strong:has(+br)]:pb-2\"><strong>Rechtlicher Hinweis:<\/strong> <em>Dieses Produkt ist kein Arzneimittel. Es ersetzt keine ausgewogene und abwechslungsreiche Ern\u00e4hrung und keinen gesunden Lebensstil. Bei Schwangerschaft, Stillzeit oder wenn du Medikamente einnimmst, konsultiere vor der Verwendung deinen Arzt.<\/em><\/p>\n<p>&nbsp;<\/p>\n","protected":false},"excerpt":{"rendered":"<p><strong>CBD Vital Ursprung BRAIN<\/strong> ist ein Bio-Vollspektrum-CBD-\u00d6l mit 500 mg nat\u00fcrlichem CBD in 20 ml und einer Spezialformel mit CBD &amp; Phosphatidylserin. Laut Hersteller ist es f\u00fcr \u201eGed\u00e4chtnis &amp; geistige Fitness\u201c konzipiert, koffeinfrei und enth\u00e4lt zus\u00e4tzlich Vitamin E. Entdecke CBD Vital Ursprung BRAIN bei green.one und integriere es unkompliziert in deine t\u00e4gliche Fokus-Routine.<\/p>\n","protected":false},"featured_media":11239,"comment_status":"open","ping_status":"closed","template":"","meta":{"_trash_the_other_posts":false,"editor_notices":[]},"product_brand":[165],"product_cat":[151,264],"product_tag":[298,312,329],"class_list":{"0":"post-11022","1":"product","2":"type-product","3":"status-publish","4":"has-post-thumbnail","6":"product_brand-cbd-vital","7":"product_cat-oel","8":"product_cat-vollspektrum","9":"product_tag-vollspectrum","10":"product_tag-cbd-oel","11":"product_tag-cbd-vital","13":"first","14":"instock","15":"sale","16":"taxable","17":"shipping-taxable","18":"purchasable","19":"product-type-simple"},"_links":{"self":[{"href":"https:\/\/green.one\/de\/wp-json\/wp\/v2\/product\/11022","targetHints":{"allow":["GET"]}}],"collection":[{"href":"https:\/\/green.one\/de\/wp-json\/wp\/v2\/product"}],"about":[{"href":"https:\/\/green.one\/de\/wp-json\/wp\/v2\/types\/product"}],"replies":[{"embeddable":true,"href":"https:\/\/green.one\/de\/wp-json\/wp\/v2\/comments?post=11022"}],"wp:featuredmedia":[{"embeddable":true,"href":"https:\/\/green.one\/de\/wp-json\/wp\/v2\/media\/11239"}],"wp:attachment":[{"href":"https:\/\/green.one\/de\/wp-json\/wp\/v2\/media?parent=11022"}],"wp:term":[{"taxonomy":"product_brand","embeddable":true,"href":"https:\/\/green.one\/de\/wp-json\/wp\/v2\/product_brand?post=11022"},{"taxonomy":"product_cat","embeddable":true,"href":"https:\/\/green.one\/de\/wp-json\/wp\/v2\/product_cat?post=11022"},{"taxonomy":"product_tag","embeddable":true,"href":"https:\/\/green.one\/de\/wp-json\/wp\/v2\/product_tag?post=11022"}],"curies":[{"name":"wp","href":"https:\/\/api.w.org\/{rel}","templated":true}]}}