{"id":11025,"date":"2024-04-25T12:01:45","date_gmt":"2024-04-25T10:01:45","guid":{"rendered":"https:\/\/green.one\/de\/?post_type=product&#038;p=11025"},"modified":"2026-03-29T18:51:54","modified_gmt":"2026-03-29T16:51:54","slug":"cbd-vital-hunde-snacks-gelenke","status":"publish","type":"product","link":"https:\/\/green.one\/de\/shop\/cbd-vital-hunde-snacks-gelenke\/","title":{"rendered":"CBD Vital Hunde-Snacks Gelenke"},"content":{"rendered":"<h6 id=\"cbd-vital-hunde-snacks-gelenke-bewegungsfreude-fr\" class=\"mb-2 mt-4 [.has-inline-images_&amp;]:clear-end font-editorial font-bold text-lg first:mt-0 md:text-lg [hr+&amp;]:mt-4\" style=\"text-align: left\">CBD Vital <a href=\"https:\/\/green.one\/de\/produkt\/cbd-fuer-haustiere\/\">Hunde-Snacks<\/a> Gelenke: Bewegungsfreude f\u00fcr deinen Hund<\/h6>\n<h6 id=\"sechs-starke-inhaltsstoffe-fr-gelenke\" class=\"mb-2 mt-4 [.has-inline-images_&amp;]:clear-end font-editorial font-bold text-lg first:mt-0 md:text-lg [hr+&amp;]:mt-4\">Sechs starke Inhaltsstoffe f\u00fcr Gelenke<\/h6>\n<p class=\"my-2 [&amp;+p]:mt-4 [&amp;_strong:has(+br)]:inline-block [&amp;_strong:has(+br)]:pb-2\">Die\u00a0<strong>CBD Vital Hunde-Snacks Gelenke<\/strong>\u00a0sind mehr als gew\u00f6hnliche Leckerlis \u2013 eine smarte Formel mit 150 mg nat\u00fcrlichem <a href=\"https:\/\/green.one\/de\/produkt\/cbd-fuer-haustiere\/\"><strong>CBD<\/strong><\/a> aus Hanfmehl, kombiniert mit Glucosamin (4,4% vegan), Chondroitin (2%), Kurkuma, Weihrauch und MSM.<\/p>\n<p class=\"my-2 [&amp;+p]:mt-4 [&amp;_strong:has(+br)]:inline-block [&amp;_strong:has(+br)]:pb-2\">Diese Power-Zutaten unterst\u00fctzen Beweglichkeit und allgemeines Wohlbefinden bei <a href=\"https:\/\/green.one\/de\/produkt\/cbd-fuer-haustiere\/\">Hunden<\/a> jeden Alters. Stell dir vor, dein Vierbeiner springt wieder fr\u00f6hlich durch den Garten: 2,5 mg CBD pro <a href=\"https:\/\/green.one\/de\/produkt\/cbd-fuer-haustiere\/\">Snack<\/a> f\u00fcr echte Bewegungsfreude!<\/p>\n<p class=\"my-2 [&amp;+p]:mt-4 [&amp;_strong:has(+br)]:inline-block [&amp;_strong:has(+br)]:pb-2\">Hypoallergen, ohne Soja\/Getreide: S\u00fc\u00dfkartoffel, Insektenprotein, Flohsamenschalen sorgen f\u00fcr Vertr\u00e4glichkeit. Analytische Werte: 17,8% Rohprotein, 7,25% Rohfaser, 3,4% Rohfett.<\/p>\n<h6 id=\"perfekt-fr-aktive-und-ltere-hunde\" class=\"mb-2 mt-4 [.has-inline-images_&amp;]:clear-end font-editorial font-bold text-lg first:mt-0 md:text-lg [hr+&amp;]:mt-4\">Perfekt f\u00fcr aktive und \u00e4ltere Hunde<\/h6>\n<h6 id=\"dosierung-nach-gewicht\" class=\"mb-2 mt-4 [.has-inline-images_&amp;]:clear-end font-editorial font-bold text-base first:mt-0\">Dosierung nach Gewicht<\/h6>\n<p class=\"my-2 [&amp;+p]:mt-4 [&amp;_strong:has(+br)]:inline-block [&amp;_strong:has(+br)]:pb-2\"><strong>CBD Vital <a href=\"https:\/\/green.one\/de\/produkt\/cbd-fuer-haustiere\/\">Hunde-Snacks<\/a> Gelenke<\/strong>\u00a0flexibel dosieren: 5-9 kg = 1 Snack\/Tag, 10-19 kg = 2, 20-29 kg = 4, 30-39 kg = 6, 40-49 kg = 8. Immer Frischwasser bereitstellen \u2013 easy f\u00fcr Reisen oder Training.<span class=\"inline-flex\" aria-label=\"CBD Gelenke plus Snacks | Hunde | Gelenksschutz\" data-state=\"closed\">\u200b<\/span><\/p>\n<h6 id=\"einfache-ftterung-unterwegs\" class=\"mb-2 mt-4 [.has-inline-images_&amp;]:clear-end font-editorial font-bold text-lg first:mt-0 md:text-lg [hr+&amp;]:mt-4\">Einfache F\u00fctterung unterwegs<\/h6>\n<p class=\"my-2 [&amp;+p]:mt-4 [&amp;_strong:has(+br)]:inline-block [&amp;_strong:has(+br)]:pb-2\">Die 150-g-Packung mit 60 <a href=\"https:\/\/green.one\/de\/produkt\/cbd-fuer-haustiere\/\">Snacks<\/a> passt in jede Tasche. Ideal f\u00fcr sportliche Hunde oder Seniors, die <a href=\"https:\/\/green.one\/de\/\"><strong>nat\u00fcrliche<\/strong><\/a> Mobilit\u00e4t brauchen. Integriere sie in die <strong>Routine<\/strong> f\u00fcr langfristigen <a href=\"https:\/\/green.one\/de\/produkt\/cannabis\/blumen\/\"><strong>Komfort.<\/strong><\/a><\/p>\n<h6 id=\"hufige-fragen-faq\" class=\"mb-2 mt-4 [.has-inline-images_&amp;]:clear-end font-editorial font-bold text-lg first:mt-0 md:text-lg [hr+&amp;]:mt-4\">H\u00e4ufige Fragen (FAQ)<\/h6>\n<p class=\"my-2 [&amp;+p]:mt-4 [&amp;_strong:has(+br)]:inline-block [&amp;_strong:has(+br)]:pb-2\"><strong>Was enth\u00e4lt CBD Vital Hunde-Snacks Gelenke?<\/strong><br \/>\nHanfmehl (6%), Glucosamin, Chondroitin, Kurkuma, Weihrauch, MSM \u2013 150 mg CBD total.<\/p>\n<p class=\"my-2 [&amp;+p]:mt-4 [&amp;_strong:has(+br)]:inline-block [&amp;_strong:has(+br)]:pb-2\"><strong>Ab welchem Alter?<\/strong><br \/>\nF\u00fcr Hunde jeden Alters, besonders bei Beanspruchung.<\/p>\n<p class=\"my-2 [&amp;+p]:mt-4 [&amp;_strong:has(+br)]:inline-block [&amp;_strong:has(+br)]:pb-2\"><strong>Wie dosieren?<\/strong><br \/>\nGewichtsabh\u00e4ngig, 1-8 Snacks\/Tag als Richtwert.<\/p>\n<p>green.one\u00ae <a href=\"https:\/\/green.one\/de\/\">CBD \u00d6l Shop<\/a> ist ein deutsches Premium-Online-Gesch\u00e4ft das eine breite Auswahl an hochwertigen CBD-Produkten f\u00fcr ganz Europa anbietet.<\/p>\n<p class=\"my-2 [&amp;+p]:mt-4 [&amp;_strong:has(+br)]:inline-block [&amp;_strong:has(+br)]:pb-2\"><strong>Rechtlicher Hinweis:<\/strong> <em>Dieses Produkt ist kein Arzneimittel. Es ersetzt keine ausgewogene und abwechslungsreiche Ern\u00e4hrung und keinen gesunden Lebensstil. Bei Schwangerschaft, Stillzeit oder wenn du Medikamente einnimmst, konsultiere vor der Verwendung deinen Arzt.<\/em><\/p>\n<p>&nbsp;<\/p>\n","protected":false},"excerpt":{"rendered":"<p>CBD Vital Hunde-Snacks Gelenke sind smackhafte Leckerlis mit 150 mg nat\u00fcrlichem CBD aus Hanfmehl, Glucosamin (4,4% vegan), Chondroitin (2%), Kurkuma, Weihrauch und MSM.<\/p>\n<p>Unterst\u00fctzen Beweglichkeit und Wohlbefinden bei Hunden jeden Alters \u2013 ideal f\u00fcr aktive oder \u00e4ltere Vierbeiner (2,5 mg CBD\/Snack). Hypoallergen, ohne Soja\/Getreide, 150 g Packung mit 60 Snacks.<\/p>\n<p>Dosierung nach Gewicht: 1-8\/Tag<\/p>\n","protected":false},"featured_media":11316,"comment_status":"open","ping_status":"closed","template":"","meta":{"_trash_the_other_posts":false,"editor_notices":[]},"product_brand":[165],"product_cat":[159,247],"product_tag":[193,207,219,319,320],"class_list":{"0":"post-11025","1":"product","2":"type-product","3":"status-publish","4":"has-post-thumbnail","6":"product_brand-cbd-vital","7":"product_cat-cbd-fuer-haustiere","8":"product_cat-cbd-for-dogs","9":"product_tag-vital","10":"product_tag-haustiere","11":"product_tag-hunde","12":"product_tag-snacks","13":"product_tag-gelenke","15":"first","16":"instock","17":"sale","18":"taxable","19":"shipping-taxable","20":"purchasable","21":"product-type-simple"},"_links":{"self":[{"href":"https:\/\/green.one\/de\/wp-json\/wp\/v2\/product\/11025","targetHints":{"allow":["GET"]}}],"collection":[{"href":"https:\/\/green.one\/de\/wp-json\/wp\/v2\/product"}],"about":[{"href":"https:\/\/green.one\/de\/wp-json\/wp\/v2\/types\/product"}],"replies":[{"embeddable":true,"href":"https:\/\/green.one\/de\/wp-json\/wp\/v2\/comments?post=11025"}],"wp:featuredmedia":[{"embeddable":true,"href":"https:\/\/green.one\/de\/wp-json\/wp\/v2\/media\/11316"}],"wp:attachment":[{"href":"https:\/\/green.one\/de\/wp-json\/wp\/v2\/media?parent=11025"}],"wp:term":[{"taxonomy":"product_brand","embeddable":true,"href":"https:\/\/green.one\/de\/wp-json\/wp\/v2\/product_brand?post=11025"},{"taxonomy":"product_cat","embeddable":true,"href":"https:\/\/green.one\/de\/wp-json\/wp\/v2\/product_cat?post=11025"},{"taxonomy":"product_tag","embeddable":true,"href":"https:\/\/green.one\/de\/wp-json\/wp\/v2\/product_tag?post=11025"}],"curies":[{"name":"wp","href":"https:\/\/api.w.org\/{rel}","templated":true}]}}