{"id":11027,"date":"2024-04-25T11:57:09","date_gmt":"2024-04-25T09:57:09","guid":{"rendered":"https:\/\/green.one\/de\/?post_type=product&#038;p=11027"},"modified":"2026-03-19T23:27:48","modified_gmt":"2026-03-19T21:27:48","slug":"vet-cbd-vital-extrakt-oel-24-10ml","status":"publish","type":"product","link":"https:\/\/green.one\/de\/shop\/vet-cbd-vital-extrakt-oel-24-10ml\/","title":{"rendered":"VET CBD Vital Extrakt \u00d6l 24% 10ml"},"content":{"rendered":"<h2 id=\"die-kraft-der-phytocannabinoide-fr-ihr-haustier\" class=\"mb-2 mt-4 [.has-inline-images_&amp;]:clear-end font-editorial font-bold text-lg first:mt-0 md:text-lg [hr+&amp;]:mt-4\" style=\"text-align: center\">VET CBD Vital Extrakt \u00d6l 24% 10ml\u00a0 : Die Kraft der Phytocannabinoide f\u00fcr Ihr Haustier<\/h2>\n<p class=\"my-2 [&amp;+p]:mt-4 [&amp;_strong:has(+br)]:inline-block [&amp;_strong:has(+br)]:pb-2\">Das <strong>VET CBD Vital \u00d6l 24% Extrakt 30ml<\/strong> Premium Haustiere bringt die reine Pflanzenkraft der Nutzhanfpflanze direkt zu gro\u00dfen Tieren.<\/p>\n<p class=\"my-2 [&amp;+p]:mt-4 [&amp;_strong:has(+br)]:inline-block [&amp;_strong:has(+br)]:pb-2\">Phytocannabinoide wie <a href=\"https:\/\/green.one\/de\/shop\/cbd-vital-hunde-relax-plus-snacks\/\"><strong>Cannabidiol (CBD)<\/strong> <\/a>unterst\u00fctzen das Endocannabinoid-System f\u00fcr ein ausgewogenes Wohlbefinden. Dieses <a href=\"https:\/\/green.one\/de\/produkt\/cbd\/oel\/\"><strong>Premium-\u00d6l<\/strong><\/a> ist perfekt f\u00fcr Hunde oder Katzen \u00fcber 100 kg, die eine flexible Pflege in der t\u00e4glichen Routine brauchen.<\/p>\n<p class=\"my-2 [&amp;+p]:mt-4 [&amp;_strong:has(+br)]:inline-block [&amp;_strong:has(+br)]:pb-2\">Mit nat\u00fcrlichen <a href=\"https:\/\/green.one\/de\/produkt\/cannabis\/blumen\/\"><strong>Flavonoiden<\/strong><\/a> und Phytocannabinoiden entfaltet sich ein synergistischer Effekt \u2013 optimal bioverf\u00fcgbar durch das \u00f6lige Tr\u00e4germedium.<\/p>\n<p class=\"my-2 [&amp;+p]:mt-4 [&amp;_strong:has(+br)]:inline-block [&amp;_strong:has(+br)]:pb-2\">Stellen Sie sich vor, wie Ihr treuer Begleiter nach einem langen Spaziergang entspannt in seine Box sinkt: Ein paar Tropfen f\u00fcr mehr Komfort im Alltag.<\/p>\n<h2 id=\"ideal-fr-groe-haustiere--warum-24-extrakt\" class=\"mb-2 mt-4 [.has-inline-images_&amp;]:clear-end font-editorial font-bold text-lg first:mt-0 md:text-lg [hr+&amp;]:mt-4\">Ideal f\u00fcr gro\u00dfe Haustiere \u2013 Warum 24% Extrakt?<\/h2>\n<h2 id=\"reine-inhaltsstoffe-ohne-zusatzstoffe\" class=\"mb-2 mt-4 [.has-inline-images_&amp;]:clear-end font-editorial font-bold text-base first:mt-0\">Reine Inhaltsstoffe ohne Zusatzstoffe<\/h2>\n<p class=\"my-2 [&amp;+p]:mt-4 [&amp;_strong:has(+br)]:inline-block [&amp;_strong:has(+br)]:pb-2\"><strong>VET CBD Vital \u00d6l 24% Extrakt 30ml<\/strong> Premium Haustiere ist laktosefrei, fruktosefrei, getreidefrei und farbstofffrei.<\/p>\n<p class=\"my-2 [&amp;+p]:mt-4 [&amp;_strong:has(+br)]:inline-block [&amp;_strong:has(+br)]:pb-2\">Ohne Aromen oder Konservierungsstoffe, hergestellt aus Bio-Hanf-Anbau. Zutaten: Bio-Hanfsamen\u00f6l, Hanfextrakt (24%), 0% THC. Pure Natur f\u00fcr sensible Haustier-Magen.<\/p>\n<h2 id=\"flexibel-dosierbar-fr-individuelle-routine\" class=\"mb-2 mt-4 [.has-inline-images_&amp;]:clear-end font-editorial font-bold text-base first:mt-0\">Flexibel dosierbar f\u00fcr individuelle Routine<\/h2>\n<p class=\"my-2 [&amp;+p]:mt-4 [&amp;_strong:has(+br)]:inline-block [&amp;_strong:has(+br)]:pb-2\">F\u00fcr Tiere \u00fcber 100 kg empfehlen wir 1\u20134 Tropfen t\u00e4glich als Richtwert. Passen Sie die Menge an das Verhalten und die Routine an \u2013 weniger bei guter Reaktion, mehr bei Bedarf. So wird die Pflege zu einem einfachen Ritual.<\/p>\n<h2 id=\"so-wenden-sie-vet-cbd-vital-l-an\" class=\"mb-2 mt-4 [.has-inline-images_&amp;]:clear-end font-editorial font-bold text-lg first:mt-0 md:text-lg [hr+&amp;]:mt-4\">So wenden Sie VET CBD Vital Extrakt \u00d6l 24% 10ml<\/h2>\n<p class=\"my-2 [&amp;+p]:mt-4 [&amp;_strong:has(+br)]:inline-block [&amp;_strong:has(+br)]:pb-2\">Geben Sie die Tropfen direkt ins Futter oder auf ein Leckerli. Beobachten Sie die Reaktion und integrieren Sie es in stressige Momente wie Reisen oder Training. VET CBD Vital \u00d6l 24% Extrakt 30ml Premium Haustiere macht die Pflege unkompliziert und nat\u00fcrlich.<\/p>\n<h2 id=\"hufige-fragen-faq\" class=\"mb-2 mt-4 [.has-inline-images_&amp;]:clear-end font-editorial font-bold text-lg first:mt-0 md:text-lg [hr+&amp;]:mt-4\">H\u00e4ufige Fragen (FAQ)<\/h2>\n<p class=\"my-2 [&amp;+p]:mt-4 [&amp;_strong:has(+br)]:inline-block [&amp;_strong:has(+br)]:pb-2\"><strong>Was ist in VET CBD Vital Extrakt \u00d6l 24% 10ml\u00a0enthalten?<\/strong><br \/>\nBio-Hanfsamen\u00f6l und 24% Hanfextrakt (0% THC) \u2013 rein pflanzlich.<\/p>\n<p class=\"my-2 [&amp;+p]:mt-4 [&amp;_strong:has(+br)]:inline-block [&amp;_strong:has(+br)]:pb-2\"><strong>Ab welchem Gewicht f\u00fcr gro\u00dfe Tiere?<\/strong><br \/>\nIdeal f\u00fcr Haustiere \u00fcber 100 kg, flexibel dosierbar.<\/p>\n<p class=\"my-2 [&amp;+p]:mt-4 [&amp;_strong:has(+br)]:inline-block [&amp;_strong:has(+br)]:pb-2\"><strong>Kann ich die Dosierung anpassen?<\/strong><br \/>\nJa, 1\u20134 Tropfen als Richtwert, individuell anpassen.<\/p>\n<p class=\"my-2 [&amp;+p]:mt-4 [&amp;_strong:has(+br)]:inline-block [&amp;_strong:has(+br)]:pb-2\"><strong>Rechtlicher Hinweis:<\/strong> <em>Dieses Produkt ist kein Arzneimittel. Es ersetzt keine ausgewogene und abwechslungsreiche Ern\u00e4hrung und keinen gesunden Lebensstil. Bei Schwangerschaft, Stillzeit oder wenn du Medikamente einnimmst, konsultiere vor der Verwendung deinen Arzt.<\/em><\/p>\n<p>&nbsp;<\/p>\n","protected":false},"excerpt":{"rendered":"<p>Das VET CBD Vital Extrakt \u00d6l 24% 10ml bringt reine Pflanzenkraft f\u00fcr mittelgro\u00dfe Haustiere. Mit Bio-Hanfsamen\u00f6l, 24% Hanfextrakt (0% THC) und nat\u00fcrlichen Phytocannabinoiden unterst\u00fctzt es das t\u00e4gliche Wohlbefinden flexibel dosierbar.<\/p>\n<p>Laktosefrei, getreidefrei, ohne Zusatzstoffe \u2013 ideal f\u00fcr Hunde oder Katzen bis 100 kg in der Routine. Perfekt f\u00fcr nat\u00fcrliche Pflege nach Aktivit\u00e4t oder Reisen.<\/p>\n","protected":false},"featured_media":11135,"comment_status":"open","ping_status":"closed","template":"","meta":{"_trash_the_other_posts":false,"editor_notices":[]},"product_brand":[165],"product_cat":[159],"product_tag":[193,207,312],"class_list":{"0":"post-11027","1":"product","2":"type-product","3":"status-publish","4":"has-post-thumbnail","6":"product_brand-cbd-vital","7":"product_cat-cbd-fuer-haustiere","8":"product_tag-vital","9":"product_tag-haustiere","10":"product_tag-cbd-oel","12":"first","13":"instock","14":"sale","15":"taxable","16":"shipping-taxable","17":"purchasable","18":"product-type-simple"},"_links":{"self":[{"href":"https:\/\/green.one\/de\/wp-json\/wp\/v2\/product\/11027","targetHints":{"allow":["GET"]}}],"collection":[{"href":"https:\/\/green.one\/de\/wp-json\/wp\/v2\/product"}],"about":[{"href":"https:\/\/green.one\/de\/wp-json\/wp\/v2\/types\/product"}],"replies":[{"embeddable":true,"href":"https:\/\/green.one\/de\/wp-json\/wp\/v2\/comments?post=11027"}],"wp:featuredmedia":[{"embeddable":true,"href":"https:\/\/green.one\/de\/wp-json\/wp\/v2\/media\/11135"}],"wp:attachment":[{"href":"https:\/\/green.one\/de\/wp-json\/wp\/v2\/media?parent=11027"}],"wp:term":[{"taxonomy":"product_brand","embeddable":true,"href":"https:\/\/green.one\/de\/wp-json\/wp\/v2\/product_brand?post=11027"},{"taxonomy":"product_cat","embeddable":true,"href":"https:\/\/green.one\/de\/wp-json\/wp\/v2\/product_cat?post=11027"},{"taxonomy":"product_tag","embeddable":true,"href":"https:\/\/green.one\/de\/wp-json\/wp\/v2\/product_tag?post=11027"}],"curies":[{"name":"wp","href":"https:\/\/api.w.org\/{rel}","templated":true}]}}