{"id":11028,"date":"2024-04-25T12:02:48","date_gmt":"2024-04-25T10:02:48","guid":{"rendered":"https:\/\/green.one\/de\/?post_type=product&#038;p=11028"},"modified":"2026-03-29T18:40:26","modified_gmt":"2026-03-29T16:40:26","slug":"cbd-vital-haaroel","status":"publish","type":"product","link":"https:\/\/green.one\/de\/shop\/cbd-vital-haaroel\/","title":{"rendered":"CBD Vital Haar\u00f6l"},"content":{"rendered":"<h6 style=\"text-align: left\">CBD Vital <a href=\"https:\/\/green.one\/de\/produkt\/spezialisiert\/kosmetik\/\">Haar\u00f6l<\/a>: Die beste Pflege f\u00fcr Ihr Haar<\/h6>\n<h6>Feuchtigkeitsspendende Behandlung f\u00fcr mehr Glanz des Haares bis in die Spitzen.<\/h6>\n<h6>F\u00fcr spr\u00f6des, strapaziertes und trockenes <a href=\"https:\/\/green.one\/de\/produkt\/spezialisiert\/kosmetik\/\">Haar<\/a>.<\/h6>\n<p><strong>CBD Vital <a href=\"https:\/\/green.one\/de\/produkt\/spezialisiert\/kosmetik\/\">Haar\u00f6l<\/a><\/strong> pflegt die Kopfhaut und insbesondere trockenes, glanzloses und lebloses Haar bis in die Spitzen.<\/p>\n<p><a href=\"https:\/\/green.one\/de\/produkt\/cbd\/oel\/\"><strong>Nat\u00fcrliche \u00d6le<\/strong><\/a> wie kaltgepresstes Hanfsamen- und Argan\u00f6l pflegen und st\u00e4rken das Haar. Krambe\u00f6l und Phytosterine st\u00e4rken das Haar von innen und beugen Spliss vor.<\/p>\n<p>Granatapfel und Rosmarin f\u00f6rdern Elastizit\u00e4t und Spannkraft, bewahren Feuchtigkeit und sch\u00fctzen vor negativen Umwelteinfl\u00fcssen.<\/p>\n<p><a href=\"https:\/\/green.one\/de\/produkt\/spezialisiert\/kosmetik\/\">Haar\u00f6l<\/a> kann auch zur Linderung juckender, trockener und zu Schuppen neigender Kopfhaut verwendet werden.<\/p>\n<p>Massieren Sie dazu das <strong>VITAL CBD Haar\u00f6l<\/strong> vor dem Waschen mindestens 10 Minuten lang in Ihre Kopfhaut und Ihr Haar ein.<\/p>\n<p>Inhaltsstoffkomplex: <a href=\"https:\/\/green.one\/de\/produkt\/cbd\/oel\/\">Cannabidiol<\/a> (100 mg), <a href=\"https:\/\/green.one\/de\/produkt\/spezialisiert\/kosmetik\/\">Hanfsamen\u00f6l<\/a>, Argan\u00f6l, Granatapfelextrakt, Rosmarinextrakt, Crambisol (Phytosterole), <a href=\"https:\/\/green.one\/de\/produkt\/nahrungsergaenzung\/\">Vitamin E<\/a><\/p>\n<h6>Wof\u00fcr wird CBD Vital Haar\u00f6l verwendet?<\/h6>\n<p>Hochwertige <a href=\"https:\/\/green.one\/de\/produkt\/cbd\/oel\/\">nat\u00fcrliche \u00d6le<\/a><br \/>\nMit Anti-Spliss-Formel<br \/>\nF\u00fcr strapaziertes, trockenes und spr\u00f6des Haar<br \/>\nF\u00fcr Weichheit und Glanz<br \/>\nPflegt langes Haar intensiv<br \/>\nOhne Parabene, Silikone oder Mikroplastik<\/p>\n<h6>Wie wendet man CBD Vital Haar\u00f6l an?<\/h6>\n<p>Zur Haarpflege nach der Haarw\u00e4sche 1 bis maximal 2 Tropfen Haar\u00f6l in die untere H\u00e4lfte oder Spitzen des nassen oder trockenen Haares einmassieren und nicht aussp\u00fclen.<\/p>\n<p>Es kann auch als Haarkur oder Kopfhautpflege vor der Haarw\u00e4sche einmassiert werden. Mindestens 10 Minuten einwirken lassen. Anschlie\u00dfend gr\u00fcndlich mit einem pflegenden Shampoo waschen.<\/p>\n<p>ZUTATEN: Zutaten: Macadamia integrifolia-Samen\u00f6l *\/**, hydriertes Ethylhexylolivat*, hydriertes, unverseifbares Oliven\u00f6l*, Dicaprylylether*, Argania spinosa-Samen\u00f6l*\/**, Crambe abyssinica-Samen\u00f6l*, Octyldodecanol*, <a href=\"https:\/\/green.one\/de\/produkt\/spezialisiert\/kosmetik\/koerperpflege\/\"><strong>Cannabis sativa<\/strong><\/a> (Hanf)-Samen\u00f6l*\/**, Tocopherol (<a href=\"https:\/\/green.one\/de\/produkt\/nahrungsergaenzung\/\">Vitamin E<\/a>)*, Phytosterole*, <a href=\"https:\/\/green.one\/de\/produkt\/cbd\/oel\/\">Cannabidiol<\/a>, Punica granatum (Granatapfel)-Samenextrakt*\/**, Parf\u00fcm*, Rosmarinus officinalis (Rosmarin)-Blattextrakt*\/**, Helianthus annuus-Samen\u00f6l*\/**, \u00d6lalkohol*, Limonen***, Linalool***, Geraniol***<\/p>\n<p>* Inhaltsstoffe nat\u00fcrlichen Ursprungs (99,5 %)<\/p>\n<p>** Zutaten aus biologischem Anbau (47 %)<\/p>\n<p>*** Bestandteile aus nat\u00fcrlichen \u00e4therischen \u00d6len<\/p>\n<p>Ohne Paraffin, Silikone, Mineral\u00f6le, PEG und Sulfate (SLS) | Vegan.<\/p>\n<p>Bio-Naturkosmetik mit CBD nach den Richtlinien des ECOGEA-Instituts.<\/p>\n<p>green.one\u00ae <a href=\"https:\/\/green.one\/de\/\">CBD \u00d6l Shop<\/a> ist ein deutsches Premium-Online-Gesch\u00e4ft das eine breite Auswahl an hochwertigen CBD-Produkten f\u00fcr ganz Europa anbietet.<\/p>\n<p><strong>Rechtlicher Hinweis:<\/strong> <em>Dieses Produkt ist kein Arzneimittel. Es ersetzt keine ausgewogene und abwechslungsreiche Ern\u00e4hrung und keinen gesunden Lebensstil. Bei Schwangerschaft, Stillzeit oder wenn du Medikamente einnimmst, konsultiere vor der Verwendung deinen Arzt.<\/em><\/p>\n<table>\n<tbody>\n<tr>\n<td>Menge<\/td>\n<td>100 ml<\/td>\n<\/tr>\n<\/tbody>\n<\/table>\n","protected":false},"excerpt":{"rendered":"<p>CBD Vital Haar\u00f6l pflegt trockenes und strapaziertes Haar bis in die Spitzen mit nat\u00fcrlichen \u00d6len wie Hanfsamen\u00f6l und Argan\u00f6l.<\/p>\n<p>Es spendet Glanz, Geschmeidigkeit und unterst\u00fctzt die t\u00e4gliche Haarpflegeroutine f\u00fcr ein nat\u00fcrlich gepflegtes Gef\u00fchl. Frei von Mineral\u00f6len, Parabenen und Silikonen.<\/p>\n","protected":false},"featured_media":11226,"comment_status":"open","ping_status":"closed","template":"","meta":{"_trash_the_other_posts":false,"editor_notices":[]},"product_brand":[165],"product_cat":[157,271,273],"product_tag":[193,210,312,315],"class_list":{"0":"post-11028","1":"product","2":"type-product","3":"status-publish","4":"has-post-thumbnail","6":"product_brand-cbd-vital","7":"product_cat-kosmetik","8":"product_cat-gesichtspflege","9":"product_cat-hair-care","10":"product_tag-vital","11":"product_tag-kosmetik","12":"product_tag-cbd-oel","13":"product_tag-haar","15":"first","16":"instock","17":"sale","18":"taxable","19":"shipping-taxable","20":"purchasable","21":"product-type-simple"},"_links":{"self":[{"href":"https:\/\/green.one\/de\/wp-json\/wp\/v2\/product\/11028","targetHints":{"allow":["GET"]}}],"collection":[{"href":"https:\/\/green.one\/de\/wp-json\/wp\/v2\/product"}],"about":[{"href":"https:\/\/green.one\/de\/wp-json\/wp\/v2\/types\/product"}],"replies":[{"embeddable":true,"href":"https:\/\/green.one\/de\/wp-json\/wp\/v2\/comments?post=11028"}],"wp:featuredmedia":[{"embeddable":true,"href":"https:\/\/green.one\/de\/wp-json\/wp\/v2\/media\/11226"}],"wp:attachment":[{"href":"https:\/\/green.one\/de\/wp-json\/wp\/v2\/media?parent=11028"}],"wp:term":[{"taxonomy":"product_brand","embeddable":true,"href":"https:\/\/green.one\/de\/wp-json\/wp\/v2\/product_brand?post=11028"},{"taxonomy":"product_cat","embeddable":true,"href":"https:\/\/green.one\/de\/wp-json\/wp\/v2\/product_cat?post=11028"},{"taxonomy":"product_tag","embeddable":true,"href":"https:\/\/green.one\/de\/wp-json\/wp\/v2\/product_tag?post=11028"}],"curies":[{"name":"wp","href":"https:\/\/api.w.org\/{rel}","templated":true}]}}