{"id":11029,"date":"2024-04-25T12:04:07","date_gmt":"2024-04-25T10:04:07","guid":{"rendered":"https:\/\/green.one\/de\/?post_type=product&#038;p=11029"},"modified":"2026-03-29T18:25:21","modified_gmt":"2026-03-29T16:25:21","slug":"cbd-vital-ursprung-slim-oel","status":"publish","type":"product","link":"https:\/\/green.one\/de\/shop\/cbd-vital-ursprung-slim-oel\/","title":{"rendered":"CBD Vital Ursprung SLIM \u00d6l"},"content":{"rendered":"<h6 id=\"cbd-vital-ursprung-slim-l-der-stupid-simple-beglei\" class=\"mb-2 mt-4 [.has-inline-images_&amp;]:clear-end font-editorial font-bold text-base first:mt-0\" style=\"text-align: left\">CBD Vital Ursprung SLIM \u00d6l: Der \u201estupid-simple\u201c Begleiter f\u00fcr dein Abnehmkonzept<\/h6>\n<p class=\"my-2 [&amp;+p]:mt-4 [&amp;_strong:has(+br)]:inline-block [&amp;_strong:has(+br)]:pb-2\">Du willst dein Wohlf\u00fchlgewicht konsequent angehen \u2013 ohne komplizierte Regeln, aber mit einer klaren Routine?<\/p>\n<p class=\"my-2 [&amp;+p]:mt-4 [&amp;_strong:has(+br)]:inline-block [&amp;_strong:has(+br)]:pb-2\"><strong>CBD Vital Ursprung SLIM \u00d6l<\/strong>\u00a0wird als Bio-<a href=\"https:\/\/green.one\/de\/produkt\/vollspektrum\/\"><strong>Vollspektrum<\/strong><\/a>-CBD-Produkt mit 500 mg nat\u00fcrlichem CBD in 20 ml beschrieben und enth\u00e4lt eine Spezialformel mit CBD, S\u00fc\u00dfholzwurzel und Ingwer. Bei <strong>green.one <a href=\"https:\/\/green.one\/de\/\">CBD Oel Shop<\/a><\/strong> findest du passende Produkte f\u00fcr einen bewussten Lifestyle \u2013 bequem online bestellen und direkt in deinen Alltag integrieren.<span class=\"inline-flex\" aria-label=\"Home | Green.one\u00ae Premium CBD\" data-state=\"closed\">\u200b<\/span><\/p>\n<h6 id=\"warum-cbd-vital-ursprung-slim-l-fr-viele-so-attrak\" class=\"mb-2 mt-4 [.has-inline-images_&amp;]:clear-end font-editorial font-bold text-base first:mt-0\">Warum CBD Vital Ursprung SLIM \u00d6l f\u00fcr viele so attraktiv ist<\/h6>\n<p class=\"my-2 [&amp;+p]:mt-4 [&amp;_strong:has(+br)]:inline-block [&amp;_strong:has(+br)]:pb-2\">Laut Hersteller ist\u00a0<strong>CBD Vital Ursprung SLIM \u00d6l<\/strong>\u00a0\u201eeine effektive Unterst\u00fctzung\u201c im Abnehmkonzept und wird als \u201eidealer Booster\u201c f\u00fcrs Training beschrieben.<\/p>\n<p class=\"my-2 [&amp;+p]:mt-4 [&amp;_strong:has(+br)]:inline-block [&amp;_strong:has(+br)]:pb-2\">In der Produktbeschreibung wird au\u00dferdem erw\u00e4hnt, dass es auf kontrollierten Appetit und einen aktiven Stoffwechsel ausgerichtet ist und \u201eUnterst\u00fctzung beim Abnehmen\u201c bieten soll. Genau diese klare Positionierung macht es f\u00fcr viele interessant, die eine feste Routine statt st\u00e4ndiger Wechsel suchen.<\/p>\n<h6 id=\"was-steckt-drin-klare-formel-klare-eigenschaften\" class=\"mb-2 mt-4 [.has-inline-images_&amp;]:clear-end font-editorial font-bold text-base first:mt-0\">Was steckt drin: klare Formel, klare Eigenschaften<\/h6>\n<p class=\"my-2 [&amp;+p]:mt-4 [&amp;_strong:has(+br)]:inline-block [&amp;_strong:has(+br)]:pb-2\"><strong>CBD Vital Ursprung SLIM \u00d6l<\/strong>\u00a0wird als <a href=\"https:\/\/green.one\/de\/produkt\/vollspektrum\/\">Vollspektrum-\u00d6l<\/a> \u201emit Pipette\u201c beschrieben und enth\u00e4lt als zus\u00e4tzliche Wirkstoffe <a href=\"https:\/\/green.one\/de\/produkt\/nahrungsergaenzung\/\">Vitamin E<\/a>, Ingwer und S\u00fc\u00dfholz.<\/p>\n<p class=\"my-2 [&amp;+p]:mt-4 [&amp;_strong:has(+br)]:inline-block [&amp;_strong:has(+br)]:pb-2\">Als Produkteigenschaften werden glutenfrei, laktosefrei und fruktosefrei genannt, au\u00dferdem als Tr\u00e4gerfl\u00fcssigkeit <a href=\"https:\/\/green.one\/de\/produkt\/cbd\/oel\/\">Bio-Hanf\u00f6l<\/a> und als Extraktion Kaltpressung. Geschmacklich wird es als bitter und scharf beschrieben \u2013 passend zu den enthaltenen Pflanzenstoffen.<\/p>\n<h6 id=\"so-setzt-du-es-smart-in-deine-routine-ein\" class=\"mb-2 mt-4 [.has-inline-images_&amp;]:clear-end font-editorial font-bold text-base first:mt-0\">So setzt du es smart in deine Routine ein<\/h6>\n<p class=\"my-2 [&amp;+p]:mt-4 [&amp;_strong:has(+br)]:inline-block [&amp;_strong:has(+br)]:pb-2\">Am besten funktioniert Abnehmen, wenn du ein System hast, das du durchh\u00e4ltst: regelm\u00e4\u00dfige Bewegung, ausreichend Schlaf und eine ausgewogene Ern\u00e4hrung. (Der Hersteller weist auch darauf hin, dass es besonders effektiv in Kombination mit Bewegung, Schlaf und gesunder Ern\u00e4hrung sein soll.)<\/p>\n<p class=\"my-2 [&amp;+p]:mt-4 [&amp;_strong:has(+br)]:inline-block [&amp;_strong:has(+br)]:pb-2\">Baue\u00a0<strong>CBD Vital Ursprung SLIM \u00d6l<\/strong>\u00a0in ein fixes Ritual ein \u2013 zum Beispiel immer zur gleichen Tageszeit \u2013 und kombiniere es mit kleinen, \u201esicheren\u201c Gewohnheiten wie einem t\u00e4glichen Spaziergang und geplanten Mahlzeiten.<\/p>\n<p class=\"my-2 [&amp;+p]:mt-4 [&amp;_strong:has(+br)]:inline-block [&amp;_strong:has(+br)]:pb-2\"><span class=\"inline-flex\" aria-label=\"Your &quot;Power Words&quot; list is not even accurate - Support - Rank Math\" data-state=\"closed\">\u200bgreen.one\u00ae <a href=\"https:\/\/green.one\/de\/\">CBD \u00d6l Shop<\/a> ist ein deutsches Premium-Online-Gesch\u00e4ft das eine breite Auswahl an hochwertigen CBD-Produkten f\u00fcr ganz Europa anbietet.<br \/>\n<\/span><\/p>\n<p class=\"my-2 [&amp;+p]:mt-4 [&amp;_strong:has(+br)]:inline-block [&amp;_strong:has(+br)]:pb-2\"><strong>Rechtlicher Hinweis:<\/strong> <em>Dieses Produkt ist kein Arzneimittel. Es ersetzt keine ausgewogene und abwechslungsreiche Ern\u00e4hrung und keinen gesunden Lebensstil. Bei Schwangerschaft, Stillzeit oder wenn du Medikamente einnimmst, konsultiere vor der Verwendung deinen Arzt.<\/em><\/p>\n<p>&nbsp;<\/p>\n","protected":false},"excerpt":{"rendered":"<p><strong>CBD Vital Ursprung SLIM \u00d6l<\/strong> ist ein Bio-Vollspektrum-CBD-\u00d6l mit 500 mg nat\u00fcrlichem CBD in 20 ml und einer Spezialformel mit CBD, S\u00fc\u00dfholzwurzel &amp; Ingwer. Laut Hersteller ist es f\u00fcr einen kontrollierten Appetit, einen aktiven Stoffwechsel und als Unterst\u00fctzung beim Abnehmen konzipiert. Es wird als \u00d6l mit Pipette angeboten, ist glutenfrei, laktosefrei und fruktosefrei und basiert auf Bio-Hanf\u00f6l als Tr\u00e4ger.<\/p>\n","protected":false},"featured_media":11200,"comment_status":"open","ping_status":"closed","template":"","meta":{"_trash_the_other_posts":false,"editor_notices":[]},"product_brand":[165],"product_cat":[151,264],"product_tag":[193,253,298,301],"class_list":{"0":"post-11029","1":"product","2":"type-product","3":"status-publish","4":"has-post-thumbnail","6":"product_brand-cbd-vital","7":"product_cat-oel","8":"product_cat-vollspektrum","9":"product_tag-vital","10":"product_tag-cbd","11":"product_tag-vollspectrum","12":"product_tag-oel","14":"first","15":"instock","16":"sale","17":"taxable","18":"shipping-taxable","19":"purchasable","20":"product-type-simple"},"_links":{"self":[{"href":"https:\/\/green.one\/de\/wp-json\/wp\/v2\/product\/11029","targetHints":{"allow":["GET"]}}],"collection":[{"href":"https:\/\/green.one\/de\/wp-json\/wp\/v2\/product"}],"about":[{"href":"https:\/\/green.one\/de\/wp-json\/wp\/v2\/types\/product"}],"replies":[{"embeddable":true,"href":"https:\/\/green.one\/de\/wp-json\/wp\/v2\/comments?post=11029"}],"wp:featuredmedia":[{"embeddable":true,"href":"https:\/\/green.one\/de\/wp-json\/wp\/v2\/media\/11200"}],"wp:attachment":[{"href":"https:\/\/green.one\/de\/wp-json\/wp\/v2\/media?parent=11029"}],"wp:term":[{"taxonomy":"product_brand","embeddable":true,"href":"https:\/\/green.one\/de\/wp-json\/wp\/v2\/product_brand?post=11029"},{"taxonomy":"product_cat","embeddable":true,"href":"https:\/\/green.one\/de\/wp-json\/wp\/v2\/product_cat?post=11029"},{"taxonomy":"product_tag","embeddable":true,"href":"https:\/\/green.one\/de\/wp-json\/wp\/v2\/product_tag?post=11029"}],"curies":[{"name":"wp","href":"https:\/\/api.w.org\/{rel}","templated":true}]}}