{"id":11030,"date":"2024-04-25T12:04:34","date_gmt":"2024-04-25T10:04:34","guid":{"rendered":"https:\/\/green.one\/de\/?post_type=product&#038;p=11030"},"modified":"2026-03-29T18:14:12","modified_gmt":"2026-03-29T16:14:12","slug":"cbd-vital-sos-kopf-roll-on","status":"publish","type":"product","link":"https:\/\/green.one\/de\/shop\/cbd-vital-sos-kopf-roll-on\/","title":{"rendered":"CBD Vital SOS Kopf Roll On"},"content":{"rendered":"<h6 id=\"cbd-vital-sos-kopf-roll-on-sofortiger-entspannungs\" class=\"font-editorial font-bold mb-2 mt-4 [.has-inline-images_&amp;]:clear-end text-lg first:mt-0 md:text-lg [hr+&amp;]:mt-4\">CBD Vital SOS Kopf <a href=\"https:\/\/green.one\/de\/produkt\/spezialisiert\/kosmetik\/\">Roll On<\/a>: Sofortiger Entspannungskick f\u00fcr Kopf und Nacken<\/h6>\n<p class=\"my-2 [&amp;+p]:mt-4 [&amp;_strong:has(+br)]:inline-block [&amp;_strong:has(+br)]:pb-2\"><strong>CBD Vital SOS Kopf Roll On<\/strong>\u00a0ist ein vitalisierender Aroma\u00f6l-Roll-On mit 100 mg nat\u00fcrlichem <a href=\"https:\/\/green.one\/de\/produkt\/cbd\/oel\/\">Cannabidiol<\/a> (CBD) pro 10 ml Flasche und erfrischenden \u00e4therischen \u00d6len wie Pfefferminz-, Eukalyptus- und Weihrauch\u00f6l.<br \/>\nDas Produkt unterst\u00fctzt Entspannung, Konzentration und Wohlbefinden bei Unwohlsein im Kopf- und Nackenbereich und zieht schnell ein, ohne zu kleben.<br \/>\nF\u00fcr <strong>green.one <a href=\"https:\/\/green.one\/de\/\">CBD Oel Shop<\/a><\/strong>\u00a0eignet sich\u00a0<strong>CBD Vital SOS Kopf Roll On<\/strong>\u00a0perfekt als praktische Aromatherapie-L\u00f6sung f\u00fcr unterwegs in einem hochwertigen <a href=\"https:\/\/green.one\/de\/produkt\/cbd\/oel\/\"><strong>CBD-Sortiment.<\/strong><\/a><\/p>\n<h6 id=\"technische-spezifikationen\" class=\"font-editorial font-bold mb-2 mt-4 [.has-inline-images_&amp;]:clear-end text-lg first:mt-0 md:text-lg [hr+&amp;]:mt-4\">Technische Spezifikationen<\/h6>\n<p class=\"my-2 [&amp;+p]:mt-4 [&amp;_strong:has(+br)]:inline-block [&amp;_strong:has(+br)]:pb-2\"><strong>CBD Vital SOS Kopf Roll On<\/strong>\u00a0enth\u00e4lt 100 mg nat\u00fcrliches CBD in 10 ml Inhalt und basiert auf einer altbew\u00e4hrten Rezeptur mit 100% nat\u00fcrlichen Inhaltsstoffen aus 40% Bio-Landwirtschaft.<br \/>\nDie Hauptinhaltsstoffe umfassen Isoamyl Laurate, Mentha Piperita Oil, Eucalyptus Globulus Leaf Oil, Dicaprylyl Ether, <a href=\"https:\/\/green.one\/de\/produkt\/cbd\/oel\/\">Cannabis Sativa Seed Oil<\/a>, Boswellia Carterii Oil, <a href=\"https:\/\/green.one\/de\/produkt\/cbd\/oel\/\">Cannabidiol<\/a>, Salvia Sclarea Oil und <a href=\"https:\/\/green.one\/de\/produkt\/cbg-cbd\/\"><strong>Vitamin E.<\/strong><\/a><br \/>\nDas vegane, tropffreie Roll-On-Design ist laborgepr\u00fcft, ohne Tierversuche und eignet sich f\u00fcr Stirn, Schl\u00e4fen, Nacken sowie Handgelenke.<br \/>\nBei Erk\u00e4ltungssymptomen kann es auch unter der Nase aufgetragen werden und wirkt k\u00fchlend sowie vitalisierend.<\/p>\n<h6 id=\"anwendung-und-vorteile\" class=\"font-editorial font-bold mb-2 mt-4 [.has-inline-images_&amp;]:clear-end text-lg first:mt-0 md:text-lg [hr+&amp;]:mt-4\">Anwendung und Vorteile<\/h6>\n<p class=\"my-2 [&amp;+p]:mt-4 [&amp;_strong:has(+br)]:inline-block [&amp;_strong:has(+br)]:pb-2\"><strong>CBD Vital SOS Kopf Roll On<\/strong>\u00a0wird mehrmals t\u00e4glich durch kreisf\u00f6rmiges Rollen auf Stirnseiten, Nacken oder Handgelenke aufgetragen und entfaltet nach Sekunden einen k\u00fchlenden Effekt.<br \/>\nDie Mischung aus Weihrauch, Pfefferminze und Eukalyptus f\u00f6rdert Ruhe, tiefe Entspannung, besseren Fokus und lindert Verspannungen oder Unwohlsein.<br \/>\nPerfekt f\u00fcr intensive Konzentrationsphasen, Stresssituationen oder nach langer Bildschirmarbeit stimuliert es k\u00f6rpereigene Triggerpunkte.<\/p>\n<h6 id=\"ideal-fr-greenone\" class=\"font-editorial font-bold mb-2 mt-4 [.has-inline-images_&amp;]:clear-end text-lg first:mt-0 md:text-lg [hr+&amp;]:mt-4\">Ideal f\u00fcr green.one <a href=\"https:\/\/green.one\/de\/\">CBD Oel Shop<\/a><\/h6>\n<p class=\"my-2 [&amp;+p]:mt-4 [&amp;_strong:has(+br)]:inline-block [&amp;_strong:has(+br)]:pb-2\"><strong>CBD Vital SOS Kopf Roll On<\/strong>\u00a0passt hervorragend zu green.one als tragbare, nat\u00fcrliche Wellness-L\u00f6sung mit 100 mg CBD und hochwirksamen \u00e4therischen \u00d6len.<br \/>\nDie Kombination aus schneller Anwendung, erfrischendem Duft und 100% nat\u00fcrlichen Zutaten macht es zu einer starken Erg\u00e4nzung im <a href=\"https:\/\/green.one\/de\/\">CBD-Sortiment<\/a>.<br \/>\nMit seinem praktischen Format f\u00fcr unterwegs und der klaren Fokus- und Entspannungswirkung \u00fcberzeugt\u00a0<strong>CBD Vital SOS Kopf Roll On<\/strong>\u00a0als Premium-Produkt f\u00fcr den Alltag.<\/p>\n<p>green.one\u00ae <a href=\"https:\/\/green.one\/de\/\">CBD \u00d6l Shop<\/a> ist ein deutsches Premium-Online-Gesch\u00e4ft das eine breite Auswahl an hochwertigen CBD-Produkten f\u00fcr ganz Europa anbietet.<\/p>\n<p class=\"my-2 [&amp;+p]:mt-4 [&amp;_strong:has(+br)]:inline-block [&amp;_strong:has(+br)]:pb-2\"><strong>Rechtlicher Hinweis:<\/strong> <em>Dieses Produkt ist kein Arzneimittel. Es ersetzt keine ausgewogene und abwechslungsreiche Ern\u00e4hrung und keinen gesunden Lebensstil. Bei Schwangerschaft, Stillzeit oder wenn du Medikamente einnimmst, konsultiere vor der Verwendung deinen Arzt.<\/em><\/p>\n<p>&nbsp;<\/p>\n","protected":false},"excerpt":{"rendered":"<p><strong>CBD Vital SOS Kopf Roll On<\/strong>\u00a0enth\u00e4lt 100 mg nat\u00fcrliches CBD in 10 ml und kombiniert Pfefferminz-, Eukalyptus- und Weihrauch\u00f6l f\u00fcr schnelle Entspannung.<br \/>\nDer tropffreie Roll-On zieht schnell ein, wirkt k\u00fchlend und vitalisierend bei Verspannungen, Stress oder Erk\u00e4ltungssymptomen an Stirn, Schl\u00e4fen und Nacken.<br \/>\nMit 100% nat\u00fcrlichen Inhaltsstoffen aus 40% Bio-Landwirtschaft ist\u00a0<strong>CBD Vital SOS Kopf Roll On<\/strong>\u00a0vegan, laborgepr\u00fcft und ideal f\u00fcr unterwegs.<\/p>\n","protected":false},"featured_media":11174,"comment_status":"open","ping_status":"closed","template":"","meta":{"_trash_the_other_posts":false,"editor_notices":[]},"product_brand":[165],"product_cat":[157,272],"product_tag":[193,210,253,309],"class_list":{"0":"post-11030","1":"product","2":"type-product","3":"status-publish","4":"has-post-thumbnail","6":"product_brand-cbd-vital","7":"product_cat-kosmetik","8":"product_cat-koerperpflege","9":"product_tag-vital","10":"product_tag-kosmetik","11":"product_tag-cbd","12":"product_tag-koerperpflege","14":"first","15":"instock","16":"sale","17":"taxable","18":"shipping-taxable","19":"purchasable","20":"product-type-simple"},"_links":{"self":[{"href":"https:\/\/green.one\/de\/wp-json\/wp\/v2\/product\/11030","targetHints":{"allow":["GET"]}}],"collection":[{"href":"https:\/\/green.one\/de\/wp-json\/wp\/v2\/product"}],"about":[{"href":"https:\/\/green.one\/de\/wp-json\/wp\/v2\/types\/product"}],"replies":[{"embeddable":true,"href":"https:\/\/green.one\/de\/wp-json\/wp\/v2\/comments?post=11030"}],"wp:featuredmedia":[{"embeddable":true,"href":"https:\/\/green.one\/de\/wp-json\/wp\/v2\/media\/11174"}],"wp:attachment":[{"href":"https:\/\/green.one\/de\/wp-json\/wp\/v2\/media?parent=11030"}],"wp:term":[{"taxonomy":"product_brand","embeddable":true,"href":"https:\/\/green.one\/de\/wp-json\/wp\/v2\/product_brand?post=11030"},{"taxonomy":"product_cat","embeddable":true,"href":"https:\/\/green.one\/de\/wp-json\/wp\/v2\/product_cat?post=11030"},{"taxonomy":"product_tag","embeddable":true,"href":"https:\/\/green.one\/de\/wp-json\/wp\/v2\/product_tag?post=11030"}],"curies":[{"name":"wp","href":"https:\/\/api.w.org\/{rel}","templated":true}]}}