{"id":11031,"date":"2024-04-25T11:58:22","date_gmt":"2024-04-25T09:58:22","guid":{"rendered":"https:\/\/green.one\/de\/?post_type=product&#038;p=11031"},"modified":"2026-03-29T18:59:34","modified_gmt":"2026-03-29T16:59:34","slug":"cbd-vital-beauty-booster","status":"publish","type":"product","link":"https:\/\/green.one\/de\/shop\/cbd-vital-beauty-booster\/","title":{"rendered":"CBD Vital Beauty Booster"},"content":{"rendered":"<h6 style=\"text-align: left\">CBD Vital <a href=\"https:\/\/green.one\/de\/produkt\/spezialisiert\/kosmetik\/\">Beauty Booster<\/a>: Regeneriert &amp; gl\u00e4ttet \u2013 f\u00fcr Gesicht &amp; Dekollet\u00e9<\/h6>\n<h6 id=\"pure-power-mit-100-mg-cbd-und-antioxidantien\" class=\"mb-2 mt-4 [.has-inline-images_&amp;]:clear-end font-editorial font-bold text-lg first:mt-0 md:text-lg [hr+&amp;]:mt-4\">Pure Power mit 100 mg CBD und <a href=\"https:\/\/green.one\/de\/produkt\/spezialisiert\/kosmetik\/\">Antioxidantien<\/a><\/h6>\n<p class=\"my-2 [&amp;+p]:mt-4 [&amp;_strong:has(+br)]:inline-block [&amp;_strong:has(+br)]:pb-2\">Der\u00a0<strong>CBD Vital Beauty Booster<\/strong>\u00a0ist dein ultimativer <a href=\"https:\/\/green.one\/de\/produkt\/spezialisiert\/kosmetik\/\">Roll-On-Boost<\/a> mit 100 mg reinem <a href=\"https:\/\/green.one\/de\/produkt\/cbd\/oel\/\"><strong>Cannabidiol<\/strong><\/a> f\u00fcr Gesicht und Dekollet\u00e9.<\/p>\n<p class=\"my-2 [&amp;+p]:mt-4 [&amp;_strong:has(+br)]:inline-block [&amp;_strong:has(+br)]:pb-2\">Dieses \u00f6lbasierte Wunderwerk versorgt die Haut mit n\u00e4hrenden \u00d6len, <a href=\"https:\/\/green.one\/de\/produkt\/cannabis\/\"><strong>nat\u00fcrlichen<\/strong><\/a> Antioxidantien und pflanzlichen Extrakten \u2013 f\u00fcr ein samtweiches, jugendliches Gef\u00fchl.<\/p>\n<p class=\"my-2 [&amp;+p]:mt-4 [&amp;_strong:has(+br)]:inline-block [&amp;_strong:has(+br)]:pb-2\">Die integrierte <a href=\"https:\/\/green.one\/de\/produkt\/spezialisiert\/kosmetik\/\">Massagekugel<\/a> tr\u00e4gt es punktgenau auf, massiert sanft und bek\u00e4mpft Mimik- sowie Trockenheitsf\u00e4ltchen effektiv.<\/p>\n<p class=\"my-2 [&amp;+p]:mt-4 [&amp;_strong:has(+br)]:inline-block [&amp;_strong:has(+br)]:pb-2\">Stell dir vor, wie deine Haut nach dem Auftragen sp\u00fcrbar straffer und elastischer wird \u2013 pure Regeneration im Alltag!<\/p>\n<p class=\"my-2 [&amp;+p]:mt-4 [&amp;_strong:has(+br)]:inline-block [&amp;_strong:has(+br)]:pb-2\"><strong>CBD Vital Beauty Booster<\/strong>\u00a0enth\u00e4lt zertifizierte <a href=\"https:\/\/green.one\/de\/produkt\/spezialisiert\/kosmetik\/\">Bio-Inhaltsstoffe<\/a>, die Zellerneuerung f\u00f6rdern und vor Feuchtigkeitsverlust sch\u00fctzen. Schnell einziehend, ohne Glanzeffekt: Perfekt unter <a href=\"https:\/\/green.one\/de\/produkt\/spezialisiert\/kosmetik\/\">Make-up<\/a> oder als Extra-<a href=\"https:\/\/green.one\/de\/produkt\/spezialisiert\/kosmetik\/\"><strong>Pflege.<\/strong><\/a><\/p>\n<h6 id=\"praktischer-roll-on-fr-tgliche-routine\" class=\"mb-2 mt-4 [.has-inline-images_&amp;]:clear-end font-editorial font-bold text-lg first:mt-0 md:text-lg [hr+&amp;]:mt-4\">Praktischer Roll-On f\u00fcr t\u00e4gliche Routine<\/h6>\n<h6 id=\"ideal-gegen-mimikfltchen-und-trockenheit\" class=\"mb-2 mt-4 [.has-inline-images_&amp;]:clear-end font-editorial font-bold text-base first:mt-0\">Ideal gegen Mimikf\u00e4ltchen und Trockenheit<\/h6>\n<p class=\"my-2 [&amp;+p]:mt-4 [&amp;_strong:has(+br)]:inline-block [&amp;_strong:has(+br)]:pb-2\">Rolle den\u00a0<strong>CBD Vital Beauty Booster<\/strong>\u00a0morgens vor der <a href=\"https:\/\/green.one\/de\/produkt\/spezialisiert\/kosmetik\/\">Creme<\/a> oder mehrmals t\u00e4glich ein \u2013 3x auf Gesicht, Hals und Dekollet\u00e9. Die ergiebige 10-ml-Formel reicht lange und passt in jede Handtasche. F\u00fcr alle Hauttypen: Tierversuchsfrei, vegan und bio-zertifiziert.<\/p>\n<h6 id=\"vorteile-fr-alle-hauttypen\" class=\"mb-2 mt-4 [.has-inline-images_&amp;]:clear-end font-editorial font-bold text-lg first:mt-0 md:text-lg [hr+&amp;]:mt-4\">Vorteile f\u00fcr alle Hauttypen<\/h6>\n<ul class=\"marker:text-quiet list-disc\">\n<li class=\"py-0 my-0 prose-p:pt-0 prose-p:mb-2 prose-p:my-0 [&amp;&gt;p]:pt-0 [&amp;&gt;p]:mb-2 [&amp;&gt;p]:my-0\">\n<p class=\"my-2 [&amp;+p]:mt-4 [&amp;_strong:has(+br)]:inline-block [&amp;_strong:has(+br)]:pb-2\">Verbesserte Spannkraft und Elastizit\u00e4t<\/p>\n<\/li>\n<li class=\"py-0 my-0 prose-p:pt-0 prose-p:mb-2 prose-p:my-0 [&amp;&gt;p]:pt-0 [&amp;&gt;p]:mb-2 [&amp;&gt;p]:my-0\">\n<p class=\"my-2 [&amp;+p]:mt-4 [&amp;_strong:has(+br)]:inline-block [&amp;_strong:has(+br)]:pb-2\">Punktuelle Anwendung ohne Kleben<\/p>\n<\/li>\n<li class=\"py-0 my-0 prose-p:pt-0 prose-p:mb-2 prose-p:my-0 [&amp;&gt;p]:pt-0 [&amp;&gt;p]:mb-2 [&amp;&gt;p]:my-0\">\n<p class=\"my-2 [&amp;+p]:mt-4 [&amp;_strong:has(+br)]:inline-block [&amp;_strong:has(+br)]:pb-2\">Schutz vor Trockenheit, voller N\u00e4hrstoffe<\/p>\n<\/li>\n<\/ul>\n<h6 id=\"hufige-fragen-faq\" class=\"mb-2 mt-4 [.has-inline-images_&amp;]:clear-end font-editorial font-bold text-lg first:mt-0 md:text-lg [hr+&amp;]:mt-4\">H\u00e4ufige Fragen (FAQ)<\/h6>\n<p class=\"my-2 [&amp;+p]:mt-4 [&amp;_strong:has(+br)]:inline-block [&amp;_strong:has(+br)]:pb-2\"><strong>Was macht CBD Vital Beauty Booster besonders?<\/strong><br \/>\n100 mg CBD plus Antioxidantien in Roll-On-Form f\u00fcr gezielte Pflege.<\/p>\n<p class=\"my-2 [&amp;+p]:mt-4 [&amp;_strong:has(+br)]:inline-block [&amp;_strong:has(+br)]:pb-2\"><strong>Wie oft anwenden?<\/strong><br \/>\nBis zu 3x t\u00e4glich rollen und einmassieren \u2013 vor\/nach Creme.<\/p>\n<p class=\"my-2 [&amp;+p]:mt-4 [&amp;_strong:has(+br)]:inline-block [&amp;_strong:has(+br)]:pb-2\"><strong>F\u00fcr welche Haut?<\/strong><br \/>\nAlle Typen, ideal bei F\u00e4ltchen und Trockenheit.<\/p>\n<p class=\"my-2 [&amp;+p]:mt-4 [&amp;_strong:has(+br)]:inline-block [&amp;_strong:has(+br)]:pb-2\">green.one\u00ae <a href=\"https:\/\/green.one\/de\/\">CBD \u00d6l Shop<\/a> ist ein deutsches Premium-Online-Gesch\u00e4ft das eine breite Auswahl an hochwertigen CBD-Produkten f\u00fcr ganz Europa anbietet.<\/p>\n<p class=\"my-2 [&amp;+p]:mt-4 [&amp;_strong:has(+br)]:inline-block [&amp;_strong:has(+br)]:pb-2\"><strong>Rechtlicher Hinweis:<\/strong> <em>Dieses Produkt ist kein Arzneimittel. Es ersetzt keine ausgewogene und abwechslungsreiche Ern\u00e4hrung und keinen gesunden Lebensstil. Bei Schwangerschaft, Stillzeit oder wenn du Medikamente einnimmst, konsultiere vor der Verwendung deinen Arzt.<\/em><\/p>\n","protected":false},"excerpt":{"rendered":"<p>CBD Vital Beauty Booster ist ein praktischer Roll-On mit 100 mg reinem CBD f\u00fcr Gesicht, Hals und Dekollet\u00e9.<\/p>\n<p>Die n\u00e4hrenden \u00d6le aus Hanfsamen, Jojoba und Macadamia plus nat\u00fcrliche Antioxidantien spenden intensive Feuchtigkeit und unterst\u00fctzen ein samtweiches Hautgef\u00fchl.<\/p>\n<p>Ideal bei Mimik- und Trockenheitsf\u00e4ltchen \u2013 schnell einziehend ohne Glanzeffekt, vegan und bio-zertifiziert. F\u00fcr alle Hauttypen in der t\u00e4glichen Routine.<\/p>\n","protected":false},"featured_media":11254,"comment_status":"open","ping_status":"closed","template":"","meta":{"_trash_the_other_posts":false,"editor_notices":[]},"product_brand":[165],"product_cat":[157,271],"product_tag":[193,210,314],"class_list":{"0":"post-11031","1":"product","2":"type-product","3":"status-publish","4":"has-post-thumbnail","6":"product_brand-cbd-vital","7":"product_cat-kosmetik","8":"product_cat-gesichtspflege","9":"product_tag-vital","10":"product_tag-kosmetik","11":"product_tag-gesichtspflege","13":"first","14":"instock","15":"sale","16":"taxable","17":"shipping-taxable","18":"purchasable","19":"product-type-simple"},"_links":{"self":[{"href":"https:\/\/green.one\/de\/wp-json\/wp\/v2\/product\/11031","targetHints":{"allow":["GET"]}}],"collection":[{"href":"https:\/\/green.one\/de\/wp-json\/wp\/v2\/product"}],"about":[{"href":"https:\/\/green.one\/de\/wp-json\/wp\/v2\/types\/product"}],"replies":[{"embeddable":true,"href":"https:\/\/green.one\/de\/wp-json\/wp\/v2\/comments?post=11031"}],"wp:featuredmedia":[{"embeddable":true,"href":"https:\/\/green.one\/de\/wp-json\/wp\/v2\/media\/11254"}],"wp:attachment":[{"href":"https:\/\/green.one\/de\/wp-json\/wp\/v2\/media?parent=11031"}],"wp:term":[{"taxonomy":"product_brand","embeddable":true,"href":"https:\/\/green.one\/de\/wp-json\/wp\/v2\/product_brand?post=11031"},{"taxonomy":"product_cat","embeddable":true,"href":"https:\/\/green.one\/de\/wp-json\/wp\/v2\/product_cat?post=11031"},{"taxonomy":"product_tag","embeddable":true,"href":"https:\/\/green.one\/de\/wp-json\/wp\/v2\/product_tag?post=11031"}],"curies":[{"name":"wp","href":"https:\/\/api.w.org\/{rel}","templated":true}]}}