{"id":11032,"date":"2024-04-25T12:02:47","date_gmt":"2024-04-25T10:02:47","guid":{"rendered":"https:\/\/green.one\/de\/?post_type=product&#038;p=11032"},"modified":"2026-03-29T18:49:24","modified_gmt":"2026-03-29T16:49:24","slug":"cbd-vital-massageoel","status":"publish","type":"product","link":"https:\/\/green.one\/de\/shop\/cbd-vital-massageoel\/","title":{"rendered":"CBD Vital Massage\u00f6l"},"content":{"rendered":"<h6 style=\"text-align: left\">CBD Vital <a href=\"https:\/\/green.one\/de\/produkt\/spezialisiert\/kosmetik\/\">Massage\u00f6l<\/a>: Das Beste, was Sie sich w\u00fcnschen k\u00f6nnen<\/h6>\n<h6><strong>Wohltuende Gelenks- und <a href=\"https:\/\/green.one\/de\/produkt\/spezialisiert\/kosmetik\/\">Muskelpflege<\/a> mit Johanniskraut, Ingwer, Eukalyptus\u00f6l und 250 mg CBD<\/strong><\/h6>\n<p>Das pflegende <strong>CBD VITAL <a href=\"https:\/\/green.one\/de\/produkt\/spezialisiert\/kosmetik\/\">Massage\u00f6l<\/a><\/strong> tr\u00e4gt zur Entspannung m\u00fcder Gelenke und Muskeln bei. Durch die au\u00dfergew\u00f6hnliche Inhaltsstoffkombination sorgt es f\u00fcr nachhaltig wohltuende Effekte und ein verbessertes K\u00f6rpergef\u00fchl \u2013 das auch noch Stunden nach der Massage anh\u00e4lt.<\/p>\n<p>Das enthaltene Johanniskrautextrakt macht das \u00d6l ideal f\u00fcr Massagen nach dem Sport und bei <a href=\"https:\/\/green.one\/de\/produkt\/spezialisiert\/kosmetik\/\">Muskelkater<\/a>.<\/p>\n<p>Ingwerextrakt und Kampfer lockern Muskelverspannungen und unterst\u00fctzen die Regeneration bei sportlicher \u00dcberlastung. Menthol und Eukalyptus sorgen f\u00fcr erfrischende und vitalisierende Effekte.<\/p>\n<p><a href=\"https:\/\/green.one\/de\/produkt\/nahrungsergaenzung\/\">Vitamin E<\/a> tr\u00e4gt zur <a href=\"https:\/\/green.one\/de\/produkt\/spezialisiert\/kosmetik\/\"><strong>Pflege<\/strong><\/a> der Haut bei. Gemeinsam mit wertvollen Hanfsamen-, Mandel- Sonnenblumen- und Jojoba\u00f6l n\u00e4hrt der Komplex die Haut und tr\u00e4gt zu einem samtig-weichen Hautgef\u00fchl bei.<\/p>\n<p>Durch das enthaltenen CBD \u00fcbt das <strong>CBD VITAL Massage\u00f6l<\/strong> zudem entspannende Effekte auf die Psyche aus. Insgesamt \u00fcberzeugt die Wirkstoffkombination mit einem revitalisierenden Duft nach Eukalyptus und Kampfer, der die notwendige Entspannung einleitet.<\/p>\n<p>Anspannung und Stress k\u00f6nnen so leichter verschwinden. F\u00fcr eine wohltuende <a href=\"https:\/\/green.one\/de\/produkt\/spezialisiert\/kosmetik\/koerperpflege\/\"><strong>Wellness-Massage<\/strong><\/a>, die nicht nur die Sinne verw\u00f6hnt, sondern auch K\u00f6rper und Geist wieder in Balance bringt.<\/p>\n<ul>\n<li>All-in-One L\u00f6sung: Massage-, Gelenks-, Regenerationsfluid und Muskelpflege in einem<\/li>\n<li>Schnell einziehend<\/li>\n<li>F\u00fcr alle Hauttypen geeignet<\/li>\n<li>Ideal zur Entspannung und zur Regeneration nach dem Sport<\/li>\n<li>Besonders hoher CBD Gehalt<\/li>\n<li>N\u00e4hrt trockene und beanspruche Haut<\/li>\n<\/ul>\n<h6>Anwendung von CBD Vital Massage\u00f6l<\/h6>\n<ul>\n<li>Etwas Massage\u00f6l in die Hand geben und zwischen den Handfl\u00e4chen anw\u00e4rmen. Im Anschluss die gew\u00fcnschte K\u00f6rperpartie mit dem Massage\u00f6l massieren.<\/li>\n<li>Als Pflege bei beanspruchten Gelenken und Muskelpartien sowie bei trockener Haut 2-mal t\u00e4glich einreiben.<\/li>\n<\/ul>\n<p>Die H\u00e4nde nach dem Auftragen gr\u00fcndlich reinigen und Augenkontakt vermeiden. Nicht auf gereizte, offene Haut, Wunden, oder Schleimh\u00e4ute auftragen. F\u00fcr S\u00e4uglinge und Kleinkinder nicht geeignet.<\/p>\n<p><strong>Inhaltsstoffkomplex:<\/strong> Cannabidiol (250 mg), Hanfsamen\u00f6l, Menthol, Eukalyptus\u00f6l, Kampfer, Johanniskraut-, Ingwerextrakt, Vitamin E<\/p>\n<p><strong>Inhaltsstoffe des CBD Vital Massage\u00f6ls: <\/strong>prunus amygdalus dulcis (almond) oil*\/**, oryza sativa (rice) bran oil*, helianthus annuus <a href=\"https:\/\/green.one\/de\/produkt\/cbd\/oel\/\"><strong>seed oil<\/strong><\/a>*, simmondsia chinensis (jojoba) seed oil*\/**, cannabis sativa (hemp) <a href=\"https:\/\/green.one\/de\/produkt\/cbd\/oel\/\">seed oil<\/a>*\/**, menthol*, eucalyptus globulus leaf oil*, camphor,<a href=\"https:\/\/green.one\/de\/produkt\/cbd\/oel\/\"> cannabidiol<\/a>*, tocopherol (<a href=\"https:\/\/green.one\/de\/produkt\/nahrungsergaenzung\/\">vitamin e<\/a>)*, zingiber officinale (ginger) root extract*\/**, hypericum perforatum (st. john\u2018s wort) flower\/twig extract*\/**, rosmarinus officinalis (rosemary) leaf extract*\/**, fragrance*, limonene***, linalool***, geraniol***<\/p>\n<p>* Ingredients from natural origin (98,5 %)<\/p>\n<p>** Ingredients from organic agricultural source (52,5 %)<\/p>\n<p>*** Components from natural essential oils and fragrance<\/p>\n<p>Biokosmetik gem\u00e4\u00df den Richtlinien des ECOGEA Instituts.<\/p>\n<p>green.one\u00ae <a href=\"https:\/\/green.one\/de\/\">CBD \u00d6l Shop<\/a> ist ein deutsches Premium-Online-Gesch\u00e4ft das eine breite Auswahl an hochwertigen CBD-Produkten f\u00fcr ganz Europa anbietet.<\/p>\n<p><strong>Rechtlicher Hinweis:<\/strong> <em>Dieses Produkt ist kein Arzneimittel. Es ersetzt keine ausgewogene und abwechslungsreiche Ern\u00e4hrung und keinen gesunden Lebensstil. Bei Schwangerschaft, Stillzeit oder wenn du Medikamente einnimmst, konsultiere vor der Verwendung deinen Arzt.<\/em><\/p>\n<table>\n<tbody>\n<tr>\n<td>Menge<\/td>\n<td>100 ml<\/td>\n<\/tr>\n<\/tbody>\n<\/table>\n","protected":false},"excerpt":{"rendered":"<p>CBD Vital Massage\u00f6l mit 250 mg reinem Cannabidiol (CBD) ist eine pflegende \u00d6l-Mischung aus Hanfsamen-, Mandel-, Jojoba- und Sonnenblumen\u00f6l.<\/p>\n<p>Erfrischende Inhaltsstoffe wie Menthol, Eukalyptus, Kampfer sowie Extrakte aus Johanniskraut, Ingwer und Rosmarin spenden ein angenehmes Hautgef\u00fchl nach Sport oder in der Entspannungsroutine.<\/p>\n<p>Schnell einziehend ohne Fettfilm, hautberuhigend und feuchtigkeitsspendend \u2013 ideal f\u00fcr Massagen. Vegan, 98,5% nat\u00fcrlichen Ursprungs, 52,5% Bio-Anbau.<\/p>\n","protected":false},"featured_media":11313,"comment_status":"open","ping_status":"closed","template":"","meta":{"_trash_the_other_posts":false,"editor_notices":[]},"product_brand":[165],"product_cat":[157,272],"product_tag":[193,312,317,318],"class_list":{"0":"post-11032","1":"product","2":"type-product","3":"status-publish","4":"has-post-thumbnail","6":"product_brand-cbd-vital","7":"product_cat-kosmetik","8":"product_cat-koerperpflege","9":"product_tag-vital","10":"product_tag-cbd-oel","11":"product_tag-koeperpflege","12":"product_tag-massage","14":"first","15":"instock","16":"sale","17":"taxable","18":"shipping-taxable","19":"purchasable","20":"product-type-simple"},"_links":{"self":[{"href":"https:\/\/green.one\/de\/wp-json\/wp\/v2\/product\/11032","targetHints":{"allow":["GET"]}}],"collection":[{"href":"https:\/\/green.one\/de\/wp-json\/wp\/v2\/product"}],"about":[{"href":"https:\/\/green.one\/de\/wp-json\/wp\/v2\/types\/product"}],"replies":[{"embeddable":true,"href":"https:\/\/green.one\/de\/wp-json\/wp\/v2\/comments?post=11032"}],"wp:featuredmedia":[{"embeddable":true,"href":"https:\/\/green.one\/de\/wp-json\/wp\/v2\/media\/11313"}],"wp:attachment":[{"href":"https:\/\/green.one\/de\/wp-json\/wp\/v2\/media?parent=11032"}],"wp:term":[{"taxonomy":"product_brand","embeddable":true,"href":"https:\/\/green.one\/de\/wp-json\/wp\/v2\/product_brand?post=11032"},{"taxonomy":"product_cat","embeddable":true,"href":"https:\/\/green.one\/de\/wp-json\/wp\/v2\/product_cat?post=11032"},{"taxonomy":"product_tag","embeddable":true,"href":"https:\/\/green.one\/de\/wp-json\/wp\/v2\/product_tag?post=11032"}],"curies":[{"name":"wp","href":"https:\/\/api.w.org\/{rel}","templated":true}]}}