{"id":11035,"date":"2024-04-25T12:05:39","date_gmt":"2024-04-25T10:05:39","guid":{"rendered":"https:\/\/green.one\/de\/?post_type=product&#038;p=11035"},"modified":"2026-03-29T17:36:53","modified_gmt":"2026-03-29T15:36:53","slug":"cbd-vital-badekugeln","status":"publish","type":"product","link":"https:\/\/green.one\/de\/shop\/cbd-vital-badekugeln\/","title":{"rendered":"CBD Vital Badekugeln"},"content":{"rendered":"<h6 style=\"text-align: left\">CBD Vital <a href=\"https:\/\/green.one\/de\/produkt\/spezialisiert\/kosmetik\/\">Badekugeln<\/a> Wellness-Erlebnis f\u00fcr zuhause<\/h6>\n<p>Entspannung nach einem anstrengenden Tag: Die <strong>CBD VITAL Badekugeln<\/strong> sorgen im Handumdrehen f\u00fcr ein wohltuendes Wellness-Erlebnis in den eigenen vier W\u00e4nden.<\/p>\n<p>Cannabidiol, ein Cannabinoid der Hanfpflanze, tr\u00e4gt zur Erholung von K\u00f6rper und Geist bei. Der Inhaltsstoff f\u00f6rdert Balance und Wohlbefinden und pflegt strapazierte und trockene Haut.<\/p>\n<p>Kokos\u00f6l ist ein wahrer Feuchtigkeits-Kick f\u00fcr die Haut und versorgt diese mit wertvollen Pflegestoffen.<\/p>\n<p>Gemeinsam mit den n\u00e4hrenden Eigenschaften der Ringelblume hinterlassen die Badekugeln nach der Anwendung ein samtig-weiches Gef\u00fchl auf der Haut. Erfrischendes Zitrusextrakt verst\u00e4rkt das regenerierende Badeerlebnis.<\/p>\n<p>Lavendel ist ein altbew\u00e4hrtes Hausmittel, wenn es um guten Schlaf und starke Nerven geht. In den Badekugeln sorgt die Pflanze f\u00fcr einen angenehmen Duft und tr\u00e4gt zur Beruhigung und Entspannung bei. Besonders beliebt ist der Einsatz von Lavendel in der Aromatherapie, zur Entspannung m\u00fcder <a href=\"https:\/\/green.one\/de\/produkt\/spezialisiert\/kosmetik\/koerperpflege\/\"><strong>Muskeln.<\/strong><\/a><\/p>\n<p>Das macht die Badekugeln auch f\u00fcr Sportler interessant \u2013 zur Regeneration nach dem Training. F\u00fcr ein Home-Spa Erlebnis auf h\u00f6chstem Niveau. Ganz ohne Seife \u2013 zum Schutz der nat\u00fcrlichen Hautbarriere.<\/p>\n<h6>CBD Vital Badekugeln Erholung im Alltag<\/h6>\n<p>Die <strong>CBD VITAL Badekugeln<\/strong> gl\u00e4nzen mit 100 mg Cannabidiol pro Kugel. Durch die rein nat\u00fcrlichen Pflegestoffe in h\u00f6chster Qualit\u00e4t sind die Badekugeln auch f\u00fcr sensible und gereizte Haut geeignet. Das Set enth\u00e4lt zwei Badekugeln in biologisch abbaubarer Folie.<\/p>\n<p>Zur Entspannung und Erholung im Alltag<br \/>\n100 mg CBD pro Kugel<br \/>\nF\u00fcr eine harmonische Nachtruhe<br \/>\nF\u00fcr die S\u00e4ure-Basen-Balance<br \/>\nZur Regeneration nach dem Workout<br \/>\nAls hautpflegender Zusatz in der Badewanne<br \/>\nZur nachhaltigen Pflege beanspruchter und sensibler Haut<\/p>\n<p><strong>Anwendung:<\/strong> F\u00fcr Ihr Wellness-Erlebnis die Badewanne mit hei\u00dfem Wasser f\u00fcllen und eine Badekugel in die Wanne legen. Unter Sprudeln l\u00f6st sich diese auf und sorgt sofort f\u00fcr einen angenehmen Duft im gesamten Badezimmer. Bei hypersensibler Haut sollte die Wassertemperatur nicht zu hei\u00df sein.<\/p>\n<p><strong>INGREDIENTS<\/strong>: Sodium Bicarbonate*,Citric Acid*, Zea Mays Starch*, Prunus Amygdalus Dulcis (Almond) Oil*, Cocos Nucifera Oil*\/**, Butyrospermum Parkii (Shea) Butter*\/**, Potassium Bitartrate (Cream Of Tartar)*, Cannabis Sativa (Hemp) <a href=\"https:\/\/green.one\/de\/produkt\/cbd\/oel\/\"><strong>Seed Oil<\/strong><\/a>*\/**, Kaolin (White Clay)*, Lavandula Angustifolia Flower Oil*\/**, Citrus Paradisi (Grapefruit) Peel Oil*, Fragrance (Natural)*, Cannabidiol*, Calendula Officinalis (Marigold) Flower Extract*\/**, Lavandula Angustifolia Flower*\/**, Beetroot Red*, Linalool***, Limonene***, Geraniol***, Citral***<\/p>\n<p>* Ingredients from natural origin (100 %)<\/p>\n<p>** Ingredients from organic agricultural source (5,5 %)<\/p>\n<p>*** Components from natural essential oils<\/p>\n<p><strong>Rechtlicher Hinweis:<\/strong> <em>Dieses Produkt ist kein Arzneimittel. Es ersetzt keine ausgewogene und abwechslungsreiche Ern\u00e4hrung und keinen gesunden Lebensstil. Bei Schwangerschaft, Stillzeit oder wenn du Medikamente einnimmst, konsultiere vor der Verwendung deinen Arzt.<\/em><\/p>\n<p>&nbsp;<\/p>\n","protected":false},"excerpt":{"rendered":"<p><strong>Die CBD Vital Badekugeln<\/strong> verwandeln dein Bad in ein wohltuendes Wellness-Ritual. Die sprudelnden Kugeln sorgen f\u00fcr ein angenehmes Badeerlebnis mit verw\u00f6hnendem Duft \u2013 ideal, um nach einem langen Tag abzuschalten und sich eine kleine Auszeit zu g\u00f6nnen.<\/p>\n","protected":false},"featured_media":11243,"comment_status":"open","ping_status":"closed","template":"","meta":{"_trash_the_other_posts":false,"editor_notices":[]},"product_brand":[165],"product_cat":[157,272],"product_tag":[193,210,233],"class_list":{"0":"post-11035","1":"product","2":"type-product","3":"status-publish","4":"has-post-thumbnail","6":"product_brand-cbd-vital","7":"product_cat-kosmetik","8":"product_cat-koerperpflege","9":"product_tag-vital","10":"product_tag-kosmetik","11":"product_tag-gel","13":"first","14":"instock","15":"sale","16":"taxable","17":"shipping-taxable","18":"purchasable","19":"product-type-simple"},"_links":{"self":[{"href":"https:\/\/green.one\/de\/wp-json\/wp\/v2\/product\/11035","targetHints":{"allow":["GET"]}}],"collection":[{"href":"https:\/\/green.one\/de\/wp-json\/wp\/v2\/product"}],"about":[{"href":"https:\/\/green.one\/de\/wp-json\/wp\/v2\/types\/product"}],"replies":[{"embeddable":true,"href":"https:\/\/green.one\/de\/wp-json\/wp\/v2\/comments?post=11035"}],"wp:featuredmedia":[{"embeddable":true,"href":"https:\/\/green.one\/de\/wp-json\/wp\/v2\/media\/11243"}],"wp:attachment":[{"href":"https:\/\/green.one\/de\/wp-json\/wp\/v2\/media?parent=11035"}],"wp:term":[{"taxonomy":"product_brand","embeddable":true,"href":"https:\/\/green.one\/de\/wp-json\/wp\/v2\/product_brand?post=11035"},{"taxonomy":"product_cat","embeddable":true,"href":"https:\/\/green.one\/de\/wp-json\/wp\/v2\/product_cat?post=11035"},{"taxonomy":"product_tag","embeddable":true,"href":"https:\/\/green.one\/de\/wp-json\/wp\/v2\/product_tag?post=11035"}],"curies":[{"name":"wp","href":"https:\/\/api.w.org\/{rel}","templated":true}]}}