{"id":11036,"date":"2024-04-25T12:03:34","date_gmt":"2024-04-25T10:03:34","guid":{"rendered":"https:\/\/green.one\/de\/?post_type=product&#038;p=11036"},"modified":"2026-03-29T18:32:06","modified_gmt":"2026-03-29T16:32:06","slug":"cbd-vital-haarshampoo","status":"publish","type":"product","link":"https:\/\/green.one\/de\/shop\/cbd-vital-haarshampoo\/","title":{"rendered":"CBD Vital Haarshampoo"},"content":{"rendered":"<h6 id=\"sensationelle-rettung-fr-trockenes-haar-die-ultima\" class=\"mb-2 mt-4 [.has-inline-images_&amp;]:clear-end font-editorial font-bold text-base first:mt-0\" style=\"text-align: left\">Sensationelle Rettung f\u00fcr trockenes <a href=\"https:\/\/green.one\/de\/produkt\/spezialisiert\/kosmetik\/\">Haar<\/a>: Die ultimative Pflege-Revolution<\/h6>\n<p class=\"my-2 [&amp;+p]:mt-4 [&amp;_strong:has(+br)]:inline-block [&amp;_strong:has(+br)]:pb-2\">Leiden Sie unter extrem trockenem, strohigem Haar, das nach jedem Training oder durch t\u00e4gliches Styling stumpf und leblos wirkt? Die Suche nach der perfekten L\u00f6sung hat endlich ein Ende.<\/p>\n<p class=\"my-2 [&amp;+p]:mt-4 [&amp;_strong:has(+br)]:inline-block [&amp;_strong:has(+br)]:pb-2\">Das\u00a0<strong>CBD Vital <a href=\"https:\/\/green.one\/de\/produkt\/spezialisiert\/kosmetik\/\">Haarshampoo<\/a><\/strong>\u00a0ist nicht nur eine Reinigung, sondern eine exklusive High-End-Therapie, die speziell entwickelt wurde, um gesch\u00e4digte Haarstrukturen sofort zu transformieren und ihnen eine unwiderstehliche Geschmeidigkeit zu verleihen.<\/p>\n<h6 id=\"das-geheimnis-der-bio-aktiven-regeneration\" class=\"mb-2 mt-4 [.has-inline-images_&amp;]:clear-end font-editorial font-bold text-base first:mt-0\">Das Geheimnis der bio-aktiven Regeneration<\/h6>\n<p class=\"my-2 [&amp;+p]:mt-4 [&amp;_strong:has(+br)]:inline-block [&amp;_strong:has(+br)]:pb-2\">Sportler und aktive Menschen kennen das Problem: H\u00e4ufiges Duschen entzieht der Kopfhaut wertvolle Lipide.<\/p>\n<p class=\"my-2 [&amp;+p]:mt-4 [&amp;_strong:has(+br)]:inline-block [&amp;_strong:has(+br)]:pb-2\">Hier setzt die Magie der Natur ein. Das\u00a0<strong>CBD Vital <a href=\"https:\/\/green.one\/de\/produkt\/spezialisiert\/kosmetik\/\">Haarshampoo<\/a><\/strong>\u00a0nutzt die kraftvollen antioxidativen Eigenschaften von reinem <a href=\"https:\/\/green.one\/de\/produkt\/cbd\/oel\/\"><strong>CBD<\/strong><\/a>, um Reizungen sofort zu lindern und die nat\u00fcrliche Barriere der Kopfhaut zu st\u00e4rken.<\/p>\n<p class=\"my-2 [&amp;+p]:mt-4 [&amp;_strong:has(+br)]:inline-block [&amp;_strong:has(+br)]:pb-2\">Diese <a href=\"https:\/\/green.one\/de\/produkt\/nahrungsergaenzung\/\"><strong>revolution\u00e4re<\/strong><\/a> Formel dringt tief in die Haarfollikel ein und aktiviert ein atemberaubendes Wachstumspotenzial, w\u00e4hrend es gleichzeitig vor sch\u00e4dlichem Umweltstress sch\u00fctzt.<\/p>\n<h6 id=\"warum-herkmmliche-produkte-versagen\" class=\"mb-2 mt-4 [.has-inline-images_&amp;]:clear-end font-editorial font-bold text-base first:mt-0\">Warum herk\u00f6mmliche Produkte versagen<\/h6>\n<p class=\"my-2 [&amp;+p]:mt-4 [&amp;_strong:has(+br)]:inline-block [&amp;_strong:has(+br)]:pb-2\">Die meisten Shampoos versprechen viel, liefern aber nur kurzfristige Effekte durch billige Silikone.<\/p>\n<p class=\"my-2 [&amp;+p]:mt-4 [&amp;_strong:has(+br)]:inline-block [&amp;_strong:has(+br)]:pb-2\">Im Gegensatz dazu bietet das\u00a0<strong>CBD Vital <a href=\"https:\/\/green.one\/de\/produkt\/spezialisiert\/kosmetik\/\">Haarshampoo<\/a><\/strong>\u00a0eine garantierte Tiefenhydratation ohne sch\u00e4dliche Zus\u00e4tze. Die Synergie aus Hanfsamen\u00f6l und beruhigendem CBD sorgt f\u00fcr eine zellul\u00e4re Ern\u00e4hrung, die Ihr Haar von innen heraus repariert.<\/p>\n<p class=\"my-2 [&amp;+p]:mt-4 [&amp;_strong:has(+br)]:inline-block [&amp;_strong:has(+br)]:pb-2\">Es ist die \u00dcberlegenheit der Wissenschaft, die dieses Produkt zur ersten Wahl f\u00fcr anspruchsvolle Kunden macht, die keine Kompromisse bei der <a href=\"https:\/\/green.one\/de\/\"><strong>Qualit\u00e4t<\/strong> <\/a>eingehen wollen.<\/p>\n<h6 id=\"verblffende-ergebnisse-fr-maximale-ausstrahlung\" class=\"mb-2 mt-4 [.has-inline-images_&amp;]:clear-end font-editorial font-bold text-base first:mt-0\">Verbl\u00fcffende Ergebnisse f\u00fcr maximale Ausstrahlung<\/h6>\n<p class=\"my-2 [&amp;+p]:mt-4 [&amp;_strong:has(+br)]:inline-block [&amp;_strong:has(+br)]:pb-2\">Stellen Sie sich vor, wie Ihr Haar nach nur einer Anwendung gl\u00e4nzt und sich seidig weich anf\u00fchlt. Die Transformation ist absolut magnetisch.<\/p>\n<p class=\"my-2 [&amp;+p]:mt-4 [&amp;_strong:has(+br)]:inline-block [&amp;_strong:has(+br)]:pb-2\">Durch die regelm\u00e4\u00dfige Anwendung vom\u00a0<strong>CBD Vital <a href=\"https:\/\/green.one\/de\/produkt\/spezialisiert\/kosmetik\/\">Haarshampoo<\/a><\/strong>\u00a0wird widerspenstiges Haar dauerhaft geb\u00e4ndigt und erh\u00e4lt einen gesunden, vitalen Look, der alle Blicke auf sich zieht.<\/p>\n<p class=\"my-2 [&amp;+p]:mt-4 [&amp;_strong:has(+br)]:inline-block [&amp;_strong:has(+br)]:pb-2\">Es ist das ultimative Upgrade f\u00fcr Ihre t\u00e4gliche Beauty-Routine, das Ihnen das Selbstvertrauen einer professionellen Salon-Behandlung direkt nach Hause bringt.<\/p>\n<h6 id=\"investieren-sie-in-kompromisslose-exzellenz\" class=\"mb-2 mt-4 [.has-inline-images_&amp;]:clear-end font-editorial font-bold text-base first:mt-0\">Investieren Sie in kompromisslose Exzellenz<\/h6>\n<p class=\"my-2 [&amp;+p]:mt-4 [&amp;_strong:has(+br)]:inline-block [&amp;_strong:has(+br)]:pb-2\">Warten Sie nicht l\u00e4nger darauf, dass sich Ihr Haar von selbst erholt. G\u00f6nnen Sie sich den Luxus, den Sie verdienen.<\/p>\n<p class=\"my-2 [&amp;+p]:mt-4 [&amp;_strong:has(+br)]:inline-block [&amp;_strong:has(+br)]:pb-2\">Das\u00a0<strong>CBD Vital <a href=\"https:\/\/green.one\/de\/produkt\/spezialisiert\/kosmetik\/\">Haarshampoo<\/a><\/strong>\u00a0ist die Antwort auf die Bed\u00fcrfnisse von trockenem Haar und gestresster Kopfhaut.<\/p>\n<p class=\"my-2 [&amp;+p]:mt-4 [&amp;_strong:has(+br)]:inline-block [&amp;_strong:has(+br)]:pb-2\">Bestellen Sie noch heute und erleben Sie, wie diese bahnbrechende Innovation Ihre Pflegeroutine revolutioniert und Ihnen eine langanhaltende Sch\u00f6nheit schenkt, die man nicht nur sieht, sondern auch f\u00fchlt.<\/p>\n<p>green.one\u00ae <a href=\"https:\/\/green.one\/de\/\">CBD \u00d6l Shop<\/a> ist ein deutsches Premium-Online-Gesch\u00e4ft das eine breite Auswahl an hochwertigen CBD-Produkten f\u00fcr ganz Europa anbietet.<\/p>\n<p class=\"my-2 [&amp;+p]:mt-4 [&amp;_strong:has(+br)]:inline-block [&amp;_strong:has(+br)]:pb-2\"><strong>Rechtlicher Hinweis:<\/strong> <em>Dieses Produkt ist kein Arzneimittel. Es ersetzt keine ausgewogene und abwechslungsreiche Ern\u00e4hrung und keinen gesunden Lebensstil. Bei Schwangerschaft, Stillzeit oder wenn du Medikamente einnimmst, konsultiere vor der Verwendung deinen Arzt.<\/em><\/p>\n<p>&nbsp;<\/p>\n","protected":false},"excerpt":{"rendered":"<p>Das <strong>CBD Vital Haarshampoo<\/strong> reinigt Haar und Kopfhaut besonders sanft und sorgt f\u00fcr ein frisches, gepflegtes Gef\u00fchl nach jeder W\u00e4sche. Die hochwertige Pflegeformel unterst\u00fctzt geschmeidiges, gl\u00e4nzendes Haar, ohne zu beschweren \u2013 ideal f\u00fcr die t\u00e4gliche Anwendung, auch bei h\u00e4ufigem Waschen. Perfekt f\u00fcr alle, die eine moderne, unkomplizierte Haarpflege in ihre Routine integrieren m\u00f6chten.<\/p>\n","protected":false},"featured_media":11142,"comment_status":"open","ping_status":"closed","template":"","meta":{"_trash_the_other_posts":false,"editor_notices":[]},"product_brand":[165],"product_cat":[157,271],"product_tag":[193,253,315,316],"class_list":{"0":"post-11036","1":"product","2":"type-product","3":"status-publish","4":"has-post-thumbnail","6":"product_brand-cbd-vital","7":"product_cat-kosmetik","8":"product_cat-gesichtspflege","9":"product_tag-vital","10":"product_tag-cbd","11":"product_tag-haar","12":"product_tag-shampo","14":"first","15":"instock","16":"sale","17":"taxable","18":"shipping-taxable","19":"purchasable","20":"product-type-simple"},"_links":{"self":[{"href":"https:\/\/green.one\/de\/wp-json\/wp\/v2\/product\/11036","targetHints":{"allow":["GET"]}}],"collection":[{"href":"https:\/\/green.one\/de\/wp-json\/wp\/v2\/product"}],"about":[{"href":"https:\/\/green.one\/de\/wp-json\/wp\/v2\/types\/product"}],"replies":[{"embeddable":true,"href":"https:\/\/green.one\/de\/wp-json\/wp\/v2\/comments?post=11036"}],"wp:featuredmedia":[{"embeddable":true,"href":"https:\/\/green.one\/de\/wp-json\/wp\/v2\/media\/11142"}],"wp:attachment":[{"href":"https:\/\/green.one\/de\/wp-json\/wp\/v2\/media?parent=11036"}],"wp:term":[{"taxonomy":"product_brand","embeddable":true,"href":"https:\/\/green.one\/de\/wp-json\/wp\/v2\/product_brand?post=11036"},{"taxonomy":"product_cat","embeddable":true,"href":"https:\/\/green.one\/de\/wp-json\/wp\/v2\/product_cat?post=11036"},{"taxonomy":"product_tag","embeddable":true,"href":"https:\/\/green.one\/de\/wp-json\/wp\/v2\/product_tag?post=11036"}],"curies":[{"name":"wp","href":"https:\/\/api.w.org\/{rel}","templated":true}]}}