{"id":11042,"date":"2024-04-25T12:03:30","date_gmt":"2024-04-25T10:03:30","guid":{"rendered":"https:\/\/green.one\/de\/?post_type=product&#038;p=11042"},"modified":"2026-03-29T18:35:50","modified_gmt":"2026-03-29T16:35:50","slug":"cbd-vital-hunde-relax-plus-snacks","status":"publish","type":"product","link":"https:\/\/green.one\/de\/shop\/cbd-vital-hunde-relax-plus-snacks\/","title":{"rendered":"CBD Vital Hunde-Relax plus Snacks"},"content":{"rendered":"<h6 style=\"text-align: left\">CBD Vital <a href=\"https:\/\/green.one\/de\/produkt\/cbd-fuer-haustiere\/\">Hunde<\/a>-Relax plus Snacks : Der beste Anti-Stress f\u00fcr Ihren Hund<\/h6>\n<h6><a href=\"https:\/\/green.one\/de\/produkt\/cbd-fuer-haustiere\/\">Anti-Stress-Snack f\u00fcr Hunde<\/a> f\u00fcr mehr Ruhe, Selbstbeherrschung und Gelassenheit<\/h6>\n<p>Unruhige Unruhe statt ausgeglichener Vierbeiner? Unsere Liebsten sind im Alltag vielen verschiedenen Stresssituationen ausgesetzt, die Angst, Unsicherheit und Nervosit\u00e4t f\u00f6rdern.<\/p>\n<p>Die Ausl\u00f6ser k\u00f6nnen sehr unterschiedlich sein und sind f\u00fcr uns Menschen zun\u00e4chst nicht wahrnehmbar. Autofahrten, Tierarztbesuche, laute Ger\u00e4usche, Gewitter, Menschenansammlungen \u2013 die Liste m\u00f6glicher Stressfaktoren ist lang und individuell.<\/p>\n<p>Es ist wichtig, Stress bei <a href=\"https:\/\/green.one\/de\/produkt\/cbd-fuer-haustiere\/\">Hunden<\/a> zu erkennen und m\u00f6gliche Ereignisse zu bew\u00e4ltigen.<\/p>\n<p>Die Anzeichen reichen von deutlich sichtbarer K\u00f6rperspannung \u00fcber die Entwicklung von Aggression bis hin zu weniger offensichtlichen Warnzeichen wie dem Drehen des Kopfes mit anschlie\u00dfendem G\u00e4hnen. Gerade in diesen F\u00e4llen k\u00f6nnen <strong>CBD Vital Hunde-Relax plus Snacks<\/strong> sinnvoll sein. F\u00fcr einen entspannten Alltag des <a href=\"https:\/\/green.one\/de\/produkt\/cbd-fuer-haustiere\/\">Hundes<\/a>.<\/p>\n<p><strong>CBD Vital Hunde-Relax plus Snacks<\/strong> sind ein CBD-Gew\u00fcrzpaket aus Hanfmehl, Kamille, Rhodiola und Zitronenmelisse.<\/p>\n<p>Die ausgew\u00e4hlten Inhaltsstoffe pflanzlichen Ursprungs garantieren mehr Ausgeglichenheit und Aufmerksamkeit im Alltag des Hundes. Damit unerwartete und stressige Situationen in Zukunft besser gemeistert werden k\u00f6nnen. Der nat\u00fcrliche Funktionssnack mit <a href=\"https:\/\/green.one\/de\/shop\/cbd-vital-oel-30-pferde\/\"><strong>Cannabidiol<\/strong> <\/a>ist vielseitig einsetzbar: zu Hause, unterwegs oder unterwegs.<\/p>\n<p>Die Leckereien sind frei von Chemikalien und k\u00fcnstlichen Inhaltsstoffen. Eine Portion enth\u00e4lt 60 CBD-Leckereien, davon 150 mg CBD. Helfen Sie Ihrem Hund, Stresssituationen besser zu bew\u00e4ltigen und belohnen Sie das Gleichgewicht in Stresssituationen.<\/p>\n<h6>Was enth\u00e4lt CBD Vital Hunde-Relax plus Snacks?<\/h6>\n<p>Mit Hanfmehl<\/p>\n<p>Hanf ist eine bew\u00e4hrte Kultur- und Heilpflanze. Besonders beliebt ist das darin enthaltene <a href=\"https:\/\/green.one\/de\/\">Cannabinoid CBD<\/a>. Ein nat\u00fcrlicher Inhaltsstoff, der wichtige K\u00f6rpersysteme durch das Endocannabinoidsystem des Tieres unterst\u00fctzt.<\/p>\n<p>Mit Zitronenmelisse und Kamille<\/p>\n<p>Dank ihrer wertvollen Inhaltsstoffe gelten Zitronenmelisse und Kamille seit langem als traditionelle Hausmittel in der Pflanzenheilkunde.<\/p>\n<p>Mit Rosenwurz (Rhodiola rosea)<\/p>\n<p>Rhodiola Rosea ist au\u00dferdem ein wirksames Adaptogen, also aktive Pflanzenstoffe, die dem K\u00f6rper helfen, <a href=\"https:\/\/green.one\/de\/shop\/cannadol-cbd-oel-10-fuer-hunde\/\"><strong>Stress<\/strong><\/a> besser zu bew\u00e4ltigen.<\/p>\n<h6>F\u00fctterungsanleitung mit CBD Vital Hunde-Relax plus Snacks :<\/h6>\n<p>Gewicht Dosierung 5\u20139 kg 1 Snack 10\u201319 kg 2 Snacks 20\u201329 kg 4 Snacks 30\u201339 kg 6 Snacks 40\u201349 kg 8 Snacks Analytische Bestandteile: Rohprotein 15,8 %, Rohfett 10 %, Rohfaser 3,2 %, Rohasche 6,4 %.<\/p>\n<p>Zusammensetzung: S\u00fc\u00dfkartoffel, pflanzliches Glycerin, Insektenproteine, Erbsen, Lachs\u00f6l, Leberhydrolysat, Hanfmehl, Rosenwurz, Zitronenmelisse, Kamillenbl\u00fcten, Rosmarinextrakt, Flohsamenschalen, Mineralien.<\/p>\n<p>~150 mg* nat\u00fcrliches CBD in 150 g Hanfmehl. (*Angabe des nativen Gehalts eines nat\u00fcrlichen Rohstoffes. Nat\u00fcrliche Schwankungen sind m\u00f6glich.) CBD-Rohstoff: Hanfmehl \u2013 \u200b\u200bGem\u00e4\u00df Punkt 6.7.1, Anhang C, Verordnung (EU) Nr. 68\/2013 vom 16. Januar 2013<\/p>\n<p>Hinweise: Stets ausreichend Trinkwasser bereitstellen.<\/p>\n<p>Erg\u00e4nzungsfuttermittel f\u00fcr Hunde<\/p>\n<p>green.one\u00ae <a href=\"https:\/\/green.one\/de\/\">CBD \u00d6l Shop<\/a> ist ein deutsches Premium-Online-Gesch\u00e4ft das eine breite Auswahl an hochwertigen CBD-Produkten f\u00fcr ganz Europa anbietet.<\/p>\n<p><strong>Rechtlicher Hinweis:<\/strong> <em>Dieses Produkt ist kein Arzneimittel. Es ersetzt keine ausgewogene und abwechslungsreiche Ern\u00e4hrung und keinen gesunden Lebensstil. Bei Schwangerschaft, Stillzeit oder wenn du Medikamente einnimmst, konsultiere vor der Verwendung deinen Arzt.<\/em><\/p>\n<table>\n<tbody>\n<tr>\n<td>Menge<\/td>\n<td>150 g<\/td>\n<\/tr>\n<\/tbody>\n<\/table>\n","protected":false},"excerpt":{"rendered":"<p>Antistress Hundeleckerli<\/p>\n","protected":false},"featured_media":11288,"comment_status":"open","ping_status":"closed","template":"","meta":{"_trash_the_other_posts":false,"editor_notices":[]},"product_brand":[165],"product_cat":[159,247],"product_tag":[193,207,219,253],"class_list":{"0":"post-11042","1":"product","2":"type-product","3":"status-publish","4":"has-post-thumbnail","6":"product_brand-cbd-vital","7":"product_cat-cbd-fuer-haustiere","8":"product_cat-cbd-for-dogs","9":"product_tag-vital","10":"product_tag-haustiere","11":"product_tag-hunde","12":"product_tag-cbd","14":"first","15":"instock","16":"sale","17":"taxable","18":"shipping-taxable","19":"purchasable","20":"product-type-simple"},"_links":{"self":[{"href":"https:\/\/green.one\/de\/wp-json\/wp\/v2\/product\/11042","targetHints":{"allow":["GET"]}}],"collection":[{"href":"https:\/\/green.one\/de\/wp-json\/wp\/v2\/product"}],"about":[{"href":"https:\/\/green.one\/de\/wp-json\/wp\/v2\/types\/product"}],"replies":[{"embeddable":true,"href":"https:\/\/green.one\/de\/wp-json\/wp\/v2\/comments?post=11042"}],"wp:featuredmedia":[{"embeddable":true,"href":"https:\/\/green.one\/de\/wp-json\/wp\/v2\/media\/11288"}],"wp:attachment":[{"href":"https:\/\/green.one\/de\/wp-json\/wp\/v2\/media?parent=11042"}],"wp:term":[{"taxonomy":"product_brand","embeddable":true,"href":"https:\/\/green.one\/de\/wp-json\/wp\/v2\/product_brand?post=11042"},{"taxonomy":"product_cat","embeddable":true,"href":"https:\/\/green.one\/de\/wp-json\/wp\/v2\/product_cat?post=11042"},{"taxonomy":"product_tag","embeddable":true,"href":"https:\/\/green.one\/de\/wp-json\/wp\/v2\/product_tag?post=11042"}],"curies":[{"name":"wp","href":"https:\/\/api.w.org\/{rel}","templated":true}]}}