{"id":11060,"date":"2024-04-25T12:06:13","date_gmt":"2024-04-25T10:06:13","guid":{"rendered":"https:\/\/green.one\/de\/?post_type=product&#038;p=11060"},"modified":"2026-03-29T17:28:10","modified_gmt":"2026-03-29T15:28:10","slug":"cbd-vital-breitband-premium-oel-5","status":"publish","type":"product","link":"https:\/\/green.one\/de\/shop\/cbd-vital-breitband-premium-oel-5\/","title":{"rendered":"CBD Vital Breitband Premium \u00d6l 5%"},"content":{"rendered":"<h6 id=\"cbd-breitband-premium-l-5-bio-qualitt-die-berzeugt\" class=\"font-editorial first:mt-xs mb-2 mt-4 [.has-inline-images_&amp;]:clear-end font-bold text-lg leading-[1.5em] lg:text-xl\" style=\"text-align: left\">CBD Vital <a href=\"https:\/\/green.one\/product\/broad-spectrum\/\">Breitband<\/a> Premium \u00d6l 5%: Bio-Qualit\u00e4t, die \u00fcberzeugt<\/h6>\n<p class=\"my-2 [&amp;+p]:mt-4 [&amp;_strong:has(+br)]:inline-block [&amp;_strong:has(+br)]:pb-2\">Wenn du ein\u00a0<strong>hochwertiges<\/strong>, modernes <a href=\"https:\/\/green.one\/de\/\">CBD-\u00d6l<\/a> suchst, das ohne THC auskommt und gleichzeitig das volle Potenzial der Hanfpflanze nutzt, ist <strong>CBD Vital Breitband Premium \u00d6l 5%<\/strong> eine ausgezeichnete Wahl f\u00fcr deinen Alltag.<\/p>\n<p class=\"my-2 [&amp;+p]:mt-4 [&amp;_strong:has(+br)]:inline-block [&amp;_strong:has(+br)]:pb-2\">Es liefert einen hohen <strong>CBD-Gehalt<\/strong> pro Tropfen und setzt auf eine sorgf\u00e4ltig abgestimmte Rezeptur, die durch Klarheit, Reinheit und Premium-Anspruch punktet.<\/p>\n<h6 id=\"was-macht-cbd-breitband-premium-l-5-so-besonders\" class=\"mb-2 mt-4 [.has-inline-images_&amp;]:clear-end font-editorial font-bold text-lg first:mt-0 md:text-lg [hr+&amp;]:mt-4\">Was macht CBD Vital Breitband Premium \u00d6l 5% so besonders?<\/h6>\n<p class=\"my-2 [&amp;+p]:mt-4 [&amp;_strong:has(+br)]:inline-block [&amp;_strong:has(+br)]:pb-2\">Im Kern steht ein Bio-Hanfextrakt mit 5% decarboxylierten Phytocannabinoiden der Hanfpflanze. Durch die Decarboxylierung liegen die Phytocannabinoide in einer Form vor, die in der Produktbeschreibung als besonders wirkungsorientiert positioniert wird.<\/p>\n<p class=\"my-2 [&amp;+p]:mt-4 [&amp;_strong:has(+br)]:inline-block [&amp;_strong:has(+br)]:pb-2\">Gleichzeitig profitiert das \u00d6l von der Symbiose zwischen Cannabinoiden und Terpenen \u2013 ein Zusammenspiel, das viele Kunden als entscheidenden Qualit\u00e4tsfaktor wahrnehmen, wenn sie ein <a href=\"https:\/\/green.one\/product\/broad-spectrum\/\"><strong>Breitspektrum<\/strong><\/a>-Produkt bevorzugen.<\/p>\n<h6 id=\"breitspektrum-ohne-thc--klarer-vorteil\" class=\"mb-2 mt-4 [.has-inline-images_&amp;]:clear-end font-editorial font-bold text-lg first:mt-0 md:text-lg [hr+&amp;]:mt-4\"><a href=\"https:\/\/green.one\/product\/broad-spectrum\/\">Breitspektrum<\/a> ohne THC \u2013 klarer Vorteil<\/h6>\n<p class=\"my-2 [&amp;+p]:mt-4 [&amp;_strong:has(+br)]:inline-block [&amp;_strong:has(+br)]:pb-2\">Breitspektrum-\u00d6le enthalten kein THC, also keinen psychoaktiven Wirkstoff der Hanfpflanze.<\/p>\n<p class=\"my-2 [&amp;+p]:mt-4 [&amp;_strong:has(+br)]:inline-block [&amp;_strong:has(+br)]:pb-2\">Das ist f\u00fcr viele K\u00e4ufer ein\u00a0<strong>beruhigender<\/strong>\u00a0Punkt, weil sie ein <a href=\"https:\/\/green.one\/de\/\"><strong>Produkt<\/strong><\/a> m\u00f6chten, das sich klar von berauschenden Hanfprodukten abgrenzt. So l\u00e4sst sich das \u00d6l im <a href=\"https:\/\/green.one\/de\/\">CBD Oel Shop<\/a> besonders gut als \u201eTHC-frei\u201c und \u201ealltagstauglich\u201c positionieren \u2013 ohne \u00fcberzogene Versprechen.<\/p>\n<h6 id=\"schonende-co-extraktion-premium-beginnt-beim-verfa\" class=\"mb-2 mt-4 [.has-inline-images_&amp;]:clear-end font-editorial font-bold text-lg first:mt-0 md:text-lg [hr+&amp;]:mt-4\">Schonende CO\u2082-Extraktion: Premium beginnt beim Verfahren<\/h6>\n<p class=\"my-2 [&amp;+p]:mt-4 [&amp;_strong:has(+br)]:inline-block [&amp;_strong:has(+br)]:pb-2\">Ein echtes Qualit\u00e4tsmerkmal ist die Gewinnung des Hanfextrakts durch CO\u2082-Extraktion.<\/p>\n<p class=\"my-2 [&amp;+p]:mt-4 [&amp;_strong:has(+br)]:inline-block [&amp;_strong:has(+br)]:pb-2\">Dieses Verfahren gilt als schonend und wird h\u00e4ufig genutzt, wenn Reinheit und eine saubere Extraktqualit\u00e4t im Vordergrund stehen. Dadurch passt <strong>CBD Vital Breitband Premium \u00d6l 5%<\/strong> ideal zu einer Zielgruppe, die bewusst einkauft und Wert auf nachvollziehbare Herstellungsstandards legt.<\/p>\n<p><strong>Rechtlicher Hinweis:<\/strong> <em>Dieses Produkt ist kein Arzneimittel. Es ersetzt keine ausgewogene und abwechslungsreiche Ern\u00e4hrung und keinen gesunden Lebensstil. Bei Schwangerschaft, Stillzeit oder wenn du Medikamente einnimmst, konsultiere vor der Verwendung deinen Arzt.<\/em><\/p>\n<p>&nbsp;<\/p>\n","protected":false},"excerpt":{"rendered":"<p>Das Bio\u00a0<strong>CBD Vital Breitband Premium \u00d6l 5%<\/strong>\u00a0enth\u00e4lt 5% decarboxylierte Phytocannabinoide aus der Hanfpflanze und bietet einen hohen CBD-Gehalt pro Tropfen. Es nutzt die nat\u00fcrliche Symbiose aus Cannabinoiden und Terpenen f\u00fcr ein hochwertiges Breitspektrum-Profil \u2013 ohne THC (nicht psychoaktiv). Der Hanfextrakt wird schonend mittels CO\u2082-Extraktion gewonnen und eignet sich ideal f\u00fcr alle, die Wert auf Reinheit, Qualit\u00e4t und eine klare, alltagstaugliche Produktwahl legen.<\/p>\n","protected":false},"featured_media":11156,"comment_status":"open","ping_status":"closed","template":"","meta":{"_trash_the_other_posts":false,"editor_notices":[]},"product_brand":[165],"product_cat":[151,240,265,270],"product_tag":[193,253,280,305,333],"class_list":{"0":"post-11060","1":"product","2":"type-product","3":"status-publish","4":"has-post-thumbnail","6":"product_brand-cbd-vital","7":"product_cat-oel","8":"product_cat-cbd-oel-5-prozent","9":"product_cat-breites-spektrum","10":"product_cat-premium-quality","11":"product_tag-vital","12":"product_tag-cbd","13":"product_tag-premium-quality","14":"product_tag-oell-5","15":"product_tag-breitspektrum","17":"first","18":"instock","19":"sale","20":"taxable","21":"shipping-taxable","22":"purchasable","23":"product-type-simple"},"_links":{"self":[{"href":"https:\/\/green.one\/de\/wp-json\/wp\/v2\/product\/11060","targetHints":{"allow":["GET"]}}],"collection":[{"href":"https:\/\/green.one\/de\/wp-json\/wp\/v2\/product"}],"about":[{"href":"https:\/\/green.one\/de\/wp-json\/wp\/v2\/types\/product"}],"replies":[{"embeddable":true,"href":"https:\/\/green.one\/de\/wp-json\/wp\/v2\/comments?post=11060"}],"wp:featuredmedia":[{"embeddable":true,"href":"https:\/\/green.one\/de\/wp-json\/wp\/v2\/media\/11156"}],"wp:attachment":[{"href":"https:\/\/green.one\/de\/wp-json\/wp\/v2\/media?parent=11060"}],"wp:term":[{"taxonomy":"product_brand","embeddable":true,"href":"https:\/\/green.one\/de\/wp-json\/wp\/v2\/product_brand?post=11060"},{"taxonomy":"product_cat","embeddable":true,"href":"https:\/\/green.one\/de\/wp-json\/wp\/v2\/product_cat?post=11060"},{"taxonomy":"product_tag","embeddable":true,"href":"https:\/\/green.one\/de\/wp-json\/wp\/v2\/product_tag?post=11060"}],"curies":[{"name":"wp","href":"https:\/\/api.w.org\/{rel}","templated":true}]}}