{"id":11069,"date":"2024-04-25T11:50:57","date_gmt":"2024-04-25T09:50:57","guid":{"rendered":"https:\/\/green.one\/de\/?post_type=product&#038;p=11069"},"modified":"2026-03-29T22:42:24","modified_gmt":"2026-03-29T20:42:24","slug":"cbd-vital-hanf-fatburner","status":"publish","type":"product","link":"https:\/\/green.one\/de\/shop\/cbd-vital-hanf-fatburner\/","title":{"rendered":"CBD Vital Hanf Fatburner"},"content":{"rendered":"<h6 id=\"cbd-vital-hanf-fatburner-jetzt-smarter-starten-und\" class=\"mb-2 mt-4 [.has-inline-images_&amp;]:clear-end font-editorial font-bold text-base first:mt-0\" style=\"text-align: left\">CBD Vital Hanf Fatburner: Jetzt smarter starten und konsequent dranbleiben<\/h6>\n<p class=\"my-2 [&amp;+p]:mt-4 [&amp;_strong:has(+br)]:inline-block [&amp;_strong:has(+br)]:pb-2\">Du willst endlich eine Routine, die sich gut anf\u00fchlt und dich\u00a0<strong>sp\u00fcrbar<\/strong>\u00a0motiviert? Dann ist CBD Vital Hanf Fatburner eine starke Option f\u00fcr alle, die ihre Fitnessziele ernst nehmen und dabei auf eine moderne, hanfbasierte Erg\u00e4nzung setzen. Bei <strong>green.one <a href=\"https:\/\/green.one\/de\/\">CBD Oel Shop<\/a><\/strong> bekommst du ein kuratiertes Sortiment f\u00fcr einen gr\u00fcneren <a href=\"https:\/\/green.one\/de\/produkt\/spezialisiert\/kosmetik\/\"><strong>Lifestyle<\/strong><\/a>\u2014einfach, schnell und ohne Umwege.<\/p>\n<h6 id=\"dein-vorteil-praktisch-unkompliziert-alltagstaugli\" class=\"mb-2 mt-4 [.has-inline-images_&amp;]:clear-end font-editorial font-bold text-base first:mt-0\">Dein Vorteil: Praktisch, unkompliziert, alltagstauglich<\/h6>\n<p class=\"my-2 [&amp;+p]:mt-4 [&amp;_strong:has(+br)]:inline-block [&amp;_strong:has(+br)]:pb-2\">Viele Vorhaben scheitern nicht am Willen, sondern an der Umsetzung. Genau hier punktet CBD Vital Hanf Fatburner: Er l\u00e4sst sich leicht in deinen Tagesplan integrieren und unterst\u00fctzt dich dabei, fokussiert zu bleiben. Kein kompliziertes Drumherum\u2014sondern eine klare Erg\u00e4nzung f\u00fcr Menschen, die heute starten wollen statt \u201eirgendwann\u201c.<\/p>\n<ul class=\"marker:text-quiet list-disc\">\n<li class=\"py-0 my-0 prose-p:pt-0 prose-p:mb-2 prose-p:my-0 [&amp;&gt;p]:pt-0 [&amp;&gt;p]:mb-2 [&amp;&gt;p]:my-0\">\n<p class=\"my-2 [&amp;+p]:mt-4 [&amp;_strong:has(+br)]:inline-block [&amp;_strong:has(+br)]:pb-2\">Einfach in den Alltag integrierbar, ideal f\u00fcr B\u00fcro, Training und unterwegs<\/p>\n<\/li>\n<li class=\"py-0 my-0 prose-p:pt-0 prose-p:mb-2 prose-p:my-0 [&amp;&gt;p]:pt-0 [&amp;&gt;p]:mb-2 [&amp;&gt;p]:my-0\">\n<p class=\"my-2 [&amp;+p]:mt-4 [&amp;_strong:has(+br)]:inline-block [&amp;_strong:has(+br)]:pb-2\">Bewusste Wahl f\u00fcr alle, die Wert auf hanfbasierte Produkte legen<\/p>\n<\/li>\n<li class=\"py-0 my-0 prose-p:pt-0 prose-p:mb-2 prose-p:my-0 [&amp;&gt;p]:pt-0 [&amp;&gt;p]:mb-2 [&amp;&gt;p]:my-0\">\n<p class=\"my-2 [&amp;+p]:mt-4 [&amp;_strong:has(+br)]:inline-block [&amp;_strong:has(+br)]:pb-2\">Passend zu einem aktiven Lifestyle mit Ern\u00e4hrung, Bewegung und Routine<\/p>\n<\/li>\n<\/ul>\n<h6 id=\"mehr-motivation-durch-eine-klare-routine\" class=\"mb-2 mt-4 [.has-inline-images_&amp;]:clear-end font-editorial font-bold text-base first:mt-0\">Mehr Motivation durch eine klare Routine<\/h6>\n<p class=\"my-2 [&amp;+p]:mt-4 [&amp;_strong:has(+br)]:inline-block [&amp;_strong:has(+br)]:pb-2\">Du kennst das: Am Anfang l\u00e4uft\u2019s, dann kommt Stress\u2014und die guten Vors\u00e4tze kippen. Mit einem festen <a href=\"https:\/\/green.one\/de\/produkt\/cbd\/oel\/\"><strong>Ritual<\/strong><\/a> f\u00e4llt es leichter, konstant zu bleiben. Kombiniere <a href=\"https:\/\/green.one\/de\/produkt\/cbd\/oel\/\">CBD<\/a> Vital Hanf Fatburner mit kleinen, realistischen Schritten (mehr Wasser, mehr Bewegung, bessere Mahlzeiten) und du schaffst ein System, das dich dauerhaft tr\u00e4gt. Genau diese Konsequenz macht den Unterschied.<\/p>\n<h2 id=\"warum-bei-greenone-kaufen\" class=\"mb-2 mt-4 [.has-inline-images_&amp;]:clear-end font-editorial font-bold text-base first:mt-0\">Warum bei green.one <a href=\"https:\/\/green.one\/de\/\">CBD Oel Shop<\/a> kaufen?<\/h2>\n<p class=\"my-2 [&amp;+p]:mt-4 [&amp;_strong:has(+br)]:inline-block [&amp;_strong:has(+br)]:pb-2\">Bei green.one steht dein Einkauf unter dem Zeichen von Komfort und Verantwortung: \u00fcbersichtlich, schnell und mit einem klaren Fokus auf \u201egreen\u201c. Du willst keine Zeit verlieren? Dann bestelle CBD Vital Hanf Fatburner direkt online und bring Struktur in deinen Tag\u2014ohne unn\u00f6tige Komplexit\u00e4t.<\/p>\n<ul class=\"marker:text-quiet list-disc\">\n<li class=\"py-0 my-0 prose-p:pt-0 prose-p:mb-2 prose-p:my-0 [&amp;&gt;p]:pt-0 [&amp;&gt;p]:mb-2 [&amp;&gt;p]:my-0\">\n<p class=\"my-2 [&amp;+p]:mt-4 [&amp;_strong:has(+br)]:inline-block [&amp;_strong:has(+br)]:pb-2\">Schneller Bestellprozess und unkomplizierte Auswahl<\/p>\n<\/li>\n<li class=\"py-0 my-0 prose-p:pt-0 prose-p:mb-2 prose-p:my-0 [&amp;&gt;p]:pt-0 [&amp;&gt;p]:mb-2 [&amp;&gt;p]:my-0\">\n<p class=\"my-2 [&amp;+p]:mt-4 [&amp;_strong:has(+br)]:inline-block [&amp;_strong:has(+br)]:pb-2\">Green Mindset: bewusst shoppen, smarter leben<\/p>\n<\/li>\n<li class=\"py-0 my-0 prose-p:pt-0 prose-p:mb-2 prose-p:my-0 [&amp;&gt;p]:pt-0 [&amp;&gt;p]:mb-2 [&amp;&gt;p]:my-0\">\n<p class=\"my-2 [&amp;+p]:mt-4 [&amp;_strong:has(+br)]:inline-block [&amp;_strong:has(+br)]:pb-2\">Klarer Fokus auf Produkte, die zu deinem Lifestyle passen<\/p>\n<\/li>\n<\/ul>\n<h2 id=\"fr-wen-ist-cbd-vital-hanf-fatburner-gemacht\" class=\"mb-2 mt-4 [.has-inline-images_&amp;]:clear-end font-editorial font-bold text-base first:mt-0\">F\u00fcr wen ist CBD Vital Hanf Fatburner gemacht?<\/h2>\n<p class=\"my-2 [&amp;+p]:mt-4 [&amp;_strong:has(+br)]:inline-block [&amp;_strong:has(+br)]:pb-2\">CBD Vital Hanf Fatburner ist ideal, wenn du entschlossen bist, deine Ziele konsequent anzugehen\u2014egal ob du gerade startest oder deine Routine optimieren willst. Wenn du ein Produkt suchst, das sich leicht einbauen l\u00e4sst und dich beim Dranbleiben unterst\u00fctzt, ist das ein \u00fcberzeugender Schritt nach vorn.<\/p>\n<p class=\"my-2 [&amp;+p]:mt-4 [&amp;_strong:has(+br)]:inline-block [&amp;_strong:has(+br)]:pb-2\"><strong>Rechtlicher Hinweis:<\/strong>\u00a0<em>Dieses Produkt ist kein Arzneimittel. Es ersetzt keine ausgewogene und abwechslungsreiche Ern\u00e4hrung und keinen gesunden Lebensstil. Bei Schwangerschaft, Stillzeit oder wenn du Medikamente einnimmst, konsultiere vor der\u00a0Verwendung deinen Arzt.<\/em><\/p>\n<p>&nbsp;<\/p>\n","protected":false},"excerpt":{"rendered":"<p><strong>CBD Vital Hanf Fatburner<\/strong> ist eine praktische Erg\u00e4nzung f\u00fcr deine t\u00e4gliche Routine, wenn du Fitnessziele konsequent verfolgen und bewusster leben m\u00f6chtest. Ideal f\u00fcr alle, die hanfbasierte Produkte sch\u00e4tzen und eine einfache Anwendung in den Alltag integrieren wollen. Entdecke das Produkt jetzt bei green.one und bring Struktur in deine Ziele.<\/p>\n","protected":false},"featured_media":11272,"comment_status":"open","ping_status":"closed","template":"","meta":{"_trash_the_other_posts":false,"editor_notices":[]},"product_brand":[165],"product_cat":[328],"product_tag":[193,253,294,295],"class_list":{"0":"post-11069","1":"product","2":"type-product","3":"status-publish","4":"has-post-thumbnail","6":"product_brand-cbd-vital","7":"product_cat-nahrungsergaenzung","8":"product_tag-vital","9":"product_tag-cbd","10":"product_tag-kapsel","11":"product_tag-nahrungsergaenzungsmittel","13":"first","14":"instock","15":"sale","16":"taxable","17":"shipping-taxable","18":"purchasable","19":"product-type-simple"},"_links":{"self":[{"href":"https:\/\/green.one\/de\/wp-json\/wp\/v2\/product\/11069","targetHints":{"allow":["GET"]}}],"collection":[{"href":"https:\/\/green.one\/de\/wp-json\/wp\/v2\/product"}],"about":[{"href":"https:\/\/green.one\/de\/wp-json\/wp\/v2\/types\/product"}],"replies":[{"embeddable":true,"href":"https:\/\/green.one\/de\/wp-json\/wp\/v2\/comments?post=11069"}],"wp:featuredmedia":[{"embeddable":true,"href":"https:\/\/green.one\/de\/wp-json\/wp\/v2\/media\/11272"}],"wp:attachment":[{"href":"https:\/\/green.one\/de\/wp-json\/wp\/v2\/media?parent=11069"}],"wp:term":[{"taxonomy":"product_brand","embeddable":true,"href":"https:\/\/green.one\/de\/wp-json\/wp\/v2\/product_brand?post=11069"},{"taxonomy":"product_cat","embeddable":true,"href":"https:\/\/green.one\/de\/wp-json\/wp\/v2\/product_cat?post=11069"},{"taxonomy":"product_tag","embeddable":true,"href":"https:\/\/green.one\/de\/wp-json\/wp\/v2\/product_tag?post=11069"}],"curies":[{"name":"wp","href":"https:\/\/api.w.org\/{rel}","templated":true}]}}