{"id":11073,"date":"2025-03-04T13:56:00","date_gmt":"2025-03-04T11:56:00","guid":{"rendered":"https:\/\/green.one\/de\/?post_type=product&#038;p=11073"},"modified":"2026-03-28T15:06:37","modified_gmt":"2026-03-28T13:06:37","slug":"cbd-vital-oel-30-pferde","status":"publish","type":"product","link":"https:\/\/green.one\/de\/shop\/cbd-vital-oel-30-pferde\/","title":{"rendered":"CBD Vital \u00d6l 30%\u00a0Pferde"},"content":{"rendered":"<h6 class=\"font-editorial first:mt-xs mb-2 mt-4 [.has-inline-images_&amp;]:clear-end font-bold text-lg leading-[1.5em] lg:text-xl\" style=\"text-align: left\">CBD Vital \u00d6l 30%<strong>\u00a0Pferde<\/strong> \u2013 Premium-Pflege aus Bio-\u00d6len<\/h6>\n<p class=\"my-2 [&amp;+p]:mt-4 [&amp;_strong:has(+br)]:inline-block [&amp;_strong:has(+br)]:pb-2\">Ihr Pferd verdient das Beste:\u00a0<strong>CBD Vital \u00d6l 30% <a href=\"https:\/\/green.one\/de\/produkt\/cbd-fuer-haustiere\/\">Pferde<\/a><\/strong>\u00a0nutzt das k\u00f6rpereigene Endocannabinoid-System f\u00fcr nat\u00fcrliche Unterst\u00fctzung.<\/p>\n<p class=\"my-2 [&amp;+p]:mt-4 [&amp;_strong:has(+br)]:inline-block [&amp;_strong:has(+br)]:pb-2\">Speziell entwickelt mit 30% nat\u00fcrlichem <a href=\"https:\/\/green.one\/de\/\"><strong>CBD<\/strong><\/a> aus Hanf\u00f6l plus Bio-Leinsamen\u00f6l \u2013 die ultimative <strong><a href=\"https:\/\/green.one\/de\/produkt\/spezialisiert\/kosmetik\/\">Pflege<\/a><\/strong> f\u00fcr Haut und Fell.<\/p>\n<h6 id=\"die-einzigartige-formel-fr-ihr-pferd\" class=\"mb-2 mt-4 [.has-inline-images_&amp;]:clear-end font-editorial font-bold text-lg first:mt-0 md:text-lg [hr+&amp;]:mt-4\">Die einzigartige Formel f\u00fcr Ihr Pferd<\/h6>\n<p class=\"my-2 [&amp;+p]:mt-4 [&amp;_strong:has(+br)]:inline-block [&amp;_strong:has(+br)]:pb-2\"><strong>CBD Vital \u00d6l 30% Pferde<\/strong>\u00a0kombiniert Bio-Leinsamen- und Bio-<strong><a href=\"https:\/\/green.one\/de\/produkt\/cbd\/oel\/\">Hanf\u00f6l<\/a><\/strong> im 50:50-Verh\u00e4ltnis als Tr\u00e4ger\u00f6l. Reich an Eiwei\u00df, Selen, Vitaminen B1\/B2\/B6 (Lein\u00f6l) sowie Omega-3\/6-Fetts\u00e4uren, Linolens\u00e4ure und <strong><a href=\"https:\/\/green.one\/de\/produkt\/nahrungsergaenzung\/\">Vitamin E<\/a><\/strong> (Hanf\u00f6l).<\/p>\n<h6 id=\"bio-lein---hanfl-5050\" class=\"mb-2 mt-4 [.has-inline-images_&amp;]:clear-end font-editorial font-bold text-base first:mt-0\">Bio-Lein- &amp; Hanf\u00f6l 50:50<\/h6>\n<p class=\"my-2 [&amp;+p]:mt-4 [&amp;_strong:has(+br)]:inline-block [&amp;_strong:has(+br)]:pb-2\">Perfekt abgestimmt f\u00fcr die Bed\u00fcrfnisse gro\u00dfer Vierbeiner \u2013 pflegend und ergiebig.<\/p>\n<h6 id=\"hanfmehl-kamillen-mazerat\" class=\"mb-2 mt-4 [.has-inline-images_&amp;]:clear-end font-editorial font-bold text-base first:mt-0\">Hanfmehl-Kamillen-Mazerat<\/h6>\n<p class=\"my-2 [&amp;+p]:mt-4 [&amp;_strong:has(+br)]:inline-block [&amp;_strong:has(+br)]:pb-2\">Bringt nat\u00fcrliche <a href=\"https:\/\/green.one\/de\/produkt\/vollspektrum\/\"><strong>Cannabinoide<\/strong><\/a> und Kamillen-Pflanzenstoffe ins Spiel. Weil Ihr Liebling nur Premium verdient.<\/p>\n<h6 id=\"vorteile-des-cbd-vital-l-30-fr-pferde\" class=\"mb-2 mt-4 [.has-inline-images_&amp;]:clear-end font-editorial font-bold text-lg first:mt-0 md:text-lg [hr+&amp;]:mt-4\">Vorteile des CBD Vital \u00d6l 30% Pferde<\/h6>\n<p class=\"my-2 [&amp;+p]:mt-4 [&amp;_strong:has(+br)]:inline-block [&amp;_strong:has(+br)]:pb-2\">Aus kontrolliert biologischem Anbau: Reich an <a href=\"https:\/\/green.one\/de\/\"><strong>CBD<\/strong><\/a>, pflegend mit Kamille, Hanf- und Leinsamen\u00f6l. Ideal f\u00fcr alle Rassen, sehr ergiebig.<\/p>\n<p class=\"my-2 [&amp;+p]:mt-4 [&amp;_strong:has(+br)]:inline-block [&amp;_strong:has(+br)]:pb-2\">Unterst\u00fctzt Haut, Fell und allgemeines Wohlbefinden.<\/p>\n<h6 id=\"natrliche-untersttzung-fr-vierbeiner\" class=\"mb-2 mt-4 [.has-inline-images_&amp;]:clear-end font-editorial font-bold text-lg first:mt-0 md:text-lg [hr+&amp;]:mt-4\">Nat\u00fcrliche Unterst\u00fctzung f\u00fcr Vierbeiner<\/h6>\n<p class=\"my-2 [&amp;+p]:mt-4 [&amp;_strong:has(+br)]:inline-block [&amp;_strong:has(+br)]:pb-2\"><strong>CBD Vital \u00d6l 30% Pferde<\/strong>\u00a0integriert sich nahtlos in die t\u00e4gliche Routine. Einfache Dosierung, hohe Reinheit \u2013 f\u00fcr ein gl\u00e4nzendes Fell und entspannte Momente.<\/p>\n<h6 id=\"faq\" class=\"mb-2 mt-4 [.has-inline-images_&amp;]:clear-end font-editorial font-bold text-base first:mt-0\">FAQ<\/h6>\n<p class=\"my-2 [&amp;+p]:mt-4 [&amp;_strong:has(+br)]:inline-block [&amp;_strong:has(+br)]:pb-2\"><strong>Was macht es besonders?<\/strong>\u00a030% CBD mit <strong><a href=\"https:\/\/green.one\/de\/produkt\/cbd\/oel\/\">Bio-\u00d6len<\/a><\/strong> und Kamille-Mazerat.<br \/>\n<strong>F\u00fcr alle Pferde?<\/strong>\u00a0Ja, ideal abgestimmt f\u00fcr Rassen.<br \/>\n<strong>Bio-zertifiziert?<\/strong>\u00a0Ja, kontrollierter Anbau.<br \/>\n<strong>Wie anwenden?<\/strong>\u00a0In Futter oder direkt \u2013 ergiebig.<\/p>\n<p class=\"my-2 [&amp;+p]:mt-4 [&amp;_strong:has(+br)]:inline-block [&amp;_strong:has(+br)]:pb-2\"><strong>Rechtlicher Hinweis:<\/strong> <em>Dieses Produkt ist kein Arzneimittel. Es ersetzt keine ausgewogene und abwechslungsreiche Ern\u00e4hrung und keinen gesunden Lebensstil. Bei Schwangerschaft, Stillzeit oder wenn du Medikamente einnimmst, konsultiere vor der Verwendung deinen Arzt.<\/em><\/p>\n","protected":false},"excerpt":{"rendered":"<p class=\"my-2 [&amp;+p]:mt-4 [&amp;_strong:has(+br)]:inline-block [&amp;_strong:has(+br)]:pb-2\"><strong>CBD Vital \u00d6l 30% Pferde<\/strong>: Speziell f\u00fcr Vierbeiner mit 30% nat\u00fcrlichem CBD (3000 mg\/10 ml). 50:50 Bio-Leinsamen- &amp; Hanf\u00f6l als Tr\u00e4ger \u2013 reich an Omega-3\/6, Vitamin E, Selen, B-Vitaminen. Plus Hanfmehl-Kamillen-Mazerat f\u00fcr Haut &amp; Fellpflege.<\/p>\n","protected":false},"featured_media":11157,"comment_status":"open","ping_status":"closed","template":"","meta":{"_trash_the_other_posts":false,"editor_notices":[]},"product_brand":[165],"product_cat":[151,159,249,265,270],"product_tag":[193,207,311,312],"class_list":{"0":"post-11073","1":"product","2":"type-product","3":"status-publish","4":"has-post-thumbnail","6":"product_brand-cbd-vital","7":"product_cat-oel","8":"product_cat-cbd-fuer-haustiere","9":"product_cat-cbd-for-horses","10":"product_cat-breites-spektrum","11":"product_cat-premium-quality","12":"product_tag-vital","13":"product_tag-haustiere","14":"product_tag-pferde","15":"product_tag-cbd-oel","17":"first","18":"instock","19":"sale","20":"taxable","21":"shipping-taxable","22":"purchasable","23":"product-type-simple"},"_links":{"self":[{"href":"https:\/\/green.one\/de\/wp-json\/wp\/v2\/product\/11073","targetHints":{"allow":["GET"]}}],"collection":[{"href":"https:\/\/green.one\/de\/wp-json\/wp\/v2\/product"}],"about":[{"href":"https:\/\/green.one\/de\/wp-json\/wp\/v2\/types\/product"}],"replies":[{"embeddable":true,"href":"https:\/\/green.one\/de\/wp-json\/wp\/v2\/comments?post=11073"}],"wp:featuredmedia":[{"embeddable":true,"href":"https:\/\/green.one\/de\/wp-json\/wp\/v2\/media\/11157"}],"wp:attachment":[{"href":"https:\/\/green.one\/de\/wp-json\/wp\/v2\/media?parent=11073"}],"wp:term":[{"taxonomy":"product_brand","embeddable":true,"href":"https:\/\/green.one\/de\/wp-json\/wp\/v2\/product_brand?post=11073"},{"taxonomy":"product_cat","embeddable":true,"href":"https:\/\/green.one\/de\/wp-json\/wp\/v2\/product_cat?post=11073"},{"taxonomy":"product_tag","embeddable":true,"href":"https:\/\/green.one\/de\/wp-json\/wp\/v2\/product_tag?post=11073"}],"curies":[{"name":"wp","href":"https:\/\/api.w.org\/{rel}","templated":true}]}}