{"id":11119,"date":"2022-08-24T11:22:04","date_gmt":"2022-08-24T09:22:04","guid":{"rendered":"https:\/\/green.one\/de\/?post_type=product&#038;p=11119"},"modified":"2026-03-31T18:34:21","modified_gmt":"2026-03-31T16:34:21","slug":"enecta-cbd-ol-3","status":"publish","type":"product","link":"https:\/\/green.one\/de\/shop\/enecta-cbd-ol-3\/","title":{"rendered":"Enecta CBD \u00d6l 3%"},"content":{"rendered":"<h6 id=\"enecta-cbd-l-3--der-sanfte-einstieg-in-natrliches\" class=\"font-editorial first:mt-xs mb-2 mt-4 [.has-inline-images_&amp;]:clear-end font-bold text-lg leading-[1.5em] lg:text-xl\" style=\"text-align: left\">Enecta <a href=\"https:\/\/green.one\/de\/\">CBD \u00d6l<\/a> 3% \u2013 Der sanfte Einstieg in nat\u00fcrliches Wohlbefinden<\/h6>\n<p class=\"my-2 [&amp;+p]:mt-4 [&amp;_strong:has(+br)]:inline-block [&amp;_strong:has(+br)]:pb-2\"><strong>Enecta <a href=\"https:\/\/green.one\/de\/produkt\/cbd\/oel\/\">CBD \u00d6l<\/a> 3%<\/strong>\u00a0ist die ideale Wahl f\u00fcr Einsteiger: Milder 3% CBD-Gehalt in einer 10ml UV-gesch\u00fctzten Glasflasche mit Pipette.<\/p>\n<p class=\"my-2 [&amp;+p]:mt-4 [&amp;_strong:has(+br)]:inline-block [&amp;_strong:has(+br)]:pb-2\">Perfekt, um nat\u00fcrliche Hanfpower in Ihre Routine zu integrieren \u2013 entspannt und unkompliziert.<\/p>\n<h6 id=\"premium-qualitt-aus-italienischer-bio-hanf\" class=\"mb-2 mt-4 [.has-inline-images_&amp;]:clear-end font-editorial font-bold text-lg first:mt-0 md:text-lg [hr+&amp;]:mt-4\">Premium-Qualit\u00e4t aus italienischer <a href=\"https:\/\/green.one\/de\/produkt\/cannabis\/blumen\/\"><strong>Bio-Hanf<\/strong><\/a><\/h6>\n<p class=\"my-2 [&amp;+p]:mt-4 [&amp;_strong:has(+br)]:inline-block [&amp;_strong:has(+br)]:pb-2\">Das\u00a0<strong>Enecta \u00d6l 3% <\/strong>\u00a0stammt von zertifizierten Hanfpflanzen, nachhaltig unter italienischer Sonne angebaut. Streng bio, ohne Pestizide \u2013 pure Naturkraft.<\/p>\n<h6 id=\"nachhaltiger-anbau--gmp-extraktion\" class=\"mb-2 mt-4 [.has-inline-images_&amp;]:clear-end font-editorial font-bold text-base first:mt-0\">Nachhaltiger Anbau &amp; GMP-Extraktion<\/h6>\n<p class=\"my-2 [&amp;+p]:mt-4 [&amp;_strong:has(+br)]:inline-block [&amp;_strong:has(+br)]:pb-2\">In Speziallaboren nach GMP-Standards extrahiert: Cannabinoide und Terpene in kaltgepresstem Hanfsamen\u00f6l gel\u00f6st. Frei von Allergenen, Zusatzstoffen, Schwermetallen.<\/p>\n<h6 id=\"vorteile-des-enecta-cbd-l-3-fr-anfnger\" class=\"mb-2 mt-4 [.has-inline-images_&amp;]:clear-end font-editorial font-bold text-lg first:mt-0 md:text-lg [hr+&amp;]:mt-4\">Vorteile des Enecta <a href=\"https:\/\/green.one\/de\/\">CBD \u00d6l<\/a> 3% f\u00fcr Anf\u00e4nger<\/h6>\n<p class=\"my-2 [&amp;+p]:mt-4 [&amp;_strong:has(+br)]:inline-block [&amp;_strong:has(+br)]:pb-2\"><strong>Enecta <a href=\"https:\/\/green.one\/de\/produkt\/vollspektrum\/\">CBD \u00d6l<\/a> 3%<\/strong>\u00a0\u00fcberzeugt mit 100% veganer Formel: <strong><a href=\"https:\/\/green.one\/de\/produkt\/cbd\/oel\/\">CANNABIS SATIVA SEED OIL<\/a><\/strong>, <a href=\"https:\/\/green.one\/product\/broad-spectrum\/\">CANNABIDIOL<\/a>, TOCOPHEROL, GLYCINE SOJA OIL. Reich an Omega-Fetts\u00e4uren, <a href=\"https:\/\/green.one\/de\/produkt\/nahrungsergaenzung\/\">Vitamin E<\/a> \u2013 f\u00fcr sanfte Wellness-Momente.<\/p>\n<h6 id=\"natrliche-inhaltsstoffe--vegan\" class=\"mb-2 mt-4 [.has-inline-images_&amp;]:clear-end font-editorial font-bold text-base first:mt-0\">Nat\u00fcrliche Inhaltsstoffe &amp; vegan<\/h6>\n<p class=\"my-2 [&amp;+p]:mt-4 [&amp;_strong:has(+br)]:inline-block [&amp;_strong:has(+br)]:pb-2\">THC-frei, voller Terpene f\u00fcr nat\u00fcrliches Pflanzenspektrum. Milder Geschmack, einfache Dosierung.<\/p>\n<h6 class=\"mb-2 mt-4 [.has-inline-images_&amp;]:clear-end font-editorial font-bold text-lg first:mt-0 md:text-lg [hr+&amp;]:mt-4\">So dosieren Sie Enecta \u00d6l richtig<\/h6>\n<p class=\"my-2 [&amp;+p]:mt-4 [&amp;_strong:has(+br)]:inline-block [&amp;_strong:has(+br)]:pb-2\"><strong>Sublinguale Einnahme:<\/strong>\u00a0Tropfen in den Mund geben, 1-2 Minuten unter der Zunge halten. F\u00fcr beste Aufnahme.<br \/>\n<strong>Lieferzeit:<\/strong>\u00a0Sofort versandfertig, 1-3 Tage.<\/p>\n<p class=\"my-2 [&amp;+p]:mt-4 [&amp;_strong:has(+br)]:inline-block [&amp;_strong:has(+br)]:pb-2\">Integrieren Sie\u00a0<strong>Enecta <a href=\"https:\/\/green.one\/product\/broad-spectrum\/\">CBD \u00d6l<\/a> 3<\/strong>\u00a0in Ihre Morgen- oder Abendroutine \u2013 der sanfte Begleiter f\u00fcr mehr Balance.<\/p>\n<h6 id=\"faq\" class=\"mb-2 mt-4 [.has-inline-images_&amp;]:clear-end font-editorial font-bold text-base first:mt-0\">FAQ<\/h6>\n<p class=\"my-2 [&amp;+p]:mt-4 [&amp;_strong:has(+br)]:inline-block [&amp;_strong:has(+br)]:pb-2\"><strong>Ideal f\u00fcr wen?<\/strong>\u00a0Anf\u00e4nger, die mild mit CBD starten wollen.<br \/>\n<strong>Vegan?<\/strong>\u00a0Ja, 100% pflanzlich.<br \/>\n<strong>Wie einnehmen?<\/strong>\u00a0Sublingual, 1-2 Min. halten.<br \/>\n<strong>Bio-zertifiziert?<\/strong>\u00a0Ja, italienischer Anbau ohne Pestizide.<\/p>\n<p>green.one\u00ae <a href=\"https:\/\/green.one\/de\/\">CBD \u00d6l Shop<\/a> ist ein deutsches Premium-Online-Gesch\u00e4ft das eine breite Auswahl an hochwertigen <a href=\"https:\/\/green.one\/de\/produkt\/cbd\/oel\/\">CBD-Produkten<\/a> f\u00fcr ganz Europa anbietet.<\/p>\n<p class=\"my-2 [&amp;+p]:mt-4 [&amp;_strong:has(+br)]:inline-block [&amp;_strong:has(+br)]:pb-2\"><strong>Rechtlicher Hinweis:<\/strong> <em>Dieses Produkt ist kein Arzneimittel. Es ersetzt keine ausgewogene und abwechslungsreiche Ern\u00e4hrung und keinen gesunden Lebensstil. Bei Schwangerschaft, Stillzeit oder wenn du Medikamente einnimmst, konsultiere vor der Verwendung deinen Arzt.<\/em><\/p>\n<p>&nbsp;<\/p>\n","protected":false},"excerpt":{"rendered":"<p><strong>Enecta CBD \u00d6l 3 \u2013 Milder Premium-Einstieg.<\/strong>\u00a0Das ideale CBD-\u00d6l f\u00fcr Anf\u00e4nger mit 3% Gehalt in 10ml UV-gesch\u00fctzter Glasflasche.<\/p>\n<p>Aus bio-zertifiziertem italienischen Hanf, GMP-extrahiert in kaltgepresstem Hanfsamen\u00f6l.<\/p>\n","protected":false},"featured_media":11125,"comment_status":"open","ping_status":"closed","template":"","meta":{"_trash_the_other_posts":false,"editor_notices":[]},"product_brand":[170],"product_cat":[151,240],"product_tag":[197,280,289],"class_list":{"0":"post-11119","1":"product","2":"type-product","3":"status-publish","4":"has-post-thumbnail","6":"product_brand-enecta","7":"product_cat-oel","8":"product_cat-cbd-oel-5-prozent","9":"product_tag-enecta-2","10":"product_tag-premium-quality","11":"product_tag-cbd-oel-3","13":"first","14":"instock","15":"sale","16":"taxable","17":"shipping-taxable","18":"purchasable","19":"product-type-simple"},"_links":{"self":[{"href":"https:\/\/green.one\/de\/wp-json\/wp\/v2\/product\/11119","targetHints":{"allow":["GET"]}}],"collection":[{"href":"https:\/\/green.one\/de\/wp-json\/wp\/v2\/product"}],"about":[{"href":"https:\/\/green.one\/de\/wp-json\/wp\/v2\/types\/product"}],"replies":[{"embeddable":true,"href":"https:\/\/green.one\/de\/wp-json\/wp\/v2\/comments?post=11119"}],"wp:featuredmedia":[{"embeddable":true,"href":"https:\/\/green.one\/de\/wp-json\/wp\/v2\/media\/11125"}],"wp:attachment":[{"href":"https:\/\/green.one\/de\/wp-json\/wp\/v2\/media?parent=11119"}],"wp:term":[{"taxonomy":"product_brand","embeddable":true,"href":"https:\/\/green.one\/de\/wp-json\/wp\/v2\/product_brand?post=11119"},{"taxonomy":"product_cat","embeddable":true,"href":"https:\/\/green.one\/de\/wp-json\/wp\/v2\/product_cat?post=11119"},{"taxonomy":"product_tag","embeddable":true,"href":"https:\/\/green.one\/de\/wp-json\/wp\/v2\/product_tag?post=11119"}],"curies":[{"name":"wp","href":"https:\/\/api.w.org\/{rel}","templated":true}]}}