{"id":11456,"date":"2026-02-26T08:37:25","date_gmt":"2026-02-26T06:37:25","guid":{"rendered":"https:\/\/green.one\/de\/?post_type=product&#038;p=11456"},"modified":"2026-03-27T00:28:41","modified_gmt":"2026-03-26T22:28:41","slug":"holy-hemp-pineapple-express","status":"publish","type":"product","link":"https:\/\/green.one\/de\/shop\/holy-hemp-pineapple-express\/","title":{"rendered":"Holy Hemp Pineapple Express"},"content":{"rendered":"<div class=\"bg-base isolate p-md md:p-lg erp-sidecar:pt-0 erp-mobile-sidecar:pt-lg erp-mobile-sidecar:pb-[100px]\">\n<div class=\"mx-auto flex flex-col pointer-events-auto max-w-threadContentWidth gap-md md:gap-lg\">\n<div class=\"flex flex-col\" data-cplx-component=\"thread-message-blocks-wrapper\">\n<div class=\"mt-md md:mt-lg\" data-cplx-component=\"message-block\" data-index=\"50\" data-inflight=\"false\" data-read-only=\"false\">\n<div class=\"flex flex-col gap-md md:gap-lg w-full\">\n<div id=\"radix-:riq:-content-default\" class=\"focus:outline-none\" role=\"tabpanel\" data-state=\"active\" data-orientation=\"horizontal\" aria-labelledby=\"radix-:riq:-trigger-default\">\n<div class=\"flex flex-col gap-y-md md:gap-y-lg\">\n<div class=\"gap-y-lg flex flex-col\">\n<div>\n<div class=\"relative font-sans text-base text-foreground selection:bg-super\/50 selection:text-foreground dark:selection:bg-super\/10 dark:selection:text-super\">\n<div class=\"min-w-0 break-words [word-break:break-word]\">\n<div id=\"markdown-content-50\" class=\"gap-y-md after:clear-both after:block after:content-['']\" dir=\"auto\" data-cplx-component=\"message-block-answer\">\n<div class=\"has-inline-images my-2 first:mt-0 [&amp;:has([data-inline-type=image])+&amp;:has([data-inline-type=image])_[data-inline-type=image]]:hidden [&amp;:has(table)_[data-inline-type=image]]:hidden\">\n<div>\n<div>\n<div class=\"prose dark:prose-invert inline leading-relaxed break-words min-w-0 [word-break:break-word] prose-strong:font-bold [&amp;_&gt;*:first-child]:mt-0 [&amp;_&gt;*:last-child]:mb-0\">\n<h6 class=\"mb-2 mt-4 [.has-inline-images_&amp;]:clear-end font-editorial font-bold text-base first:mt-0\" style=\"text-align: center\">Holy Hemp Pineapple Express:\u00a0<strong>Exotische<\/strong>\u00a0Premium-CBD-Bl\u00fcten, die sofort auffallen<\/h6>\n<p class=\"my-2 [&amp;+p]:mt-4 [&amp;_strong:has(+br)]:inline-block [&amp;_strong:has(+br)]:pb-2\">Wenn du CBD-Bl\u00fcten mit einem fruchtigen, tropischen Charakter suchst, ist Holy Hemp Pineapple Express eine besonders attraktive Wahl f\u00fcr deine Sammlung.<\/p>\n<p class=\"my-2 [&amp;+p]:mt-4 [&amp;_strong:has(+br)]:inline-block [&amp;_strong:has(+br)]:pb-2\">Holy Hemp Pineapple Express steht (wie der Name schon sagt) f\u00fcr ein Aroma-Profil, das viele als ananasartig, s\u00fc\u00df und lebendig wahrnehmen \u2013 ideal, wenn du dich von klassischen, erdigen Sorten abheben m\u00f6chtest. Bei green.one passt diese Sorte perfekt in ein Sortiment, das auf Premium-Qualit\u00e4t, klare Auswahl und ein bewusstes Shopping-Erlebnis setzt.<\/p>\n<h6 id=\"warum-holy-hemp-pineapple-express-so-beliebt-ist\" class=\"mb-2 mt-4 [.has-inline-images_&amp;]:clear-end font-editorial font-bold text-base first:mt-0\">Warum Holy Hemp Pineapple Express so beliebt ist<\/h6>\n<p class=\"my-2 [&amp;+p]:mt-4 [&amp;_strong:has(+br)]:inline-block [&amp;_strong:has(+br)]:pb-2\">Viele Kundinnen und Kunden greifen zu Holy Pineapple Express, weil sie ein \u201eleichtes\u201c, fruchtbetontes Profil bevorzugen, das sich angenehm von w\u00fcrzig-herben Bl\u00fcten unterscheidet.<\/p>\n<p class=\"my-2 [&amp;+p]:mt-4 [&amp;_strong:has(+br)]:inline-block [&amp;_strong:has(+br)]:pb-2\">Gerade f\u00fcr Einsteiger in die Welt der CBD-Bl\u00fcten ist ein klares, wiedererkennbares Duftprofil ein echter Vorteil \u2013 du wei\u00dft sofort, warum du diese Sorte gew\u00e4hlt hast. Pineapple Express wirkt dadurch nicht beliebig, sondern <strong>charakterstark<\/strong>.<\/p>\n<h6 id=\"premium-qualitt-worauf-es-bei-cbd-blten-ankommt\" class=\"mb-2 mt-4 [.has-inline-images_&amp;]:clear-end font-editorial font-bold text-base first:mt-0\">Premium-Qualit\u00e4t: Worauf es bei CBD-Bl\u00fcten ankommt<\/h6>\n<p class=\"my-2 [&amp;+p]:mt-4 [&amp;_strong:has(+br)]:inline-block [&amp;_strong:has(+br)]:pb-2\">Bei CBD-Bl\u00fcten z\u00e4hlt nicht nur der Duft, sondern die gesamte Produktqualit\u00e4t: saubere Verarbeitung, konsistentes Profil und nachvollziehbare Auswahl.<\/p>\n<p class=\"my-2 [&amp;+p]:mt-4 [&amp;_strong:has(+br)]:inline-block [&amp;_strong:has(+br)]:pb-2\">Genau das ist die Erwartung an Premium-CBD-Bl\u00fcten \u2013 und genau so solltest du Hemp Pineapple Express auch positionieren: als Naturprodukt mit eigenem Charakter, das in eine bewusste Routine passt. Holy Hemp Pineapple Express ist damit ideal f\u00fcr alle, die Wert auf Geschmack, Duft und eine hochwertige Auswahl legen, ohne medizinische Versprechen zu erwarten.<\/p>\n<h6 id=\"jetzt-holy-hemp-pineapple-express-bei-greenone-ent\" class=\"mb-2 mt-4 [.has-inline-images_&amp;]:clear-end font-editorial font-bold text-base first:mt-0\">Jetzt Holy Hemp Pineapple Express bei <a href=\"https:\/\/green.one\/de\/\">green.one<\/a> entdecken<\/h6>\n<p class=\"my-2 [&amp;+p]:mt-4 [&amp;_strong:has(+br)]:inline-block [&amp;_strong:has(+br)]:pb-2\">Wenn du eine fruchtige, tropisch inspirierte CBD-Bl\u00fcte suchst, die sich klar von Standard-Sorten abhebt, ist\u00a0 Hemp Pineapple Express eine \u00fcberzeugende Wahl.<\/p>\n<p class=\"my-2 [&amp;+p]:mt-4 [&amp;_strong:has(+br)]:inline-block [&amp;_strong:has(+br)]:pb-2\">Bestelle Holy\u00a0 Pineapple Express bei green.one bequem online und hol dir eine Sorte, die mit ihrem Profil schnell zum Favoriten werden kann.<\/p>\n<p class=\"my-2 [&amp;+p]:mt-4 [&amp;_strong:has(+br)]:inline-block [&amp;_strong:has(+br)]:pb-2\">Holy Hemp Pineapple Express passt besonders gut, wenn du Abwechslung liebst und deiner Sammlung einen\u00a0<strong>exklusiven<\/strong> Twist geben willst. Und wenn du genau diese Richtung suchst: Pineapple Express ist der n\u00e4chste logische Schritt. Holy\u00a0 Pineapple Express.<\/p>\n<p class=\"my-2 [&amp;+p]:mt-4 [&amp;_strong:has(+br)]:inline-block [&amp;_strong:has(+br)]:pb-2\"><strong>Rechtlicher Hinweis:<\/strong> <em>Dieses Produkt ist kein Arzneimittel. Es ersetzt keine ausgewogene und abwechslungsreiche Ern\u00e4hrung und keinen gesunden Lebensstil. Bei Schwangerschaft, Stillzeit oder wenn du Medikamente einnimmst, konsultiere vor der Verwendung deinen Arzt.<\/em><\/p>\n<\/div>\n<\/div>\n<\/div>\n<\/div>\n<\/div>\n<\/div>\n<\/div>\n<div class=\"font-sans text-sm text-quiet selection:bg-super\/50 selection:text-foreground dark:selection:bg-super\/10 dark:selection:text-super\"><\/div>\n<\/div>\n<div class=\"flex items-center justify-between\" data-cplx-component=\"message-block-footer\">\n<div class=\"-ml-sm gap-xs flex flex-shrink-0 items-center\">\n<div data-cplx-component=\"thread-message-footer-extra-buttons-wrapper\">\n<div class=\"x:flex x:items-center x:gap-1\">\n<div id=\"menu:_r_3n_:trigger\" class=\"x:cursor-pointer x:rounded-full x:p-2 x:text-muted-foreground x:transition-all x:hover:bg-muted\/50 x:hover:text-foreground x:active:scale-95\" dir=\"ltr\" data-scope=\"menu\" data-part=\"trigger\" data-uid=\"_r_3n_\" data-controls=\"menu:_r_3n_:content\" data-state=\"closed\"><\/div>\n<\/div>\n<\/div>\n<\/div>\n<div class=\"gap-x-xs flex flex-shrink-0 items-center\">\n<div>\n<div class=\"border-subtlest ring-subtlest divide-subtlest flex items-center gap-xs\"><\/div>\n<\/div>\n<div><\/div>\n<\/div>\n<\/div>\n<\/div>\n<\/div>\n<\/div>\n<\/div>\n<\/div>\n<\/div>\n<\/div>\n<div class=\"pointer-events-none\"><\/div>\n<\/div>\n<h2><\/h2>\n","protected":false},"excerpt":{"rendered":"<p><strong>Holy Hemp Pineapple Express<\/strong> sind Premium-CBD-Bl\u00fcten mit einem tropisch-fruchtigen Charakter, der sofort an Ananas und s\u00fc\u00dfe, exotische Noten erinnert. Ideal f\u00fcr alle, die ein lebendiges Aroma-Profil suchen und ihre Auswahl um eine besonders\u00a0<strong>auff\u00e4llige<\/strong> Sorte erweitern m\u00f6chten.<\/p>\n<p>Entdecke Holy Hemp Pineapple Express bei green.one und bring fruchtige Abwechslung in deine CBD-Bl\u00fcten-Kollektion.<\/p>\n","protected":false},"featured_media":11464,"comment_status":"open","ping_status":"closed","template":"","meta":{"_trash_the_other_posts":false,"editor_notices":[]},"product_brand":[176],"product_cat":[187,284],"product_tag":[296,292,253],"class_list":{"0":"post-11456","1":"product","2":"type-product","3":"status-publish","4":"has-post-thumbnail","6":"product_brand-holy-hemp","7":"product_cat-cbd-bluten","8":"product_cat-cannabis","9":"product_tag-blumen","10":"product_tag-holy-hemp","11":"product_tag-cbd","13":"first","14":"instock","15":"sale","16":"taxable","17":"shipping-taxable","18":"purchasable","19":"product-type-simple"},"_links":{"self":[{"href":"https:\/\/green.one\/de\/wp-json\/wp\/v2\/product\/11456","targetHints":{"allow":["GET"]}}],"collection":[{"href":"https:\/\/green.one\/de\/wp-json\/wp\/v2\/product"}],"about":[{"href":"https:\/\/green.one\/de\/wp-json\/wp\/v2\/types\/product"}],"replies":[{"embeddable":true,"href":"https:\/\/green.one\/de\/wp-json\/wp\/v2\/comments?post=11456"}],"wp:featuredmedia":[{"embeddable":true,"href":"https:\/\/green.one\/de\/wp-json\/wp\/v2\/media\/11464"}],"wp:attachment":[{"href":"https:\/\/green.one\/de\/wp-json\/wp\/v2\/media?parent=11456"}],"wp:term":[{"taxonomy":"product_brand","embeddable":true,"href":"https:\/\/green.one\/de\/wp-json\/wp\/v2\/product_brand?post=11456"},{"taxonomy":"product_cat","embeddable":true,"href":"https:\/\/green.one\/de\/wp-json\/wp\/v2\/product_cat?post=11456"},{"taxonomy":"product_tag","embeddable":true,"href":"https:\/\/green.one\/de\/wp-json\/wp\/v2\/product_tag?post=11456"}],"curies":[{"name":"wp","href":"https:\/\/api.w.org\/{rel}","templated":true}]}}