{"id":11458,"date":"2026-02-26T08:37:21","date_gmt":"2026-02-26T06:37:21","guid":{"rendered":"https:\/\/green.one\/de\/?post_type=product&#038;p=11458"},"modified":"2026-03-28T13:05:42","modified_gmt":"2026-03-28T11:05:42","slug":"holy-hemp-gelato","status":"publish","type":"product","link":"https:\/\/green.one\/de\/shop\/holy-hemp-gelato\/","title":{"rendered":"Holy Hemp Gelato"},"content":{"rendered":"<h6 style=\"text-align: center\"><strong>Holy Hemp CBD Bl\u00fcten \u2013 Premium-Qualit\u00e4t in 6 exklusiven Sorten<\/strong><\/h6>\n<h6 class=\"mb-2 mt-4 [.has-inline-images_&amp;]:clear-end font-editorial font-bold text-base first:mt-0\">Holy Hemp Gelato:\u00a0<strong>Unwiderstehlich<\/strong>\u00a0cremige CBD-Bl\u00fcten mit Dessert-Charakter<\/h6>\n<p class=\"my-2 [&amp;+p]:mt-4 [&amp;_strong:has(+br)]:inline-block [&amp;_strong:has(+br)]:pb-2\">Holy Hemp Gelato steht f\u00fcr CBD-<strong>Bl\u00fcten<\/strong>\u00a0(Fiori) \u2013 also echte Hanfbl\u00fcten und ausdr\u00fccklich nicht f\u00fcr Samen.<\/p>\n<p class=\"my-2 [&amp;+p]:mt-4 [&amp;_strong:has(+br)]:inline-block [&amp;_strong:has(+br)]:pb-2\">Du bekommst damit ein Produkt, das vor allem \u00fcber Sensorik, Duft und ein stimmiges Gesamtprofil \u00fcberzeugt, ideal f\u00fcr alle, die fruchtig-cremige Noten bevorzugen.<\/p>\n<h6 id=\"intensives-aroma-s-cremig-fruchtig\" class=\"mb-2 mt-4 [.has-inline-images_&amp;]:clear-end font-editorial font-bold text-lg first:mt-0 md:text-lg [hr+&amp;]:mt-4\">Intensives Aroma: s\u00fc\u00df, cremig, fruchtig<\/h6>\n<p class=\"my-2 [&amp;+p]:mt-4 [&amp;_strong:has(+br)]:inline-block [&amp;_strong:has(+br)]:pb-2\">Holy Hemp Gelato wird im Kontext von \u201eGelato\u201c-CBD-Bl\u00fcten h\u00e4ufig mit einem s\u00fc\u00dfen, cremigen Aroma beschrieben, das von fruchtigen Nuancen begleitet wird.<\/p>\n<p class=\"my-2 [&amp;+p]:mt-4 [&amp;_strong:has(+br)]:inline-block [&amp;_strong:has(+br)]:pb-2\">In anderen Beschreibungen tauchen ebenfalls \u201es\u00fc\u00df\u201c, \u201efruchtig\u201c und \u201ecremig\u201c als zentrale Eigenschaften auf, teils mit einem feinen erdigen Unterton f\u00fcr mehr Tiefe.<\/p>\n<p class=\"my-2 [&amp;+p]:mt-4 [&amp;_strong:has(+br)]:inline-block [&amp;_strong:has(+br)]:pb-2\">Genau diese Kombination macht das Profil so \u201egourmet\u201c-artig: nicht scharf, nicht stechend, sondern rund und genussorientiert.<\/p>\n<h6 id=\"exklusive-qualitt-premium-blten-in-klarer-auswahl\" class=\"mb-2 mt-4 [.has-inline-images_&amp;]:clear-end font-editorial font-bold text-lg first:mt-0 md:text-lg [hr+&amp;]:mt-4\">Exklusive Qualit\u00e4t: Premium-Bl\u00fcten in klarer Auswahl<\/h6>\n<p class=\"my-2 [&amp;+p]:mt-4 [&amp;_strong:has(+br)]:inline-block [&amp;_strong:has(+br)]:pb-2\">Bei Holy Hemp CBD-Bl\u00fcten wird eine Auswahl von sechs Sorten genannt (u. a. Gelato), die in 2g-Beuteln angeboten wird.<\/p>\n<p class=\"my-2 [&amp;+p]:mt-4 [&amp;_strong:has(+br)]:inline-block [&amp;_strong:has(+br)]:pb-2\">Gleichzeitig werden sorgf\u00e4ltige Z\u00fcchtung, schonende Ernteverfahren und umfassende Laboranalysen als Gr\u00fcnde f\u00fcr ein gleichbleibend hochwertiges Naturprodukt hervorgehoben.<\/p>\n<p class=\"my-2 [&amp;+p]:mt-4 [&amp;_strong:has(+br)]:inline-block [&amp;_strong:has(+br)]:pb-2\">Dort wird au\u00dferdem erkl\u00e4rt, dass CBD-Bl\u00fcten die nat\u00fcrlichen Bl\u00fcten der Hanfpflanze mit hohem Cannabidiol-Anteil sind und ein THC-Gehalt von unter 0,2% angegeben wird.<span class=\"inline-flex\" aria-label=\"Holy Hemp 2g CBD Bl\u00fcten in 6 Sorten\" data-state=\"closed\">\u200b<\/span><\/p>\n<h6 id=\"fr-alle-die-cremig-lieben\" class=\"mb-2 mt-4 [.has-inline-images_&amp;]:clear-end font-editorial font-bold text-lg first:mt-0 md:text-lg [hr+&amp;]:mt-4\">F\u00fcr alle, die \u201ecremig\u201c lieben<\/h6>\n<p class=\"my-2 [&amp;+p]:mt-4 [&amp;_strong:has(+br)]:inline-block [&amp;_strong:has(+br)]:pb-2\">Wenn du in deinem Sortiment bei <a href=\"https:\/\/green.one\/de\/produkt\/cannabis\/blumen\/\"><strong>green.one<\/strong><\/a> eine Sorte suchst, die sich klar \u00fcber ein s\u00fc\u00df-cremiges, fruchtiges Profil positioniert, ist Holy Hemp Gelato eine naheliegende Wahl.<\/p>\n<p class=\"my-2 [&amp;+p]:mt-4 [&amp;_strong:has(+br)]:inline-block [&amp;_strong:has(+br)]:pb-2\">Diese CBD-Bl\u00fcten sind eine elegante Alternative zu sehr w\u00fcrzigen oder stark erdigen Profilen und wirken dadurch besonders zug\u00e4nglich.<\/p>\n<p class=\"my-2 [&amp;+p]:mt-4 [&amp;_strong:has(+br)]:inline-block [&amp;_strong:has(+br)]:pb-2\"><strong>Rechtlicher Hinweis:<\/strong> <em>Dieses Produkt ist kein Arzneimittel. Es ersetzt keine ausgewogene und abwechslungsreiche Ern\u00e4hrung und keinen gesunden Lebensstil. Bei Schwangerschaft, Stillzeit oder wenn du Medikamente einnimmst, konsultiere vor der Verwendung deinen Arzt.<\/em><\/p>\n<h2><strong>\u00a0<\/strong><\/h2>\n","protected":false},"excerpt":{"rendered":"<p><strong>Holy Hemp Gelato<\/strong> ist eine Premium-CBD-Bl\u00fcte mit s\u00fc\u00dflich-fruchtigem Duftprofil und cremig-weicher Note \u2013\u00a0<strong>Bl\u00fcten, keine Samen<\/strong>. F\u00fcr Holy Hemp CBD-Bl\u00fcten werden au\u00dferdem sorgf\u00e4ltige Z\u00fcchtung, schonende Ernteverfahren und umfassende Laboranalysen beschrieben; zudem wird ein THC-Gehalt von unter 0,2% genannt.<\/p>\n","protected":false},"featured_media":11462,"comment_status":"open","ping_status":"closed","template":"","meta":{"_trash_the_other_posts":false,"editor_notices":[]},"product_brand":[176],"product_cat":[187,284],"product_tag":[253,292,296],"class_list":{"0":"post-11458","1":"product","2":"type-product","3":"status-publish","4":"has-post-thumbnail","6":"product_brand-holy-hemp","7":"product_cat-cbd-bluten","8":"product_cat-cannabis","9":"product_tag-cbd","10":"product_tag-holy-hemp","11":"product_tag-blumen","13":"first","14":"instock","15":"sale","16":"taxable","17":"shipping-taxable","18":"purchasable","19":"product-type-simple"},"_links":{"self":[{"href":"https:\/\/green.one\/de\/wp-json\/wp\/v2\/product\/11458","targetHints":{"allow":["GET"]}}],"collection":[{"href":"https:\/\/green.one\/de\/wp-json\/wp\/v2\/product"}],"about":[{"href":"https:\/\/green.one\/de\/wp-json\/wp\/v2\/types\/product"}],"replies":[{"embeddable":true,"href":"https:\/\/green.one\/de\/wp-json\/wp\/v2\/comments?post=11458"}],"wp:featuredmedia":[{"embeddable":true,"href":"https:\/\/green.one\/de\/wp-json\/wp\/v2\/media\/11462"}],"wp:attachment":[{"href":"https:\/\/green.one\/de\/wp-json\/wp\/v2\/media?parent=11458"}],"wp:term":[{"taxonomy":"product_brand","embeddable":true,"href":"https:\/\/green.one\/de\/wp-json\/wp\/v2\/product_brand?post=11458"},{"taxonomy":"product_cat","embeddable":true,"href":"https:\/\/green.one\/de\/wp-json\/wp\/v2\/product_cat?post=11458"},{"taxonomy":"product_tag","embeddable":true,"href":"https:\/\/green.one\/de\/wp-json\/wp\/v2\/product_tag?post=11458"}],"curies":[{"name":"wp","href":"https:\/\/api.w.org\/{rel}","templated":true}]}}