{"id":11507,"date":"2025-11-21T13:22:26","date_gmt":"2025-11-21T11:22:26","guid":{"rendered":"https:\/\/green.one\/de\/?post_type=product&#038;p=11507"},"modified":"2026-04-02T20:33:11","modified_gmt":"2026-04-02T18:33:11","slug":"eos-cbd-vape-pen","status":"publish","type":"product","link":"https:\/\/green.one\/de\/shop\/eos-cbd-vape-pen\/","title":{"rendered":"Eos CBD Vape Pen"},"content":{"rendered":"<h6 style=\"text-align: left\">Eos CBD Vape Pen \u2013 Effizient, langlebig und vielseitig f\u00fcr Ihr Produktsortiment<\/h6>\n<p>Der <strong>Eos CBD Vape Pen<\/strong> ist ein hochwertiger <strong><a href=\"https:\/\/green.one\/de\/produkt\/cbd-vape\/\">Vaporizer<\/a><\/strong>, speziell f\u00fcr die Verdampfung von <a href=\"https:\/\/green.one\/de\/produkt\/cbd-vape\/vaporizer-cbd\/\">CBD-Liquids<\/a> entwickelt. Mit seiner robusten Bauweise, pr\u00e4zisen Verarbeitung und einfachen Handhabung eignet er sich ideal f\u00fcr den Einsatz in professionellen Verkaufskan\u00e4len.<\/p>\n<h6><strong>Ihre Vorteile f\u00fcr den Handel:<\/strong><\/h6>\n<ul>\n<li><strong>Hochwertiges, langlebiges Design:<\/strong> Gefertigt aus poliertem Edelstahl \u00fcberzeugt der eos Vape Pen durch Stabilit\u00e4t und ein elegantes Chrome-Finish, das Ihr Sortiment aufwertet.<\/li>\n<li><strong>Leistungsstark &amp; flexibel:<\/strong> Eine 300 mAh Lithium-Batterie kombiniert mit variablen Spannungsstufen (2,8 V \u2013 4,0 V) erm\u00f6glicht eine gleichbleibend hochwertige Verdampfung \u2013 f\u00fcr zufriedene Endkunden.<\/li>\n<li><strong>Breite Kompatibilit\u00e4t:<\/strong> Kompatibel mit den meisten handels\u00fcblichen <strong><a href=\"https:\/\/green.one\/de\/produkt\/cbd-vape\/\">E-Liquids<\/a><\/strong> sowie allen <a href=\"https:\/\/green.one\/de\/\"><strong>CBD<\/strong><\/a>-Liquids von CBDwelt, wodurch Sie ein vielseitiges Produktsortiment anbieten k\u00f6nnen.<\/li>\n<\/ul>\n<h6><strong>Technische Details Eos CBD Vape Pen :<\/strong><\/h6>\n<ul>\n<li><strong>Ma\u00dfe:<\/strong> 11,5 cm x 1 cm \u2013 handlich und taschentauglich<\/li>\n<li><strong>Variable Spannung:<\/strong> 2,8 V \u2013 4,0 V<\/li>\n<li class=\"ql-indent-1\">H\u00f6here Spannung erzeugt dichteren Dampf. Die Einstellung kann individuell angepasst werden, um unterschiedliche Nutzerbed\u00fcrfnisse optimal abzudecken.<\/li>\n<\/ul>\n<p><strong>Fazit:<\/strong> Der eos Vape Pen ist eine robuste, vielseitige und attraktive Erg\u00e4nzung f\u00fcr Ihr B2B-Angebot \u2013 ideal f\u00fcr H\u00e4ndler, die hochwertige Vaporizer in ihr Sortiment integrieren m\u00f6chten.<\/p>\n<h6><strong>Lieferzeit:<\/strong><\/h6>\n<ul>\n<li>sofort versandbereit<\/li>\n<li>1-3 Werktage<\/li>\n<\/ul>\n<h6><strong>Lieferumfang<\/strong>:<\/h6>\n<ul>\n<li>1x eos Vape 300 mAh Batterie<\/li>\n<li>Infomaterial<\/li>\n<\/ul>\n<p><strong>Wichtig: USB-C Kabel wird nicht mitgeliefert!<\/strong><\/p>\n<p><strong>Rechtlicher Hinweis:<\/strong> <em>Dieses Produkt ist kein Arzneimittel. Es ersetzt keine ausgewogene und abwechslungsreiche Ern\u00e4hrung und keinen gesunden Lebensstil. Bei Schwangerschaft, Stillzeit oder wenn du Medikamente einnimmst, konsultiere vor der Verwendung deinen Arzt.<\/em><\/p>\n","protected":false},"excerpt":{"rendered":"<p><strong>Eos CBD Vape Pen<\/strong> \u2013 der elegante Begleiter f\u00fcr unterwegs. Kompakte, wiederaufladbare Pen mit purem CBD f\u00fcr schnelle Entspannung<\/p>\n","protected":false},"featured_media":11522,"comment_status":"open","ping_status":"closed","template":"","meta":{"_trash_the_other_posts":false,"editor_notices":[]},"product_brand":[183],"product_cat":[151,154,291],"product_tag":[199,200,253],"class_list":{"0":"post-11507","1":"product","2":"type-product","3":"status-publish","4":"has-post-thumbnail","6":"product_brand-eos","7":"product_cat-oel","8":"product_cat-vaporizer-cbd","9":"product_cat-cbd-vape","10":"product_tag-eos-2","11":"product_tag-vape-2","12":"product_tag-cbd","14":"first","15":"instock","16":"sale","17":"taxable","18":"shipping-taxable","19":"purchasable","20":"product-type-simple"},"_links":{"self":[{"href":"https:\/\/green.one\/de\/wp-json\/wp\/v2\/product\/11507","targetHints":{"allow":["GET"]}}],"collection":[{"href":"https:\/\/green.one\/de\/wp-json\/wp\/v2\/product"}],"about":[{"href":"https:\/\/green.one\/de\/wp-json\/wp\/v2\/types\/product"}],"replies":[{"embeddable":true,"href":"https:\/\/green.one\/de\/wp-json\/wp\/v2\/comments?post=11507"}],"wp:featuredmedia":[{"embeddable":true,"href":"https:\/\/green.one\/de\/wp-json\/wp\/v2\/media\/11522"}],"wp:attachment":[{"href":"https:\/\/green.one\/de\/wp-json\/wp\/v2\/media?parent=11507"}],"wp:term":[{"taxonomy":"product_brand","embeddable":true,"href":"https:\/\/green.one\/de\/wp-json\/wp\/v2\/product_brand?post=11507"},{"taxonomy":"product_cat","embeddable":true,"href":"https:\/\/green.one\/de\/wp-json\/wp\/v2\/product_cat?post=11507"},{"taxonomy":"product_tag","embeddable":true,"href":"https:\/\/green.one\/de\/wp-json\/wp\/v2\/product_tag?post=11507"}],"curies":[{"name":"wp","href":"https:\/\/api.w.org\/{rel}","templated":true}]}}