{"id":11508,"date":"2026-02-19T16:16:00","date_gmt":"2026-02-19T14:16:00","guid":{"rendered":"https:\/\/green.one\/de\/?post_type=product&#038;p=11508"},"modified":"2026-03-28T13:06:19","modified_gmt":"2026-03-28T11:06:19","slug":"ventura-cbd-liquids-purple-haze","status":"publish","type":"product","link":"https:\/\/green.one\/de\/shop\/ventura-cbd-liquids-purple-haze\/","title":{"rendered":"Ventura CBD Liquids Purple Haze"},"content":{"rendered":"<h6 class=\"font-editorial first:mt-xs mb-2 mt-4 [.has-inline-images_&amp;]:clear-end font-bold text-lg leading-[1.5em] lg:text-xl\" style=\"text-align: left\">Ventura CBD Liquids Purple Haze:\u00a0<strong>Explosiver Beeren-Kick f\u00fcr Ultimative Entspannung!<\/strong><\/h6>\n<p class=\"my-2 [&amp;+p]:mt-4 [&amp;_strong:has(+br)]:inline-block [&amp;_strong:has(+br)]:pb-2\"><strong>Stellen Sie sich vor: Ein\u00a0s\u00fc\u00df-tropischer Beeren-Sturm, der Stress\u00a0vernichtet\u00a0und pure\u00a0Frische\u00a0entfesselt!<\/strong><\/p>\n<p class=\"my-2 [&amp;+p]:mt-4 [&amp;_strong:has(+br)]:inline-block [&amp;_strong:has(+br)]:pb-2\">Ventura CBD Liquids Purple Haze ist die\u00a0<strong>sensationelle Revolution<\/strong>\u00a0f\u00fcr Dampfer \u2013\u00a0<strong>sofortige Wirkung<\/strong>, intensives Aroma und\u00a0<strong>unwiderstehliche S\u00fc\u00dfe<\/strong>.<\/p>\n<p class=\"my-2 [&amp;+p]:mt-4 [&amp;_strong:has(+br)]:inline-block [&amp;_strong:has(+br)]:pb-2\">Diese Premium-Liquid aus Schweizer Nutzhanf taucht Sie in\u00a0<strong>neue Welten<\/strong>\u00a0des Wohlbefindens. Ventura CBD Liquids Purple Haze \u2013 Ihr\u00a0<strong>geheimer Schl\u00fcssel<\/strong>\u00a0zu violetter Ekstase!<\/p>\n<h6 class=\"mb-2 mt-4 [.has-inline-images_&amp;]:clear-end font-editorial font-bold text-lg first:mt-0 md:text-lg [hr+&amp;]:mt-4\"><strong>Warum Ventura CBD Liquids Purple Haze alles ver\u00e4ndert<\/strong><\/h6>\n<p class=\"my-2 [&amp;+p]:mt-4 [&amp;_strong:has(+br)]:inline-block [&amp;_strong:has(+br)]:pb-2\">Ventura CBD Liquids Purple Haze liefert\u00a0<strong>Premium-Power<\/strong>: 600 mg reines CBD in 10 ml, absolut\u00a0<strong>THC-frei<\/strong>\u00a0und\u00a0<strong>nikotinfrei<\/strong>, mit 100% nat\u00fcrlichen Terpenen.<\/p>\n<p class=\"my-2 [&amp;+p]:mt-4 [&amp;_strong:has(+br)]:inline-block [&amp;_strong:has(+br)]:pb-2\">Das\u00a0<strong>belebende Aroma<\/strong>\u00a0von frischen Beeren und tropischen Noten explodiert bei jedem Zug \u2013 Sativa-dominierte\u00a0<strong>violette Magie<\/strong>\u00a0aus schonender CO\u2082-Extraktion.<\/p>\n<p class=\"my-2 [&amp;+p]:mt-4 [&amp;_strong:has(+br)]:inline-block [&amp;_strong:has(+br)]:pb-2\">Gebrauchsfertig f\u00fcr E-Zigaretten oder Vaporizer:\u00a0<strong>Wenige Z\u00fcge<\/strong>, Dampf in der Lunge halten,\u00a0<strong>pure Bliss<\/strong>! Vegan, glutenfrei und tierversuchsfrei \u2013\u00a0<strong>Schweizer Perfektion<\/strong>.<\/p>\n<h6 class=\"mb-2 mt-4 [.has-inline-images_&amp;]:clear-end font-editorial font-bold text-lg first:mt-0 md:text-lg [hr+&amp;]:mt-4\"><strong>Die\u00a0magische S\u00fc\u00dfe\u00a0von Ventura CBD Liquids Purple Haze<\/strong><\/h6>\n<p class=\"my-2 [&amp;+p]:mt-4 [&amp;_strong:has(+br)]:inline-block [&amp;_strong:has(+br)]:pb-2\"><strong>Belebend und entspannend<\/strong>:\u00a0 CBD Liquids Purple Haze kl\u00e4rt den Geist, lindert Anspannung und boostet <strong>Kreativit\u00e4t<\/strong>\u00a0mit fruchtig-s\u00fc\u00dfen Wellen.<\/p>\n<p class=\"my-2 [&amp;+p]:mt-4 [&amp;_strong:has(+br)]:inline-block [&amp;_strong:has(+br)]:pb-2\">Nutzer schw\u00e4rmen von der\u00a0<strong>intensiven Beerenfrische<\/strong>, die\u00a0<strong>Stimmung hebt<\/strong>\u00a0und\u00a0<strong>Wohlbefinden schenkt<\/strong>. Perfekt f\u00fcr Mikrodosierung \u2013\u00a0<strong>langlebiger Genuss<\/strong> durch h\u00f6chste Bioverf\u00fcgbarkeit. Laguna aufbewahren: k\u00fchl, lichtgesch\u00fctzt unter 25\u00b0C.<\/p>\n<h6 class=\"mb-2 mt-4 [.has-inline-images_&amp;]:clear-end font-editorial font-bold text-lg first:mt-0 md:text-lg [hr+&amp;]:mt-4\"><strong>Premium-Qualit\u00e4t garantiert mit Ventura CBD Liquids Purple Haze<\/strong><\/h6>\n<p class=\"my-2 [&amp;+p]:mt-4 [&amp;_strong:has(+br)]:inline-block [&amp;_strong:has(+br)]:pb-2\">Jedes Fl\u00e4schchen ist\u00a0<strong>handgefertigt<\/strong>,\u00a0<strong>rein nat\u00fcrlich<\/strong>\u00a0und\u00a0<strong>EU-konform<\/strong>. Die\u00a0<strong>einzigartige Purple Haze-Variante<\/strong>\u00a0mit tropisch-beerigem Profil hebt sich ab \u2013\u00a0<strong>s\u00fcchtig machend<\/strong>! Ob Einsteiger oder Profi: Dieses Liquid\u00a0<strong>transformiert<\/strong>\u00a0Ihren Dampf-Alltag in\u00a0<strong>unvergessliche Momente<\/strong>.<\/p>\n<p class=\"my-2 [&amp;+p]:mt-4 [&amp;_strong:has(+br)]:inline-block [&amp;_strong:has(+br)]:pb-2\"><strong>Greifen Sie zu<\/strong>\u00a0und erleben Sie den\u00a0<strong>Beeren-Boom<\/strong> \u2013 limitierte Verf\u00fcgbarkeit! Bestellen\u00a0 CBD Liquids Purple Haze heute und tauchen Sie ein in <strong>unendliche S\u00fc\u00dfe<\/strong>.<\/p>\n<p class=\"my-2 [&amp;+p]:mt-4 [&amp;_strong:has(+br)]:inline-block [&amp;_strong:has(+br)]:pb-2\"><strong>Rechtlicher Hinweis:<\/strong> <em>Dieses Produkt ist kein Arzneimittel. Es ersetzt keine ausgewogene und abwechslungsreiche Ern\u00e4hrung und keinen gesunden Lebensstil. Bei Schwangerschaft, Stillzeit oder wenn du Medikamente einnimmst, konsultiere vor der Verwendung deinen Arzt.<\/em><\/p>\n","protected":false},"excerpt":{"rendered":"<p>CBD Liquids Purple Haze \u2013 beerig-s\u00fc\u00dfes Aroma mit tropischen Noten und 600 mg Premium-CBD. THC- &amp; nikotinfrei, ready-to-vape aus Schweizer Hanf auf green.one.<\/p>\n","protected":false},"featured_media":11521,"comment_status":"open","ping_status":"closed","template":"","meta":{"_trash_the_other_posts":false,"editor_notices":[]},"product_brand":[332],"product_cat":[152,291],"product_tag":[253,325,331],"class_list":{"0":"post-11508","1":"product","2":"type-product","3":"status-publish","4":"has-post-thumbnail","6":"product_brand-ventura","7":"product_cat-e-flussigkeit","8":"product_cat-cbd-vape","9":"product_tag-cbd","10":"product_tag-liquid","11":"product_tag-ventura","13":"first","14":"instock","15":"sale","16":"taxable","17":"shipping-taxable","18":"purchasable","19":"product-type-simple"},"_links":{"self":[{"href":"https:\/\/green.one\/de\/wp-json\/wp\/v2\/product\/11508","targetHints":{"allow":["GET"]}}],"collection":[{"href":"https:\/\/green.one\/de\/wp-json\/wp\/v2\/product"}],"about":[{"href":"https:\/\/green.one\/de\/wp-json\/wp\/v2\/types\/product"}],"replies":[{"embeddable":true,"href":"https:\/\/green.one\/de\/wp-json\/wp\/v2\/comments?post=11508"}],"wp:featuredmedia":[{"embeddable":true,"href":"https:\/\/green.one\/de\/wp-json\/wp\/v2\/media\/11521"}],"wp:attachment":[{"href":"https:\/\/green.one\/de\/wp-json\/wp\/v2\/media?parent=11508"}],"wp:term":[{"taxonomy":"product_brand","embeddable":true,"href":"https:\/\/green.one\/de\/wp-json\/wp\/v2\/product_brand?post=11508"},{"taxonomy":"product_cat","embeddable":true,"href":"https:\/\/green.one\/de\/wp-json\/wp\/v2\/product_cat?post=11508"},{"taxonomy":"product_tag","embeddable":true,"href":"https:\/\/green.one\/de\/wp-json\/wp\/v2\/product_tag?post=11508"}],"curies":[{"name":"wp","href":"https:\/\/api.w.org\/{rel}","templated":true}]}}