{"id":9932,"date":"2022-08-24T11:23:59","date_gmt":"2022-08-24T09:23:59","guid":{"rendered":"https:\/\/green.one\/?post_type=product&#038;p=9932"},"modified":"2026-03-30T19:04:58","modified_gmt":"2026-03-30T17:04:58","slug":"harmony-zitrus-spray-cbd-1","status":"publish","type":"product","link":"https:\/\/green.one\/de\/shop\/harmony-zitrus-spray-cbd-1\/","title":{"rendered":"Harmony Zitrus Spray CBD 1%"},"content":{"rendered":"<h6 id=\"harmony-zitrus-spray-cbd-1--frische-zitrus-power-f\" class=\"font-editorial font-bold first:mt-xs mb-2 mt-4 [.has-inline-images_&amp;]:clear-end text-lg leading-[1.5em] lg:text-xl\" style=\"text-align: left\">Harmony Zitrus Spray <a href=\"https:\/\/green.one\/de\/\">CBD<\/a> 1% \u2013 Frische Zitrus-Power f\u00fcr blitzschnelle Balance!<\/h6>\n<p class=\"my-2 [&amp;+p]:mt-4 [&amp;_strong:has(+br)]:inline-block [&amp;_strong:has(+br)]:pb-2\">Das\u00a0<strong>Harmony Zitrus Spray CBD 1%<\/strong>\u00a0explodiert mit erfrischenden Zitrusnoten in einem ultra-praktischen Mundspray-Format \u2013 der ultimative Begleiter f\u00fcr <a href=\"https:\/\/green.one\/de\/produkt\/nahrungsergaenzung\/\"><strong>nat\u00fcrliche<\/strong><\/a> Ausgeglichenheit \u00fcberall und jederzeit.<span class=\"inline-flex\" aria-label=\"Harmony CBD Spray 1% 150mg Natural\/Citrus\" data-state=\"closed\">\u200b<\/span><br \/>\nMit 150 mg <a href=\"https:\/\/green.one\/de\/produkt\/breites-spektrum\/\"><strong>Breitspektrum-CBD<\/strong><\/a> in 15 ml vereint es <a href=\"https:\/\/green.one\/de\/produkt\/cbd\/oel\/\">Cannabidiol<\/a>, CBG, Terpene und Flavonoide f\u00fcr den m\u00e4chtigen Entourage-Effekt, bei absolut 0% THC.<br \/>\nGel\u00f6st in MCT-Kokos- und Oliven\u00f6l dringt es rasch \u00fcber die Mundschleimhaut ein und boostet Ihren Alltag auf <strong>green.one <a href=\"https:\/\/green.one\/de\/\">CBD Oel Shop<\/a>.<\/strong><\/p>\n<h6 id=\"explosive-specs-des-harmony-zitrus-spray-cbd-1\" class=\"font-editorial font-bold mb-2 mt-4 [.has-inline-images_&amp;]:clear-end text-lg first:mt-0 md:text-lg [hr+&amp;]:mt-4\">Explosive Specs des Harmony Zitrus Spray CBD 1%<\/h6>\n<p class=\"my-2 [&amp;+p]:mt-4 [&amp;_strong:has(+br)]:inline-block [&amp;_strong:has(+br)]:pb-2\">Jeder pr\u00e4zise Spr\u00fchsto\u00df (0,1 ml) pumpt exakt 1 mg CBD plus 0,27 mg CBG heraus \u2013 pure Potenz in Sekunden!<br \/>\n<strong>Harmony Zitrus Spray CBD 1%<\/strong>\u00a0rockt mit nat\u00fcrlichen Zitronen-, Orangen\u00f6len und Limonen f\u00fcr ein spritziges, s\u00fc\u00df-fruchtiges Aroma, veredelt durch Stevia.<span class=\"inline-flex\" aria-label=\"Harmony CBD Spray 1% 150mg Natural\/Citrus\" data-state=\"closed\">\u200b<\/span><br \/>\nDie lichtgesch\u00fctzte 15-ml-Glasflasche mit Spr\u00fchkopf liefert bis zu 150 Anwendungen, 100% vegan und ohne Spuren von Allergenen oder Schadstoffen.<span class=\"inline-flex\" aria-label=\"Harmony CBD Spray 1% 150mg 15ml\" data-state=\"closed\">\u200b<\/span><\/p>\n<h6 id=\"unwiderstehliche-vorteile-des-harmony-zitrus-spray\" class=\"font-editorial font-bold mb-2 mt-4 [.has-inline-images_&amp;]:clear-end text-lg first:mt-0 md:text-lg [hr+&amp;]:mt-4\">Unwiderstehliche Vorteile des Harmony Zitrus Spray CBD 1%<\/h6>\n<p class=\"my-2 [&amp;+p]:mt-4 [&amp;_strong:has(+br)]:inline-block [&amp;_strong:has(+br)]:pb-2\">Einfach shaken, 1\u20136 Spr\u00fchst\u00f6\u00dfe (max. 60\/Tag) in den Mund jagen, 60 Sekunden warten und aussp\u00fclen \u2013 Wirkung entfesselt!<br \/>\nDieses <strong>\u00a0Zitrus Spray CBD <\/strong>\u00a0turbo-l\u00e4dt Fokus und Entspannung, perfekt gegen Stress oder f\u00fcr t\u00e4gliche Power-Injektionen.<span class=\"inline-flex\" aria-label=\"Harmony CBD Spray 1% 150mg 15ml\" data-state=\"closed\">\u200b<\/span><br \/>\nTaschenformat, kindersicher \u2013 der diskrete Held f\u00fcr spontane Eins\u00e4tze im hektischen Leben!<span class=\"inline-flex\" aria-label=\"Harmony CBD Spray 1% 150mg Natural\/Citrus\" data-state=\"closed\">\u200b<\/span><\/p>\n<h6 id=\"warum-harmony-zitrus-spray-cbd-1-die-revolution-is\" class=\"font-editorial font-bold mb-2 mt-4 [.has-inline-images_&amp;]:clear-end text-lg first:mt-0 md:text-lg [hr+&amp;]:mt-4\">Warum Harmony Zitrus Spray CBD 1% die Revolution ist<\/h6>\n<p class=\"my-2 [&amp;+p]:mt-4 [&amp;_strong:has(+br)]:inline-block [&amp;_strong:has(+br)]:pb-2\">Zitrusfrische aus purem Natur\u00f6l belebt brutal effektiv und entfacht Regeneration mit \u00fcber 100 Phytocannabinoiden.<span class=\"inline-flex\" aria-label=\"Harmony CBD Spray Oral Care 500 mg, 15 ml, Citrus\" data-state=\"closed\">\u200b<\/span><br \/>\nEuropa-laborgepr\u00fcft aus Bio-Hanf, unschlagbare Reinheit f\u00fcr Einsteiger und Profis gleicherma\u00dfen.<span class=\"inline-flex\" aria-label=\"Harmony CBD Spray 1% 150mg 15ml\" data-state=\"closed\">\u200b<\/span><br \/>\nGreifen Sie auf green.one <a href=\"https:\/\/green.one\/de\/\">CBD \u00d6l Shop<\/a> zu \u2013 <strong>Harmony Zitrus Spray CBD <\/strong>\u00a0verwandelt Routine in Raketenstart!<span class=\"inline-flex\" aria-label=\"Harmony CBD Spray 1% 150mg Natural\/Citrus\" data-state=\"closed\">\u200b<\/span><\/p>\n<p class=\"my-2 [&amp;+p]:mt-4 [&amp;_strong:has(+br)]:inline-block [&amp;_strong:has(+br)]:pb-2\"><strong>Rechtlicher Hinweis:<\/strong> <em>Dieses Produkt ist kein Arzneimittel. Es ersetzt keine ausgewogene und abwechslungsreiche Ern\u00e4hrung und keinen gesunden Lebensstil. Bei Schwangerschaft, Stillzeit oder wenn du Medikamente einnimmst, konsultiere vor der Verwendung deinen Arzt.<\/em><\/p>\n","protected":false},"excerpt":{"rendered":"<p>Das\u00a0<strong>Harmony Zitrus Spray CBD 1%<\/strong>\u00a0bringt erfrischende Zitrusnoten in einem handlichen Mundspray mit 150 mg Breitspektrum-CBD in 15 ml. Jeder Spr\u00fchsto\u00df (0,1 ml) liefert 1 mg CBD plus CBG und Terpene f\u00fcr schnelle Aufnahme, 0% THC. In MCT-Kokos- und Oliven\u00f6l, mit Zitronen- und Orangenaroma. Vegan, laborgepr\u00fcft. 1\u20136 Spr\u00fchst\u00f6\u00dfe t\u00e4glich shaken, halten, aussp\u00fclen \u2013 ideal f\u00fcr Balance unterwegs auf green.one.<\/p>\n","protected":false},"featured_media":10496,"comment_status":"open","ping_status":"closed","template":"","meta":{"_trash_the_other_posts":false,"editor_notices":[]},"product_brand":[172],"product_cat":[150,151,153,240,265],"product_tag":[237,238,281,286],"class_list":{"0":"post-9932","1":"product","2":"type-product","3":"status-publish","4":"has-post-thumbnail","6":"product_brand-harmony","7":"product_cat-cbd-2","8":"product_cat-oel","9":"product_cat-spray-cbd","10":"product_cat-cbd-oel-5-prozent","11":"product_cat-breites-spektrum","12":"product_tag-harmony","13":"product_tag-spray","14":"product_tag-broad-spectrum","15":"product_tag-cbd-oel1","17":"first","18":"instock","19":"sale","20":"taxable","21":"shipping-taxable","22":"purchasable","23":"product-type-simple"},"_links":{"self":[{"href":"https:\/\/green.one\/de\/wp-json\/wp\/v2\/product\/9932","targetHints":{"allow":["GET"]}}],"collection":[{"href":"https:\/\/green.one\/de\/wp-json\/wp\/v2\/product"}],"about":[{"href":"https:\/\/green.one\/de\/wp-json\/wp\/v2\/types\/product"}],"replies":[{"embeddable":true,"href":"https:\/\/green.one\/de\/wp-json\/wp\/v2\/comments?post=9932"}],"wp:featuredmedia":[{"embeddable":true,"href":"https:\/\/green.one\/de\/wp-json\/wp\/v2\/media\/10496"}],"wp:attachment":[{"href":"https:\/\/green.one\/de\/wp-json\/wp\/v2\/media?parent=9932"}],"wp:term":[{"taxonomy":"product_brand","embeddable":true,"href":"https:\/\/green.one\/de\/wp-json\/wp\/v2\/product_brand?post=9932"},{"taxonomy":"product_cat","embeddable":true,"href":"https:\/\/green.one\/de\/wp-json\/wp\/v2\/product_cat?post=9932"},{"taxonomy":"product_tag","embeddable":true,"href":"https:\/\/green.one\/de\/wp-json\/wp\/v2\/product_tag?post=9932"}],"curies":[{"name":"wp","href":"https:\/\/api.w.org\/{rel}","templated":true}]}}